{"id":8623,"date":"2016-08-15T08:00:21","date_gmt":"2016-08-15T08:00:21","guid":{"rendered":"https:\/\/www.enaikoon.com\/fr\/?page_id=8623"},"modified":"2016-08-27T04:54:59","modified_gmt":"2016-08-27T04:54:59","slug":"v-locator-mobile","status":"publish","type":"page","link":"https:\/\/www.enaikoon.com\/fr\/mobile\/mobile-app\/v-locator-mobile\/","title":{"rendered":"v-locator-mobile"},"content":{"rendered":"<div class=\"gl_slide_scroll_box\">\r\n\t<div class=\"gl_scroll_box\">\r\n <noindex><\/noindex>        <ul>\r\n            <li><a class=\"gl_scroll_link_title\" href=\"https:\/\/www.enaikoon.com\/fr\/mobile\/mobile-app\/buddy-tracker\/\"  title=\"buddy-tracker\">buddy-tracker<\/a><br\/>\r\n            <a href=\"https:\/\/www.enaikoon.com\/fr\/mobile\/mobile-app\/buddy-tracker\/\"  title=\"buddy-tracker\"><img decoding=\"async\" class=\"gl_scroll_link_img\" src=\"https:\/\/www.enaikoon.com\/wp-content\/uploads\/2016\/07\/buddy-tracker.png\" border=\"0\" alt=\"\" ><\/a><\/li>\r\n            \r\n \t\t\t<li><a class=\"gl_scroll_link_title\" href=\"https:\/\/www.enaikoon.com\/fr\/mobile\/mobile-app\/v-locator-mobile\/\"  title=\"v-locator-mobile\">v-locator-mobile<\/a><br\/>\r\n            <a href=\"https:\/\/www.enaikoon.com\/fr\/mobile\/mobile-app\/v-locator-mobile\/\"  title=\"v-locator-mobile\"><img decoding=\"async\" class=\"gl_scroll_link_img_active\" src=\"https:\/\/www.enaikoon.com\/wp-content\/uploads\/2016\/07\/v-locator.png\" border=\"0\" alt=\"\" ><\/a><\/li>\r\n            \r\n             <li><a class=\"gl_scroll_link_title\" href=\"https:\/\/www.enaikoon.com\/fr\/mobile\/mobile-app\/rfid-tracker\/\"  title=\"RFID-tracker\">RFID-tracker<\/a><br\/>\r\n            <a href=\"https:\/\/www.enaikoon.com\/fr\/mobile\/mobile-app\/rfid-tracker\/\"  title=\"RFID-tracker\"><img decoding=\"async\" class=\"gl_scroll_link_img\" src=\"https:\/\/www.enaikoon.com\/wp-content\/uploads\/2016\/07\/RFID-tracker.png\" border=\"0\" alt=\"\" ><\/a><\/li>\r\n            \r\n        \r\n        <\/ul>\r\n\r\n    <\/div>\r\n<\/div>\r\n<div class=\"row\">\r\n\r\n<div class=\"gl_border-page\">\r\n\t\t\r\n\t\t\r\n\t\t<div class=\"col-md-4\">\r\n\t\r\n  <div class=\"gl_h2big\">ENAiKOON<br\/>\r\nv-locator-mobile<\/div>\r\n <div class=\"gl_space_top5\">\r\n\t \r\n  <a rel=\"nofollow\" href=\"https:\/\/www.enaikoon.com\/wp-content\/uploads\/2016\/07\/V-Locator_inactive.png\" target=\"_blank\" title=\"ENAiKOON v-locator-mobile\" ><img decoding=\"async\" loading=\"lazy\" src=\"https:\/\/www.enaikoon.com\/wp-content\/uploads\/2016\/07\/V-Locator_inactive.png\" alt=\"ENAiKOON v-locator-mobile is a low-cost mobile application used for communication between mobile employees and the dispatching centre.\" border=\"0\" height=\"150\" width=\"184\"><\/a><\/div>\r\n\r\n   <div class=\"gl_space_top10 gl_space_right10\">\r\n<em>L&rsquo;application  <strong>ENAiKOON v-locator-mobile <\/strong> pour t\u00e9l\u00e9phone mobile am\u00e9liore la communication \u00e9crite avec votre personnel mobile, pour optimiser l&rsquo;organisation du flux op\u00e9rationnel au quotidien.<\/em><\/div>\r\n \r\n \r\n <div class=\"gl_space_top10\"><\/div>\r\n <div class=\"gl_h4big\">Sur le terrain<\/div>\r\n<p class=\"gl_space_right5\">D\u00e9j\u00e0 utilis\u00e9 pour la gestion de flotte ou de v\u00e9hicules dans le secteur du transport, de la logistique, de la livraison, du taxi et du b\u00e2timent. Convient aux organismes qui imposent l&rsquo;utilisation du t\u00e9l\u00e9phone mobile \u00e0 leurs employ\u00e9s.<\/p>\r\n\t\t\t\r\n\t\t<\/div>\r\n\t\t\r\n\t\t<div class=\"col-md-4\">\r\n  <div class=\"gl_h4big\">Caract\u00e9ristiques principales<\/div>\r\n  \t<div class=\"gl_ul_style2\">\r\n\t<ul>\r\n  <li>afficher la position GPS pr\u00e9cise des t\u00e9l\u00e9phones mobiles des employ\u00e9s<\/li>\r\n  <li>afficher le trajet, la vitesse du trackable et la distance qui vous en s\u00e9pare<\/li>\r\n  <li>faciliter les \u00e9changes avec le personnel mobile   (attribution des t\u00e2ches, messages et \u00e9tat : occup\u00e9, pause, accident,   etc.) pour une communication \u00e9conomique et efficace<\/li>\r\n  <li>recevoir une alerte si un employ\u00e9 p\u00e9n\u00e8tre ou quitte une zone de gardiennage virtuel (geofence)<\/li>\r\n  <li>simplifier la r\u00e9partition des charges li\u00e9es aux op\u00e9rations r\u00e9alis\u00e9es sur le terrain<\/li>\r\n  <\/ul><\/div>\r\n\t\r\n\t\t<div class=\"gl_space_top20\"><\/div>\r\n        \r\n\t  <div class=\"gl_h4big\">D\u00e9tails techniques<\/div>\r\n\t\t<div class=\"gl_ul_style3\">\r\n\t<ul>\r\n      <li>compatible avec Windows\u00ae Mobile 6.5 et Blackberry\u00ae<\/li>\r\n      <li>communication \u00e0 bas prix via le r\u00e9seau GPRS<\/li>\r\n      <li>int\u00e9gration facile aux logiciels backend existants<\/li>\r\n    <\/ul>\r\n<\/div>\r\n              \r\n<div><em>Pour savoir si votre t\u00e9l\u00e9phone mobile est compatible avec notre application, veuillez <a href=\"https:\/\/www.enaikoon.com\/fr\/contact\/contact\/\" title=\"Ouvre un lien interne dans la fen\u00eatre courante\">nous contacter.<\/a><\/em><\/div>\r\n\t\t\t   \r\n\t\r\n\t\t<\/div>\r\n\t\t\r\n\t\t<div class=\"col-md-4\">\r\n  <div class=\"gl_h4big\">Combinaisons<\/div>\r\n\t\t\r\n\t\t\t<p>ENAiKOON v-locator + <a href=\"https:\/\/www.enaikoon.com\/fr\/logiciel\/inviu-pro\/\">inViu pro <\/a>+<a href=\"https:\/\/www.enaikoon.com\/fr\/logiciel\/plugins\/temp-checker\/\"> ENAiKOON tour-checker<\/a> = optimiser la planification des t\u00e2ches, la communication \u00e9crite et la   gestion d&rsquo;une flotte, pour am\u00e9liorer la productivit\u00e9 et la rentabilit\u00e9   de votre entreprise<\/p>\r\n            <div class=\"gl_space_top15\"><\/div>\r\n\t\t\t <div class=\"gl_space_top5\"><a class=\"gl_button_blue\" href=\"https:\/\/www.enaikoon.com\/fr\/contact\/contact\/\">Nous contacter<\/a> <\/div>\r\n\t\t\t  <div class=\"gl_space_top5\"><a class=\"gl_button_grey\"   rel=\"nofollow\" href=\"https:\/\/www.enaikoon.com\/fileadmin\/enaikoon\/Dateien\/pdf\/Datenblatt\/v-locator-mobile\/franz\/ENAiKOON_v-locator-mobile_Fiches_Produits.pdf\" target=\"_blank\">T\u00e9l\u00e9charger le PDF<\/a> <\/div>\r\n\t\t\t  \r\n  <p class=\"gl_space_top15 gl_space_right5\">Pour visualiser les rapports de position sur vos trackables dans inViu web \/ pro \u00e0 partir d&rsquo;un autre syst\u00e8me d&rsquo;exploitation, veuillez cliquer ci-dessous : <\/p>\r\n\t\t\t  <div class=\"gl_space_top15\"><a class=\"gl_button_yellow\"  href=\"https:\/\/www.enaikoon.com\/fr\/mobile\/plugins\/routes\/\">Android<\/a> <\/div>\r\n\t \r\n<\/div>\r\n\t\t\r\n\t\t\r\n\t\t<div class=\"gl_row_space\"><\/div>\r\n<\/div>\r\n<\/div>","protected":false},"excerpt":{"rendered":"<p> [&hellip;]<\/p>\n","protected":false},"author":7,"featured_media":0,"parent":8619,"menu_order":0,"comment_status":"closed","ping_status":"closed","template":"","meta":{"footnotes":""},"acf":[],"_links":{"self":[{"href":"https:\/\/www.enaikoon.com\/fr\/wp-json\/wp\/v2\/pages\/8623"}],"collection":[{"href":"https:\/\/www.enaikoon.com\/fr\/wp-json\/wp\/v2\/pages"}],"about":[{"href":"https:\/\/www.enaikoon.com\/fr\/wp-json\/wp\/v2\/types\/page"}],"author":[{"embeddable":true,"href":"https:\/\/www.enaikoon.com\/fr\/wp-json\/wp\/v2\/users\/7"}],"replies":[{"embeddable":true,"href":"https:\/\/www.enaikoon.com\/fr\/wp-json\/wp\/v2\/comments?post=8623"}],"version-history":[{"count":7,"href":"https:\/\/www.enaikoon.com\/fr\/wp-json\/wp\/v2\/pages\/8623\/revisions"}],"predecessor-version":[{"id":10394,"href":"https:\/\/www.enaikoon.com\/fr\/wp-json\/wp\/v2\/pages\/8623\/revisions\/10394"}],"up":[{"embeddable":true,"href":"https:\/\/www.enaikoon.com\/fr\/wp-json\/wp\/v2\/pages\/8619"}],"wp:attachment":[{"href":"https:\/\/www.enaikoon.com\/fr\/wp-json\/wp\/v2\/media?parent=8623"}],"curies":[{"name":"wp","href":"https:\/\/api.w.org\/{rel}","templated":true}]}}