{"id":8588,"date":"2016-08-15T07:14:17","date_gmt":"2016-08-15T07:14:17","guid":{"rendered":"https:\/\/www.enaikoon.com\/fr\/?page_id=8588"},"modified":"2024-01-31T15:54:33","modified_gmt":"2024-01-31T15:54:33","slug":"mentions-legales","status":"publish","type":"page","link":"https:\/\/www.enaikoon.com\/fr\/pied-de-page\/mentions-legales\/","title":{"rendered":"Mentions l\u00e9gales"},"content":{"rendered":"<div class=\"row\">\n<div class=\"gl_space_page\">\n\n<div class=\"col-md-7\">\n<div class=\"gl_h1big\">Mentions l\u00e9gales<\/div>\n<div>&nbsp;<\/div>\n<div class=\"gl_h4big\">Si\u00e8ge de la soci\u00e9t\u00e9 et adresse postale<\/div>\n<div>\n<div>ENAiKOON GmbH<\/div>\n<div>Scheelestr. 1a<\/div>\n<div>59929 Brilon<\/div>\n<div>Allemagne<\/div>\n<\/div>\n<div>&nbsp;<\/div>\n<div class=\"gl_h4big\">Coordonn\u00e9es<\/div>\n<div class=\"gl_introduction_contact\"><img decoding=\"async\" src=\"https:\/\/www.enaikoon.com\/wp-content\/uploads\/2016\/07\/icon_email.png\" alt=\"\" \/>\n<p class=\"gl_text_space\"><a rel=\"nofollow\" href=\"mailto:sales@enaikoon.com\">sales@enaikoon.com<\/a><\/p>\n\n<\/div>\n<div class=\"gl_introduction_contact\"><img decoding=\"async\" src=\"https:\/\/www.enaikoon.com\/wp-content\/uploads\/2016\/07\/icon_phone1.png\" alt=\"\" \/>\n<p class=\"gl_text_space\">+49 30 397475-30<\/p>\n\n<\/div>\n<div class=\"gl_introduction_contact\"><img decoding=\"async\" src=\"https:\/\/www.enaikoon.com\/wp-content\/uploads\/2016\/07\/icon_phone2.png\" alt=\"\" \/>\n<p class=\"gl_text_space\">+49 30 397475-40<\/p>\n\n<\/div>\n<div>&nbsp;<\/div>\n<div class=\"gl_h4big\">Internet<\/div>\n<div><a rel=\"nofollow\" href=\"https:\/\/www.enaikoon.com\/\">www.enaikoon.com<\/a><\/div>\n<div>&nbsp;<\/div>\n<div class=\"gl_h4big\">Directeur ex\u00e9cutif<\/div>\n<div>Markus Semm<\/div>\n<div>E-Mail: <a rel=\"nofollow\" href=\"mailto:msemm@enaikoon.com\">msemm@enaikoon.com<\/a><\/div>\n<div>&nbsp;<\/div>\n<div class=\"gl_h4big\">Coordonn\u00e9es bancaires<\/div>\n<div>Banque: Commerzbank<\/div>\n<div>SWIFT: DRESDEFF100<\/div>\n<div>IBAN: DE04 1008 0000 0566 1055 00<\/div>\n<div>&nbsp;<\/div>\n<div class=\"gl_h4big\">Registre commercial<\/div>\n<div>HRB 15208\nTribunal d\u2019instance de Arnsberg<\/div>\n<div>&nbsp;<\/div>\n<div class=\"gl_h4big\">Informations pour l&rsquo;imposition<\/div>\n<div>Num. de TVA intracommunautaire : DE222933329<\/div>\n<\/div>\n\n<div class=\"col-md-5\">\n<div class=\"gl_space_left50right50\">\n<div><img decoding=\"async\" src=\"https:\/\/www.enaikoon.com\/wp-content\/uploads\/2016\/07\/ENAiKOON-frosted-logo.png\" alt=\"\" \/><\/div>\n<div>&nbsp;<\/div>\n<div class=\"gl_h4big\">Copyright<\/div>\n<div>ENAiKOON GmbH<\/div>\n<div>&nbsp;<\/div>\n<div>Les textes, les images, les illustrations, les animations, le mod\u00e8le de mise en page et les donn\u00e9es audio et vid\u00e9o pr\u00e9sents sur ce site sont prot\u00e9g\u00e9s par le droit d\u2019auteur.<\/div>\n<div>&nbsp;<\/div>\n<div>\n<div>Copyright \u00a9 2002 &#8211; 2024<\/div>\n<div>ENAiKOON GmbH, 59929 Brilon, Allemagne<\/div>\n<div>Tous droits r\u00e9serv\u00e9s.<\/div>\n<\/div>\n<div>&nbsp;<\/div>\n<div>Le contenu est exclusivement destin\u00e9 \u00e0 l\u2019usage priv\u00e9 ou aux besoins commerciaux internes \u00e0 l\u2019entreprise de l\u2019utilisateur. Toute autre utilisation des informations doit faire l&rsquo;objet d&rsquo;une demande \u00e9crite aupr\u00e8s de\u00a0ENAiKOON GmbH.<\/div>\n<div>&nbsp;<\/div>\n<div>Cr\u00e9dits photos:\nENAiKOON, Fotolia, iStockphoto\u00ae\nAndroid est une marque commerciale de Google Inc.<\/div>\n<div>&nbsp;<\/div>\n<div>Les produits ou marques d\u2019autres fabricants ne sont mentionn\u00e9s qu\u2019\u00e0 titre indicatif. De ce fait, il n\u2019y a aucune violation du droit des marques.<\/div>\n<div>&nbsp;<\/div>\n<div>Les donn\u00e9es cartographiques OpenStreetMap\u00a9 sont publi\u00e9es sous la licence\u00a0<a href=\"http:\/\/opendatacommons.org\/licenses\/odbl\/\" target=\"_blank\" rel=\"nofollow\" noreferrer\">Open Database Licence (ODbL) 1.0<\/a>.\nLes tuiles sont publi\u00e9es sous la licence\u00a0<a href=\"https:\/\/creativecommons.org\/licenses\/by-sa\/2.0\/de\/\" target=\"_blank\" rel=\"nofollow\" noreferrer\">CC-BY-SA 2.0<\/a>.<\/div>\n<\/div>\n<\/div>\n<\/div>\n<div class=\"gl_row_space\"><\/div>\n<div class=\"gl_line\"><\/div>\n<div class=\"col-md-4\">\n<div class=\"gl_h4big\">Avertissement<\/div>\n<div class=\"gl_space_right5\">ENAiKOON n\u2019a aucune influence sur le contenu des pages externes mises en lien sur enaikoon.com. De ce fait, ENAiKOON se d\u00e9charge de toute responsabilit\u00e9 concernant leur contenu.<\/div>\n<\/div>\n\n<div class=\"col-md-4\">\n<div class=\"gl_h4big\">Protection des donn\u00e9es approuv\u00e9e<\/div>\n<div class=\"gl_space_right5\">ENAiKOON veille \u00e0 prot\u00e9ger votre vie priv\u00e9e ainsi que vos donn\u00e9es personnelles. Respectant consciencieusement la r\u00e8glementation allemande concernant la protection des donn\u00e9es et \u00e9tant surveill\u00e9 en permanence par un agent ind\u00e9pendant.<\/div>\n<\/div>\n\n<div class=\"col-md-4\">\n\n<\/div>\n<div class=\"gl_row_space\"><\/div>\n<div class=\"gl_space_pagebottom\"><\/div>\n<\/div>","protected":false},"excerpt":{"rendered":"","protected":false},"author":7,"featured_media":0,"parent":8586,"menu_order":0,"comment_status":"closed","ping_status":"closed","template":"","meta":{"footnotes":""},"acf":[],"_links":{"self":[{"href":"https:\/\/www.enaikoon.com\/fr\/wp-json\/wp\/v2\/pages\/8588"}],"collection":[{"href":"https:\/\/www.enaikoon.com\/fr\/wp-json\/wp\/v2\/pages"}],"about":[{"href":"https:\/\/www.enaikoon.com\/fr\/wp-json\/wp\/v2\/types\/page"}],"author":[{"embeddable":true,"href":"https:\/\/www.enaikoon.com\/fr\/wp-json\/wp\/v2\/users\/7"}],"replies":[{"embeddable":true,"href":"https:\/\/www.enaikoon.com\/fr\/wp-json\/wp\/v2\/comments?post=8588"}],"version-history":[{"count":52,"href":"https:\/\/www.enaikoon.com\/fr\/wp-json\/wp\/v2\/pages\/8588\/revisions"}],"predecessor-version":[{"id":19046,"href":"https:\/\/www.enaikoon.com\/fr\/wp-json\/wp\/v2\/pages\/8588\/revisions\/19046"}],"up":[{"embeddable":true,"href":"https:\/\/www.enaikoon.com\/fr\/wp-json\/wp\/v2\/pages\/8586"}],"wp:attachment":[{"href":"https:\/\/www.enaikoon.com\/fr\/wp-json\/wp\/v2\/media?parent=8588"}],"curies":[{"name":"wp","href":"https:\/\/api.w.org\/{rel}","templated":true}]}}