{"id":8583,"date":"2016-08-15T07:12:32","date_gmt":"2016-08-15T07:12:32","guid":{"rendered":"https:\/\/www.enaikoon.com\/fr\/?page_id=8583"},"modified":"2022-11-04T11:39:04","modified_gmt":"2022-11-04T11:39:04","slug":"telecharger","status":"publish","type":"page","link":"https:\/\/www.enaikoon.com\/fr\/ressources\/telecharger\/","title":{"rendered":"t\u00e9l\u00e9charger"},"content":{"rendered":"<div style=\"height: 60px;\"><\/div>\n<div class=\"row\">\n<div class=\"col-md-4\">\n<div class=\"gl_h4big\">T\u00e9l\u00e9charger inViu routes pour\nAndroid<\/div>\n<div><a class=\"gl_button_grey\" href=\"https:\/\/ota.enaikoon.de\/inViuRoutes\/release\/inViuRoutes.apk\" target=\"_blank\" rel=\"nofollow\">inViu routes app<\/a><\/div>\n<p class=\"gl_space_top20\"><a title=\"inViu routes - android app\" href=\"https:\/\/www.enaikoon.com\/inviu\/routes\/routes.apk\" target=\"_blank\" rel=\"nofollow\"><img decoding=\"async\" loading=\"lazy\" src=\"https:\/\/www.enaikoon.com\/wp-content\/uploads\/2016\/08\/3875c3aae0.png\" alt=\"inViu routes - android app\" width=\"253\" height=\"450\" border=\"0\" \/><\/a><\/p>\n<\/div>\n\n<div class=\"col-md-4\">\n<p class=\"gl_space_top20\"><\/p>\n<\/div>\n\n<div class=\"col-md-4\">\n<\/div>\n\n<\/div>\n\n<hr \/>\n\n<div style=\"height: 40px;\"><\/div>\n<div class=\"row\">\n\n<div class=\"col-md-4\">\n<div class=\"image_center\"><a title=\"Schedule an appointment\" href=\"https:\/\/www.enaikoon.com\/fr\/contact\/conseil-dexperts\/\"><img decoding=\"async\" src=\"https:\/\/www.enaikoon.com\/wp-content\/uploads\/2016\/07\/Callback-icon_23.png\" alt=\"get in touch with an ENAiKOON telematics expert\" border=\"0\" \/><\/a><\/div>\n<div class=\"gl_h4big\"><a href=\"https:\/\/www.enaikoon.com\/fr\/contact\/conseil-dexperts\/\">Nous vous rappelons<\/a><\/div>\n<div class=\"gl_space_right10\">Vous voulez prendre un rendez-\nvous avec l&rsquo;un de nos experts ? Nous vous rappelons pour un conseil gratuit, <a href=\"https:\/\/www.enaikoon.com\/fr\/contact\/conseil-dexperts\/\">au moment qui vous convient le mieux<\/a>.<\/div>\n<\/div>\n\n<div class=\"col-md-4\">\n<div class=\"image_center\"><a title=\"ENAiKOON Blog\" href=\"https:\/\/www.enaikoon.com\/fr\/blog\/\"><img decoding=\"async\" src=\"https:\/\/www.enaikoon.com\/wp-content\/uploads\/2016\/07\/blog-icon_6e3a10.png\" alt=\"Read the ENAiKOON Blog to learn more about telematics\" border=\"0\" \/><\/a><\/div>\n<div class=\"gl_h4big\"><a href=\"https:\/\/www.enaikoon.com\/fr\/blog\/\">BLOG<\/a><\/div>\n<div class=\"gl_space_right10\">D\u00e9couvrez l&rsquo;actualit\u00e9 d&rsquo;ENAiKOON pr\u00e9sent\u00e9e par nos experts, pour <a href=\"https:\/\/www.enaikoon.com\/fr\/blog\/\">profiter au maximum du logiciel inViu et de nos solutions de g\u00e9olocalisation.<\/a><\/div>\n<\/div>\n\n<div class=\"col-md-4\">\n<div class=\"image_center\"><a title=\"Try out the app for free!\" href=\"https:\/\/www.enaikoon.com\/fr\/contact\/votre-kit-gratuit\/\"><img decoding=\"async\" src=\"https:\/\/www.enaikoon.com\/wp-content\/uploads\/2016\/07\/Try-n-Buy-icon_11.png\" alt=\"free trial for field service app\" border=\"0\" \/><\/a><\/div>\n<div class=\"gl_h4big\"><a href=\"https:\/\/www.enaikoon.com\/fr\/contact\/votre-kit-gratuit\/\">Votre kit d&rsquo;\u00e9valuation gratuit<\/a><\/div>\n<div class=\"gl_space_right10\">D\u00e9couvrez comment les solutions t\u00e9l\u00e9matiques d&rsquo;ENAiKOON peuvent vous aider. <a href=\"https:\/\/www.enaikoon.com\/fr\/contact\/votre-kit-gratuit\/\">Demandez un essai gratuit !<\/a><\/div>\n<\/div>\n\n<\/div>\n<div style=\"height: 40px;\"><\/div>","protected":false},"excerpt":{"rendered":"","protected":false},"author":7,"featured_media":0,"parent":8570,"menu_order":0,"comment_status":"closed","ping_status":"closed","template":"","meta":{"footnotes":""},"acf":[],"_links":{"self":[{"href":"https:\/\/www.enaikoon.com\/fr\/wp-json\/wp\/v2\/pages\/8583"}],"collection":[{"href":"https:\/\/www.enaikoon.com\/fr\/wp-json\/wp\/v2\/pages"}],"about":[{"href":"https:\/\/www.enaikoon.com\/fr\/wp-json\/wp\/v2\/types\/page"}],"author":[{"embeddable":true,"href":"https:\/\/www.enaikoon.com\/fr\/wp-json\/wp\/v2\/users\/7"}],"replies":[{"embeddable":true,"href":"https:\/\/www.enaikoon.com\/fr\/wp-json\/wp\/v2\/comments?post=8583"}],"version-history":[{"count":16,"href":"https:\/\/www.enaikoon.com\/fr\/wp-json\/wp\/v2\/pages\/8583\/revisions"}],"predecessor-version":[{"id":18729,"href":"https:\/\/www.enaikoon.com\/fr\/wp-json\/wp\/v2\/pages\/8583\/revisions\/18729"}],"up":[{"embeddable":true,"href":"https:\/\/www.enaikoon.com\/fr\/wp-json\/wp\/v2\/pages\/8570"}],"wp:attachment":[{"href":"https:\/\/www.enaikoon.com\/fr\/wp-json\/wp\/v2\/media?parent=8583"}],"curies":[{"name":"wp","href":"https:\/\/api.w.org\/{rel}","templated":true}]}}