{"id":8582,"date":"2016-08-15T07:12:18","date_gmt":"2016-08-15T07:12:18","guid":{"rendered":"https:\/\/www.enaikoon.com\/fr\/?page_id=8582"},"modified":"2020-08-22T11:42:34","modified_gmt":"2020-08-22T11:42:34","slug":"autres-medias","status":"publish","type":"page","link":"https:\/\/www.enaikoon.com\/fr\/ressources\/autres-medias\/","title":{"rendered":"autres m\u00e9dias"},"content":{"rendered":"<div style=\"height: 50px;\">&nbsp;<\/div>\n<div class=\"row\">\n<div class=\"col-md-12\">\n<div class=\"gl_h2big\">Vid\u00e9os (en allemand)<\/div>\n<div><a href=\"https:\/\/www.enaikoon.com\/fileadmin\/enaikoon\/Dateien\/pdf\/Presse\/Filme\/2009_09_Polizei_Brandenburg_nutzt_ENAiKOON_GPS.AVI\" target=\"_blank\" rel=\"nofollow\" noreferrer\"><img decoding=\"async\" class=\"gl_space_right5\" src=\"https:\/\/www.enaikoon.com\/wp-content\/uploads\/2016\/07\/avi.gif\" alt=\"\">Polizei Brandenburg nutzt ENaiKOON GPS.avi<\/a><\/div>\n<div class=\"gl_space_top5\"><a href=\"https:\/\/www.enaikoon.com\/fileadmin\/enaikoon\/Dateien\/pdf\/Presse\/Filme\/2007-02_Pro_Sieben_Planetopia.mov\" target=\"_blank\" rel=\"nofollow\" noreferrer\"><img decoding=\"async\" class=\"gl_space_right5\" src=\"https:\/\/www.enaikoon.com\/wp-content\/uploads\/2016\/07\/avi.gif\" alt=\"\">Pro Sieben Planetopia.mov<\/a><\/div>\n<div class=\"gl_space_top30\"><iframe loading=\"lazy\" src=\"https:\/\/www.youtube-nocookie.com\/embed\/EupX-gtRDsc\" allowfullscreen=\"allowfullscreen\" width=\"960\" height=\"540\" frameborder=\"0\"><\/iframe><\/div>\n<div class=\"gl_space_top30\">&nbsp;<\/div>\n<div class=\"gl_h2big\">Reportage audio (en allemand)<\/div>\n<div class=\"gl_space_top10\">&nbsp;<\/div>\n<a href=\"https:\/\/www.enaikoon.com\/fileadmin\/enaikoon\/Dateien\/pdf\/Presse\/audio\/James_Bond_Technik_auf_dem_Handy-WDR.MP3\" target=\"_blank\" rel=\"nofollow\" noreferrer\">Ver\u00f6ffentlicht vom Funkhaus Europa WDR, Autor: Melih Serter<\/a>\n<span style=\"color: #666666;\">publi\u00e9 par Funkhaus Europa WDR, auteur : Melih Serter<\/span>\n<div class=\"gl_space_top30\">&nbsp;<\/div>\n<div class=\"gl_h2big\">M\u00e9moire de licence<\/div>\n<div class=\"gl_space_top10\">&nbsp;<\/div>\n<div><a href=\"https:\/\/www.enaikoon.com\/fileadmin\/enaikoon_2011\/DEVICES\/Locate_series\/locate-18\/Diebstahlsicherung_von_Rohholz_mittels_GPS_gestuetzter_Verfahren.pdf\" target=\"_blank\" rel=\"nofollow\" noreferrer\">Diebstahlsicherung von Rohholz mittels GPS-gest\u00fctzter Verfahren<\/a><\/div>\n&nbsp;\n\npour le cours \u00ab Forstwirtschaft \u00bb (l&rsquo;exploitation foresti\u00e8re) \u00e0 la Hochschule f\u00fcr\nangewandte Wissenschaft und Kunst (l&rsquo;Ecole sup\u00e9rieure des arts et des sciences\nappliqu\u00e9es) de G\u00f6ttingen\n\u00e9crit par Tim Eickmann, 02.05.2012\n\nCe m\u00e9moire de licence ne peut \u00eatre publi\u00e9 que dans la version soumise par l&rsquo;auteur.\nToute r\u00e9vision, modification ou action similaire est interdite. Toute autre utilisation du\ndocument doit \u00eatre approuv\u00e9e par l&rsquo;auteur.\n\n<\/div>\n\n<\/div>\n\n<hr>\n\n<div style=\"height: 40px;\">&nbsp;<\/div>\n<div class=\"row\">\n<div class=\"col-md-4\">\n<div class=\"image_center\"><a title=\"Prendre un rendez-vous\" href=\"https:\/\/www.enaikoon.com\/fr\/contact\/conseil-dexperts\/\"><img decoding=\"async\" src=\"https:\/\/www.enaikoon.com\/wp-content\/uploads\/2016\/07\/Callback-icon_23.png\" alt=\"get in touch with an ENAiKOON telematics expert\" border=\"0\"><\/a><\/div>\n<div class=\"gl_h4big\"><a href=\"https:\/\/www.enaikoon.com\/fr\/contact\/conseil-dexperts\/\">Prendre un rendez-vous<\/a><\/div>\n<div class=\"gl_space_right20\">Vous avez un emploi du temps charg\u00e9?\nNos experts en t\u00e9l\u00e9matique peuvent <a href=\"https:\/\/www.enaikoon.com\/fr\/contact\/conseil-dexperts\/\">vous contacter au moment qui vous arrange le plus<\/a>.<\/div>\n<\/div>\n<div class=\"col-md-4\">\n<div class=\"image_center\"><a title=\"Try out the app for free!\" href=\"https:\/\/www.enaikoon.com\/fr\/contact\/votre-kit-gratuit\/\"><img decoding=\"async\" src=\"https:\/\/www.enaikoon.com\/wp-content\/uploads\/2016\/07\/Try-n-Buy-icon_11.png\" alt=\"free trial for field service app\" border=\"0\"><\/a><\/div>\n<div class=\"gl_h4big\"><a href=\"https:\/\/www.enaikoon.com\/fr\/contact\/votre-kit-gratuit\/\">Votre kit d&rsquo;\u00e9valuation gratuit<\/a><\/div>\n<div class=\"gl_space_right10\">D\u00e9couvrez comment les solutions t\u00e9l\u00e9matiques d&rsquo;ENAiKOON peuvent vous aider. <a href=\"https:\/\/www.enaikoon.com\/fr\/contact\/votre-kit-gratuit\/\">Demandez un essai gratuit !<\/a><\/div>\n<\/div>\n<div class=\"col-md-4\">\n<div class=\"image_center\"><a title=\"ENAiKOON Blog\" href=\"https:\/\/www.enaikoon.com\/fr\/blog\/\"><img decoding=\"async\" src=\"https:\/\/www.enaikoon.com\/wp-content\/uploads\/2016\/07\/blog-icon_6e3a10.png\" alt=\"Read the ENAiKOON Blog to learn more about telematics\" border=\"0\"><\/a><\/div>\n<div class=\"gl_h4big\"><a href=\"https:\/\/www.enaikoon.com\/fr\/blog\/\">BLOG<\/a><\/div>\n<div class=\"gl_space_right20\">D\u00e9couvrez ce que nos experts en t\u00e9l\u00e9matique ont \u00e0 vous apprendre sur la mani\u00e8re d\u2019 <a href=\"https:\/\/www.enaikoon.com\/fr\/blog\/\">optimiser au maximum l\u2019utilisation d\u2019inViu et de nos solutions t\u00e9l\u00e9matiques<\/a>.<\/div>\n<\/div>\n\n<\/div>\n<div style=\"height: 40px;\">&nbsp;<\/div>","protected":false},"excerpt":{"rendered":"<p> [&hellip;]<\/p>\n","protected":false},"author":7,"featured_media":0,"parent":8570,"menu_order":0,"comment_status":"closed","ping_status":"closed","template":"","meta":{"footnotes":""},"acf":[],"_links":{"self":[{"href":"https:\/\/www.enaikoon.com\/fr\/wp-json\/wp\/v2\/pages\/8582"}],"collection":[{"href":"https:\/\/www.enaikoon.com\/fr\/wp-json\/wp\/v2\/pages"}],"about":[{"href":"https:\/\/www.enaikoon.com\/fr\/wp-json\/wp\/v2\/types\/page"}],"author":[{"embeddable":true,"href":"https:\/\/www.enaikoon.com\/fr\/wp-json\/wp\/v2\/users\/7"}],"replies":[{"embeddable":true,"href":"https:\/\/www.enaikoon.com\/fr\/wp-json\/wp\/v2\/comments?post=8582"}],"version-history":[{"count":15,"href":"https:\/\/www.enaikoon.com\/fr\/wp-json\/wp\/v2\/pages\/8582\/revisions"}],"predecessor-version":[{"id":17594,"href":"https:\/\/www.enaikoon.com\/fr\/wp-json\/wp\/v2\/pages\/8582\/revisions\/17594"}],"up":[{"embeddable":true,"href":"https:\/\/www.enaikoon.com\/fr\/wp-json\/wp\/v2\/pages\/8570"}],"wp:attachment":[{"href":"https:\/\/www.enaikoon.com\/fr\/wp-json\/wp\/v2\/media?parent=8582"}],"curies":[{"name":"wp","href":"https:\/\/api.w.org\/{rel}","templated":true}]}}