{"id":8579,"date":"2016-08-15T07:11:27","date_gmt":"2016-08-15T07:11:27","guid":{"rendered":"https:\/\/www.enaikoon.com\/fr\/?page_id=8579"},"modified":"2017-11-19T15:41:35","modified_gmt":"2017-11-19T15:41:35","slug":"presse","status":"publish","type":"page","link":"https:\/\/www.enaikoon.com\/fr\/ressources\/presse\/","title":{"rendered":"presse"},"content":{"rendered":"<div style=\"height:40px\"><\/div>\r\n<div class=\"row\">\r\n\t<div class=\"col-md-12\">\r\n\t<div style=\"padding-left:-10px; padding-right:-10px;\">\r\n\t<table border=\"0\" cellspacing=\"0\" cellpadding=\"0\" class=\"gl_table_no_border\">\r\n\t  <tr class=\"gl_table_no_border\">\r\n\t\t<td width=\"340\" class=\"gl_h2big\">Communiqu\u00e9s<\/td>\r\n\t    <td width=\"1\" >&nbsp;<\/td>\r\n\t    <td width=\"300\" class=\"gl_h2big\">Articles de presse<\/td>\r\n\t    <td width=\"1\" >&nbsp;<\/td>\r\n\t    <td width=\"300\" class=\"gl_h2big\">Presse en ligne<\/td>\r\n\t  <\/tr>\r\n\t  <tr class=\"gl_table_no_border\">\r\n\t    <td valign=\"top\"><table width=\"340\" border=\"0\" cellpadding=\"0\" cellspacing=\"0\">\r\n          <tr class=\"gl_table_no_border\">\r\n            <td width=\"22\" valign=\"top\" ><a rel=\"nofollow\" href=\"https:\/\/www.enaikoon.com\/fileadmin\/enaikoon_2011\/RESSOURCES\/Presse\/FR\/2010_10_28_CP_ENAiKOON%20locate-60%20-%20nouveaut%E9%20mondiale.pdf\" target=\"_blank\"><img decoding=\"async\" loading=\"lazy\"  class=\"gl_space_right5\" src=\"https:\/\/www.enaikoon.com\/wp-content\/uploads\/2016\/07\/pdf.gif\" alt=\"\" border=\"0\" height=\"16\" width=\"18\"><\/a><\/td>\r\n            <td valign=\"top\" ><a style=\"letter-spacing:0px;\" rel=\"nofollow\" href=\"https:\/\/www.enaikoon.com\/fileadmin\/enaikoon_2011\/RESSOURCES\/Presse\/FR\/2010_10_28_CP_ENAiKOON%20locate-60%20-%20nouveaut%E9%20mondiale.pdf\" target=\"_blank\" title=\"ENAiKOON locate-60, une nouveaut&eacute; mondiale\">ENAiKOON locate-60, une nouveaut&eacute;&#8230;<\/a><\/td>\r\n            <td valign=\"top\" width=\"60\">152 K<\/td>\r\n          <\/tr>\r\n         \r\n        <\/table><\/td>\r\n\t    <td>&nbsp;<\/td>\r\n\t    <td valign=\"top\"><table width=\"300\" border=\"0\" cellpadding=\"0\" cellspacing=\"0\">\r\n          <tr class=\"gl_table_no_border\">\r\n            <td valign=\"top\" align=\"left\" width=\"22\"><a rel=\"nofollow\" href=\"https:\/\/www.enaikoon.com\/fileadmin\/enaikoon_2011\/RESSOURCES\/Presse\/print\/EN\/StopThief.pdf\" target=\"_blank\"><img decoding=\"async\" loading=\"lazy\"  class=\"gl_space_right5\" src=\"https:\/\/www.enaikoon.com\/wp-content\/uploads\/2016\/07\/pdf.gif\" alt=\"\" border=\"0\" height=\"16\" width=\"18\" \/><\/a><\/td>\r\n            <td valign=\"top\"  width=\"100\" ><a style=\"letter-spacing:0px;\" rel=\"nofollow\" href=\"https:\/\/www.enaikoon.com\/fileadmin\/enaikoon_2011\/RESSOURCES\/Presse\/print\/EN\/StopThief.pdf\" target=\"_blank\">StopThief.pdf<\/a><\/td>\r\n            <td valign=\"top\" >1.0 M<\/td>\r\n          <\/tr>\r\n          \r\n        <\/table><\/td>\r\n\t    <td>&nbsp;<\/td>\r\n\t    <td valign=\"top\"><table width=\"300\" border=\"0\" cellpadding=\"0\" cellspacing=\"0\">\r\n          <tr class=\"gl_table_no_border\">    \r\n            <td valign=\"top\" style=\"padding-bottom:10px;\"><a rel=\"nofollow\" href=\"http:\/\/www.datavaluemagazine.com\/contents\/news\/fr\/20121130\/enaikoon_lance_inviu_nfc_tracker\" target=\"_blank\">ENAiKOON lance inViu NFC-tracker<\/a><\/td>\r\n          <\/tr>\r\n          <tr class=\"gl_table_no_border\">\r\n                <td valign=\"top\" style=\"padding-bottom:10px;\"><a rel=\"nofollow\" href=\"http:\/\/www.applicationandroid.fr\/inviu-nfc-tracker-scanner-de-tag-avec-android.html?utm_source=dlvr.it&#038;utm_medium=twitter\" target=\"_blank\">inViu NFC-tracker, scanner de TAG avec Android<\/a><\/td>\r\n          <\/tr>\r\n          <tr class=\"gl_table_no_border\">\r\n            \r\n            <td valign=\"top\" style=\"padding-bottom:10px;\"><a rel=\"nofollow\" href=\"http:\/\/www.smart-webzine.com\/suivi-des-taches-et-de-la-gestion-en-nfc-sur-android-1541\" target=\"_blank\">Suivi des t&acirc;ches et de la gestion en NFC sur Android<\/a><\/td>\r\n          <\/tr>\r\n          <tr class=\"gl_table_no_border\">\r\n            \r\n            <td valign=\"top\" style=\"padding-bottom:10px;\"><a rel=\"nofollow\" href=\"http:\/\/www.smartphonefrance.fr\/actu.asp?ID=2815\" target=\"_blank\">Des entreprises 100% NFC gr&acirc;ce &agrave; Android <\/a><\/td>\r\n          <\/tr>\r\n          <tr class=\"gl_table_no_border\">\r\n           \r\n            <td valign=\"top\" style=\"padding-bottom:10px;\"><a rel=\"nofollow\" href=\"http:\/\/www.ecommercemag.fr\/\" target=\"_blank\">La t&eacute;l&eacute;matqiue au service de l&rsquo;industrie du BTP<\/a><\/td>\r\n          <\/tr>\r\n          <tr class=\"gl_table_no_border\">        \r\n            <td valign=\"top\" style=\"padding-bottom:10px;\"><a rel=\"nofollow\" href=\"http:\/\/www.chefdentreprise.com\/\" target=\"_blank\">ENAiKOON finaliste aux Vodafone application Award 2010 dans la cat&eacute;gorie M2M Solution<\/a><\/td>\r\n          <\/tr>\r\n        <\/table><\/td>\r\n      <\/tr>\r\n\t<\/table>\r\n\t<\/div>\r\n\t<\/div>\t\r\n<\/div>\t\r\n\t\r\n\t<hr\/><div style=\"height:40px\"><\/div>\r\n<div class=\"row\"> \r\n\t\r\n\t<div class=\"col-md-4\">\r\n\t\r\n\t\r\n\t\t<div class=\"image_center\"><a href=\"https:\/\/www.enaikoon.com\/fr\/contact\/conseil-dexperts\/\" title=\"Schedule an appointment\"><img decoding=\"async\" src=\"https:\/\/www.enaikoon.com\/wp-content\/uploads\/2016\/07\/Callback-icon_23.png\"alt=\"get in touch with an ENAiKOON telematics expert\" border=\"0\"\/><\/a><\/div>\r\n\r\n\t<div class=\"gl_h4big\"><a href=\"https:\/\/www.enaikoon.com\/fr\/contact\/conseil-dexperts\/\">Nous vous rappelons<\/a><\/div>\r\n\t<div class=\"gl_space_right10\">Vous voulez prendre un rendez-<br>\r\n              vous avec l&rsquo;un de nos experts ? Nous vous rappelons pour un conseil gratuit, <a href=\"https:\/\/www.enaikoon.com\/fr\/contact\/conseil-dexperts\/\">au moment qui vous convient le mieux<\/a>.<\/div>\r\n\t\t\t  \r\n\t\r\n\t<\/div>\r\n\t\r\n\t<div class=\"col-md-4\">\r\n\t<div class=\"image_center\"><a href=\"https:\/\/www.enaikoon.com\/fr\/contact\/votre-kit-gratuit\/\" title=\"Try out the app for free!\"><img decoding=\"async\" src=\"https:\/\/www.enaikoon.com\/wp-content\/uploads\/2016\/07\/Try-n-Buy-icon_11.png\" alt=\"free trial for field service app\" border=\"0\" \/><\/a><\/div>\r\n\r\n\t\t<div class=\"gl_h4big\"><a href=\"https:\/\/www.enaikoon.com\/fr\/contact\/votre-kit-gratuit\/\">Votre kit d&rsquo;\u00e9valuation gratuit<\/a><\/div>\r\n\t\t<div class=\"gl_space_right10\">D\u00e9couvrez comment les solutions t\u00e9l\u00e9matiques d&rsquo;ENAiKOON peuvent vous aider. <a href=\"https:\/\/www.enaikoon.com\/fr\/contact\/votre-kit-gratuit\/\">Demandez un essai gratuit !<\/a><\/div>\r\n\t<\/div>\r\n\t\r\n\t<div class=\"col-md-4\">\r\n<div class=\"image_center\"><a href=\"https:\/\/www.enaikoon.com\/fr\/blog\/\" title=\"ENAiKOON Blog\"><img decoding=\"async\" src=\"https:\/\/www.enaikoon.com\/wp-content\/uploads\/2016\/07\/blog-icon_6e3a10.png\"  alt=\"Read the ENAiKOON Blog to learn more about telematics\" border=\"0\" \/><\/a><\/div>\r\n\r\n\t<div class=\"gl_h4big\"><a href=\"https:\/\/www.enaikoon.com\/fr\/blog\/\">BLOG<\/a><\/div>\r\n\t<div class=\"gl_space_right10\">D\u00e9couvrez l&rsquo;actualit\u00e9 d&rsquo;ENAiKOON pr\u00e9sent\u00e9e par nos experts, pour <a href=\"https:\/\/www.enaikoon.com\/fr\/blog\/\">profiter au maximum du logiciel inViu et de nos solutions de g\u00e9olocalisation.<\/a><\/div>\r\n\t<\/div>\r\n\r\n<\/div>\r\n<div style=\"height:40px\"><\/div>","protected":false},"excerpt":{"rendered":"","protected":false},"author":7,"featured_media":0,"parent":8570,"menu_order":0,"comment_status":"closed","ping_status":"closed","template":"","meta":{"footnotes":""},"acf":[],"_links":{"self":[{"href":"https:\/\/www.enaikoon.com\/fr\/wp-json\/wp\/v2\/pages\/8579"}],"collection":[{"href":"https:\/\/www.enaikoon.com\/fr\/wp-json\/wp\/v2\/pages"}],"about":[{"href":"https:\/\/www.enaikoon.com\/fr\/wp-json\/wp\/v2\/types\/page"}],"author":[{"embeddable":true,"href":"https:\/\/www.enaikoon.com\/fr\/wp-json\/wp\/v2\/users\/7"}],"replies":[{"embeddable":true,"href":"https:\/\/www.enaikoon.com\/fr\/wp-json\/wp\/v2\/comments?post=8579"}],"version-history":[{"count":18,"href":"https:\/\/www.enaikoon.com\/fr\/wp-json\/wp\/v2\/pages\/8579\/revisions"}],"predecessor-version":[{"id":11699,"href":"https:\/\/www.enaikoon.com\/fr\/wp-json\/wp\/v2\/pages\/8579\/revisions\/11699"}],"up":[{"embeddable":true,"href":"https:\/\/www.enaikoon.com\/fr\/wp-json\/wp\/v2\/pages\/8570"}],"wp:attachment":[{"href":"https:\/\/www.enaikoon.com\/fr\/wp-json\/wp\/v2\/media?parent=8579"}],"curies":[{"name":"wp","href":"https:\/\/api.w.org\/{rel}","templated":true}]}}