{"id":8575,"date":"2016-08-15T07:09:48","date_gmt":"2016-08-15T07:09:48","guid":{"rendered":"https:\/\/www.enaikoon.com\/fr\/?page_id=8575"},"modified":"2017-11-19T15:40:00","modified_gmt":"2017-11-19T15:40:00","slug":"application-et-themes","status":"publish","type":"page","link":"https:\/\/www.enaikoon.com\/fr\/ressources\/application-et-themes\/","title":{"rendered":"Application et th\u00e8mes"},"content":{"rendered":"<div style=\"height:40px\"><\/div>\r\n<div class=\"row\">\r\n\t<div class=\"col-md-12\">\r\n\t\r\n\t<h1>Exemples d&rsquo;application<\/h1>\r\n\t<div>&nbsp;<\/div>\r\n\t\r\n\t<\/div>\r\n\t\r\n\t<div class=\"gl_row_space\"><\/div>\r\n\t\r\n\t<div class=\"col-md-4\">\r\n\t\r\n\t\t<h2>Les \u00e9quipements de <br\/>construction<\/h2>\r\n\t\t<div class=\"clearfix\">\r\n\t\t\t<div><a rel=\"nofollow\" href=\"https:\/\/www.enaikoon.com\/fileadmin\/enaikoon\/Dateien\/pdf\/Branche\/Baumaschinenverm\/franz\/ENAiKOON_fiche_application_location_equipement.pdf\" target=\"_blank\"><img decoding=\"async\" src=\"https:\/\/www.enaikoon.com\/wp-content\/uploads\/2016\/08\/dc451c1567.jpg\" alt=\"\" align=\"left\" style=\"border:0px;\"  class=\"gl_space_right10\"><\/a><\/div>\r\n\t\t\t<div class=\"gl_space_top100\"><a rel=\"nofollow\" href=\"https:\/\/www.enaikoon.com\/fileadmin\/enaikoon\/Dateien\/pdf\/Branche\/Baumaschinenverm\/franz\/ENAiKOON_fiche_application_location_equipement.pdf\" target=\"_blank\">la location <br>\r\n          d\u00b4\u00e9quipements<\/a><\/div>\r\n\t\t<\/div>\r\n\t\t\r\n\t\t<div class=\"clearfix\">\r\n\t\t\t<div><a rel=\"nofollow\" href=\"https:\/\/www.enaikoon.com\/fileadmin\/enaikoon\/Dateien\/pdf\/Branche\/Bauunternehmung\/franz\/ENAiKOON_fiche_application_entreprises_BTP.pdf\" target=\"_blank\"><img decoding=\"async\" src=\"https:\/\/www.enaikoon.com\/wp-content\/uploads\/2016\/08\/4475496918.jpg\" alt=\"\" align=\"left\" style=\"border:0px;\"  class=\"gl_space_right10\"><\/a><\/div>\r\n\t\t\t<div class=\"gl_space_top100\"><a rel=\"nofollow\" href=\"https:\/\/www.enaikoon.com\/fileadmin\/enaikoon\/Dateien\/pdf\/Branche\/Bauunternehmung\/franz\/ENAiKOON_fiche_application_entreprises_BTP.pdf\" target=\"_blank\">les entreprises <br>\r\n          du BTP<\/a><\/div>\r\n\t\t<\/div>\r\n\t\t\r\n\t\t<div class=\"clearfix\">\r\n\t\t\t<div><a rel=\"nofollow\" href=\"https:\/\/www.enaikoon.com\/fileadmin\/enaikoon\/Dateien\/pdf\/Branche\/Container\/franz\/ENAiKOON_fiche_application_conteneur.pdf\" target=\"_blank\"><img decoding=\"async\" src=\"https:\/\/www.enaikoon.com\/wp-content\/uploads\/2016\/08\/caf48c832c.jpg\" alt=\"\" align=\"left\" style=\"border:0px;\"  class=\"gl_space_right10\"><\/a><\/div>\r\n\t\t\t<div class=\"gl_space_top100\"><a rel=\"nofollow\" href=\"https:\/\/www.enaikoon.com\/fileadmin\/enaikoon\/Dateien\/pdf\/Branche\/Container\/franz\/ENAiKOON_fiche_application_conteneur.pdf\" target=\"_blank\">les conteneurs<\/a><\/div>\r\n\t\t<\/div>\r\n\t\t\r\n\t\t<div>&nbsp;<\/div>\r\n\t\t<h2>Transport et logistique<\/h2>\r\n\t\t<div class=\"clearfix\">\r\n\t\t\t<div><a rel=\"nofollow\" href=\"https:\/\/www.enaikoon.com\/fileadmin\/enaikoon\/Dateien\/pdf\/Branche\/Pannenservice\/franz\/ENAiKOON_fiche_application_services_depannage.pdf\" target=\"_blank\"><img decoding=\"async\" src=\"https:\/\/www.enaikoon.com\/wp-content\/uploads\/2016\/08\/42ad5b6f69.jpg\" alt=\"\" align=\"left\" style=\"border:0px;\"  class=\"gl_space_right10\"><\/a><\/div>\r\n\t\t\t<div class=\"gl_space_top100\"><a rel=\"nofollow\" href=\"https:\/\/www.enaikoon.com\/fileadmin\/enaikoon\/Dateien\/pdf\/Branche\/Pannenservice\/franz\/ENAiKOON_fiche_application_services_depannage.pdf\" target=\"_blank\">les services de <br>\r\n          d\u00e9pannage<\/a><\/div>\r\n\t\t<\/div>\r\n\t\t\r\n\t\t<div class=\"clearfix\">\r\n\t\t\t<div><a rel=\"nofollow\" href=\"https:\/\/www.enaikoon.com\/fileadmin\/enaikoon\/Dateien\/pdf\/Branche\/Serviceflotte\/franz\/ENAiKOON_fiche_application_flottes_service.pdf\" target=\"_blank\"><img decoding=\"async\" src=\"https:\/\/www.enaikoon.com\/wp-content\/uploads\/2016\/08\/b9681b1495.jpg\" alt=\"\" align=\"left\" style=\"border:0px;\"  class=\"gl_space_right10\"><\/a><\/div>\r\n\t\t\t<div class=\"gl_space_top100\"><a rel=\"nofollow\" href=\"https:\/\/www.enaikoon.com\/fileadmin\/enaikoon\/Dateien\/pdf\/Branche\/Serviceflotte\/franz\/ENAiKOON_fiche_application_flottes_service.pdf\" target=\"_blank\">les flottes de <br>\r\n          service<\/a><\/div>\r\n\t\t<\/div>\r\n\t\t\r\n\t\t<div class=\"clearfix\">\r\n\t\t\t<div><a rel=\"nofollow\" href=\"https:\/\/www.enaikoon.com\/fileadmin\/enaikoon\/Dateien\/pdf\/Branche\/Moebelhandel\/franz\/ENAiKOON_fiche_application_commerce_meubles.pdf\" target=\"_blank\"><img decoding=\"async\" src=\"https:\/\/www.enaikoon.com\/wp-content\/uploads\/2016\/08\/01ed994666.jpg\" alt=\"\" align=\"left\" style=\"border:0px;\"  class=\"gl_space_right10\"><\/a><\/div>\r\n\t\t\t<div class=\"gl_space_top100\"><a rel=\"nofollow\" href=\"https:\/\/www.enaikoon.com\/fileadmin\/enaikoon\/Dateien\/pdf\/Branche\/Moebelhandel\/franz\/ENAiKOON_fiche_application_commerce_meubles.pdf\" target=\"_blank\">le commerce<br>\r\n          de meubles<\/a><\/div>\r\n\t\t<\/div>\r\n\r\n\t<\/div>\r\n\t\r\n\t<div class=\"col-md-4\">\r\n\t\r\n\t\t<h2>La gestion de<br\/>\r\nservices<\/h2>\r\n\t\t<div class=\"clearfix\">\r\n\t\t\t<div><a rel=\"nofollow\" href=\"https:\/\/www.enaikoon.com\/fileadmin\/enaikoon\/Dateien\/pdf\/Branche\/Reinigungsunter\/franz\/ENAiKOON_branch_sheet_Cleaning_Firms.pdf\" target=\"_blank\"><img decoding=\"async\" src=\"https:\/\/www.enaikoon.com\/wp-content\/uploads\/2016\/08\/ec6b442505.jpg\" alt=\"\" align=\"left\" style=\"border:0px;\"  class=\"gl_space_right10\"><\/a><\/div>\r\n\t\t\t<div class=\"gl_space_top100\"><a rel=\"nofollow\" href=\"https:\/\/www.enaikoon.com\/fileadmin\/enaikoon\/Dateien\/pdf\/Branche\/Reinigungsunter\/franz\/ENAiKOON_branch_sheet_Cleaning_Firms.pdf\" target=\"_blank\">les entreprises<br>\r\n                  de nettoyage<\/a><\/div>\r\n\t\t<\/div>\r\n\t\t\r\n\t\t<div class=\"clearfix\">\r\n\t\t\t<div><a rel=\"nofollow\" href=\"https:\/\/www.enaikoon.com\/fileadmin\/enaikoon\/Dateien\/pdf\/Branche\/Parkraumbewirt\/franz\/ENAiKOON_fiche_application_gestion_parc_metres.pdf\" target=\"_blank\"><img decoding=\"async\" src=\"https:\/\/www.enaikoon.com\/wp-content\/uploads\/2016\/08\/840d488eda.jpg\" alt=\"\" align=\"left\" style=\"border:0px;\"  class=\"gl_space_right10\"><\/a><\/div>\r\n\t\t\t<div class=\"gl_space_top100\"><a rel=\"nofollow\" href=\"https:\/\/www.enaikoon.com\/fileadmin\/enaikoon\/Dateien\/pdf\/Branche\/Parkraumbewirt\/franz\/ENAiKOON_fiche_application_gestion_parc_metres.pdf\" target=\"_blank\">la gestion des <br>\r\n                  parcm\u00e8tres<\/a><\/div>\r\n\t\t<\/div>\r\n\t\t\r\n\t\t<div class=\"clearfix\">\r\n\t\t\t<div><a rel=\"nofollow\" href=\"https:\/\/www.enaikoon.com\/fileadmin\/enaikoon\/Dateien\/pdf\/Branche\/Sicherheit\/franz\/ENAiKOON_exemples_d%27application_les_entreprises_de_securite.pdf\" target=\"_blank\"><img decoding=\"async\" src=\"https:\/\/www.enaikoon.com\/wp-content\/uploads\/2016\/08\/5632d937af.jpg\" alt=\"\" align=\"left\" style=\"border:0px;\"  class=\"gl_space_right10\"><\/a><\/div>\r\n\t\t\t<div class=\"gl_space_top100\"><a rel=\"nofollow\" href=\"https:\/\/www.enaikoon.com\/fileadmin\/enaikoon\/Dateien\/pdf\/Branche\/Sicherheit\/franz\/ENAiKOON_exemples_d%27application_les_entreprises_de_securite.pdf\" target=\"_blank\">les soci\u00e9t\u00e9s <br>\r\n                  de s\u00e9curit\u00e9<\/a><\/div>\r\n\t\t<\/div>\r\n\t\t\r\n\t\t<div class=\"clearfix\">\r\n\t\t\t<div><a rel=\"nofollow\" href=\"https:\/\/www.enaikoon.com\/fileadmin\/enaikoon\/Dateien\/pdf\/Branche\/Hotel\/franz\/ENAiKOON_fiche_application_gestion_hoteliere.pdf\" target=\"_blank\"><img decoding=\"async\" src=\"https:\/\/www.enaikoon.com\/wp-content\/uploads\/2016\/08\/3328f45846.jpg\" alt=\"\" align=\"left\" style=\"border:0px;\"  class=\"gl_space_right10\"><\/a><\/div>\r\n\t\t\t<div class=\"gl_space_top100\"><a rel=\"nofollow\" href=\"https:\/\/www.enaikoon.com\/fileadmin\/enaikoon\/Dateien\/pdf\/Branche\/Hotel\/franz\/ENAiKOON_fiche_application_gestion_hoteliere.pdf\" target=\"_blank\">h\u00f4tel<\/a><\/div>\r\n\t\t<\/div>\r\n\t\t\r\n\t\t<div class=\"clearfix\">\r\n\t\t\t<div><a rel=\"nofollow\" href=\"https:\/\/www.enaikoon.com\/fileadmin\/enaikoon\/Dateien\/pdf\/Branche\/Non-Profit-Orga\/franz\/ENAiKOON_fiche_application_organisation_services_publics.pdf\" target=\"_blank\"><img decoding=\"async\" src=\"https:\/\/www.enaikoon.com\/wp-content\/uploads\/2016\/08\/58c814d518.jpg\" alt=\"\" align=\"left\" style=\"border:0px;\"  class=\"gl_space_right10\"><\/a><\/div>\r\n\t\t\t<div class=\"gl_space_top100\"><a rel=\"nofollow\" href=\"https:\/\/www.enaikoon.com\/fileadmin\/enaikoon\/Dateien\/pdf\/Branche\/Non-Profit-Orga\/franz\/ENAiKOON_fiche_application_organisation_services_publics.pdf\" target=\"_blank\">les organisations \u00e0<br>\r\n                  but non lucratif<\/a><\/div>\r\n\t\t<\/div>\r\n\t\t\r\n\t<\/div>\r\n\t\r\n\t<div class=\"col-md-4\">\r\n\t\r\n\t\t<h2>Nos fiches<br\/>\r\nth\u00e9matiques<\/h2>\r\n\t\t<div class=\"clearfix\">\r\n\t\t\t<div><a rel=\"nofollow\" href=\"https:\/\/www.enaikoon.com\/fileadmin\/enaikoon\/Dateien\/pdf\/Branche\/Fuellstandsmessung\/franz\/ENAiKOON_fiche_themes_mesure_niveau.pdf\" target=\"_blank\"><img decoding=\"async\" src=\"https:\/\/www.enaikoon.com\/wp-content\/uploads\/2016\/08\/faecc60c2e.jpg\" alt=\"\" align=\"left\" style=\"border:0px;\"  class=\"gl_space_right10\"><\/a><\/div>\r\n\t\t\t<div class=\"gl_space_top100\"><a rel=\"nofollow\" href=\"https:\/\/www.enaikoon.com\/fileadmin\/enaikoon\/Dateien\/pdf\/Branche\/Fuellstandsmessung\/franz\/ENAiKOON_fiche_themes_mesure_niveau.pdf\" target=\"_blank\">la mesure <br>\r\n                  des niveaux<\/a><\/div>\r\n\t\t<\/div>\r\n\t\t\r\n\t\t<div class=\"clearfix\">\r\n\t\t\t<div><a rel=\"nofollow\" href=\"https:\/\/www.enaikoon.com\/fileadmin\/enaikoon\/Dateien\/pdf\/Branche\/Nachrichten\/franz\/ENAiKOON_fiche_themes_messagerie.pdf\" target=\"_blank\"><img decoding=\"async\" src=\"https:\/\/www.enaikoon.com\/wp-content\/uploads\/2016\/08\/ab8a8bb4fd.jpg\" alt=\"\" align=\"left\" style=\"border:0px;\"  class=\"gl_space_right10\"><\/a><\/div>\r\n\t\t\t<div class=\"gl_space_top100\"><a rel=\"nofollow\" href=\"https:\/\/www.enaikoon.com\/fileadmin\/enaikoon\/Dateien\/pdf\/Branche\/Nachrichten\/franz\/ENAiKOON_fiche_themes_messagerie.pdf\" target=\"_blank\">un service de messagerie<\/a><\/div>\r\n\t\t<\/div>\r\n\t\t\r\n\t\t<div class=\"clearfix\">\r\n\t\t\t<div><a rel=\"nofollow\" href=\"https:\/\/www.enaikoon.com\/fileadmin\/enaikoon\/Dateien\/pdf\/Branche\/Transport-Logistik\/franz\/ENAiKOON_topic_%20sheet_Transport_and_Logistics.pdf\" target=\"_blank\"><img decoding=\"async\" src=\"https:\/\/www.enaikoon.com\/wp-content\/uploads\/2016\/08\/6dcbd3dabf.jpg\" alt=\"\" align=\"left\" style=\"border:0px;\"  class=\"gl_space_right10\"><\/a><\/div>\r\n\t\t\t<div class=\"gl_space_top100\"><a rel=\"nofollow\" href=\"https:\/\/www.enaikoon.com\/fileadmin\/enaikoon\/Dateien\/pdf\/Branche\/Transport-Logistik\/franz\/ENAiKOON_topic_%20sheet_Transport_and_Logistics.pdf\" target=\"_blank\">le transport et<br>\r\n                  la logistique<\/a><\/div>\r\n\t\t<\/div>\r\n\t\t\r\n\t\t<div class=\"clearfix\">\r\n\t\t\t<div><a rel=\"nofollow\" href=\"https:\/\/www.enaikoon.com\/fileadmin\/enaikoon\/Dateien\/pdf\/Branche\/Treibstoff\/franz\/ENAiKOON_fiche_themes_consommation_carburant.pdf\" target=\"_blank\"><img decoding=\"async\" src=\"https:\/\/www.enaikoon.com\/wp-content\/uploads\/2016\/08\/2fd5259337.jpg\" alt=\"\" align=\"left\" style=\"border:0px;\"  class=\"gl_space_right10\"><\/a><\/div>\r\n\t\t\t<div class=\"gl_space_top100\"><a rel=\"nofollow\" href=\"https:\/\/www.enaikoon.com\/fileadmin\/enaikoon\/Dateien\/pdf\/Branche\/Treibstoff\/franz\/ENAiKOON_fiche_themes_consommation_carburant.pdf\" target=\"_blank\">la consommation <br>\r\n                  de carburant<\/a><\/div>\r\n\t\t<\/div>\r\n\t\t\r\n\t\t\r\n\t\t\r\n\t\t<div>&nbsp;<\/div>\r\n\t\t<div>Acc\u00e9dez \u00e0 l&rsquo;ensemble de nos fiches produits<\/div>\r\n\t\t<div>&nbsp;<\/div>\r\n\t\t<div><a class=\"gl_button_yellow\" href=\"https:\/\/www.enaikoon.com\/fr\/ressources\/fiches-produits\/\">Fiches produits<\/a><\/div>\r\n\t\r\n\t<\/div>\r\n<\/div>\r\n<hr\/><div style=\"height:40px\"><\/div>\r\n<div class=\"row\"> \r\n\t\r\n\t<div class=\"col-md-4\">\r\n\t\r\n\t\r\n\t\t<div class=\"image_center\"><a href=\"https:\/\/www.enaikoon.com\/fr\/contact\/conseil-dexperts\/\" title=\"Schedule an appointment\"><img decoding=\"async\" src=\"https:\/\/www.enaikoon.com\/wp-content\/uploads\/2016\/07\/Callback-icon_23.png\"alt=\"get in touch with an ENAiKOON telematics expert\" border=\"0\"\/><\/a><\/div>\r\n\r\n\t<div class=\"gl_h4big\"><a href=\"https:\/\/www.enaikoon.com\/fr\/contact\/conseil-dexperts\/\">Nous vous rappelons<\/a><\/div>\r\n\t<div class=\"gl_space_right10\">Vous voulez prendre un rendez-<br>\r\n              vous avec l&rsquo;un de nos experts ? Nous vous rappelons pour un conseil gratuit, <a href=\"https:\/\/www.enaikoon.com\/fr\/contact\/conseil-dexperts\/\">au moment qui vous convient le mieux<\/a>.<\/div>\r\n\t\r\n\t<\/div>\r\n\t\r\n\t<div class=\"col-md-4\">\r\n\t\r\n\t\t<div class=\"image_center\"><a href=\"https:\/\/www.enaikoon.com\/fr\/blog\/\" title=\"ENAiKOON Blog\"><img decoding=\"async\" src=\"https:\/\/www.enaikoon.com\/wp-content\/uploads\/2016\/07\/blog-icon_6e3a10.png\"  alt=\"Read the ENAiKOON Blog to learn more about telematics\" border=\"0\" \/><\/a><\/div>\r\n\r\n\t<div class=\"gl_h4big\"><a href=\"https:\/\/www.enaikoon.com\/fr\/blog\/\">BLOG<\/a><\/div>\r\n\t<div class=\"gl_space_right10\">D\u00e9couvrez l&rsquo;actualit\u00e9 d&rsquo;ENAiKOON pr\u00e9sent\u00e9e par nos experts, pour <a href=\"https:\/\/www.enaikoon.com\/fr\/blog\/\">profiter au maximum du logiciel inViu et de nos solutions de g\u00e9olocalisation.<\/a><\/div>\r\n\t\r\n\t<\/div>\r\n\t\r\n\t<div class=\"col-md-4\">\r\n\t\t<div class=\"image_center\"><a href=\"https:\/\/www.enaikoon.com\/fr\/contact\/votre-kit-gratuit\/\" title=\"Try out the app for free!\"><img decoding=\"async\" src=\"https:\/\/www.enaikoon.com\/wp-content\/uploads\/2016\/07\/Try-n-Buy-icon_11.png\" alt=\"free trial for field service app\" border=\"0\" \/><\/a><\/div>\r\n\r\n\t\t<div class=\"gl_h4big\"><a href=\"https:\/\/www.enaikoon.com\/fr\/contact\/votre-kit-gratuit\/\">Votre kit d&rsquo;\u00e9valuation gratuit<\/a><\/div>\r\n\t\t<div class=\"gl_space_right10\">D\u00e9couvrez comment les solutions t\u00e9l\u00e9matiques d&rsquo;ENAiKOON peuvent vous aider. <a href=\"https:\/\/www.enaikoon.com\/fr\/contact\/votre-kit-gratuit\/\">Demandez un essai gratuit !<\/a><\/div>\r\n\r\n\t<\/div>\r\n\r\n<\/div>\r\n<div style=\"height:40px\"><\/div>\r\n ","protected":false},"excerpt":{"rendered":"","protected":false},"author":7,"featured_media":0,"parent":8570,"menu_order":0,"comment_status":"closed","ping_status":"closed","template":"","meta":{"footnotes":""},"acf":[],"_links":{"self":[{"href":"https:\/\/www.enaikoon.com\/fr\/wp-json\/wp\/v2\/pages\/8575"}],"collection":[{"href":"https:\/\/www.enaikoon.com\/fr\/wp-json\/wp\/v2\/pages"}],"about":[{"href":"https:\/\/www.enaikoon.com\/fr\/wp-json\/wp\/v2\/types\/page"}],"author":[{"embeddable":true,"href":"https:\/\/www.enaikoon.com\/fr\/wp-json\/wp\/v2\/users\/7"}],"replies":[{"embeddable":true,"href":"https:\/\/www.enaikoon.com\/fr\/wp-json\/wp\/v2\/comments?post=8575"}],"version-history":[{"count":7,"href":"https:\/\/www.enaikoon.com\/fr\/wp-json\/wp\/v2\/pages\/8575\/revisions"}],"predecessor-version":[{"id":11697,"href":"https:\/\/www.enaikoon.com\/fr\/wp-json\/wp\/v2\/pages\/8575\/revisions\/11697"}],"up":[{"embeddable":true,"href":"https:\/\/www.enaikoon.com\/fr\/wp-json\/wp\/v2\/pages\/8570"}],"wp:attachment":[{"href":"https:\/\/www.enaikoon.com\/fr\/wp-json\/wp\/v2\/media?parent=8575"}],"curies":[{"name":"wp","href":"https:\/\/api.w.org\/{rel}","templated":true}]}}