{"id":8565,"date":"2016-08-15T07:03:58","date_gmt":"2016-08-15T07:03:58","guid":{"rendered":"https:\/\/www.enaikoon.com\/fr\/?page_id=8565"},"modified":"2017-11-19T15:39:08","modified_gmt":"2017-11-19T15:39:08","slug":"structure-de-la-base-de-donnees-xml","status":"publish","type":"page","link":"https:\/\/www.enaikoon.com\/fr\/outils\/structure-de-la-base-de-donnees-xml\/","title":{"rendered":"structure de la base de donn\u00e9es xml"},"content":{"rendered":"<div class=\"row\">\r\n\r\n<div class=\"gl_space_page\">\r\n\r\n\t<div class=\"col-md-12\">\r\n\t\r\n\t<h2>R\u00e9cup\u00e9rer des donn\u00e9es sur les modules de surveillance \u00e0 distance gr\u00e2ce \u00e0 ENAiKOON M2M-commserver<\/h2>\r\n\t<div>&nbsp;<\/div>\r\n\t<div>Cet outil permet de conna\u00eetre la position et l&rsquo;\u00e9tat de n&rsquo;importe quel module de surveillance \u00e0 distance d&rsquo;ENAiKOON. Veuillez entrer vos propres crit\u00e8res dans le premier espace ci-dessous ou bien renseigner les champs pr\u00e9d\u00e9finis de la structure XML au bas de la page. Dans les deux cas, une structure XML affichera les donn\u00e9es demand\u00e9es \u00e0 partir du module de surveillance \u00e0 distance d&rsquo;ENAiKOON. <\/div>\r\n\t<div style=\"height:40px;\">&nbsp;<\/div>\r\n         \r\n\t<div>\r\n\t\t<div class=\"form-table\">\r\n\t\t<form class=\"XML_request\" action=\"https:\/\/www.enaikoon.de\/gps-xml\/gps.jsp\" method=\"get\">\r\n\t\t\t\t\t\t\t\t<table style=\"background-color:#dddddd; height:164px; border: 2px solid #a9a8a7; \" border=\"5\" cellpadding=\"0\" cellspacing=\"0\" width=\"100%\">\r\n\t\t\t\t\t\t\t\t\t<tbody><tr>\r\n\t\t\t\t\t\t\t\t\t\t<td style=\"padding:27px 0px 0px 30px;\" valign=\"top\">\r\n\t\t\t\t\t\t\t\t\t\t\t<\/td><td><\/td>\r\n\t\t\t\t\t\t\t\t\t\t<\/tr>\r\n\t\t\t\t\t\t\t\t\t\t<tr>\r\n\t\t\t\t\t\t\t\t\t\t\t<td width=\"100\">&nbsp;XML&nbsp;&nbsp;&nbsp;<\/td>\r\n\t\t\t\t\t\t\t\t\t\t\t<td>\r\n\t\t\t\t\t\t\t\t\t\t\t\t<textarea cols=\"75\" rows=\"14\" name=\"XML\"> &lt;?xml version=\u00a0\u00bb1.0&Prime;?&gt;\r\n &lt;!DOCTYPE gps SYSTEM \u00ab\u00a0GPRSDATA.DTD\u00a0\u00bb&gt;\r\n &lt;gps&gt;\r\n  &lt;request&gt;\r\n   &lt;customer&gt;test&lt;\/customer&gt;\r\n   &lt;password&gt;Demo&lt;\/password&gt;\r\n   &lt;clientid&gt;&lt;\/clientid&gt;\r\n   &lt;time1&gt;&lt;\/time1&gt;\r\n   &lt;time2&gt;&lt;\/time2&gt;\r\n   &lt;max_ds&gt;&lt;\/max_ds&gt;\r\n   &lt;order&gt;&lt;\/order&gt;\r\n   &lt;noLimit&gt;&lt;\/noLimit&gt;\r\n  &lt;\/request&gt;\r\n &lt;\/gps&gt;<\/textarea>\r\n\t\t\t\t\t\t\t\t\t\t\t<\/td>\r\n\t\t\t\t\t\t\t\t\t\t<\/tr>\r\n\t\t\t\t\t\t\t\t\t\t<tr>\r\n\t\t\t\t\t\t\t\t\t\t\t<td style=\"width:105px;padding-top:12px;\">&nbsp;&nbsp;&nbsp;&nbsp;&nbsp;<\/td>\r\n\t\t\t\t\t\t\t\t\t\t\t<td style=\"padding-top:12px;\">\r\n\t\t\t\t\t\t\t\t\t\t\t\t<div style=\" padding-left: 250px; \"><input class=\"XML_request_submit\" name=\"xml\" value=\"XML\" type=\"submit\"><input class=\"XML_request_submit\" name=\"map\" value=\"Carte\" type=\"submit\"><\/div><\/td>\r\n\t\t\t\t\t\t\t\t\t\t\t<\/tr>\r\n\t\t\t\t\t\t\t\t\t\t\t<tr>\r\n\t\t\t\t\t\t\t\t\t\t\t\t<td>&nbsp;<\/td>\r\n\t\t\t\t\t\t\t\t\t\t\t\t<td>&nbsp;<\/td>\r\n\t\t\t\t\t\t\t\t\t\t\t<\/tr>\r\n\t\t\t\t\t\t\t\t\t\t<\/tbody><\/table>\r\n\t\t\t\t\t\t\t\t\t<\/form>\r\n\t\t<\/div>\r\n\t<\/div>\r\n\t<div>&nbsp;<\/div>\r\n\t<div>\r\n\t\t<div class=\"form-table\">\r\n\t\t<form class=\"XML_request\" action=\"https:\/\/www.enaikoon.de\/gps-xml\/gps.jsp\" method=\"get\">\r\n\t\t\t\t\t\t\t\t\t\t<table style=\"background-color: #dddddd; border: 2px solid #a9a8a7; \" border=\"0\" cellpadding=\"0\" cellspacing=\"0\" width=\"100%\">\r\n\t\t\t\t\t\t\t\t\t\t\t<tbody><tr>\r\n\t\t\t\t\t\t\t\t\t\t\t\t<td>\r\n\t\t\t\t\t\t\t\t\t\t\t\t\t<table style=\"background-color: #dddddd; border: 0px solid #a9a8a7; \" border=\"0\" cellpadding=\"0\" cellspacing=\"0\" width=\"100%\">\r\n\t\t\t\t\t\t\t\t\t\t\t\t\t\t<tbody><tr>\r\n\t\t\t\t\t\t\t\t\t\t\t\t\t\t\t<td style=\"padding:27px 0px 0px 30px;\" valign=\"top\" width=\"450\">\r\n\t\t\t\t\t\t\t\t\t\t\t\t\t\t\t\t<\/td><td><\/td>\r\n\t\t\t\t\t\t\t\t\t\t\t\t\t\t\t<\/tr>\r\n\t\t\t\t\t\t\t\t\t\t\t\t\t\t\t<tr>\r\n\t\t\t\t\t\t\t\t\t\t\t\t\t\t\t\t<td width=\"325\">&nbsp;&nbsp;<\/td>\r\n\t\t\t\t\t\t\t\t\t\t\t\t\t\t\t\t<td>\r\n\t\t\t\t\t\t\t\t\t\t\t\t\t\t\t\t\t<p><i><b>Your login data<\/b><\/i><\/p>\r\n\t\t\t\t\t\t\t\t\t\t\t\t\t\t\t\t\t<br><\/td>\r\n\t\t\t\t\t\t\t\t\t\t\t\t\t\t\t<\/tr>\r\n\t\t\t\t\t\t\t\t\t\t\t\t\t\t\t<tr>\r\n\t\t\t\t\t\t\t\t\t\t\t\t\t\t\t\t<td width=\"325\">&nbsp;Identifiant :<\/td>\r\n\t\t\t\t\t\t\t\t\t\t\t\t\t\t\t\t<td><input name=\"customer\" value=\"test\" type=\"text\"><\/td>\r\n\t\t\t\t\t\t\t\t\t\t\t\t\t\t\t<\/tr>\r\n\t\t\t\t\t\t\t\t\t\t\t\t\t\t\t<tr>\r\n\t\t\t\t\t\t\t\t\t\t\t\t\t\t\t\t<td width=\"325\">&nbsp;Mot de passe :\u00a0<\/td>\r\n\t\t\t\t\t\t\t\t\t\t\t\t\t\t\t\t<td><input name=\"password\" value=\"Demo\" type=\"password\"><br><\/td>\r\n\t\t\t\t\t\t\t\t\t\t\t\t\t\t\t<\/tr>\r\n\t\t\t\t\t\t\t\t\t\t\t\t\t\t\t<tr>\r\n\t\t\t\t\t\t\t\t\t\t\t\t\t\t\t\t<td width=\"325\">&nbsp;Num\u00e9ro de s\u00e9rie :<\/td>\r\n\t\t\t\t\t\t\t\t\t\t\t\t\t\t\t\t<td><input name=\"clientid\" type=\"text\"><br><\/td>\r\n\t\t\t\t\t\t\t\t\t\t\t\t\t\t\t<\/tr>\r\n\t\t\t\t\t\t\t\t\t\t\t\t\t\t\t<tr>\r\n\t\t\t\t\t\t\t\t\t\t\t\t\t\t\t\t<td width=\"325\">&nbsp;Heure de d\u00e9but :<\/td>\r\n\t\t\t\t\t\t\t\t\t\t\t\t\t\t\t\t<td><input name=\"time1\" type=\"text\"><br><\/td>\r\n\t\t\t\t\t\t\t\t\t\t\t\t\t\t\t<\/tr>\r\n\t\t\t\t\t\t\t\t\t\t\t\t\t\t\t<tr>\r\n\t\t\t\t\t\t\t\t\t\t\t\t\t\t\t\t<td width=\"325\">&nbsp;Heure de fin :<\/td>\r\n\t\t\t\t\t\t\t\t\t\t\t\t\t\t\t\t<td><input name=\"time2\" type=\"text\"><\/td>\r\n\t\t\t\t\t\t\t\t\t\t\t\t\t\t\t<\/tr>\r\n\t\t\t\t\t\t\t\t\t\t\t\t\t\t\t<tr>\r\n\t\t\t\t\t\t\t\t\t\t\t\t\t\t\t\t<td width=\"325\">&nbsp;Nombre maximum de rapports :<\/td>\r\n\t\t\t\t\t\t\t\t\t\t\t\t\t\t\t\t<td><input name=\"max_ds\" size=\"3\" type=\"text\"><br><\/td>\r\n\t\t\t\t\t\t\t\t\t\t\t\t\t\t\t<\/tr>\r\n\t\t\t\t\t\t\t\t\t\t\t\t\t\t\t<tr>\r\n\t\t\t\t\t\t\t\t\t\t\t\t\t\t\t\t<td width=\"325\">&nbsp;Ordre (ASC = ascendant, DESC = descendant) :<\/td>\r\n\t\t\t\t\t\t\t\t\t\t\t\t\t\t\t\t<td><input name=\"order\" size=\"3\" type=\"text\"><\/td>\r\n\t\t\t\t\t\t\t\t\t\t\t\t\t\t\t<\/tr>\r\n\t\t\t\t\t\t\t\t\t\t\t\t\t\t\t<tr>\r\n\t\t\t\t\t\t\t\t\t\t\t\t\t\t\t\t<td width=\"325\">&nbsp;Limiter les renonciations (1 = oui, 0 = non) :<\/td>\r\n\t\t\t\t\t\t\t\t\t\t\t\t\t\t\t\t<td><input name=\"noLimit\" size=\"1\" type=\"text\"><\/td>\r\n\t\t\t\t\t\t\t\t\t\t\t\t\t\t\t<\/tr>\r\n\t\t\t\t\t\t\t\t\t\t\t\t\t\t\t<tr>\r\n\t\t\t\t\t\t\t\t\t\t\t\t\t\t\t\t<td width=\"325\">&nbsp;<\/td>\r\n\t\t\t\t\t\t\t\t\t\t\t\t\t\t\t\t<td>&nbsp;<\/td>\r\n\t\t\t\t\t\t\t\t\t\t\t\t\t\t\t<\/tr>\r\n\t\t\t\t\t\t\t\t\t\t\t\t\t\t<\/tbody><\/table>\r\n\t\t\t\t\t\t\t\t\t\t\t\t\t\t<table style=\"background-color: #dddddd; border: 0px solid #a9a8a7; \" border=\"0\" cellpadding=\"0\" cellspacing=\"0\" width=\"100%\">\r\n\t\t\t\t\t\t\t\t\t\t\t\t\t\t\t<tbody><tr>\r\n\t\t\t\t\t\t\t\t\t\t\t\t\t\t\t\t<td width=\"520\">\r\n\t\t\t\t\t\t\t\t\t\t\t\t\t\t\t\t\t<div style=\"padding-left: 3px; \">Entrer les donn\u00e9es de temps sour la forme : jjmmaa-hhmm<\/i><br>Le syst\u00e8me traitera les derni\u00e8res donn\u00e9es enregistr\u00e9es par le module correspondant au num\u00e9ro de s\u00e9rie si les heures de d\u00e9but et de fin ne sont pas renseign\u00e9es.<br><i>R\u00e9f\u00e9rence pour le positionnement de langage des donn\u00e9es du taux de marque : <a rel=\"nofollow\" href=\"https:\/\/www.enaikoon.de\/gps-xml\/GPRSDATA.DTD\">GPRSDATA.DTD<\/a> | <a rel=\"nofollow\" href=\"https:\/\/www.enaikoon.de\/gps-xml\/GPRSDATA.DTD.zip\">GPRSDATA.DTD.zip<\/a><\/i><\/div>\r\n\t\t\t\t\t\t\t\t\t\t\t\t\t\t\t\t<\/td>\r\n\t\t\t\t\t\t\t\t\t\t\t\t\t\t\t<\/tr>\r\n\t\t\t\t\t\t\t\t\t\t\t\t\t\t<\/tbody><\/table>\r\n\t\t\t\t\t\t\t\t\t\t\t\t\t\t<table style=\"background-color: #dddddd; border: 0px solid #a9a8a7; \" border=\"0\" cellpadding=\"0\" cellspacing=\"0\" width=\"100%\">\r\n\t\t\t\t\t\t\t\t\t\t\t\t\t\t\t<tbody><tr>\r\n\t\t\t\t\t\t\t\t\t\t\t\t\t\t\t\t<td style=\"width:100px;padding-top:12px;\">&nbsp;<\/td>\r\n\t\t\t\t\t\t\t\t\t\t\t\t\t\t\t\t<td style=\"padding-top:12px;\">\r\n\t\t\t\t\t\t\t\t\t\t\t\t\t\t\t\t\t<div style=\" padding-left: 30px; \"><input class=\"XML_request_submit\" name=\"xml\" value=\"XML\" type=\"submit\"><input class=\"XML_request_submit\" name=\"map\" value=\"Carte\" type=\"submit\"><\/div>\r\n\t\t\t\t\t\t\t\t\t\t\t\t\t\t\t\t<\/td>\r\n\t\t\t\t\t\t\t\t\t\t\t\t\t\t\t<\/tr>\r\n\t\t\t\t\t\t\t\t\t\t\t\t\t\t\t<tr>\r\n\t\t\t\t\t\t\t\t\t\t\t\t\t\t\t\t<td width=\"320\">&nbsp;<\/td>\r\n\t\t\t\t\t\t\t\t\t\t\t\t\t\t\t\t<td>&nbsp;<\/td>\r\n\t\t\t\t\t\t\t\t\t\t\t\t\t\t\t<\/tr>\r\n\t\t\t\t\t\t\t\t\t\t\t\t\t\t<\/tbody><\/table>\r\n\t\t\t\t\t\t\t\t\t\t\t\t\t<\/td>\r\n\t\t\t\t\t\t\t\t\t\t\t\t<\/tr>\r\n\t\t\t\t\t\t\t\t\t\t\t<\/tbody><\/table>\r\n\t\t\t\t\t\t\t\t\t\t<\/form>\r\n\t\t<\/div>\r\n\t<\/div>\r\n\t\r\n\t<\/div>\r\n\t\r\n<\/div>\t\r\n\r\n<\/div>\r\n<hr\/>\r\n<div style=\"height:40px;\"><\/div>\t","protected":false},"excerpt":{"rendered":"","protected":false},"author":7,"featured_media":0,"parent":8561,"menu_order":0,"comment_status":"closed","ping_status":"closed","template":"","meta":{"footnotes":""},"acf":[],"_links":{"self":[{"href":"https:\/\/www.enaikoon.com\/fr\/wp-json\/wp\/v2\/pages\/8565"}],"collection":[{"href":"https:\/\/www.enaikoon.com\/fr\/wp-json\/wp\/v2\/pages"}],"about":[{"href":"https:\/\/www.enaikoon.com\/fr\/wp-json\/wp\/v2\/types\/page"}],"author":[{"embeddable":true,"href":"https:\/\/www.enaikoon.com\/fr\/wp-json\/wp\/v2\/users\/7"}],"replies":[{"embeddable":true,"href":"https:\/\/www.enaikoon.com\/fr\/wp-json\/wp\/v2\/comments?post=8565"}],"version-history":[{"count":8,"href":"https:\/\/www.enaikoon.com\/fr\/wp-json\/wp\/v2\/pages\/8565\/revisions"}],"predecessor-version":[{"id":11695,"href":"https:\/\/www.enaikoon.com\/fr\/wp-json\/wp\/v2\/pages\/8565\/revisions\/11695"}],"up":[{"embeddable":true,"href":"https:\/\/www.enaikoon.com\/fr\/wp-json\/wp\/v2\/pages\/8561"}],"wp:attachment":[{"href":"https:\/\/www.enaikoon.com\/fr\/wp-json\/wp\/v2\/media?parent=8565"}],"curies":[{"name":"wp","href":"https:\/\/api.w.org\/{rel}","templated":true}]}}