{"id":8556,"date":"2016-08-15T07:01:33","date_gmt":"2016-08-15T07:01:33","guid":{"rendered":"https:\/\/www.enaikoon.com\/fr\/?page_id=8556"},"modified":"2019-07-31T11:49:56","modified_gmt":"2019-07-31T11:49:56","slug":"semi-social-semi-commercial","status":"publish","type":"page","link":"https:\/\/www.enaikoon.com\/fr\/enaikoon\/openstreetmap\/semi-social-semi-commercial\/","title":{"rendered":"semi-social-semi-commercial"},"content":{"rendered":"<div style=\"height:40px;\"><\/div>\n<div class=\"row\">\n<div class=\"col-md-8\">\n<div class=\"gl_space_right50\">\n<div class=\"gl_h2big\">Projets semi-sociaux \/ semi-commerciaux<\/div>\n<div>&nbsp;<\/div>\n<div>ENAiKOON is involved in a variety of different projects that involve both social andL&rsquo;entreprise ENAiKOON est impliqu\u00e9e dans diff\u00e9rents projets, avec des objectifs sociaux et commerciaux.<\/div>\n<div>&nbsp;<\/div>\n<div>Par exemple, ENAiKOONs s&rsquo;est engag\u00e9e \u00e0 am\u00e9liorer les donn\u00e9es disponibles sur OSM. Elle utilise les codes postaux et les tolls nodes pour ses activit\u00e9s commerciales et pour le projet OSM, qui suscite un int\u00e9r\u00eat bien plus que strictement commercial. \u00c9tant donn\u00e9 que les donn\u00e9es actuellement disponibles dans OSM sont insuffisantes, l&rsquo;entreprise ENAiKOON a d\u00e9cid\u00e9e de prendre en main le projet, pour le b\u00e9n\u00e9fice de tous les utilisateurs OSM.<\/div>\n<\/div>\n<\/div>\n<div class=\"col-md-4\">\n<div class=\"gl_space_pageright\">\n<div class=\"gl_enaikoon_logo\"><img decoding=\"async\" src=\"https:\/\/www.enaikoon.com\/wp-content\/uploads\/2016\/07\/ENAiKOON-frosted-logo.png\" alt=\"ENAiKOON logo\" title=\"ENAiKOON logo\"><\/div>\n<div><a class=\"gl_button_yellow\" href=\"https:\/\/www.enaikoon.com\/fr\/contact\/conseil-dexperts\/\">Prendre un rendez-vous<\/a><\/div>\n<div class=\"gl_introduction_contact\">\n                    <img decoding=\"async\" src=\"https:\/\/www.enaikoon.com\/wp-content\/uploads\/2016\/07\/icon_email.png\" alt=\"\">\n<p class=\"gl_text_space\"><a rel=\"nofollow\" href=\"mailto:sales@enaikoon.com\">sales@enaikoon.com<\/a><\/p>\n\n\n<\/div>\n<div class=\"gl_introduction_contact\">\n<p class=\"gl_text_space\"><img decoding=\"async\" src=\"https:\/\/www.enaikoon.com\/wp-content\/uploads\/2016\/07\/icon_phone1.png\" alt=\"\">\n+49 30 397475-30\n\n<\/div>\n<div class=\"gl_introduction_contact\">\n<p class=\"gl_text_space\"><img decoding=\"async\" src=\"https:\/\/www.enaikoon.com\/wp-content\/uploads\/2016\/07\/icon_phone2.png\" alt=\"\">\n+49 30 397475-40\n\n<\/div>\n<div>&nbsp;<\/div>\n<div><a class=\"gl_button_grey\" href=\"https:\/\/www.enaikoon.com\/fr\/enaikoon\/openstreetmap\/\">Retour sur Openstreetmap<\/a><\/div>\n<\/div>\n<\/div>\n<\/div>\n\n<hr>\n\n<div style=\"height:30px;\"><\/div>\n<div class=\"row\">\n<div class=\"col-md-4\">\n<div class=\"gl_h4big\">\u00c9quilibrage de la capacit\u00e9 de\ntuiles rendues<\/div>\n<div>&nbsp;<\/div>\n<div>Au d\u00e9but de l&rsquo;ann\u00e9e 2010, ENAiKOON a demand\u00e9 \u00e0 Geofabrik <a rel=\"nofollow\" href=\"http:\/\/www.geofabrik.de\/\" target=\"_blank\">www.geofabrik.de<\/a> de mettre en place des \u00ab tile servers \u00bb pour calculer le nombre de tuiles n\u00e9cessaires \u00e0 l&rsquo;affichage d&rsquo;une carte \u00e0 partir de donn\u00e9es OSM.<\/div>\n<div>&nbsp;<\/div>\n<div>Dans ce cadre, Geofabrik a \u00e9crit un nouvel algorithme pour am\u00e9liorer la gestion des files d&rsquo;attente et l&rsquo;\u00e9quilibrage des charges pour le calcul des tuiles. Cet algorithme a remplac\u00e9 Renderd, le programme pr\u00e9c\u00e9demment utilis\u00e9 par OpenStreetMap. Le nouveau logiciel, appel\u00e9 Tirex, a plus d&rsquo;options de configuration et correspond aux exigences d&rsquo;ENAiKOON.<\/div>\n<div>&nbsp;<\/div>\n<div><strong>Avantages pour le projet OSM:<\/strong>\nLe nouveau logiciel a \u00e9t\u00e9 fourni en open source sous licence GPL. Il est d\u00e9j\u00e0 utilis\u00e9 et am\u00e9lior\u00e9 par les membres d&rsquo;autres projets.<\/div>\n<div>&nbsp;<\/div>\n<div>Pour plus de d\u00e9tails sur ce projet :\n<a rel=\"nofollow\" href=\"http:\/\/wiki.openstreetmap.org\/wiki\/Tirex\" target=\"_blank\">wiki.openstreetmap.org\/wiki\/Tirex<\/a><\/div>\n<\/div>\n<div class=\"col-md-4\">\n<div class=\"gl_h4big\">Surveillance de la collection de\nToll<\/div>\n<div>&nbsp;<\/div>\n<div>Les camions charg\u00e9s de plus de 12 tonnes qui conduisent sur les autoroutes allemandes, et quelques autres voies d\u00e9sign\u00e9es, doivent payer une redevance pour chaque kilom\u00e8tre parcouru sur ces routes. Elle est collect\u00e9e par <a rel=\"nofollow\" href=\"https:\/\/www.toll-collect.de\/en\" target=\"_blank\">Tollcollect<\/a>, au nom du gouvernement f\u00e9d\u00e9ral.<\/div>\n<div>&nbsp;<\/div>\n<div>Les frais de p\u00e9age \u00e0 payer sont d\u00e9termin\u00e9s par l&rsquo;Agence f\u00e9d\u00e9rale des autoroutes. Ils sont indiqu\u00e9s sur <a rel=\"nofollow\" href=\"http:\/\/www.mauttabelle.de\/\" target=\"_blank\">Mauttabelle<\/a>,tableau qui peut \u00eatre t\u00e9l\u00e9charg\u00e9.<\/div>\n<div>&nbsp;<\/div>\n<div>Les clients allemands d&rsquo;ENAiKOON ont int\u00e9r\u00eat \u00e0 v\u00e9rifier les frais de p\u00e9age qui leur sont envoy\u00e9s. Les dispositifs de g\u00e9olocalisation d&rsquo;ENAiKOON install\u00e9s dans les camions peuvent ainsi recueillir \u00ab Toll Nodes \u00bb. L&rsquo;information est envoy\u00e9e au serveur d&rsquo;ENAiKOON et avec ces donn\u00e9es, le client peut d\u00e9terminer exactement les charges qui devraient leurs \u00eatres factur\u00e9es.<\/div>\n<div>&nbsp;<\/div>\n<div>Une condition sine qua non pour un calcul correct des frais de p\u00e9age est d&rsquo;avoir la liste g\u00e9or\u00e9f\u00e9renc\u00e9e des \u00ab Toll Nodes \u00bb de l&rsquo;Agence f\u00e9d\u00e9rale de l&rsquo;autoroute. Nous avons donc d\u00e9mand\u00e9 cette liste et nous avons commenc\u00e9 \u00e0 compiler et faire des r\u00e9f\u00e9rences crois\u00e9es g\u00e9or\u00e9f\u00e9renc\u00e9es de tous les \u00ab Toll Nodes \u00bb au mois de mars 2010. A cette \u00e9poque, il y avait environ 1000 sorties d&rsquo;autoroute (chacun correspondant \u00e0 un \u00ab Toll Node \u00bb) qui n&rsquo;\u00e9taient pas \u00e9t\u00e9 nomm\u00e9 sur l&rsquo;OSM ou qui \u00e9taient marqu\u00e9s de mani\u00e8re incorrecte. Ces donn\u00e9es ont \u00e9t\u00e9 corrig\u00e9es et compl\u00e9t\u00e9es dans la base de donn\u00e9es OSM, incluant les 2800 sorties d&rsquo;autoroute, les passages, les \u00e9changeurs, etc.<\/div>\n<\/div>\n<div class=\"col-md-4\">\n\n<\/div>\n<\/div>\n\n<hr>\n\n<div style=\"height:30px;\"><\/div>\n<div class=\"row\">\n\n<div class=\"col-md-4\">\n<div class=\"gl_h4big\">Don de donn\u00e9es toll collection\nau projet OSM<\/div>\n<div class=\"gl_space_top10\"><strong>Avantages pour le projet OSM :<\/strong>\nJuin 2010, les donn\u00e9es mises \u00e0 jour et corrig\u00e9es ont \u00e9t\u00e9 donn\u00e9es au projet OSM. Cela comprenait l&rsquo;ensemble des informations recueillies sur les sorties d&rsquo;autoroute allemandes, les passages, les \u00e9changeurs, etc. Le don des donn\u00e9es a eu lieu \u00e0 Linuxdays, Berlin, le 11 Juin 2010.<\/div>\n<\/div>\n<div class=\"col-md-4\">\n<div class=\"gl_h4big\">&nbsp;\n&nbsp;<\/div>\n<div class=\"gl_space_top10\">Les donn\u00e9es ont \u00e9t\u00e9 officiellement donn\u00e9es \u00e0 Lars Lingner, membre fondateur d&rsquo;OpenStreetMap et de FOSSGIS e.V. Il a accept\u00e9 les donn\u00e9es pour le compte de l&rsquo;ensemble de la communaut\u00e9 mondiale d&rsquo;OpenStreetMap.<\/div>\n<\/div>\n<div class=\"col-md-4\">\n<div class=\"gl_h4big\">&nbsp;\n&nbsp;<\/div>\n<div class=\"gl_space_top10\"><a rel=\"nofollow\" href=\"https:\/\/www.enaikoon.com\/wp-content\/uploads\/2016\/07\/Markus_Semm_uebergibt_Datenspende_an_OSM_Mitglied_Lars_Lingner_10.jpg\" target=\"_blank\" title=\"Donation de donn\u00e9es de p\u00e9age d'ENAiKOON au projet OpenStreetMap\"><img decoding=\"async\" src=\"https:\/\/www.enaikoon.com\/wp-content\/uploads\/2016\/07\/388aec785f.jpg\" alt=\"Donation de donn\u00e9es de p\u00e9age d'ENAiKOON au projet OpenStreetMap\" border=\"0\" align=\"left\"><\/a><\/div>\n<\/div>\n<\/div>\n<div style=\"height:50px;\"><\/div>","protected":false},"excerpt":{"rendered":"","protected":false},"author":7,"featured_media":0,"parent":8553,"menu_order":0,"comment_status":"closed","ping_status":"closed","template":"","meta":{"footnotes":""},"acf":[],"_links":{"self":[{"href":"https:\/\/www.enaikoon.com\/fr\/wp-json\/wp\/v2\/pages\/8556"}],"collection":[{"href":"https:\/\/www.enaikoon.com\/fr\/wp-json\/wp\/v2\/pages"}],"about":[{"href":"https:\/\/www.enaikoon.com\/fr\/wp-json\/wp\/v2\/types\/page"}],"author":[{"embeddable":true,"href":"https:\/\/www.enaikoon.com\/fr\/wp-json\/wp\/v2\/users\/7"}],"replies":[{"embeddable":true,"href":"https:\/\/www.enaikoon.com\/fr\/wp-json\/wp\/v2\/comments?post=8556"}],"version-history":[{"count":16,"href":"https:\/\/www.enaikoon.com\/fr\/wp-json\/wp\/v2\/pages\/8556\/revisions"}],"predecessor-version":[{"id":17156,"href":"https:\/\/www.enaikoon.com\/fr\/wp-json\/wp\/v2\/pages\/8556\/revisions\/17156"}],"up":[{"embeddable":true,"href":"https:\/\/www.enaikoon.com\/fr\/wp-json\/wp\/v2\/pages\/8553"}],"wp:attachment":[{"href":"https:\/\/www.enaikoon.com\/fr\/wp-json\/wp\/v2\/media?parent=8556"}],"curies":[{"name":"wp","href":"https:\/\/api.w.org\/{rel}","templated":true}]}}