{"id":8555,"date":"2016-08-15T07:00:59","date_gmt":"2016-08-15T07:00:59","guid":{"rendered":"https:\/\/www.enaikoon.com\/fr\/?page_id=8555"},"modified":"2019-07-31T11:44:29","modified_gmt":"2019-07-31T11:44:29","slug":"social-projects","status":"publish","type":"page","link":"https:\/\/www.enaikoon.com\/fr\/enaikoon\/openstreetmap\/social-projects\/","title":{"rendered":"social-projects"},"content":{"rendered":"<div class=\"row\">\n<div class=\"gl_space_page\">\n\n\t<div class=\"col-md-8\">\n<div class=\"gl_space_right50\">\n<div class=\"gl_h2big\">Projets sociaux<\/div>\n<div>&nbsp;<\/div>\n<div>L&rsquo;entreprise ENAiKOON est engag\u00e9e dans plusieurs projets philanthropiques.<\/div>\n<div>&nbsp;<\/div>\n<div>Voici un exemple de projet social, qui a eu lieu dans une \u00e9cole primaire \u00e0 Berlin, o\u00f9 se trouve le si\u00e8ge d&rsquo;ENAiKOON.<\/div>\n<\/div>\n<\/div>\n\n<div class=\"col-md-4\">\n<div class=\"gl_space_pageright\">\n<div class=\"gl_enaikoon_logo\"><img decoding=\"async\" src=\"https:\/\/www.enaikoon.com\/wp-content\/uploads\/2016\/07\/ENAiKOON-frosted-logo.png\" alt=\"\" title=\"ENAiKOON logo\"><\/div>\n<div><a class=\"gl_button_yellow\" href=\"https:\/\/www.enaikoon.com\/fr\/contact\/conseil-dexperts\/\">Prendre un rendez-vous<\/a><\/div>\n<div class=\"gl_introduction_contact\">\n                    <img decoding=\"async\" src=\"https:\/\/www.enaikoon.com\/wp-content\/uploads\/2016\/07\/icon_email.png\" alt=\"\">\n<p class=\"gl_text_space\"><a rel=\"nofollow\" href=\"mailto:sales@enaikoon.com\">sales@enaikoon.com<\/a><\/p>\n\n\n<\/div>\n<div class=\"gl_introduction_contact\">\n<p class=\"gl_text_space\"><img decoding=\"async\" src=\"https:\/\/www.enaikoon.com\/wp-content\/uploads\/2016\/07\/icon_phone1.png\" alt=\"\">\n+49 30 397475-30\n\n<\/div>\n<div class=\"gl_introduction_contact\">\n<p class=\"gl_text_space\"><img decoding=\"async\" src=\"https:\/\/www.enaikoon.com\/wp-content\/uploads\/2016\/07\/icon_phone2.png\" alt=\"\">\n+49 30 397475-40\n\n<\/div>\n<div><a class=\"gl_button_grey\" href=\"https:\/\/www.enaikoon.com\/fr\/enaikoon\/openstreetmap\/\">Retour sur Openstreetmap<\/a><\/div>\n<\/div>\n<\/div>\n<div class=\"gl_line\">&nbsp;<\/div>\n<div class=\"col-md-4\">\n<div class=\"gl_space_right10\">\n<div>Hendrik Zeider est un professeur de g\u00e9ographie d\u00e9vou\u00e9 dans une \u00e9cole primaire de Berlin. M. Zeider et ses \u00e9l\u00e8ves de quatri\u00e8me ann\u00e9e avaient d\u00e9j\u00e0 appris \u00e0 collecter des g\u00e9odonn\u00e9es \u00e0 l&rsquo;aide d&rsquo;appareils GPS, pour ensuite les t\u00e9l\u00e9charger sur Google Earth. Par la suite, il a demand\u00e9 \u00e0 ENAiKOON de fournir le mat\u00e9riel technique pour des projets similaires. En \u00e9change, nous avons convaincu M. Zeider  de participer avec nous au projet OpenStreetMap.<\/div>\n<div>&nbsp;<\/div>\n<div>Au cours de la semaine de projet \u00e0 l&rsquo;\u00e9cole en Avril 2010, environ 15 \u00e9l\u00e8ves d&rsquo;\u00e2ges diff\u00e9rents ont cartographi\u00e9 un espace restreint de Berlin et ont ensuite trait\u00e9 les donn\u00e9es qu&rsquo;ils ont recueillies.<\/div>\n<div>&nbsp;<\/div>\n<div>Ils ont enregistr\u00e9 des points d&rsquo;int\u00e9r\u00eat (POI) et des sentiers qu&rsquo;ils ont ensuite charg\u00e9s et \u00e9tiquet\u00e9s sur OpenStreetMap\n.\nLes enfants ont \u00e9t\u00e9 initi\u00e9s \u00e0 l&rsquo;utilisation des nouvelles technologies et leur int\u00e9r\u00eat a \u00e9t\u00e9 imm\u00e9diatement piqu\u00e9. L&rsquo;organisation du projet et l&rsquo;ex\u00e9cution a \u00e9t\u00e9 d\u00e9crite dans le wiki d&rsquo;Openstreetmap, pour encourager d&rsquo;autres enseignants ou \u00e9tudiants \u00e0 participer au projet.<\/div>\n<div>&nbsp;<\/div>\n<div>ENAiKOON a aid\u00e9 ce projet dans son organisation et financi\u00e8rement, en fournissant le mat\u00e9riel n\u00e9cessaire (appareils GPS, t\u00e9l\u00e9phones mobiles, appareils photos, ordinateurs, etc.) aux 15 \u00e9quipes.<\/div>\n<div class=\"gl_h4big\">Cartographie avec les \u00e9l\u00e8ves du primaire<\/div>\n<\/div>\n<\/div>\n\n<div class=\"col-md-4\">\n<div class=\"gl_space_page\"><\/div>\n<div class=\"clearfix\"><a rel=\"nofollow\" href=\"https:\/\/www.enaikoon.com\/wp-content\/uploads\/2016\/08\/c05238c58e.jpg\" title=\"Cartographie avec les \u00e9l\u00e8ves du primaire appuy\u00e9e par ENAiKOON\"><img decoding=\"async\" src=\"https:\/\/www.enaikoon.com\/wp-content\/uploads\/2016\/08\/6e1d70932e.jpg\" alt=\"Cartographie avec les \u00e9l\u00e8ves du primaire appuy\u00e9e par ENAiKOON\" class=\"gl_space_top10\" border=\"0\" align=\"left\"><\/a><\/div>\n<div class=\"clearfix\"><a rel=\"nofollow\" href=\"https:\/\/www.enaikoon.com\/wp-content\/uploads\/2016\/08\/5601de1788.jpg\" title=\"Cartographie avec les \u00e9l\u00e8ves du primaire appuy\u00e9e par ENAiKOON\"><img decoding=\"async\" src=\"https:\/\/www.enaikoon.com\/wp-content\/uploads\/2016\/08\/939bd0c7f9.jpg\" alt=\"Cartographie avec les \u00e9l\u00e8ves du primaire appuy\u00e9e par ENAiKOON\" class=\"gl_space_top10\" border=\"0\" align=\"left\"><\/a><\/div>\n<\/div>\n\n<div class=\"col-md-4\">\n<div class=\"gl_space_page\"><\/div>\n<div class=\"clearfix\"><a rel=\"nofollow\" href=\"https:\/\/www.enaikoon.com\/wp-content\/uploads\/2016\/07\/c8ea6b2f62.jpg\" title=\"Cartographie avec les \u00e9l\u00e8ves du primaire appuy\u00e9e par ENAiKOON\"><img decoding=\"async\" src=\"https:\/\/www.enaikoon.com\/wp-content\/uploads\/2016\/07\/a067767bba.jpg\" alt=\"Cartographie avec les \u00e9l\u00e8ves du primaire appuy\u00e9e par ENAiKOON\" class=\"gl_space_top10\" border=\"0\" align=\"left\"><\/a><\/div>\n<div class=\"clearfix\"><a rel=\"nofollow\" href=\"https:\/\/www.enaikoon.com\/wp-content\/uploads\/2016\/07\/dade494267.jpg\" target=\"_blank\" title=\"Cartographie avec les \u00e9l\u00e8ves du primaire appuy\u00e9e par ENAiKOON\"><img decoding=\"async\" src=\"https:\/\/www.enaikoon.com\/wp-content\/uploads\/2016\/07\/898a198483.jpg\" alt=\"Cartographie avec les \u00e9l\u00e8ves du primaire appuy\u00e9e par ENAiKOON\" class=\"gl_space_top10\" border=\"0\" align=\"left\"><\/a><\/div>\n<div class=\"clearfix\"><a rel=\"nofollow\" href=\"https:\/\/www.enaikoon.com\/wp-content\/uploads\/2016\/08\/ea0fe8d17d.jpg\" target=\"_blank\" title=\"Cartographie avec les \u00e9l\u00e8ves du primaire appuy\u00e9e par ENAiKOON\"><img decoding=\"async\" src=\"https:\/\/www.enaikoon.com\/wp-content\/uploads\/2016\/08\/e5a2fb2eac.jpg\" alt=\"Cartographie avec les \u00e9l\u00e8ves du primaire appuy\u00e9e par ENAiKOON\" class=\"gl_space_top10\" border=\"0\" align=\"left\"><\/a><\/div>\n<\/div>\n\n<\/div>\n<div class=\"gl_row_space\"><\/div>\n<div class=\"gl_space_pagebottom\">&nbsp;<\/div>\n<\/div>","protected":false},"excerpt":{"rendered":"","protected":false},"author":7,"featured_media":0,"parent":8553,"menu_order":0,"comment_status":"closed","ping_status":"closed","template":"","meta":{"footnotes":""},"acf":[],"_links":{"self":[{"href":"https:\/\/www.enaikoon.com\/fr\/wp-json\/wp\/v2\/pages\/8555"}],"collection":[{"href":"https:\/\/www.enaikoon.com\/fr\/wp-json\/wp\/v2\/pages"}],"about":[{"href":"https:\/\/www.enaikoon.com\/fr\/wp-json\/wp\/v2\/types\/page"}],"author":[{"embeddable":true,"href":"https:\/\/www.enaikoon.com\/fr\/wp-json\/wp\/v2\/users\/7"}],"replies":[{"embeddable":true,"href":"https:\/\/www.enaikoon.com\/fr\/wp-json\/wp\/v2\/comments?post=8555"}],"version-history":[{"count":3,"href":"https:\/\/www.enaikoon.com\/fr\/wp-json\/wp\/v2\/pages\/8555\/revisions"}],"predecessor-version":[{"id":17152,"href":"https:\/\/www.enaikoon.com\/fr\/wp-json\/wp\/v2\/pages\/8555\/revisions\/17152"}],"up":[{"embeddable":true,"href":"https:\/\/www.enaikoon.com\/fr\/wp-json\/wp\/v2\/pages\/8553"}],"wp:attachment":[{"href":"https:\/\/www.enaikoon.com\/fr\/wp-json\/wp\/v2\/media?parent=8555"}],"curies":[{"name":"wp","href":"https:\/\/api.w.org\/{rel}","templated":true}]}}