{"id":8553,"date":"2016-08-15T06:59:03","date_gmt":"2016-08-15T06:59:03","guid":{"rendered":"https:\/\/www.enaikoon.com\/fr\/?page_id=8553"},"modified":"2017-11-19T15:38:13","modified_gmt":"2017-11-19T15:38:13","slug":"openstreetmap","status":"publish","type":"page","link":"https:\/\/www.enaikoon.com\/fr\/enaikoon\/openstreetmap\/","title":{"rendered":"OpenStreetMap"},"content":{"rendered":"<div class=\"row\">\r\n\r\n<div class=\"gl_space_page\">\r\n\r\n\t<div class=\"col-md-8\">\r\n\t<div class=\"gl_space_right50\">\r\n\t<div class=\"gl_h2big\">ENAiKOON soutient OpenStreetMap\u00a9<\/div>\r\n\t<div>&nbsp;<\/div>\r\n\t<div>OpenStreetMap\u00a9 (OSM) est un projet Open Source gratuit auquel plus de <a rel=\"nofollow\" href=\"http:\/\/osmstats.neis-one.org\/\" target=\"_blank\">3.000.000<\/a>  utilisateurs contribuent b\u00e9n\u00e9volement afin de cr\u00e9er un atlas mondial gratuit.<\/div>\r\n\t<div>OSM collecte les informations concernant les rues, les gares, les rivi\u00e8res, les for\u00eats, les b\u00e2timents ou tout autre \u00e9l\u00e9ment g\u00e9n\u00e9ralement indiqu\u00e9 sur une carte. L&rsquo;\u00e9quipe d&rsquo;OSM collecte ses propres donn\u00e9es, au lieu de recopier les cartes existantes ; elle en d\u00e9tient donc tous les droits. Les donn\u00e9es d\u2019OpenStreetMap\u00a9 peuvent n\u00e9anmoins \u00eatre utilis\u00e9es et r\u00e9\u00e9dit\u00e9es librement.\r\n<\/div>\r\n\t<div>&nbsp;<\/div>\r\n\t<div>En savoir plus sur OSM :<br>\r\n\t  <a rel=\"nofollow\" href=\"https:\/\/wiki.openstreetmap.org\/wiki\/FR:Page_principale\" target=\"_blank\">https:\/\/wiki.openstreetmap.org\/wiki\/FR:About<\/a><\/div>\r\n\t<div>&nbsp;<\/div>\r\n\t<div>ENAiKOON a d\u00e9cid\u00e9 de soutenir ce projet car il apporte une aide inestimable au grand public, au monde de la politique et aux entreprises en lib\u00e9rant l&rsquo;acc\u00e8s \u00e0 l&rsquo;information, pour un usage \u00e0 la fois commercial et social. Le PDG de la soci\u00e9t\u00e9, <a href=\"https:\/\/www.enaikoon.com\/fr\/enaikoon\/entreprise\/markus-semm\/\" title=\"Markus Semm\">Markus Semm<\/a>, est devenu membre de la <a rel=\"nofollow\" href=\"http:\/\/wiki.osmfoundation.org\/wiki\/Main_Page\" target=\"_blank\" title=\"Fondation OSM\">Fondation OSM<\/a>. La soci\u00e9t\u00e9 s\u2019est d\u00e9sormais engag\u00e9e de plus en plus aupr\u00e8s d\u2019OSM, tout en alliant les int\u00e9r\u00eats commerciaux et sociaux.<\/div>\r\n\t<div>&nbsp;<\/div>\r\n \t<div>Retrouvez ENAiKOON sur OSM Wiki :<br>\r\n \t  <a rel=\"nofollow\" href=\"http:\/\/wiki.openstreetmap.org\/wiki\/ENAiKOON_GmbH\" target=\"_blank\">http:\/\/wiki.openstreetmap.org\/wiki\/ENAiKOON_GmbH<\/a><\/div>\r\n<\/div>\r\n\t\r\n\t<\/div>\r\n\t\r\n\t<div class=\"col-md-4\">\r\n\t<div class=\"gl_space_pageright\">\r\n\t <div class=\"gl_enaikoon_logo\"><img decoding=\"async\" src=\"https:\/\/www.enaikoon.com\/wp-content\/uploads\/2016\/07\/ENAiKOON-frosted-logo.png\" alt=\"ENAiKOON logo\" title=\"ENAiKOON logo\"\/><\/div>\r\n                    \r\n                <div><a class=\"gl_button_yellow\" href=\"https:\/\/www.enaikoon.com\/fr\/contact\/conseil-dexperts\/\">Prendre un rendez-vous<\/a><\/div>\r\n                    <div class=\"gl_introduction_contact\">\r\n                    <img decoding=\"async\" src=\"https:\/\/www.enaikoon.com\/wp-content\/uploads\/2016\/07\/icon_email.png\" alt=\"\"\/>\r\n                    <p class=\"gl_text_space\"><a rel=\"nofollow\" href=\"mailto:sales@enaikoon.com\">sales@enaikoon.com<\/a><\/p>\r\n                    <\/div>\r\n                <div class=\"gl_introduction_contact\">\r\n                    <p class=\"gl_text_space\"><img decoding=\"async\" src=\"https:\/\/www.enaikoon.com\/wp-content\/uploads\/2016\/07\/icon_phone1.png\" alt=\"\"\/>\r\n                    +49 30 397475-30<\/p><\/div>\r\n                <div class=\"gl_introduction_contact\">\r\n                    <p class=\"gl_text_space\"><img decoding=\"async\" src=\"https:\/\/www.enaikoon.com\/wp-content\/uploads\/2016\/07\/icon_phone2.png\" alt=\"\"\/>\r\n                    +49 30 397475-40<\/p><\/div>\r\n\t<div>&nbsp;<\/div>\r\n\t<div class=\"clearfix\"><img decoding=\"async\" src=\"https:\/\/www.enaikoon.com\/wp-content\/uploads\/2016\/07\/new-osm_logo_16.png\" align=\"left\" alt=\"\"\/><\/div>\r\n\t<\/div>\r\n\t<\/div>\r\n\t\r\n\t<div class=\"gl_row_space\"><\/div>\r\n\t<div class=\"gl_line\">&nbsp;<\/div>\r\n\t\r\n\t<div class=\"col-md-4\">\r\n\t\r\n\t<div class=\"gl_h11\"><a href=\"https:\/\/www.enaikoon.com\/fr\/enaikoon\/openstreetmap\/social-projects\/\">Projets sociaux<\/a><br>&nbsp;<\/div>\r\n\t<div>&nbsp;<\/div>\r\n\t<div>ENAiKOON soutient les projets philanthropiques.<\/div>\r\n\t<div>&nbsp;<\/div>\r\n\t<ul class=\"gl_space_ul2\">\r\n\t\t<li class=\"gl_space_li\"><a href=\"https:\/\/www.enaikoon.com\/fr\/enaikoon\/openstreetmap\/social-projects\/\" title=\"projets sociaux\">Initiation d&rsquo;\u00e9l\u00e8ves du primaire \u00e0 la cartographie<\/a><\/li>\t\r\n\t<\/ul>\r\n\t\r\n\t<\/div>\r\n\t\t\r\n\t<div class=\"col-md-4\">\r\n\t\r\n\t<div class=\"gl_h11\"><a href=\"https:\/\/www.enaikoon.com\/fr\/enaikoon\/openstreetmap\/semi-social-semi-commercial\/\">Projets semi-sociaux \/ <br>\r\n    semi-commerciaux<\/a><\/div>\r\n\t<div>&nbsp;<\/div>\r\n\t<div>Malgr\u00e9 l&rsquo;aspect mixte de ces projets, notre engagement va bien au-del\u00e0 de notre propre int\u00e9r\u00eat commercial.<\/div>\r\n\t<div>&nbsp;<\/div>\r\n\t<ul class=\"gl_space_ul2\">\r\n\t\t<li class=\"gl_space_li\"><a href=\"https:\/\/www.enaikoon.com\/fr\/enaikoon\/openstreetmap\/semi-social-semi-commercial\/\">\u00e9quilibrage des charges des serveurs tuiles<\/a><\/li>\r\n\t\t<li class=\"gl_space_li\"><a href=\"https:\/\/www.enaikoon.com\/fr\/enaikoon\/openstreetmap\/semi-social-semi-commercial\/\">surveillance Toll collection<\/a><\/li>\r\n\t\r\n\t<\/ul>\r\n\t\r\n\t<\/div>\r\n\t\r\n\t<div class=\"col-md-4\">\r\n\t\r\n\t<div class=\"gl_h11\"><a href=\"https:\/\/www.enaikoon.com\/fr\/enaikoon\/openstreetmap\/commercial-projects\/\">Projets commerciaux<\/a><br>\r\n\t  &nbsp;<\/div>\r\n\t<div>&nbsp;<\/div>\r\n\t<div>Les donn\u00e9es des cartes OSM font partie int\u00e9grante de notre logiciel. Nos clients utilisent ces cartes au quotidien pour une gestion optimale de leur flotte.<\/div>\r\n\t<div>&nbsp;<\/div>\r\n\t<ul class=\"gl_space_ul2\">\r\n\t\t<li class=\"gl_space_li\"><a href=\"https:\/\/www.enaikoon.com\/fr\/enaikoon\/openstreetmap\/commercial-projects\/\" title=\"link\">int\u00e9gration d\u2019OSM dans inViu<\/a><\/li>\r\n\t\t<li class=\"gl_space_li\"><a href=\"https:\/\/www.enaikoon.com\/fr\/enaikoon\/openstreetmap\/commercial-projects\/\" title=\"link\">g\u00e9ocodage inverse d&rsquo;un v\u00e9hicule dans le journal de la base de donn\u00e9es OSM<\/a><\/li>\t\t\r\n\t<\/ul>\r\n\t\r\n\t<\/div>\r\n\t\r\n<\/div>\t\r\n<div class=\"gl_space_pagebottom\">&nbsp;<\/div>\r\n\r\n<\/div>\t","protected":false},"excerpt":{"rendered":"","protected":false},"author":7,"featured_media":0,"parent":8535,"menu_order":0,"comment_status":"closed","ping_status":"closed","template":"","meta":{"footnotes":""},"acf":[],"_links":{"self":[{"href":"https:\/\/www.enaikoon.com\/fr\/wp-json\/wp\/v2\/pages\/8553"}],"collection":[{"href":"https:\/\/www.enaikoon.com\/fr\/wp-json\/wp\/v2\/pages"}],"about":[{"href":"https:\/\/www.enaikoon.com\/fr\/wp-json\/wp\/v2\/types\/page"}],"author":[{"embeddable":true,"href":"https:\/\/www.enaikoon.com\/fr\/wp-json\/wp\/v2\/users\/7"}],"replies":[{"embeddable":true,"href":"https:\/\/www.enaikoon.com\/fr\/wp-json\/wp\/v2\/comments?post=8553"}],"version-history":[{"count":9,"href":"https:\/\/www.enaikoon.com\/fr\/wp-json\/wp\/v2\/pages\/8553\/revisions"}],"predecessor-version":[{"id":11694,"href":"https:\/\/www.enaikoon.com\/fr\/wp-json\/wp\/v2\/pages\/8553\/revisions\/11694"}],"up":[{"embeddable":true,"href":"https:\/\/www.enaikoon.com\/fr\/wp-json\/wp\/v2\/pages\/8535"}],"wp:attachment":[{"href":"https:\/\/www.enaikoon.com\/fr\/wp-json\/wp\/v2\/media?parent=8553"}],"curies":[{"name":"wp","href":"https:\/\/api.w.org\/{rel}","templated":true}]}}