{"id":8543,"date":"2016-08-15T06:50:42","date_gmt":"2016-08-15T06:50:42","guid":{"rendered":"https:\/\/www.enaikoon.com\/fr\/?page_id=8543"},"modified":"2017-11-19T15:37:15","modified_gmt":"2017-11-19T15:37:15","slug":"telematique","status":"publish","type":"page","link":"https:\/\/www.enaikoon.com\/fr\/enaikoon\/telematique\/","title":{"rendered":"t\u00e9l\u00e9matique"},"content":{"rendered":"<br\/><br\/>\r\n<div class=\"row\">\r\n\r\n\t<div class=\"col-md-8\">\r\n\t\r\n\t<div class=\"gl_space_pageleft2\">\r\n    \r\n    <div class=\"gl_h2big\">Qu\u2019est-ce que la t\u00e9l\u00e9matique?<\/div>\r\n<div class=\"gl_space_top10\"><\/div>\r\n    <p>La t\u00e9l\u00e9matique d\u00e9signe l&rsquo;utilisation conjointe de la <strong>t\u00e9l\u00e9<\/strong>communication et de l&rsquo;infor<strong>matique<\/strong>, soit le traitement simultan\u00e9 de donn\u00e9es et de transmissions audio et vid\u00e9o.<\/p>\r\n\t<div>&nbsp;<\/div>\r\n\t<div>Gr\u00e2ce \u00e0 cette combinaison, vous pouvez :<\/div>\r\n\t<div class=\"gl_space_top10\"><\/div>\r\n\t <div class=\"gl_ul_style1\">\r\n        <ul>\r\n    \t  <li class=\"gl_space_top5\">recevoir et envoyer des informations par le biais d&rsquo;un module de g\u00e9olocalisation &#8211; voir la gamme de <a href=\"https:\/\/www.enaikoon.com\/fr\/modules-gps\/\">modules GPS<\/a> d&rsquo;ENAiKOON<\/li>\r\n         <li class=\"gl_space_top5\">analyser des informations en les combinant \u00e0 un syst\u00e8me efficace de suivi \u00e0 distance des actifs &#8211; voir notre portail web <a href=\"https:\/\/www.enaikoon.com\/fr\/logiciel\/\">ENAiKOON inViu<\/a> qui re\u00e7oit, sauvegarde, analyse et suit plus de 25 000 objets mobiles en temps r\u00e9el<\/li>\r\n      \t <li class=\"gl_space_top5\">profiter des <a href=\"https:\/\/www.enaikoon.com\/fr\/solution\/\">solutions de g\u00e9olocalisation<\/a> t\u00e9l\u00e9matiques d&rsquo;ENAiKOON qui passent, entre autres, par un syst\u00e8me GPS associ\u00e9 \u00e0 Internet et \u00e0 la t\u00e9l\u00e9phonie mobile<\/li>\r\n         <li class=\"gl_space_top5\">b\u00e9n\u00e9ficier d&rsquo;une technologie qui, bien que principalement appliqu\u00e9e aux v\u00e9hicules et \u00e0 la gestion de flotte, peut s&rsquo;adapter \u00e0 n&rsquo;importe quel secteur &#8211; voir nos <a href=\"https:\/\/www.enaikoon.com\/fr\/solution\/etudes-de-cas\/location-de-materiel-de-chantier\/\">\u00e9tudes de cas<\/a><\/li>\r\n        <\/ul>\r\n\t<\/div>\r\n\r\n<\/div>\r\n\t\r\n\t<\/div>\r\n\t\r\n\t<div class=\"col-md-4\">\r\n\t\r\n\t<div class=\"gl_space_pageright2\">\r\n\t\r\n\t   \t\t\t\t<div class=\"gl_enaikoon_logo\"><img decoding=\"async\" src=\"https:\/\/www.enaikoon.com\/wp-content\/uploads\/2016\/07\/ENAiKOON-frosted-logo.png\" alt=\"ENAiKOON logo\" title=\"ENAiKOON logo\"\/><\/div>\r\n                    <div><a class=\"gl_button_yellow\"  href=\"https:\/\/www.enaikoon.com\/fr\/contact\/conseil-dexperts\/\">Prendre un rendez-vous<\/a><\/div>\r\n               \r\n                    <div class=\"gl_introduction_contact\">\r\n                    <img decoding=\"async\" src=\"https:\/\/www.enaikoon.com\/wp-content\/uploads\/2016\/07\/icon_email.png\" alt=\"\"\/>\r\n                    <p class=\"gl_text_space\"><a rel=\"nofollow\" href=\"mailto:sales@enaikoon.com\">sales@enaikoon.com<\/a><\/p>\r\n                    <\/div>\r\n                <div class=\"gl_introduction_contact\">\r\n                    <p class=\"gl_text_space\"><img decoding=\"async\" src=\"https:\/\/www.enaikoon.com\/wp-content\/uploads\/2016\/07\/icon_phone1.png\" alt=\"\"\/>\r\n                    +49 30 397475-30<\/p><\/div>\r\n                <div class=\"gl_introduction_contact\">\r\n                    <p class=\"gl_text_space\"><img decoding=\"async\" src=\"https:\/\/www.enaikoon.com\/wp-content\/uploads\/2016\/07\/icon_phone2.png\" alt=\"\"\/>\r\n                    +49 30 397475-40<\/p><\/div>\r\n             \r\n\t<\/div>\r\n    \r\n    <\/div>\r\n\r\n\t<div class=\"gl_row_space\"><\/div>\r\n\t<div class=\"gl_line\"><\/div>\r\n\t\r\n\r\n<\/div>\r\n\r\n\r\n<div class=\"row\">\r\n\r\n\t\r\n\t<div class=\"col-md-4\"> <div class=\"gl_h2big\">La t\u00e9l\u00e9matique : une <br>technologie de pointe<\/div>\r\n    <div class=\"gl_space_top5\"><p class=\"gl_space_right10\">ENAiKOON propose une technologie de pointe en t\u00e9l\u00e9matique et en t\u00e9l\u00e9mesure, le tout \u00e0 un prix abordable. ENAiKOON utilise le positionnement par satellite via le syst\u00e8me GPS (syst\u00e8me de g\u00e9olocalisation mondial), le positionnement par satellite via Inmarsat, ainsi que le r\u00e9seau de t\u00e9l\u00e9phonie mobile (GSM). Cette combinaison permet de surveiller, de mesurer, de r\u00e9guler et de conna\u00eetre la position de n&rsquo;importe quel trackable, o\u00f9 qu&rsquo;il soit dans le monde et \u00e0 quelques m\u00e8tres pr\u00e8s.<\/p><\/div>\r\n    <\/div>\r\n\r\n\t<div class=\"col-md-4\"><div class=\"gl_space_top90\">\r\n\t  <p class=\"gl_space_right10\">\r\n     Les commandes de contr\u00f4le peuvent \u00eatre \u00e9mises par t\u00e9l\u00e9phone mobile ou par les satellites de communication. Les r\u00e9sultats et les \u00e9v\u00e9nements sont enregistr\u00e9s par Internet, t\u00e9l\u00e9phone, fax, e-mail, SMS, VoIP ou GPRS. Ceci permet de r\u00e9duire ou d&rsquo;\u00e9liminer totalement les co\u00fbts li\u00e9s \u00e0 la maintenance et \u00e0 la supervision de la flotte, quand c&rsquo;est possible.<\/p><\/div>\r\n\r\n    <\/div>\r\n\r\n\t<div class=\"col-md-4\">\r\n    \r\n<div class=\"gl_space_top90\"><p class=\"gl_space_right10\">\r\nLa recherche en t\u00e9l\u00e9matique et en t\u00e9l\u00e9mesure est en d\u00e9veloppement permanent et les produits d\u00e9riv\u00e9s sont de plus en plus abordables et fiables. Profitant du faible co\u00fbt de la communication mobile, la t\u00e9l\u00e9matique est devenue une technologie incontournable qui, gr\u00e2ce \u00e0 la diversit\u00e9 de ses applications, permet d&rsquo;augmenter nettement les performances d&rsquo;une entreprise.<\/p><\/div>\r\n\r\n    <\/div>\r\n\r\n\r\n\t<div class=\"gl_row_space\"><\/div>\r\n\t<div class=\"gl_line\"><\/div>\r\n\t\r\n\r\n<\/div>\r\n\r\n\r\n<div class=\"row\">\r\n\r\n\t\r\n\t<div class=\"col-md-4\">\r\n\t\r\n\t<div class=\"clearfix\">\r\n\t\t<div class=\"image_center\"><a href=\"https:\/\/www.enaikoon.com\/fr\/contact\/conseil-dexperts\/\" title=\"Nous vous rappelons\"><img decoding=\"async\" src=\"https:\/\/www.enaikoon.com\/wp-content\/uploads\/2016\/07\/Callback-icon_23.png\" border=\"0\" alt=\"Nous vous rappelons\"\/><\/a><\/div>\r\n\t<\/div>\r\n\t<div class=\"gl_h4big\"><a href=\"https:\/\/www.enaikoon.com\/fr\/contact\/conseil-dexperts\/\">Nous vous rappelons<\/a><\/div>\r\n<div>Vous voulez prendre un rendez-<br>vous avec l&rsquo;un de nos experts ? Nous vous rappelons pour un conseil gratuit, <a href=\"https:\/\/www.enaikoon.com\/fr\/contact\/conseil-dexperts\/\">au moment qui vous convient le mieux.<\/a><\/div>\r\n\t\r\n\t<\/div>\r\n\t\r\n\t<div class=\"col-md-4\">\r\n\t\r\n\t<div class=\"clearfix\">\r\n\t\t<div class=\"image_center\"><a href=\"https:\/\/www.enaikoon.com\/fr\/blog\/\" title=\"ENAiKOON Blog\"><img decoding=\"async\" src=\"https:\/\/www.enaikoon.com\/wp-content\/uploads\/2016\/07\/blog-icon_6e3a10.png\" border=\"0\" alt=\"Read the ENAiKOON Blog to learn more about telematics\"\/><\/a><\/div>\r\n\t<\/div>\r\n\t<div class=\"gl_h4big\"><a href=\"https:\/\/www.enaikoon.com\/fr\/blog\/\">BLOG<\/a><\/div>\r\n\t<div>D\u00e9couvrez l&rsquo;actualit\u00e9 d&rsquo;ENAiKOON pr\u00e9sent\u00e9e par nos experts, pour <a href=\"https:\/\/www.enaikoon.com\/fr\/blog\/\">profiter au maximum du logiciel inViu et de nos solutions de g\u00e9olocalisation.<\/a><\/div>\r\n\t\r\n\t<\/div>\r\n\t\r\n\t<div class=\"col-md-4\"><div class=\"gl_space_right10\">\r\n\t\r\n\t<div class=\"clearfix\">\r\n\t\t<div class=\"image_center\"><a href=\"https:\/\/www.enaikoon.com\/fr\/contact\/votre-kit-gratuit\/\" title=\"Demandez un kit d'\u00e9valuation d\u00e8s maintenant !\"><img decoding=\"async\" src=\"https:\/\/www.enaikoon.com\/wp-content\/uploads\/2016\/07\/Try-n-Buy-icon_11.png\" border=\"0\" alt=\"Demandez un kit d'\u00e9valuation d\u00e8s maintenant !\"\/><\/a><\/div>\r\n\t<\/div>\r\n\t<div class=\"clearfix\">\r\n\t\t<div class=\"gl_h4big\"><a href=\"https:\/\/www.enaikoon.com\/fr\/contact\/votre-kit-gratuit\/\">Votre kit d&rsquo;\u00e9valuation gratuit<\/a><\/div>\r\n\t\t<div>D\u00e9couvrez comment les solutions t\u00e9l\u00e9matiques d&rsquo;ENAiKOON peuvent vous aider. <a href=\"https:\/\/www.enaikoon.com\/fr\/contact\/votre-kit-gratuit\/\">Demandez un essai gratuit !<\/a><\/div>\r\n\t<\/div>\r\n\t\r\n\t<\/div>\r\n\t\r\n\r\n<div class=\"gl_space_pagebot\">&nbsp;<\/div>\r\n\r\n<\/div>","protected":false},"excerpt":{"rendered":"","protected":false},"author":7,"featured_media":0,"parent":8535,"menu_order":0,"comment_status":"closed","ping_status":"closed","template":"","meta":{"footnotes":""},"acf":[],"_links":{"self":[{"href":"https:\/\/www.enaikoon.com\/fr\/wp-json\/wp\/v2\/pages\/8543"}],"collection":[{"href":"https:\/\/www.enaikoon.com\/fr\/wp-json\/wp\/v2\/pages"}],"about":[{"href":"https:\/\/www.enaikoon.com\/fr\/wp-json\/wp\/v2\/types\/page"}],"author":[{"embeddable":true,"href":"https:\/\/www.enaikoon.com\/fr\/wp-json\/wp\/v2\/users\/7"}],"replies":[{"embeddable":true,"href":"https:\/\/www.enaikoon.com\/fr\/wp-json\/wp\/v2\/comments?post=8543"}],"version-history":[{"count":6,"href":"https:\/\/www.enaikoon.com\/fr\/wp-json\/wp\/v2\/pages\/8543\/revisions"}],"predecessor-version":[{"id":11692,"href":"https:\/\/www.enaikoon.com\/fr\/wp-json\/wp\/v2\/pages\/8543\/revisions\/11692"}],"up":[{"embeddable":true,"href":"https:\/\/www.enaikoon.com\/fr\/wp-json\/wp\/v2\/pages\/8535"}],"wp:attachment":[{"href":"https:\/\/www.enaikoon.com\/fr\/wp-json\/wp\/v2\/media?parent=8543"}],"curies":[{"name":"wp","href":"https:\/\/api.w.org\/{rel}","templated":true}]}}