{"id":8541,"date":"2016-08-15T06:49:58","date_gmt":"2016-08-15T06:49:58","guid":{"rendered":"https:\/\/www.enaikoon.com\/fr\/?page_id=8541"},"modified":"2018-08-13T07:02:20","modified_gmt":"2018-08-13T07:02:20","slug":"markus-semm","status":"publish","type":"page","link":"https:\/\/www.enaikoon.com\/fr\/enaikoon\/entreprise\/markus-semm\/","title":{"rendered":"Markus Semm"},"content":{"rendered":"<div class=\"gl_space_page\"><\/div>\r\n<div class=\"row\">\r\n\t<div class=\"col-md-8\">\r\n\t<noindex><\/noindex>\r\n\t<div class=\"gl_space_pageleft2\">\r\n    \r\n    <div class=\"gl_h2big\">\r\nMarkus Semm<br\/>\r\nPDG d&rsquo;ENAiKOON GmbH\r\n<\/div>\r\n    <div class=\"gl_space_top10\"><\/div>\r\n    <p><strong>Markus Semm est l&rsquo;un des d\u00e9veloppeurs les plus passionn\u00e9s et les plus comp\u00e9tents en solutions t\u00e9l\u00e9matiques.<\/strong><br\/>\r\n\r\nIl a su identifier l\u2019importance de cette tendance et a su utiliser son exp\u00e9rience et ses connaissances pour y cr\u00e9er un espace : l\u2019ENAiKOON GmbH, int\u00e9gr\u00e9e dans le groupe Ventriga, une soci\u00e9t\u00e9 r\u00e9solument tourn\u00e9e vers l\u2019international. <br\/><br\/><br>\r\n\r\nD\u00e9fenseur des projets \u00e0 code ouvert, M. Semm est membre de la <a rel=\"nofollow\" href=\"http:\/\/wiki.osmfoundation.org\/wiki\/Main_Page\" target=\"_blank\" title=\"OSM Foundation\">Fondation OpenStreetMap\u00a9 (OSM)<\/a> et contribue \u00e0 la base de donn\u00e9es gr\u00e2ce au d\u00e9veloppement de l\u2019appli OSM, <a rel=\"nofollow\" href=\"http:\/\/wiki.openstreetmap.org\/wiki\/Keypad-Mapper_3\" target=\"_blank\" title=\"OSM Wiki Keypad-Mapper 3\">Keypad-Mapper 3<\/a>. <br\/>\r\n<br\/>\r\n\r\nAvant ENAiKOON, Markus Semm a travaill\u00e9 en tant que directeur fondateur d\u2019InfoGenie Europe AG, \u00e0 Munich, qu&rsquo;il a men\u00e9 avec succ\u00e8s vers l&rsquo;introduction en bourse en l&rsquo;an 2000.\r\n<br\/><br\/>\r\nAuparavant Markus Semm \u00e9tait \u00e9galement membre du Conseil Ex\u00e9cutif de Miro AG, \u00e0 Brunswick (Allemagne), o\u00f9 il \u00e9tait responsable des ventes et du marketing en Europe.<br\/><br\/><br>\r\n\r\n<strong>Autres \u00e9l\u00e9ments marquants de sa carri\u00e8re :<\/strong><br\/>\r\nIl a \u00e9t\u00e9 membre de la direction ex\u00e9cutive (en ventes et marketing) de Mensch und Maschine AG, \u00e0 Munich, et en charge du redressement de la Formac GmbH, Berlin.\r\n<br\/><br\/>\r\nMarkus Semm a \u00e9tudi\u00e9 l&rsquo;\u00e9lectronique et l&rsquo;informatique \u00e0 l&rsquo;Universit\u00e9 des Sciences Appliqu\u00e9es d&rsquo;Ulm et \u00e0 l&rsquo;Universit\u00e9 Technique de Berlin.<\/p>\r\n\r\n\t\r\n<\/div>\r\n\t\r\n\t<\/div>\r\n\t\r\n\t<div class=\"col-md-4\">\r\n\t\r\n\t<div class=\"gl_space_pageright2\">\r\n\t\r\n\t\r\n\t\r\n\t   <div class=\"gl_enaikoon_logo\"><img decoding=\"async\" src=\"https:\/\/www.enaikoon.com\/wp-content\/uploads\/2016\/07\/ENAiKOON-frosted-logo.png\" alt=\"ENAiKOON logo\" title=\"ENAiKOON logo\"\/><\/div>\r\n                    <div><a class=\"gl_button_yellow\"  href=\"https:\/\/www.enaikoon.com\/fr\/contact\/conseil-dexperts\/\">Prendre un rendez-vous<\/a><\/div>\r\n               \r\n                    <div class=\"gl_introduction_contact\">\r\n                    <img decoding=\"async\" src=\"https:\/\/www.enaikoon.com\/wp-content\/uploads\/2016\/07\/icon_email.png\" alt=\"\"\/>\r\n                    <p class=\"gl_text_space\"><a rel=\"nofollow\" href=\"mailto:sales@enaikoon.com\">sales@enaikoon.com<\/a><\/p>\r\n                    <\/div>\r\n                <div class=\"gl_introduction_contact\">\r\n                    <p class=\"gl_text_space\"><img decoding=\"async\" src=\"https:\/\/www.enaikoon.com\/wp-content\/uploads\/2016\/07\/icon_phone1.png\" alt=\"\"\/>\r\n                    +49 30 397475-30<\/p><\/div>\r\n                <div class=\"gl_introduction_contact\">\r\n                    <p class=\"gl_text_space\"><img decoding=\"async\" src=\"https:\/\/www.enaikoon.com\/wp-content\/uploads\/2016\/07\/icon_phone2.png\" alt=\"\"\/>\r\n                    +49 30 397475-40<\/p><\/div>\r\n                    \r\n                    <div class=\"gl_space_top85\"><a rel=\"nofollow\" href=\"https:\/\/www.enaikoon.com\/wp-content\/uploads\/2016\/07\/Markus_Semm-ENAiKOON.jpg\" target=\"_blank\" title=\"Markus Semm\"><img decoding=\"async\" src=\"https:\/\/www.enaikoon.com\/wp-content\/uploads\/2016\/07\/Markus_Semm-ENAiKOON.jpg\" width=\"260\" alt=\"\"\/><\/a><\/div>\r\n           \r\n<\/div>\r\n\t<\/div>\r\n\r\n\t<div class=\"gl_row_space\"><\/div>\r\n\t<div class=\"gl_line\"><\/div>\r\n\t\r\n\r\n<\/div>\r\n\r\n\r\n<div class=\"row\">\r\n\r\n\t\r\n\t<div class=\"col-md-4\">\r\n\t\r\n\t<div class=\"clearfix\">\r\n\t\t<div class=\"image_center\"><a href=\"https:\/\/www.enaikoon.com\/fr\/contact\/conseil-dexperts\/\" title=\"Nous vous rappelons\"><img decoding=\"async\" src=\"https:\/\/www.enaikoon.com\/wp-content\/uploads\/2016\/07\/Callback-icon_23.png\" border=\"0\" alt=\"Nous vous rappelons\"\/><\/a><\/div>\r\n\t<\/div>\r\n\t<div class=\"gl_h4big\"><a href=\"https:\/\/www.enaikoon.com\/fr\/contact\/conseil-dexperts\/\">Nous vous rappelons<\/a><\/div>\r\n\t<div>Vous voulez prendre un rendez-<br>vous avec l&rsquo;un de nos experts ? Nous vous rappelons pour un conseil gratuit, <a href=\"https:\/\/www.enaikoon.com\/fr\/contact\/conseil-dexperts\/\">au moment qui vous convient le mieux.<\/a><\/div>\r\n\t\r\n\t<\/div>\r\n\t\r\n\t<div class=\"col-md-4\">\r\n\t\r\n\t<div class=\"clearfix\">\r\n\t\t<div class=\"image_center\"><a href=\"https:\/\/www.enaikoon.com\/fr\/enaikoon\/entreprise\/lhistoire\/\" title=\"L'histoire d'ENAiKOON\"><img decoding=\"async\" src=\"https:\/\/www.enaikoon.com\/wp-content\/uploads\/2016\/07\/Chrono.png\" border=\"0\" alt=\"ENAiKOONs history\"\/><\/a><\/div>\r\n\t<\/div>\r\n\t<div class=\"gl_h4big\"><a href=\"https:\/\/www.enaikoon.com\/fr\/enaikoon\/entreprise\/lhistoire\/\">Notre histoire<\/a><\/div>\r\n\t<div><a href=\"https:\/\/www.enaikoon.com\/fr\/enaikoon\/entreprise\/lhistoire\/\">Un regard sur le pass\u00e9<\/a>, m\u00eame si ENAiKOON s&rsquo;est toujours concentr\u00e9e sur la technologie de demain.<\/div>\r\n\t\r\n\t<\/div>\r\n\t\r\n\t<div class=\"col-md-4\"><div class=\"gl_space_right10\">\r\n\t\r\n\t<div class=\"clearfix\">\r\n\t\t<div class=\"image_center\"><a href=\"https:\/\/www.enaikoon.com\/fr\/contact\/devenir-partenaire\/\" title=\"devenir partenaire\"><img decoding=\"async\" src=\"https:\/\/www.enaikoon.com\/wp-content\/uploads\/2016\/07\/Partner.png\" border=\"0\" alt=\"devenir partenaire\"\/><\/a><\/div>\r\n\t<\/div>\r\n\t<div class=\"clearfix\">\r\n\t\t<div class=\"gl_h4big\"><a href=\"https:\/\/www.enaikoon.com\/fr\/contact\/devenir-partenaire\/\">Devenir partenaire<\/a><\/div>\r\n\t\t<div>D\u00e9couvrez comment devenir partenaire de distribution d&rsquo;ENAiKOON et gagnez une commission int\u00e9ressante sur la vente de nos produits t\u00e9l\u00e9matiques.<\/div>\r\n\t<\/div>\r\n\t\r\n\t<\/div>\r\n\t\r\n\r\n<div class=\"gl_space_pagebot\">&nbsp;<\/div>\r\n\r\n<\/div>","protected":false},"excerpt":{"rendered":"","protected":false},"author":7,"featured_media":0,"parent":8537,"menu_order":0,"comment_status":"closed","ping_status":"closed","template":"","meta":{"footnotes":""},"acf":[],"_links":{"self":[{"href":"https:\/\/www.enaikoon.com\/fr\/wp-json\/wp\/v2\/pages\/8541"}],"collection":[{"href":"https:\/\/www.enaikoon.com\/fr\/wp-json\/wp\/v2\/pages"}],"about":[{"href":"https:\/\/www.enaikoon.com\/fr\/wp-json\/wp\/v2\/types\/page"}],"author":[{"embeddable":true,"href":"https:\/\/www.enaikoon.com\/fr\/wp-json\/wp\/v2\/users\/7"}],"replies":[{"embeddable":true,"href":"https:\/\/www.enaikoon.com\/fr\/wp-json\/wp\/v2\/comments?post=8541"}],"version-history":[{"count":12,"href":"https:\/\/www.enaikoon.com\/fr\/wp-json\/wp\/v2\/pages\/8541\/revisions"}],"predecessor-version":[{"id":16237,"href":"https:\/\/www.enaikoon.com\/fr\/wp-json\/wp\/v2\/pages\/8541\/revisions\/16237"}],"up":[{"embeddable":true,"href":"https:\/\/www.enaikoon.com\/fr\/wp-json\/wp\/v2\/pages\/8537"}],"wp:attachment":[{"href":"https:\/\/www.enaikoon.com\/fr\/wp-json\/wp\/v2\/media?parent=8541"}],"curies":[{"name":"wp","href":"https:\/\/api.w.org\/{rel}","templated":true}]}}