{"id":8539,"date":"2016-08-15T06:49:11","date_gmt":"2016-08-15T06:49:11","guid":{"rendered":"https:\/\/www.enaikoon.com\/fr\/?page_id=8539"},"modified":"2018-08-13T06:46:27","modified_gmt":"2018-08-13T06:46:27","slug":"lhistoire","status":"publish","type":"page","link":"https:\/\/www.enaikoon.com\/fr\/enaikoon\/entreprise\/lhistoire\/","title":{"rendered":"L&rsquo;histoire"},"content":{"rendered":"<div class=\"gl_space_page\"><\/div>\r\n<div class=\"row\">\r\n\r\n\t<div class=\"col-md-8\">\r\n\t<noindex><\/noindex>\r\n\t<div class=\"gl_space_pageleft2\">\r\n    \r\n    <div class=\"gl_h2big\">L&rsquo;histoire d&rsquo;ENAiKOON<\/div>\r\n    <div class=\"gl_space_top10\"><\/div>\r\n    <p  class=\"gl_space_right10\"><strong>Un retour en arri\u00e8re, m\u00eame si l&rsquo;entreprise ENAiKOON s&rsquo;est toujours concentr\u00e9e sur la technologie de demain&#8230;<\/strong><br\/><br\/>\r\n\r\nDepuis sa fondation en 2002, ENAiKOON s&rsquo;est toujours concentr\u00e9e sur sa devise : \u201cdistance under control\u201d \u2013 contr\u00f4ler la distance. Avec un dipl\u00f4me en science de l&rsquo;informatique et de l&rsquo;exp\u00e9rience en gestion dans des entreprises technologiques, Markus Semm, le fondateur d&rsquo;ENAiKOON, apporte \u00e0 la fois une exp\u00e9rience th\u00e9orique et pratique des affaires, gr\u00e2ce \u00e0 son brevet RFID en collaboration avec l&rsquo;Institut Frauenhofer et \u00e0 son exp\u00e9rience du sharemarket float. En plus de la richesse de ces connaissances, il a de nombreux contacts dans le secteur de la t\u00e9l\u00e9matique, lui permettant de d\u00e9velopper et d&rsquo;am\u00e9liorer les demandes de ses clients.<br\/><br\/>\r\n\r\nMarkus Semm est parti de sa propre initiative. Apr\u00e8s la vente de sa derni\u00e8re compagnie, il a tout mis en oeuvre pour donner vie \u00e0 ENAiKOON. Ce r\u00eave devenu r\u00e9alit\u00e9 peut maintenant c\u00e9l\u00e9brer son 10e anniversaire et \u00eatre fier de l&rsquo;importance d&rsquo;ENAiKOON dans le secteur de la t\u00e9l\u00e9matique.\r\n<br\/><br\/>\r\nDepuis 2002, ENAiKOON a continu\u00e9 \u00e0 grandir en prenant d&rsquo;assaut le march\u00e9 international. Il a dor\u00e9navant des partenaires ou des employ\u00e9s du monde entier, mais aussi des clients dans diverses r\u00e9gions du monde. ENAiKOON continue \u00e0 se concentrer sur le d\u00e9veloppement de solutions t\u00e9l\u00e9matiques, en \u00e9laborant du nouveau mat\u00e9riel, des logiciels et des produits qui r\u00e9pondent \u00e0 tous les besoins. <a href=\"https:\/\/www.enaikoon.com\/fr\/logiciel\/inviu-pro\/\">inViu pro<\/a>, l&rsquo;application en ligne, est un bel exemple de d\u00e9veloppement efficace puisqu&rsquo;il offre \u00e0 ses clients un affichage simple et facile d&rsquo;acc\u00e8s de l&rsquo;ensemble des informations analys\u00e9es.<\/p>\r\n\r\n\t\r\n<\/div>\r\n\t\r\n\t<\/div>\r\n\t\r\n\t<div class=\"col-md-4\">\r\n\t\r\n\t<div class=\"gl_space_pageright2\">\r\n\t\r\n\t\r\n\t\r\n\t   <div class=\"gl_enaikoon_logo\"><img decoding=\"async\" src=\"https:\/\/www.enaikoon.com\/wp-content\/uploads\/2016\/07\/ENAiKOON-frosted-logo.png\" alt=\"ENAiKOON logo\" title=\"ENAiKOON logo\"\/><\/div>\r\n                    <div><a class=\"gl_button_yellow\"  href=\"https:\/\/www.enaikoon.com\/fr\/contact\/conseil-dexperts\/\">Prendre un rendez-vous<\/a><\/div>\r\n               \r\n                    <div class=\"gl_introduction_contact\">\r\n                    <img decoding=\"async\" src=\"https:\/\/www.enaikoon.com\/wp-content\/uploads\/2016\/07\/icon_email.png\" alt=\"\"\/>\r\n                    <p class=\"gl_text_space\"><a rel=\"nofollow\" href=\"mailto:sales@enaikoon.com\">sales@enaikoon.com<\/a><\/p>\r\n                    <\/div>\r\n                <div class=\"gl_introduction_contact\">\r\n                    <p class=\"gl_text_space\"><img decoding=\"async\" src=\"https:\/\/www.enaikoon.com\/wp-content\/uploads\/2016\/07\/icon_phone1.png\" alt=\"\"\/>\r\n                    +49 30 397475-30<\/p><\/div>\r\n                <div class=\"gl_introduction_contact\">\r\n                    <p class=\"gl_text_space\"><img decoding=\"async\" src=\"https:\/\/www.enaikoon.com\/wp-content\/uploads\/2016\/07\/icon_phone2.png\" alt=\"\"\/>\r\n                    +49 30 397475-40<\/p><\/div>\r\n           \r\n<\/div>\r\n\t<\/div>\r\n\r\n\t<div class=\"gl_row_space\"><\/div>\r\n\t<div class=\"gl_line\"><\/div>\r\n\t\r\n\r\n<\/div>\r\n\r\n\r\n<div class=\"row\">\r\n\r\n\t\r\n\t<div class=\"col-md-4\">\r\n\t\r\n\t<div class=\"clearfix\">\r\n\t\t<div class=\"image_center\"><a href=\"https:\/\/www.enaikoon.com\/fr\/contact\/conseil-dexperts\/\"  title=\"Schedule an appointment\"><img decoding=\"async\" src=\"https:\/\/www.enaikoon.com\/wp-content\/uploads\/2016\/07\/Callback-icon_23.png\" border=\"0\" alt=\"get in touch with an ENAiKOON telematics expert\" \/><\/a><\/div>\r\n\t<\/div>\r\n\t<div class=\"gl_h4big\"><a href=\"https:\/\/www.enaikoon.com\/fr\/contact\/conseil-dexperts\/\">Nous vous rappelons<\/a><\/div>\r\n\t<div>Vous voulez prendre un rendez-<br>vous avec l&rsquo;un de nos experts ? Nous vous rappelons pour un conseil gratuit, <a href=\"https:\/\/www.enaikoon.com\/fr\/contact\/conseil-dexperts\/\">au moment qui vous convient le mieux.<\/a><\/div>\r\n\r\n\t\r\n\t<\/div>\r\n\t\r\n\t<div class=\"col-md-4\">\r\n\t\r\n\t<div class=\"clearfix\">\r\n\t\t<div class=\"image_center\"><a href=\"https:\/\/www.enaikoon.com\/fr\/enaikoon\/entreprise\/markus-semm\/\"  title=\"Markus Semm, ENAiKOONs founder\"><img decoding=\"async\" src=\"https:\/\/www.enaikoon.com\/wp-content\/uploads\/2016\/07\/Founder.png\" border=\"0\"  alt=\"Markus Semm, ENAiKOONs founder\"  \/><\/a><\/div>\r\n\t<\/div>\r\n\t<div class=\"gl_h4big\">Le fondateur d&rsquo;ENAiKOON<\/div>\r\n\t<div><a href=\"https:\/\/www.enaikoon.com\/fr\/enaikoon\/entreprise\/markus-semm\/\">Markus Semm<\/a> a fond\u00e9 ENAiKOON en 2002. Cette ann\u00e9e, nous c\u00e9l\u00e9brons notre 10e anniversaire.<\/div>\r\n\t\r\n\t<\/div>\r\n\t\r\n\t<div class=\"col-md-4\"><div class=\"gl_space_right10\">\r\n\t\r\n\t<div class=\"clearfix\">\r\n\t\t<div class=\"image_center\"><a href=\"https:\/\/www.enaikoon.com\/fr\/contact\/devenir-partenaire\/\" title=\"Become a partner\"><img decoding=\"async\" src=\"https:\/\/www.enaikoon.com\/wp-content\/uploads\/2016\/07\/Partner.png\" border=\"0\"  alt=\"learn how to become an ENAiKOON distribution partner\"  \/><\/a><\/div>\r\n\t<\/div>\r\n\t<div class=\"clearfix\">\r\n\t\t<div class=\"gl_h4big\"><a href=\"https:\/\/www.enaikoon.com\/fr\/contact\/devenir-partenaire\/\">Devenir partenaire<\/a><\/div>\r\n\t\t<div>D\u00e9couvrez comment devenir partenaire de distribution d&rsquo;ENAiKOON et gagnez une commission int\u00e9ressante sur la vente de nos produits t\u00e9l\u00e9matiques.<\/div>\r\n\t<\/div>\r\n\t\r\n\t<\/div>\r\n\t\r\n\r\n<div class=\"gl_space_pagebot\">&nbsp;<\/div>\r\n\r\n<\/div>","protected":false},"excerpt":{"rendered":"","protected":false},"author":7,"featured_media":0,"parent":8537,"menu_order":0,"comment_status":"closed","ping_status":"closed","template":"","meta":{"footnotes":""},"acf":[],"_links":{"self":[{"href":"https:\/\/www.enaikoon.com\/fr\/wp-json\/wp\/v2\/pages\/8539"}],"collection":[{"href":"https:\/\/www.enaikoon.com\/fr\/wp-json\/wp\/v2\/pages"}],"about":[{"href":"https:\/\/www.enaikoon.com\/fr\/wp-json\/wp\/v2\/types\/page"}],"author":[{"embeddable":true,"href":"https:\/\/www.enaikoon.com\/fr\/wp-json\/wp\/v2\/users\/7"}],"replies":[{"embeddable":true,"href":"https:\/\/www.enaikoon.com\/fr\/wp-json\/wp\/v2\/comments?post=8539"}],"version-history":[{"count":6,"href":"https:\/\/www.enaikoon.com\/fr\/wp-json\/wp\/v2\/pages\/8539\/revisions"}],"predecessor-version":[{"id":16230,"href":"https:\/\/www.enaikoon.com\/fr\/wp-json\/wp\/v2\/pages\/8539\/revisions\/16230"}],"up":[{"embeddable":true,"href":"https:\/\/www.enaikoon.com\/fr\/wp-json\/wp\/v2\/pages\/8537"}],"wp:attachment":[{"href":"https:\/\/www.enaikoon.com\/fr\/wp-json\/wp\/v2\/media?parent=8539"}],"curies":[{"name":"wp","href":"https:\/\/api.w.org\/{rel}","templated":true}]}}