{"id":8537,"date":"2016-08-15T06:48:01","date_gmt":"2016-08-15T06:48:01","guid":{"rendered":"https:\/\/www.enaikoon.com\/fr\/?page_id=8537"},"modified":"2017-11-19T15:37:05","modified_gmt":"2017-11-19T15:37:05","slug":"entreprise","status":"publish","type":"page","link":"https:\/\/www.enaikoon.com\/fr\/enaikoon\/entreprise\/","title":{"rendered":"entreprise"},"content":{"rendered":"<div class=\"gl_space_page\"><\/div>\r\n<div class=\"row\">\r\n\r\n\t<div class=\"col-md-8\">\r\n\t\r\n\t<div class=\"gl_space_pageleft2\">\r\n    \r\n    <div class=\"gl_h2big\">Que faisons-nous ?<\/div>\r\n<div class=\"gl_space_top10\"><\/div>\r\n    <p>ENAiKOON, sp\u00e9cialiste de la g\u00e9olocalisation et de la t\u00e9l\u00e9matique, offre des solutions de pointe pour le transport, le BTP et l\u00b4industrie m\u00e9canique en g\u00e9n\u00e9ral. Avec plus de 25 000 objets mobiles surveill\u00e9s sur son portail en ligne inViu, ENAiKOON est un fournisseur de premier plan. Des PME allemandes, sp\u00e9cialis\u00e9es dans le transport ou le BTP (par exemple FLD food logistics, eberle-hald, R\u00fchlmann Bau), font d\u00e9j\u00e0 confiance \u00e0 la technologie ENAiKOON. Des organisations comme l&rsquo;ONU, la Deutsche Post et la Deutsche Bahn prot\u00e8gent leurs marchandises et am\u00e9liorent leurs performances gr\u00e2ce aux syst\u00e8mes ENAIKOON. Enfin, l&rsquo;ADAC et ENAiKOON coop\u00e8rent pour g\u00e9rer les annonces de bouchons et optimiser la circulation sur les routes allemandes.<br\/><br\/>\r\n\r\nParce qu&rsquo;ENAiKOON a une solution t\u00e9l\u00e9matique adapt\u00e9e \u00e0 quasiment toutes les applications pratiques d&rsquo;une entreprise, Vodafone a d\u00e9cid\u00e9 de devenir son partenaire officiel et de travailler en \u00e9troite collaboration avec ENAiKOON. Vodafone a r\u00e9cemment d\u00e9cern\u00e9 \u00e0 ENAiKOON le prix \u00ab\u00a0Vodafone Solution Partner Premium\u00a0\u00bb pour l&rsquo;ann\u00e9e 2012\/2013.<\/p>\r\n\r\n\t\r\n<\/div>\r\n\t\r\n\t<\/div>\r\n\t\r\n\t<div class=\"col-md-4\">\r\n\t\r\n\t<div class=\"gl_space_pageright2\">\r\n\t\r\n\t\r\n\t\r\n\t   <div class=\"gl_enaikoon_logo\"><img decoding=\"async\" src=\"https:\/\/www.enaikoon.com\/wp-content\/uploads\/2016\/07\/ENAiKOON-frosted-logo.png\" alt=\"ENAiKOON logo\" title=\"ENAiKOON logo\"\/><\/div>\r\n                    <div><a class=\"gl_button_yellow\"  href=\"https:\/\/www.enaikoon.com\/fr\/contact\/conseil-dexperts\/\">Prendre un rendez-vous<\/a><\/div>\r\n               \r\n                    <div class=\"gl_introduction_contact\">\r\n                    <img decoding=\"async\" src=\"https:\/\/www.enaikoon.com\/wp-content\/uploads\/2016\/07\/icon_email.png\" alt=\"\"\/>\r\n                    <p class=\"gl_text_space\"><a rel=\"nofollow\" href=\"mailto:sales@enaikoon.com\">sales@enaikoon.com<\/a><\/p>\r\n                    <\/div>\r\n                <div class=\"gl_introduction_contact\">\r\n                    <p class=\"gl_text_space\"><img decoding=\"async\" src=\"https:\/\/www.enaikoon.com\/wp-content\/uploads\/2016\/07\/icon_phone1.png\" alt=\"\"\/>\r\n                    +49 30 397475-30<\/p><\/div>\r\n                <div class=\"gl_introduction_contact\">\r\n                    <p class=\"gl_text_space\"><img decoding=\"async\" src=\"https:\/\/www.enaikoon.com\/wp-content\/uploads\/2016\/07\/icon_phone2.png\" alt=\"\"\/>\r\n                    +49 30 397475-40<\/p><\/div>\r\n                <div class=\"gl_space_top85\"> <img decoding=\"async\" alt=\"ENAiKOON a \u00e9t\u00e9 honor\u00e9 en tant que Vodafone SolutionPartner Premium pour l'ann\u00e9e financi\u00e8re 2012\/2013\" title=\"ENAiKOON a \u00e9t\u00e9 honor\u00e9 en tant que Vodafone SolutionPartner Premium pour l'ann\u00e9e financi\u00e8re 2012\/2013\" src=\"https:\/\/www.enaikoon.com\/wp-content\/uploads\/2016\/07\/about_icon1.jpg\" \/><\/div>\r\n<\/div>\r\n\t<\/div>\r\n\r\n\t<div class=\"gl_row_space\"><\/div>\r\n\t<div class=\"gl_line\"><\/div>\r\n\t\r\n\r\n<\/div>\r\n\r\n\r\n<div class=\"row\">\r\n\r\n\t\r\n\t<div class=\"col-md-4\">\r\n\t\r\n\t<div class=\"clearfix\">\r\n\t\t<div class=\"image_center\"><a href=\"https:\/\/www.enaikoon.com\/fr\/enaikoon\/entreprise\/lhistoire\/\" title=\"L'histoire d'ENAiKOON\"><img decoding=\"async\" src=\"https:\/\/www.enaikoon.com\/wp-content\/uploads\/2016\/07\/Chrono.png\" border=\"0\" alt=\"L'histoire d'ENAiKOON\"\/><\/a><\/div>\r\n\t<\/div>\r\n\t<div class=\"gl_h4big\">Notre histoire<\/div>\r\n\t<div><a href=\"https:\/\/www.enaikoon.com\/fr\/enaikoon\/entreprise\/lhistoire\/\">Un retour en arri\u00e8re<\/a>, m\u00eame si ENAiKOON s&rsquo;est toujours concentr\u00e9 sur la technologie de demain&#8230; <\/div>\r\n\t\r\n\t<\/div>\r\n\t\r\n\t<div class=\"col-md-4\">\r\n\t\r\n\t<div class=\"clearfix\">\r\n\t\t<div class=\"image_center\"><a href=\"https:\/\/www.enaikoon.com\/fr\/enaikoon\/entreprise\/markus-semm\/\" title=\"Markus Semm, le fondateur d'ENAiKOON\"><img decoding=\"async\" src=\"https:\/\/www.enaikoon.com\/wp-content\/uploads\/2016\/07\/Founder.png\" border=\"0\" alt=\"Markus Semm, le fondateur d'ENAiKOON\"\/><\/a><\/div>\r\n\t<\/div>\r\n\t<div class=\"gl_h4big\">Le fondateur d&rsquo;ENAiKOON<\/div>\r\n\t<div><a href=\"https:\/\/www.enaikoon.com\/fr\/enaikoon\/entreprise\/markus-semm\/\">Markus Semm<\/a> a fond\u00e9 ENAiKOON en 2002. D\u00e9couvrez comment il a compris tr\u00e8s t\u00f4t le potentiel de la t\u00e9l\u00e9matique.<\/div>\r\n\t\r\n\t<\/div>\r\n\t\r\n\t<div class=\"col-md-4\"><div class=\"gl_space_right10\">\r\n\t\r\n\t<div class=\"clearfix\">\r\n\t\t<div class=\"image_center\"><a href=\"https:\/\/www.enaikoon.com\/fr\/contact\/devenir-partenaire\/\" title=\"devenir partenaire\"><img decoding=\"async\" src=\"https:\/\/www.enaikoon.com\/wp-content\/uploads\/2016\/07\/Partner.png\" border=\"0\" alt=\"devenir partenaire\"\/><\/a><\/div>\r\n\t<\/div>\r\n\t<div class=\"clearfix\">\r\n\t\t<div class=\"gl_h4big\"><a href=\"https:\/\/www.enaikoon.com\/fr\/contact\/devenir-partenaire\/\">Devenir partenaire<\/a><\/div>\r\n\t\t<div>D\u00e9couvrez comment devenir partenaire de distribution d&rsquo;ENAiKOON et gagnez une commission int\u00e9ressante sur la vente de nos produits t\u00e9l\u00e9matiques.<\/div>\r\n\t<\/div>\r\n\t\r\n\t<\/div>\r\n\t\r\n\r\n<div class=\"gl_space_pagebot\">&nbsp;<\/div>\r\n\r\n<\/div>","protected":false},"excerpt":{"rendered":"","protected":false},"author":7,"featured_media":0,"parent":8535,"menu_order":0,"comment_status":"closed","ping_status":"closed","template":"","meta":{"footnotes":""},"acf":[],"_links":{"self":[{"href":"https:\/\/www.enaikoon.com\/fr\/wp-json\/wp\/v2\/pages\/8537"}],"collection":[{"href":"https:\/\/www.enaikoon.com\/fr\/wp-json\/wp\/v2\/pages"}],"about":[{"href":"https:\/\/www.enaikoon.com\/fr\/wp-json\/wp\/v2\/types\/page"}],"author":[{"embeddable":true,"href":"https:\/\/www.enaikoon.com\/fr\/wp-json\/wp\/v2\/users\/7"}],"replies":[{"embeddable":true,"href":"https:\/\/www.enaikoon.com\/fr\/wp-json\/wp\/v2\/comments?post=8537"}],"version-history":[{"count":7,"href":"https:\/\/www.enaikoon.com\/fr\/wp-json\/wp\/v2\/pages\/8537\/revisions"}],"predecessor-version":[{"id":11691,"href":"https:\/\/www.enaikoon.com\/fr\/wp-json\/wp\/v2\/pages\/8537\/revisions\/11691"}],"up":[{"embeddable":true,"href":"https:\/\/www.enaikoon.com\/fr\/wp-json\/wp\/v2\/pages\/8535"}],"wp:attachment":[{"href":"https:\/\/www.enaikoon.com\/fr\/wp-json\/wp\/v2\/media?parent=8537"}],"curies":[{"name":"wp","href":"https:\/\/api.w.org\/{rel}","templated":true}]}}