{"id":8526,"date":"2016-08-15T06:40:33","date_gmt":"2016-08-15T06:40:33","guid":{"rendered":"https:\/\/www.enaikoon.com\/fr\/?page_id=8526"},"modified":"2017-11-19T15:31:51","modified_gmt":"2017-11-19T15:31:51","slug":"devenir-partenaire","status":"publish","type":"page","link":"https:\/\/www.enaikoon.com\/fr\/contact\/devenir-partenaire\/","title":{"rendered":"devenir partenaire"},"content":{"rendered":"<div class=\"gl_space_page\"><\/div>\r\n<div class=\"row\">\r\n\r\n\r\n\r\n\t<div class=\"col-md-8\">\r\n\t\r\n\t<div class=\"gl_space_pageleft2\">\r\n    \r\n    <div class=\"gl_h2big\">Devenir notre partenaire<\/div>\r\n    <p>\r\n<span class=\"gl_solution_right_text_custom\" style=\"font-family:Times New Roman\">\u00ab Avec l&rsquo;apparition des applications nouvelle g\u00e9n\u00e9ration pour la g\u00e9olocalisation des v\u00e9hicules, le march\u00e9 de la t\u00e9l\u00e9matique pourrait atteindre 11,2 milliards de dollars de recette en 2015. \u00bb<\/span><\/p><p style=\"margin-top:15px;\">\r\n<span style=\"color:#666; font-family:Times New Roman\">Global Industry Analysts, Inc. 2011<\/span><br\/><br\/>\r\n\r\nVous avez une entreprise de distribution ? Vous traitez avec des entreprises qui g\u00e8rent de grandes flottes ou qui ont de nombreux agents commerciaux sur le terrain ? Vous \u00eates vous-m\u00eame un agent commercial et vos clients travaillent dans le secteur du BTP ou de la logistique ?<br\/><br\/>\r\n\r\nN&rsquo;h\u00e9sitez pas \u00e0 nous contacter !<br\/><br\/>\r\n\r\nChez ENAiKOON, nous proposons les meilleures solutions de t\u00e9l\u00e9communication du march\u00e9 pour les professionnels. Nous vous proposons un partenariat \u00e0 long terme avec une commission int\u00e9ressante dans un secteur \u00e9tabli et \u00e0 fort potentiel, avec des solutions de g\u00e9olocalisation qui s&rsquo;adaptent aux besoins de nombreux secteurs. Nous vous assisterons dans vos premiers pas en vous pr\u00e9sentant les bases de la t\u00e9l\u00e9matique et en vous fournissant un grand nombre d&rsquo;outils de marketing, pour un partenariat fructueux ! <\/p>\r\n\r\n\t\r\n<\/div>\r\n\t\r\n\t<\/div>\r\n\t\r\n\t<div class=\"col-md-4\">\r\n\t\r\n\t<div class=\"gl_space_pageright2\">\r\n\t\r\n\t\r\n\t\r\n\t   <div class=\"gl_enaikoon_logo\"><img decoding=\"async\" src=\"https:\/\/www.enaikoon.com\/wp-content\/uploads\/2016\/07\/ENAiKOON-frosted-logo.png\" alt=\"ENAiKOON logo\" title=\"ENAiKOON logo\"\/><\/div>\r\n                    \r\n               \r\n                    <div class=\"gl_introduction_contact\">\r\n                    <img decoding=\"async\" src=\"https:\/\/www.enaikoon.com\/wp-content\/uploads\/2016\/07\/icon_email.png\" alt=\"\"\/>\r\n                    <p class=\"gl_text_space\"><a rel=\"nofollow\" href=\"mailto:sales@enaikoon.com\">sales@enaikoon.com<\/a><\/p>\r\n                    <\/div>\r\n                <div class=\"gl_introduction_contact\">\r\n                    <p class=\"gl_text_space\"><img decoding=\"async\" src=\"https:\/\/www.enaikoon.com\/wp-content\/uploads\/2016\/07\/icon_phone1.png\" alt=\"\"\/>\r\n                    +49 30 397475-30<\/p><\/div>\r\n                <div class=\"gl_introduction_contact\">\r\n                    <p class=\"gl_text_space\"><img decoding=\"async\" src=\"https:\/\/www.enaikoon.com\/wp-content\/uploads\/2016\/07\/icon_phone2.png\" alt=\"\"\/>\r\n                    +49 30 397475-40<\/p><\/div>\r\n                 <div><a class=\"gl_button_blue\"  href=\"https:\/\/www.enaikoon.com\/fr\/contact\/devenir-partenaire\/devenir-partenaire\/\">Nous contacter<\/a><\/div>\r\n               \r\n\t<\/div>\r\n\t<\/div>\r\n\r\n\t<div class=\"gl_row_space\"><\/div>\r\n\t<div class=\"gl_line\"><\/div>\r\n\t\r\n\r\n<\/div>\r\n\r\n\r\n<div class=\"row\">\r\n\r\n\t\r\n\t<div class=\"col-md-4\">\r\n\t\r\n\t<div class=\"clearfix\">\r\n\t\t<div class=\"gl_space_left30\"><a href=\"https:\/\/www.enaikoon.com\/fr\/solution\/etudes-de-cas\/location-de-materiel-de-chantier\/\"  title=\"ENAiKOON testimoniaux\"><img decoding=\"async\" src=\"https:\/\/www.enaikoon.com\/wp-content\/uploads\/2016\/07\/Case_1_62.png\" border=\"0\" alt=\"\"\/><\/a><\/div>\r\n\t<\/div>\r\n\t<div class=\"gl_h4big\"><a href=\"https:\/\/www.enaikoon.com\/fr\/solution\/etudes-de-cas\/location-de-materiel-de-chantier\/\">T\u00e9moignages<\/a><\/div>\r\n\t<div>Lisez les t\u00e9moignages de nos clients satisfaits de leur <a href=\"https:\/\/www.enaikoon.com\/fr\/solution\/etudes-de-cas\/location-de-materiel-de-chantier\/\"title=\"solution ENAiKOON\">solution ENAiKOON<\/a>.<\/div>\r\n\t\r\n\t<\/div>\r\n\t\r\n\t<div class=\"col-md-4\">\r\n\t\r\n\t<div class=\"clearfix\">\r\n\t\t<div class=\"gl_space_left30\"><a href=\"https:\/\/www.enaikoon.com\/fr\/blog\/\" title=\"Blog d'ENAiKOON\"><img decoding=\"async\" src=\"https:\/\/www.enaikoon.com\/wp-content\/uploads\/2016\/07\/blog-icon_6e3a10.png\" border=\"0\" alt=\"Suivre le blog d'ENAiKOON pour en savoir plus sur la t\u00e9l\u00e9matique\"\/><\/a><\/div>\r\n\t<\/div>\r\n\t<div class=\"gl_h4big\"><a href=\"https:\/\/www.enaikoon.com\/fr\/blog\/\">BLOG<\/a><\/div>\r\n\t<div>D\u00e9couvrez l&rsquo;actualit\u00e9 d&rsquo;ENAiKOON pr\u00e9sent\u00e9e par nos experts, pour <a href=\"https:\/\/www.enaikoon.com\/fr\/blog\/\">profiter au maximum du logiciel inViu et de nos solutions de g\u00e9olocalisation<\/a>.<\/div>\r\n\t\r\n\t<\/div>\r\n\t\r\n\t<div class=\"col-md-4\"><div class=\"gl_space_right10\">\r\n\t\r\n\t<div class=\"clearfix\">\r\n\t\t<div class=\"gl_space_left30\"><a href=\"https:\/\/www.enaikoon.com\/fr\/contact\/votre-kit-gratuit\/\" title=\"Demandez un kit d'\u00e9valuation d\u00e8s maintenant !\"><img decoding=\"async\" src=\"https:\/\/www.enaikoon.com\/wp-content\/uploads\/2016\/07\/Try-n-Buy-icon_11.png\" border=\"0\" alt=\"Demandez un kit d'\u00e9valuation d\u00e8s maintenant !\"\/><\/a><\/div>\r\n\t<\/div>\r\n\t<div class=\"clearfix\">\r\n\t\t<div class=\"gl_h4big\"><a href=\"https:\/\/www.enaikoon.com\/fr\/contact\/votre-kit-gratuit\/\">Votre kit d&rsquo;\u00e9valuation gratuit<\/a><\/div>\r\n\t\t<div>D\u00e9couvrez comment les solutions t\u00e9l\u00e9matiques d&rsquo;ENAiKOON peuvent vous aider. <a href=\"https:\/\/www.enaikoon.com\/fr\/contact\/votre-kit-gratuit\/\">Demandez un essai gratuit !<\/a><\/div>\r\n\t<\/div>\r\n\t\r\n\t<\/div>\r\n\t\r\n\r\n<div class=\"gl_space_pagebot\">&nbsp;<\/div>\r\n\r\n<\/div>","protected":false},"excerpt":{"rendered":"","protected":false},"author":7,"featured_media":0,"parent":8512,"menu_order":0,"comment_status":"closed","ping_status":"closed","template":"","meta":{"footnotes":""},"acf":[],"_links":{"self":[{"href":"https:\/\/www.enaikoon.com\/fr\/wp-json\/wp\/v2\/pages\/8526"}],"collection":[{"href":"https:\/\/www.enaikoon.com\/fr\/wp-json\/wp\/v2\/pages"}],"about":[{"href":"https:\/\/www.enaikoon.com\/fr\/wp-json\/wp\/v2\/types\/page"}],"author":[{"embeddable":true,"href":"https:\/\/www.enaikoon.com\/fr\/wp-json\/wp\/v2\/users\/7"}],"replies":[{"embeddable":true,"href":"https:\/\/www.enaikoon.com\/fr\/wp-json\/wp\/v2\/comments?post=8526"}],"version-history":[{"count":6,"href":"https:\/\/www.enaikoon.com\/fr\/wp-json\/wp\/v2\/pages\/8526\/revisions"}],"predecessor-version":[{"id":11684,"href":"https:\/\/www.enaikoon.com\/fr\/wp-json\/wp\/v2\/pages\/8526\/revisions\/11684"}],"up":[{"embeddable":true,"href":"https:\/\/www.enaikoon.com\/fr\/wp-json\/wp\/v2\/pages\/8512"}],"wp:attachment":[{"href":"https:\/\/www.enaikoon.com\/fr\/wp-json\/wp\/v2\/media?parent=8526"}],"curies":[{"name":"wp","href":"https:\/\/api.w.org\/{rel}","templated":true}]}}