{"id":8524,"date":"2016-08-15T06:39:45","date_gmt":"2016-08-15T06:39:45","guid":{"rendered":"https:\/\/www.enaikoon.com\/fr\/?page_id=8524"},"modified":"2016-09-09T10:20:55","modified_gmt":"2016-09-09T10:20:55","slug":"thankyou3","status":"publish","type":"page","link":"https:\/\/www.enaikoon.com\/fr\/contact\/votre-kit-gratuit\/thankyou3\/","title":{"rendered":"thankyou3"},"content":{"rendered":"<div style=\"height:50px;\"><\/div>\r\n<div class=\"row\">\r\n\r\n\r\n\r\n\t<div class=\"col-md-8\">\r\n\t\r\n\t<div class=\"gl_space_pageleft2\">\r\n    \r\n    <div class=\"gl_h2big\">Merci pour votre prise de contact<\/div>\r\n    <p><br\/>\r\nMadame\/Monsieur,<br\/><br\/>\r\nNous vous remercions pour votre demande. Un de nos experts en t\u00e9l\u00e9matique vous contactera \u00e0 la date fix\u00e9e.\r\n<br\/><br\/>\r\nBien \u00e0 vous,<br\/>\r\nLe service client d\u2019ENAiKOON\r\n<\/p>\r\n\r\n\r\n\t\r\n<\/div>\r\n\t\r\n\t<\/div>\r\n\t\r\n\t<div class=\"col-md-4\">\r\n\t\r\n\t<div class=\"gl_space_pageright2\">\r\n\t\r\n\t\r\n\t\r\n\t   <div class=\"gl_enaikoon_logo\"><img decoding=\"async\" src=\"https:\/\/www.enaikoon.com\/wp-content\/uploads\/2016\/07\/ENAiKOON-frosted-logo.png\" alt=\"ENAiKOON logo\" title=\"ENAiKOON logo\"\/><\/div>\r\n                    \r\n                <div><a class=\"gl_button_blue\"  href=\"https:\/\/www.enaikoon.com\/fr\/contact\/contact\/\">Nous contacter<\/a><\/div>\r\n                    <div class=\"gl_introduction_contact\">\r\n                    <img decoding=\"async\" src=\"https:\/\/www.enaikoon.com\/wp-content\/uploads\/2016\/07\/icon_email.png\" alt=\"\"\/>\r\n                    <p class=\"gl_text_space\"><a rel=\"nofollow\" href=\"mailto:sales@enaikoon.com\">sales@enaikoon.com<\/a><\/p>\r\n                    <\/div>\r\n                <div class=\"gl_introduction_contact\">\r\n                    <p class=\"gl_text_space\"><img decoding=\"async\" src=\"https:\/\/www.enaikoon.com\/wp-content\/uploads\/2016\/07\/icon_phone1.png\" alt=\"\"\/>\r\n                    +49 30 397475-30<\/p><\/div>\r\n                <div class=\"gl_introduction_contact\">\r\n                    <p class=\"gl_text_space\"><img decoding=\"async\" src=\"https:\/\/www.enaikoon.com\/wp-content\/uploads\/2016\/07\/icon_phone2.png\" alt=\"\"\/>\r\n                    +49 30 397475-40<\/p><\/div>\r\n                \r\n               \r\n\t<\/div>\r\n\t<\/div>\r\n\r\n\t<div class=\"gl_row_space\"><\/div>\r\n\t<div class=\"gl_line\"><\/div>\r\n\t\r\n\r\n \r\n\r\n\r\n<div class=\"gl_space_pagebot\">&nbsp;<\/div>\r\n\r\n<\/div>","protected":false},"excerpt":{"rendered":"","protected":false},"author":7,"featured_media":0,"parent":8522,"menu_order":0,"comment_status":"closed","ping_status":"closed","template":"","meta":{"footnotes":""},"acf":[],"_links":{"self":[{"href":"https:\/\/www.enaikoon.com\/fr\/wp-json\/wp\/v2\/pages\/8524"}],"collection":[{"href":"https:\/\/www.enaikoon.com\/fr\/wp-json\/wp\/v2\/pages"}],"about":[{"href":"https:\/\/www.enaikoon.com\/fr\/wp-json\/wp\/v2\/types\/page"}],"author":[{"embeddable":true,"href":"https:\/\/www.enaikoon.com\/fr\/wp-json\/wp\/v2\/users\/7"}],"replies":[{"embeddable":true,"href":"https:\/\/www.enaikoon.com\/fr\/wp-json\/wp\/v2\/comments?post=8524"}],"version-history":[{"count":4,"href":"https:\/\/www.enaikoon.com\/fr\/wp-json\/wp\/v2\/pages\/8524\/revisions"}],"predecessor-version":[{"id":10703,"href":"https:\/\/www.enaikoon.com\/fr\/wp-json\/wp\/v2\/pages\/8524\/revisions\/10703"}],"up":[{"embeddable":true,"href":"https:\/\/www.enaikoon.com\/fr\/wp-json\/wp\/v2\/pages\/8522"}],"wp:attachment":[{"href":"https:\/\/www.enaikoon.com\/fr\/wp-json\/wp\/v2\/media?parent=8524"}],"curies":[{"name":"wp","href":"https:\/\/api.w.org\/{rel}","templated":true}]}}