{"id":8522,"date":"2016-08-15T06:39:10","date_gmt":"2016-08-15T06:39:10","guid":{"rendered":"https:\/\/www.enaikoon.com\/fr\/?page_id=8522"},"modified":"2017-11-19T15:32:22","modified_gmt":"2017-11-19T15:32:22","slug":"votre-kit-gratuit","status":"publish","type":"page","link":"https:\/\/www.enaikoon.com\/fr\/contact\/votre-kit-gratuit\/","title":{"rendered":"votre kit gratuit"},"content":{"rendered":"<div class=\"gl_space_page\"><\/div>\r\n<div class=\"row\">\r\n\t<div class=\"col-md-8\">\r\n\t\r\n\t<div class=\"gl_space_pageleft2\">\r\n    \r\n    <div class=\"gl_h2big\">Formulaire pour un kit d&rsquo;\u00e9valuation gratuit<\/div>\r\n    <div class=\"gl_form_template\">\r\n    \r\n \n<div class=\"wpcf7 no-js\" id=\"wpcf7-f9678-o1\" lang=\"en-US\" dir=\"ltr\">\n<div class=\"screen-reader-response\"><p role=\"status\" aria-live=\"polite\" aria-atomic=\"true\"><\/p> <ul><\/ul><\/div>\n<form action=\"\/fr\/wp-json\/wp\/v2\/pages\/8522#wpcf7-f9678-o1\" method=\"post\" class=\"wpcf7-form init\" aria-label=\"Contact form\" novalidate=\"novalidate\" data-status=\"init\">\n<div style=\"display: none;\">\n<input type=\"hidden\" name=\"_wpcf7\" value=\"9678\" \/>\n<input type=\"hidden\" name=\"_wpcf7_version\" value=\"5.9.5\" \/>\n<input type=\"hidden\" name=\"_wpcf7_locale\" value=\"en_US\" \/>\n<input type=\"hidden\" name=\"_wpcf7_unit_tag\" value=\"wpcf7-f9678-o1\" \/>\n<input type=\"hidden\" name=\"_wpcf7_container_post\" value=\"0\" \/>\n<input type=\"hidden\" name=\"_wpcf7_posted_data_hash\" value=\"\" \/>\n<\/div>\n<p><label>entreprise <span style=\"color:#12b9ff\">*<\/span><\/label><span class=\"wpcf7-form-control-wrap\" data-name=\"company\"><input size=\"40\" class=\"wpcf7-form-control wpcf7-text wpcf7-validates-as-required\" aria-required=\"true\" aria-invalid=\"false\" value=\"\" type=\"text\" name=\"company\" \/><\/span>\n<\/p>\n<p><label>nom<\/label><span class=\"wpcf7-form-control-wrap\" data-name=\"first-name\"><input size=\"40\" class=\"wpcf7-form-control wpcf7-text\" aria-invalid=\"false\" value=\"\" type=\"text\" name=\"first-name\" \/><\/span>\n<\/p>\n<p><label>pr\u00e9nom<\/label><span class=\"wpcf7-form-control-wrap\" data-name=\"last-name\"><input size=\"40\" class=\"wpcf7-form-control wpcf7-text\" aria-invalid=\"false\" value=\"\" type=\"text\" name=\"last-name\" \/><\/span>\n<\/p>\n<p><label>e-mail <span style=\"color:#12b9ff\">*<\/span><\/label><span class=\"wpcf7-form-control-wrap\" data-name=\"email\"><input size=\"40\" class=\"wpcf7-form-control wpcf7-email wpcf7-validates-as-required wpcf7-text wpcf7-validates-as-email\" aria-required=\"true\" aria-invalid=\"false\" value=\"\" type=\"email\" name=\"email\" \/><\/span>\n<\/p>\n<p><label>t\u00e9l\u00e9phone <span style=\"color:#12b9ff\">*<\/span><\/label><span class=\"wpcf7-form-control-wrap\" data-name=\"phone\"><input size=\"40\" class=\"wpcf7-form-control wpcf7-tel wpcf7-validates-as-required wpcf7-text wpcf7-validates-as-tel\" aria-required=\"true\" aria-invalid=\"false\" value=\"\" type=\"tel\" name=\"phone\" \/><\/span>\n<\/p>\n<p><label>rue, numero <span style=\"color:#12b9ff\">*<\/span><\/label><span class=\"wpcf7-form-control-wrap\" data-name=\"street_address\"><input size=\"40\" class=\"wpcf7-form-control wpcf7-text wpcf7-validates-as-required\" aria-required=\"true\" aria-invalid=\"false\" value=\"\" type=\"text\" name=\"street_address\" \/><\/span>\n<\/p>\n<p><label>ville <span style=\"color:#12b9ff\">*<\/span><\/label><span class=\"wpcf7-form-control-wrap\" data-name=\"city\"><input size=\"40\" class=\"wpcf7-form-control wpcf7-text wpcf7-validates-as-required\" aria-required=\"true\" aria-invalid=\"false\" value=\"\" type=\"text\" name=\"city\" \/><\/span>\n<\/p>\n<p><label>region<\/label><span class=\"wpcf7-form-control-wrap\" data-name=\"state\"><input size=\"40\" class=\"wpcf7-form-control wpcf7-text\" aria-invalid=\"false\" value=\"\" type=\"text\" name=\"state\" \/><\/span>\n<\/p>\n<p><label>code postal <span style=\"color:#12b9ff\">*<\/span><\/label><span class=\"wpcf7-form-control-wrap\" data-name=\"postcode\"><input size=\"40\" class=\"wpcf7-form-control wpcf7-text wpcf7-validates-as-required\" aria-required=\"true\" aria-invalid=\"false\" value=\"\" type=\"text\" name=\"postcode\" \/><\/span>\n<\/p>\n<p><label>secteur<\/label><span class=\"wpcf7-form-control-wrap\" data-name=\"industry\"><input size=\"40\" class=\"wpcf7-form-control wpcf7-text\" aria-invalid=\"false\" value=\"\" type=\"text\" name=\"industry\" \/><\/span>\n<\/p>\n<p><label>pays <span style=\"color:#12b9ff\">*<\/span><\/label><span class=\"wpcf7-form-control-wrap\" data-name=\"country\"><select class=\"wpcf7-form-control wpcf7-select wpcf7-validates-as-required\" aria-required=\"true\" aria-invalid=\"false\" name=\"country\"><option value=\"\">&#8212;Please choose an option&#8212;<\/option><option value=\"Afghanistan\">Afghanistan<\/option><option value=\"Afrique du Sud\">Afrique du Sud<\/option><option value=\"Albanie\">Albanie<\/option><option value=\"Alg\u00e9rie\">Alg\u00e9rie<\/option><option value=\"Allemagne\">Allemagne<\/option><option value=\"Andorre\">Andorre<\/option><option value=\"Angola\">Angola<\/option><option value=\"Anguilla\">Anguilla<\/option><option value=\"Antarctique\">Antarctique<\/option><option value=\"Arabie saoudite\">Arabie saoudite<\/option><option value=\"Argentine\">Argentine<\/option><option value=\"Arm\u00e9nie\">Arm\u00e9nie<\/option><option value=\"Aruba\">Aruba<\/option><option value=\"Australie\">Australie<\/option><option value=\"Autriche\">Autriche<\/option><option value=\"Bahre\u00efn\">Bahre\u00efn<\/option><option value=\"Bangladesh\">Bangladesh<\/option><option value=\"Barbade\">Barbade<\/option><option value=\"B\u00e9larus\">B\u00e9larus<\/option><option value=\"Belgique\">Belgique<\/option><option value=\"Belize\">Belize<\/option><option value=\"B\u00e9nin\">B\u00e9nin<\/option><option value=\"Bermudes\">Bermudes<\/option><option value=\"Bhoutan\">Bhoutan<\/option><option value=\"Bolivie\">Bolivie<\/option><option value=\"Botswana\">Botswana<\/option><option value=\"Br\u00e9sil\">Br\u00e9sil<\/option><option value=\"Brunei\">Brunei<\/option><option value=\"Bulgarie\">Bulgarie<\/option><option value=\"Burkina Faso\">Burkina Faso<\/option><option value=\"Burundi\">Burundi<\/option><option value=\"Cambodge\">Cambodge<\/option><option value=\"Cameroun\">Cameroun<\/option><option value=\"Canada\">Canada<\/option><option value=\"Cap-Vert\">Cap-Vert<\/option><option value=\"Chili\">Chili<\/option><option value=\"Chine\">Chine<\/option><option value=\"Chypre\">Chypre<\/option><option value=\"Cit\u00e9 du Vatican\">Cit\u00e9 du Vatican<\/option><option value=\"Colombie\">Colombie<\/option><option value=\"Comores\">Comores<\/option><option value=\"Congo\">Congo<\/option><option value=\"Congo-Brazzaville\">Congo-Brazzaville<\/option><option value=\"Cor\u00e9e du Nord\">Cor\u00e9e du Nord<\/option><option value=\"Cor\u00e9e du Sud\">Cor\u00e9e du Sud<\/option><option value=\"Costa Rica\">Costa Rica<\/option><option value=\"C\u00f4te d\u2019Ivoire\">C\u00f4te d\u2019Ivoire<\/option><option value=\"Croatie\">Croatie<\/option><option value=\"Cuba\">Cuba<\/option><option value=\"Danemark\">Danemark<\/option><option value=\"Djibouti\">Djibouti<\/option><option value=\"Dominique\">Dominique<\/option><option value=\"\u00c9gypte\">\u00c9gypte<\/option><option value=\"El Salvador\">El Salvador<\/option><option value=\"\u00c9mirats arabes unis\">\u00c9mirats arabes unis<\/option><option value=\"\u00c9quateur\">\u00c9quateur<\/option><option value=\"\u00c9rythr\u00e9e\">\u00c9rythr\u00e9e<\/option><option value=\"Espagne\">Espagne<\/option><option value=\"Estonie\">Estonie<\/option><option value=\"\u00c9tats-Unis\">\u00c9tats-Unis<\/option><option value=\"\u00c9thiopie\">\u00c9thiopie<\/option><option value=\"Fidji\">Fidji<\/option><option value=\"Finlande\">Finlande<\/option><option value=\"France\">France<\/option><option value=\"Gabon\">Gabon<\/option><option value=\"Gambie\">Gambie<\/option><option value=\"G\u00e9orgie\">G\u00e9orgie<\/option><option value=\"Ghana\">Ghana<\/option><option value=\"Gibraltar\">Gibraltar<\/option><option value=\"Gr\u00e8ce\">Gr\u00e8ce<\/option><option value=\"Grenade\">Grenade<\/option><option value=\"Groenland\">Groenland<\/option><option value=\"Guadeloupe\">Guadeloupe<\/option><option value=\"Guam\">Guam<\/option><option value=\"Guatemala\">Guatemala<\/option><option value=\"Guin\u00e9e\">Guin\u00e9e<\/option><option value=\"Guin\u00e9e \u00e9quatoriale\">Guin\u00e9e \u00e9quatoriale<\/option><option value=\"Guin\u00e9e-Bissau\">Guin\u00e9e-Bissau<\/option><option value=\"Guyana\">Guyana<\/option><option value=\"Guyane fran\u00e7aise\">Guyane fran\u00e7aise<\/option><option value=\"Ha\u00efti\">Ha\u00efti<\/option><option value=\"Honduras\">Honduras<\/option><option value=\"Hongrie\">Hongrie<\/option><option value=\"\u00cele Bouvet\">\u00cele Bouvet<\/option><option value=\"\u00cele Christmas\">\u00cele Christmas<\/option><option value=\"\u00cele Heard et les \u00celes McDonald\">\u00cele Heard et les \u00celes McDonald<\/option><option value=\"\u00cele Norfolk\">\u00cele Norfolk<\/option><option value=\"\u00celes Ca\u00efmanes\">\u00celes Ca\u00efmanes<\/option><option value=\"\u00celes Cook\">\u00celes Cook<\/option><option value=\"\u00celes F\u00e9ro\u00e9\">\u00celes F\u00e9ro\u00e9<\/option><option value=\"\u00celes Malouines\">\u00celes Malouines<\/option><option value=\"\u00celes Mariannes du Nord\">\u00celes Mariannes du Nord<\/option><option value=\"\u00celes Marshall\">\u00celes Marshall<\/option><option value=\"\u00celes Mineures \u00c9loign\u00e9es des \u00c9tats-Unis\">\u00celes Mineures \u00c9loign\u00e9es des \u00c9tats-Unis<\/option><option value=\"\u00celes Pitcairn\">\u00celes Pitcairn<\/option><option value=\"\u00celes Salomon\">\u00celes Salomon<\/option><option value=\"\u00celes Vierges des \u00c9tats-Unis\">\u00celes Vierges des \u00c9tats-Unis<\/option><option value=\"Inde\">Inde<\/option><option value=\"Indon\u00e9sie\">Indon\u00e9sie<\/option><option value=\"Irak\">Irak<\/option><option value=\"Iran\">Iran<\/option><option value=\"Irlande\">Irlande<\/option><option value=\"Islande\">Islande<\/option><option value=\"Isra\u00ebl\">Isra\u00ebl<\/option><option value=\"Italie\">Italie<\/option><option value=\"Jama\u00efque\">Jama\u00efque<\/option><option value=\"Japon\">Japon<\/option><option value=\"Jordanie\">Jordanie<\/option><option value=\"Kazakhstan\">Kazakhstan<\/option><option value=\"Kenya\">Kenya<\/option><option value=\"Kirghizistan\">Kirghizistan<\/option><option value=\"Kiribati\">Kiribati<\/option><option value=\"Kowe\u00eft\">Kowe\u00eft<\/option><option value=\"Laos\">Laos<\/option><option value=\"Les Bahamas\">Les Bahamas<\/option><option value=\"Lesotho\">Lesotho<\/option><option value=\"Lettonie\">Lettonie<\/option><option value=\"Liban\">Liban<\/option><option value=\"Lib\u00e9ria\">Lib\u00e9ria<\/option><option value=\"Libye\">Libye<\/option><option value=\"Liechtenstein\">Liechtenstein<\/option><option value=\"Lituanie\">Lituanie<\/option><option value=\"Luxembourg\">Luxembourg<\/option><option value=\"Mac\u00e9doine\">Mac\u00e9doine<\/option><option value=\"Madagascar\">Madagascar<\/option><option value=\"Malaisie\">Malaisie<\/option><option value=\"Malawi\">Malawi<\/option><option value=\"Maldives\">Maldives<\/option><option value=\"Mali\">Mali<\/option><option value=\"Malte\">Malte<\/option><option value=\"Maroc\">Maroc<\/option><option value=\"Martinique\">Martinique<\/option><option value=\"Maurice\">Maurice<\/option><option value=\"Mauritanie\">Mauritanie<\/option><option value=\"Mayotte\">Mayotte<\/option><option value=\"Mexique\">Mexique<\/option><option value=\"Micron\u00e9sie\">Micron\u00e9sie<\/option><option value=\"Moldavie\">Moldavie<\/option><option value=\"Monaco\">Monaco<\/option><option value=\"Mongolie\">Mongolie<\/option><option value=\"Mont\u00e9n\u00e9gro\">Mont\u00e9n\u00e9gro<\/option><option value=\"Montserrat\">Montserrat<\/option><option value=\"Mozambique\">Mozambique<\/option><option value=\"Myanmar\">Myanmar<\/option><option value=\"Namibie\">Namibie<\/option><option value=\"Nauru\">Nauru<\/option><option value=\"N\u00e9pal\">N\u00e9pal<\/option><option value=\"Nicaragua\">Nicaragua<\/option><option value=\"Niger\">Niger<\/option><option value=\"Nig\u00e9ria\">Nig\u00e9ria<\/option><option value=\"Niu\u00e9\">Niu\u00e9<\/option><option value=\"Norv\u00e8ge\">Norv\u00e8ge<\/option><option value=\"Nouvelle-Cal\u00e9donie\">Nouvelle-Cal\u00e9donie<\/option><option value=\"Nouvelle-Z\u00e9lande\">Nouvelle-Z\u00e9lande<\/option><option value=\"Oman\">Oman<\/option><option value=\"Ouganda\">Ouganda<\/option><option value=\"Ouzb\u00e9kistan\">Ouzb\u00e9kistan<\/option><option value=\"Pakistan\">Pakistan<\/option><option value=\"Palaos\">Palaos<\/option><option value=\"Palestine\">Palestine<\/option><option value=\"Panama\">Panama<\/option><option value=\"Paraguay\">Paraguay<\/option><option value=\"Pays-Bas\">Pays-Bas<\/option><option value=\"P\u00e9rou\">P\u00e9rou<\/option><option value=\"Philippines\">Philippines<\/option><option value=\"Pologne\">Pologne<\/option><option value=\"Polyn\u00e9sie fran\u00e7aise\">Polyn\u00e9sie fran\u00e7aise<\/option><option value=\"Porto Rico\">Porto Rico<\/option><option value=\"Portugal\">Portugal<\/option><option value=\"Qatar\">Qatar<\/option><option value=\"R\u00e9publique dominicaine\">R\u00e9publique dominicaine<\/option><option value=\"R\u00e9publique tch\u00e8que\">R\u00e9publique tch\u00e8que<\/option><option value=\"R\u00e9union\">R\u00e9union<\/option><option value=\"Roumanie\">Roumanie<\/option><option value=\"Royaume-Uni\">Royaume-Uni<\/option><option value=\"Russie\">Russie<\/option><option value=\"Rwanda\">Rwanda<\/option><option value=\"Sahara occidental\">Sahara occidental<\/option><option value=\"Saint-Kitts-et-Nevis\">Saint-Kitts-et-Nevis<\/option><option value=\"Saint-Marin\">Saint-Marin<\/option><option value=\"Saint-Vincent-et-les Grenadines\">Saint-Vincent-et-les Grenadines<\/option><option value=\"Sainte-H\u00e9l\u00e8ne\">Sainte-H\u00e9l\u00e8ne<\/option><option value=\"Sainte-Lucie\">Sainte-Lucie<\/option><option value=\"Samoa\">Samoa<\/option><option value=\"S\u00e9n\u00e9gal\">S\u00e9n\u00e9gal<\/option><option value=\"Serbie\">Serbie<\/option><option value=\"Seychelles\">Seychelles<\/option><option value=\"Sierra Leone\">Sierra Leone<\/option><option value=\"Singapour\">Singapour<\/option><option value=\"Slovaquie\">Slovaquie<\/option><option value=\"Slov\u00e9nie\">Slov\u00e9nie<\/option><option value=\"Somalie\">Somalie<\/option><option value=\"Soudan\">Soudan<\/option><option value=\"Sri Lanka\">Sri Lanka<\/option><option value=\"Su\u00e8de\">Su\u00e8de<\/option><option value=\"Suisse\">Suisse<\/option><option value=\"Suriname\">Suriname<\/option><option value=\"Svalbard\">Svalbard<\/option><option value=\"Swaziland\">Swaziland<\/option><option value=\"Syrie\">Syrie<\/option><option value=\"Tadjikistan\">Tadjikistan<\/option><option value=\"Ta\u00efwan\">Ta\u00efwan<\/option><option value=\"Tanzanie\">Tanzanie<\/option><option value=\"Tchad\">Tchad<\/option><option value=\"Tha\u00eflande\">Tha\u00eflande<\/option><option value=\"Timor-Leste\">Timor-Leste<\/option><option value=\"Togo\">Togo<\/option><option value=\"Tokelau\">Tokelau<\/option><option value=\"Tonga\">Tonga<\/option><option value=\"Tunisie\">Tunisie<\/option><option value=\"Turkm\u00e9nistan\">Turkm\u00e9nistan<\/option><option value=\"Turquie\">Turquie<\/option><option value=\"Tuvalu\">Tuvalu<\/option><option value=\"Ukraine\">Ukraine<\/option><option value=\"Uruguay\">Uruguay<\/option><option value=\"Vanuatu\">Vanuatu<\/option><option value=\"Venezuela\">Venezuela<\/option><option value=\"Vietnam\">Vietnam<\/option><option value=\"Wallis-et-Futuna\">Wallis-et-Futuna<\/option><option value=\"Y\u00e9men\">Y\u00e9men<\/option><option value=\"Zambie\">Zambie<\/option><option value=\"Zimbabwe\">Zimbabwe<\/option><\/select><\/span>\n<\/p>\n<p><label>type de v\u00e9hicules <span style=\"color:#12b9ff\">*<\/span><\/label><span class=\"wpcf7-form-control-wrap\" data-name=\"vehicle_type\"><input size=\"40\" class=\"wpcf7-form-control wpcf7-text wpcf7-validates-as-required\" aria-required=\"true\" aria-invalid=\"false\" value=\"\" type=\"text\" name=\"vehicle_type\" \/><\/span>\n<\/p>\n<p><label>nombre de v\u00e9hicules <span style=\"color:#12b9ff\">*<\/span><\/label><span class=\"wpcf7-form-control-wrap\" data-name=\"number_of_vehicles\"><input size=\"40\" class=\"wpcf7-form-control wpcf7-text wpcf7-validates-as-required\" aria-required=\"true\" aria-invalid=\"false\" value=\"\" type=\"text\" name=\"number_of_vehicles\" \/><\/span>\n<\/p>\n<p><label>contenu du kit <span style=\"color:#12b9ff\">*<\/span><\/label><span class=\"wpcf7-form-control-wrap\" data-name=\"solution_package\"><select class=\"wpcf7-form-control wpcf7-select\" aria-invalid=\"false\" name=\"solution_package\"><option value=\"ENAiKOON locate-04\">ENAiKOON locate-04<\/option><option value=\"ENAiKOON locate-04 + staff-tracker\">ENAiKOON locate-04 + staff-tracker<\/option><option value=\"ENAiKOON locate-04 + fuel-tracker\">ENAiKOON locate-04 + fuel-tracker<\/option><option value=\"ENAiKOON locate-06\">ENAiKOON locate-06<\/option><option value=\"ENAiKOON locate-06 + fuel-tracker\">ENAiKOON locate-06 + fuel-tracker<\/option><option value=\"ENAiKOON locate-06 + messenger + Garmin n\u00fcvi\">ENAiKOON locate-06 + messenger + Garmin n\u00fcvi<\/option><option value=\"ENAiKOON locate-06 + staff-tracker\">ENAiKOON locate-06 + staff-tracker<\/option><option value=\"ENAiKOON locate-06 + temp-checker\">ENAiKOON locate-06 + temp-checker<\/option><option value=\"ENAiKOON locate-06 + limit-checker\">ENAiKOON locate-06 + limit-checker<\/option><option value=\"ENAiKOON locate-15\">ENAiKOON locate-15<\/option><option value=\"ENAiKOON locate-17 autonome\">ENAiKOON locate-17 autonome<\/option><option value=\"ENAiKOON locate-17 fils ouverts\">ENAiKOON locate-17 fils ouverts<\/option><option value=\"ENAiKOON locate-17 installation de prise\">ENAiKOON locate-17 installation de prise<\/option><option value=\"ENAiKOON locate-19\">ENAiKOON locate-19<\/option><option value=\"ENAiKOON locate-60\/61\">ENAiKOON locate-60\/61<\/option><option value=\"ENAiKOON locate-60\/61 plus\">ENAiKOON locate-60\/61 plus<\/option><option value=\"inViu routes\">inViu routes<\/option><option value=\"Autre - s&#039;il vous pla\u00eet d\u00e9crire\">Autre - s&#039;il vous pla\u00eet d\u00e9crire<\/option><\/select><\/span>\n<\/p>\n<p><label>merci de d\u00e9tailler votre demande<\/label><span class=\"wpcf7-form-control-wrap\" data-name=\"your-request\"><textarea cols=\"40\" rows=\"10\" class=\"wpcf7-form-control wpcf7-textarea\" aria-invalid=\"false\" name=\"your-request\"><\/textarea><\/span>\n<\/p>\n<p><label>d\u00e9but de l'essai <span style=\"color:#12b9ff\">*<\/span><\/label><span class=\"wpcf7-form-control-wrap\" data-name=\"trial_start_date\"><input size=\"40\" class=\"wpcf7-form-control wpcf7-text wpcf7-validates-as-required\" aria-required=\"true\" aria-invalid=\"false\" value=\"jj-mm-aaaa\" type=\"text\" name=\"trial_start_date\" \/><\/span>\n<\/p>\n<p><label>fin de l'essai <span style=\"color:#12b9ff\">*<\/span><\/label><span class=\"wpcf7-form-control-wrap\" data-name=\"trial_start_date\"><input size=\"40\" class=\"wpcf7-form-control wpcf7-text wpcf7-validates-as-required\" aria-required=\"true\" aria-invalid=\"false\" value=\"jj-mm-aaaa\" type=\"text\" name=\"trial_start_date\" \/><\/span>\n<\/p>\n<p class=\"sentence\">La trousse d'essai doit \u00eatre retrourn\u00e9e \u00e0 ENAiKOON avant le dernier jour de la p\u00e9riode d'essai. L'accus\u00e9 r\u00e9ception \u00e9mis par la poste sera utilis\u00e9 pour confirmer la date de retour. Si le produit est renvoy\u00e9 \u00e0 l'entrep\u00f4t ENAiKOON \u00e0 Berlin, dans les temps, nous vous rembourserons votre caution, excluant les frais de transport. ENAiKOON se r\u00e9serve le droit de facturer la valeur totale au d\u00e9tail de l'appareil ainsi que les frais de transport si le produit est endommag\u00e9, modifi\u00e9 ou non restitu\u00e9.\n<\/p>\n<p class=\"sentence\">Je m\u00b4engage \u00e0 verser une caution du montant du prix r\u00e9el de l\u00b4\u00e9quipement ainsi que les frais de livraison \u00e0 ENAiKOON par virement bancaire :<br \/>\nBanque : Commerzbank - Num\u00e9ro de compte : 0566105500 - BLZ: 10080000<br \/>\nSWIFT: DRESDEFF 100 - IBAN: DE0410080000566105500<br \/>\nENAiKOON vous enverra une facture.<br \/>\nOu par paypal. ENAiKOON enverra une demande de versement \u00e0 mon compte paypal.\n<\/p>\n<p><label>mode de paiement<\/label><span class=\"wpcf7-form-control-wrap\" data-name=\"payment_option\"><select class=\"wpcf7-form-control wpcf7-select\" aria-invalid=\"false\" name=\"payment_option\"><option value=\"virement bancaire\">virement bancaire<\/option><option value=\"paypal\">paypal<\/option><\/select><\/span>\n<\/p>\n<p><label>votre compte paypal<\/label><span class=\"wpcf7-form-control-wrap\" data-name=\"your_paypal_account\"><input size=\"40\" class=\"wpcf7-form-control wpcf7-text\" aria-invalid=\"false\" value=\"\" type=\"text\" name=\"your_paypal_account\" \/><\/span>\n<\/p>\n<p><span class=\"wpcf7-form-control-wrap\" data-name=\"terms_of_evaluation\"><span class=\"wpcf7-form-control wpcf7-checkbox wpcf7-validates-as-required\"><span class=\"wpcf7-list-item first last\"><input type=\"checkbox\" name=\"terms_of_evaluation[]\" value=\"J\u00b4accepte les conditions d&#039;\u00e9valuation d&#039;ENAiKOON GmbH mentionn\u00e9es ci-dessus\" \/><span class=\"wpcf7-list-item-label\">J\u00b4accepte les conditions d&#039;\u00e9valuation d&#039;ENAiKOON GmbH mentionn\u00e9es ci-dessus<\/span><\/span><\/span><\/span><span class=\"checkbox-sign\" style=\"color:#12b9ff\">*<\/span>\n<\/p>\n<p><span class=\"wpcf7-form-control-wrap\" data-name=\"read_agree\"><span class=\"wpcf7-form-control wpcf7-checkbox wpcf7-validates-as-required\"><span class=\"wpcf7-list-item first last\"><input type=\"checkbox\" name=\"read_agree[]\" value=\"J&#039;ai lu et j&#039;accepte les termes et conditions g\u00e9n\u00e9rales de ENAiKOON GmbH\" \/><span class=\"wpcf7-list-item-label\">J&#039;ai lu et j&#039;accepte les termes et conditions g\u00e9n\u00e9rales de ENAiKOON GmbH<\/span><\/span><\/span><\/span><span class=\"checkbox-sign\" style=\"color:#12b9ff\">*<\/span>\n<\/p>\n<p><span class=\"wpcf7-form-control-wrap\" data-name=\"acceptance-182\"><span class=\"wpcf7-form-control wpcf7-acceptance\"><span class=\"wpcf7-list-item\"><label><input type=\"checkbox\" name=\"acceptance-182\" value=\"1\" aria-invalid=\"false\" \/><span class=\"wpcf7-list-item-label\">J'ai pris connaissance de la <a href=\"\/fr\/pied-de-page\/politique-de-confidentialite\/\">Politique de confidentialit\u00e9<\/a> et j'en accepte les termes en soumettant ce.<\/span><\/label><\/span><\/span><\/span>\n<\/p>\n<p><input class=\"wpcf7-form-control wpcf7-submit has-spinner free-trial-button\" type=\"submit\" value=\"Envoyer\" \/>\n<\/p><div class=\"frc-captcha \" data-sitekey=\"FCMOAC53TQD3118Q\" data-lang=\"en\" ><\/div>\n\t\t<noscript>You need to enable Javascript for the anti-spam check.<\/noscript><div class=\"wpcf7-response-output\" aria-hidden=\"true\"><\/div>\n<\/form>\n<\/div>\n\r\n    \r\n    <\/div>\r\n\r\n\t\r\n<\/div>\r\n\t\r\n\t<\/div>\r\n\t\r\n\t<div class=\"col-md-4\">\r\n\t\r\n\t<div class=\"gl_space_pageright2\">\r\n\t\r\n\t\r\n\t\r\n\t   <div class=\"gl_enaikoon_logo\"><img decoding=\"async\" src=\"https:\/\/www.enaikoon.com\/wp-content\/uploads\/2016\/07\/ENAiKOON-frosted-logo.png\" alt=\"ENAiKOON logo\" title=\"ENAiKOON logo\"\/><\/div>\r\n                    \r\n               \r\n                    <div class=\"gl_introduction_contact\">\r\n                    <img decoding=\"async\" src=\"https:\/\/www.enaikoon.com\/wp-content\/uploads\/2016\/07\/icon_email.png\" alt=\"\"\/>\r\n                     \r\n                    <p class=\"gl_text_space\"><a rel=\"nofollow\" href=\"mailto:sales@enaikoon.com\">sales@enaikoon.com<\/a><\/p>\r\n                    <\/div>\r\n                   \r\n                <div class=\"gl_introduction_contact\">\r\n                    <p class=\"gl_text_space\"><img decoding=\"async\" src=\"https:\/\/www.enaikoon.com\/wp-content\/uploads\/2016\/07\/icon_phone1.png\" alt=\"\"\/>\r\n                    +49 30 397475-30<\/p><\/div>\r\n                <div class=\"gl_introduction_contact\">\r\n                    <p class=\"gl_text_space\"><img decoding=\"async\" src=\"https:\/\/www.enaikoon.com\/wp-content\/uploads\/2016\/07\/icon_phone2.png\" alt=\"\"\/>\r\n                    +49 30 397475-40<\/p><\/div>\r\n                     <div><a class=\"gl_button_blue\"  href=\"https:\/\/www.enaikoon.com\/fr\/contact\/contact\/\">Nous contacter<\/a><\/div>\r\n                     \r\n                      <div class=\"gl_space_top15\"><\/div>\r\n\r\n                        <div class=\"gl_h4big\">\u00c9tapes \u00e0 suivre pour recevoir <br>votre kit d&rsquo;\u00e9valuation<\/div>\r\n\r\n                        <div class=\"gl_ul_style2\">\r\n                            <ol start=\"1\">\r\n                              <li class=\"gl_space_right30\">si vous le souhaitez, vous pouvez profiter des conseils de notre service client pour choisir le kit d&rsquo;\u00e9valuation qui vous convient le mieux<\/li>\r\n                              <li class=\"gl_space_right30\">veuillez renseigner les champs obligatoires du formulaire ci-contre<\/li>\r\n                              <li class=\"gl_space_right30\">veuillez choisir votre mode de paiement\r\n<em>le versement d&rsquo;une caution est obligatoire ; elle vous sera restitu\u00e9e \u00e0 la fin de votre p\u00e9riode d&rsquo;essai, d\u00e8s la r\u00e9ception et la v\u00e9rification du kit d&rsquo;\u00e9valuation<\/em><\/li>\r\n                              <li class=\"gl_space_right30\">n&rsquo;oubliez pas d&rsquo;accepter les conditions d&rsquo;\u00e9valuation pour nous envoyer votre demande<\/li>\r\n                              <li class=\"gl_space_right30\">ENAiKOON vous enverra une facture proforma<\/li>\r\n                            <\/ol>\r\n                        <\/div>\r\n                <div class=\"gl_space_top20\">  <a class=\"gl_button_grey\"  rel=\"nofollow\" href=\"https:\/\/www.enaikoon.com\/fileadmin\/enaikoon\/Dateien\/pdf\/Vertraege\/englisch\/ENAiKOON_GTC.pdf\"  target=\"_blank\">termes et conditions g\u00e9n.<\/a><\/div> \r\n                 \r\n\t\t \r\n\t\r\n\t<\/div>\r\n\t<\/div>\r\n\r\n\t<div class=\"gl_row_space\"><\/div>\r\n\t<div class=\"gl_line\"><\/div>\r\n\r\n<\/div>\r\n<div style=\"height:20px;\"><\/div>","protected":false},"excerpt":{"rendered":"","protected":false},"author":7,"featured_media":0,"parent":8512,"menu_order":0,"comment_status":"closed","ping_status":"closed","template":"","meta":{"footnotes":""},"acf":[],"_links":{"self":[{"href":"https:\/\/www.enaikoon.com\/fr\/wp-json\/wp\/v2\/pages\/8522"}],"collection":[{"href":"https:\/\/www.enaikoon.com\/fr\/wp-json\/wp\/v2\/pages"}],"about":[{"href":"https:\/\/www.enaikoon.com\/fr\/wp-json\/wp\/v2\/types\/page"}],"author":[{"embeddable":true,"href":"https:\/\/www.enaikoon.com\/fr\/wp-json\/wp\/v2\/users\/7"}],"replies":[{"embeddable":true,"href":"https:\/\/www.enaikoon.com\/fr\/wp-json\/wp\/v2\/comments?post=8522"}],"version-history":[{"count":9,"href":"https:\/\/www.enaikoon.com\/fr\/wp-json\/wp\/v2\/pages\/8522\/revisions"}],"predecessor-version":[{"id":11686,"href":"https:\/\/www.enaikoon.com\/fr\/wp-json\/wp\/v2\/pages\/8522\/revisions\/11686"}],"up":[{"embeddable":true,"href":"https:\/\/www.enaikoon.com\/fr\/wp-json\/wp\/v2\/pages\/8512"}],"wp:attachment":[{"href":"https:\/\/www.enaikoon.com\/fr\/wp-json\/wp\/v2\/media?parent=8522"}],"curies":[{"name":"wp","href":"https:\/\/api.w.org\/{rel}","templated":true}]}}