{"id":8509,"date":"2016-08-15T06:20:34","date_gmt":"2016-08-15T06:20:34","guid":{"rendered":"https:\/\/www.enaikoon.com\/fr\/?page_id=8509"},"modified":"2019-07-30T09:08:21","modified_gmt":"2019-07-30T09:08:21","slug":"routes-caracteristiques-principales","status":"publish","type":"page","link":"https:\/\/www.enaikoon.com\/fr\/mobile\/plugins\/routes\/routes-caracteristiques-principales\/","title":{"rendered":"routes-caracteristiques-principales"},"content":{"rendered":"<div class=\"gl_slide_scroll_box\">\n<div class=\"gl_scroll_box\">\n <noindex><\/noindex>\n<ul>\n \t<li><a class=\"gl_scroll_link_title\" href=\"https:\/\/www.enaikoon.com\/fr\/mobile\/plugins\/routes\/\" title=\"routes\">routes<\/a>\n<a href=\"https:\/\/www.enaikoon.com\/fr\/mobile\/plugins\/routes\/\" title=\"routes\"><img decoding=\"async\" class=\"gl_scroll_link_img_active\" src=\"https:\/\/www.enaikoon.com\/wp-content\/uploads\/2016\/07\/mobile_routes.png\" border=\"0\"><\/a><\/li>\n<!--\n \t<li><a class=\"gl_scroll_link_title\" href=\"https:\/\/www.enaikoon.com\/fr\/mobile\/plugins\/nfc-tracker\/\" title=\"NFC-tracker\">NFC-tracker<\/a>\n<a href=\"https:\/\/www.enaikoon.com\/fr\/mobile\/plugins\/nfc-tracker\/\" title=\"NFC-tracker\"><img decoding=\"async\" class=\"gl_scroll_link_img\" src=\"https:\/\/www.enaikoon.com\/wp-content\/uploads\/2016\/07\/mobile_NFC.png\" border=\"0\"><\/a><\/li>\n \t<li><a class=\"gl_scroll_link_title\" href=\"https:\/\/www.enaikoon.com\/fr\/mobile\/plugins\/gps-details\/\" title=\"GPS-details\">GPS-details<\/a>\n<a href=\"https:\/\/www.enaikoon.com\/fr\/mobile\/plugins\/gps-details\/\" title=\"GPS-details\"><img decoding=\"async\" class=\"gl_scroll_link_img\" src=\"https:\/\/www.enaikoon.com\/wp-content\/uploads\/2016\/07\/mobile_GPS.png\" border=\"0\"><\/a><\/li>\n \t<li><a class=\"gl_scroll_link_title\" href=\"https:\/\/www.enaikoon.com\/fr\/mobile\/plugins\/keypad-mapper-3\/\" title=\"Keypad-Mapper 3\">Keypad-Mapper 3<\/a>\n<a href=\"https:\/\/www.enaikoon.com\/fr\/mobile\/plugins\/keypad-mapper-3\/\" title=\"Keypad-Mapper 3\"><img decoding=\"async\" class=\"gl_scroll_link_img\" src=\"https:\/\/www.enaikoon.com\/wp-content\/uploads\/2016\/07\/mobile_keypad.png\" border=\"0\"><\/a><\/li>\n \t<li><a class=\"gl_scroll_link_title\" href=\"https:\/\/www.enaikoon.com\/fr\/mobile\/plugins\/traffic-counter\/\" title=\"traffic-counter\">traffic-counter<\/a>\n<a href=\"https:\/\/www.enaikoon.com\/fr\/mobile\/plugins\/traffic-counter\/\" title=\"traffic-counter\"><img decoding=\"async\" class=\"gl_scroll_link_img\" src=\"https:\/\/www.enaikoon.com\/wp-content\/uploads\/2016\/07\/mobile_traffic.png\" border=\"0\"><\/a><\/li>\n--><\/ul>\n<\/div>\n<\/div>\n<div class=\"row\">\n<div class=\"gl_border-page\">\n\n\t\t<div class=\"col-md-4\">\n<div class=\"gl_space_right20_inv\">\n<div class=\"clearfix\">\n    \t<img decoding=\"async\" src=\"https:\/\/www.enaikoon.com\/wp-content\/uploads\/2016\/07\/mobile_plugins1.png\" alt=\"\" align=\"left\">\n<div class=\"gl_h2big\">inViu routes &#8211;\ncaract\u00e9ristiques<\/div>\n<\/div>\n<\/div>\n<div class=\"gl_space_top15\"><\/div>\n<div class=\"gl_space_top15\"><\/div>\n<div class=\"gl_h4big\">Trackables<\/div>\n<div class=\"gl_ul_style2\">\n<ul>\n \t<li>afficher le lieu et l&rsquo;heure du dernier rapport de position<\/li>\n \t<li>g\u00e9olocaliser sa position en temps r\u00e9el sur le mobile<\/li>\n \t<li>option me-suivre : le zoom s&rsquo;ajuste et la carte se recentre d\u00e8s qu&rsquo;un trackable se d\u00e9place<\/li>\n \t<li>calcul d&rsquo;un itin\u00e9raire vers un trackable ; actualis\u00e9 en continu<\/li>\n \t<li>affichage des itin\u00e9raires de voyage des trackables<\/li>\n \t<li>l&rsquo;itin\u00e9raire vers un trackable<\/li>\n \t<li>r\u00e9gler l&rsquo;intervalle des mises \u00e0 jour<\/li>\n \t<li>acc\u00e9der au portail professionnel inViu pro et \/ ou inViu web<\/li>\n<\/ul>\n<\/div>\n<div class=\"gl_space_top15\"><\/div>\n<div class=\"gl_h4big\">Mode repos<\/div>\n<div class=\"gl_ul_style2\">\n<ul>\n \t<li>quelques exemples d&rsquo;utilisation: utiliser le mobile dans le cadre de son travail et pour ses affaires priv\u00e9es<\/li>\n \t<li>prot\u00e9ger la fonction de d\u00e9marrage automatique<\/li>\n \t<li>le r\u00e9glage des sauvegardes par un code PIN<\/li>\n \t<li>afficher et transmettre les d\u00e9placements   uniquement pendant les heures de service et ainsi arr\u00eater   l&rsquo;enregistrement lorsque l&#8217;employ\u00e9 a fini son service<\/li>\n \t<li>ajuster la dur\u00e9e de l&rsquo;enregistrement des d\u00e9placements en cas d&rsquo;heures suppl\u00e9mentaires<\/li>\n \t<li>cr\u00e9er un planning pour enregistrer automatiquement les d\u00e9placements du mobile<\/li>\n \t<li>exporter les itin\u00e9raires cr\u00e9\u00e9s vers d&rsquo;autres modules<\/li>\n \t<li>\u00eatre inform\u00e9 avant la fin de l&rsquo;enregistrement du trajet<\/li>\n \t<li>possibilit\u00e9 d&rsquo;\u00e9tendre la dur\u00e9e de l&rsquo;enregistrement en cliquant sur le message de notification ou le widget<\/li>\n<\/ul>\n<\/div>\n<div class=\"gl_space_top15\"><\/div>\n<div class=\"gl_h4big\">L&rsquo;int\u00e9gration de ENAiKOON messenger<\/div>\n<div class=\"gl_ul_style2\">\n<ul>\n \t<li>les utilisateurs du portail en ligne inViu pro peuvent d\u00e9sormais communiquer directement avec leurs employ\u00e9s<\/li>\n \t<li>envoyer un message<\/li>\n \t<li>afficher le message re\u00e7u par l&rsquo;application<\/li>\n \t<li>envoyer des missions associ\u00e9es \u00e0 une adresse de destination pr\u00e9cise<\/li>\n \t<li>afficher la destination sur la carte<\/li>\n \t<li>accepter la mission en passant directement par l&rsquo;application<\/li>\n \t<li>calculer l&rsquo;itin\u00e9raire jusqu&rsquo;\u00e0 l&rsquo;adresse correspondant \u00e0 la mission<\/li>\n \t<li>utiliser l&rsquo;adresse de destination pour la navigation<\/li>\n \t<li>r\u00e9pondre aux messages en utilisant des messages d&rsquo;\u00e9tat pr\u00e9programm\u00e9s<\/li>\n<\/ul>\n<\/div>\n<div class=\"gl_space_top15\"><\/div>\n<div class=\"gl_h4big\">G\u00e9o-notes<\/div>\n<div class=\"gl_ul_style2\">\n<ul>\n \t<li>cr\u00e9er des rappels g\u00e9olocalis\u00e9s<\/li>\n \t<li>recevoir une alerte d\u00e8s que vous entre ou quitte une zone de gardiennage virtuel<\/li>\n \t<li>recevoir une alerte d\u00e8s quelqu&rsquo;un d&rsquo;autre entre ou quitte une zone de gardiennage virtuel<\/li>\n \t<li>notifications que note avec texte ou vocal<\/li>\n<\/ul>\n<\/div>\n<\/div>\n\n<div class=\"col-md-4\">\n<div style=\"height:76px;\"><\/div>\n<div class=\"gl_space_top15\"><\/div>\n<div class=\"gl_h4big\">Trajets<\/div>\n<div class=\"gl_ul_style2\">\n<ul>\n \t<li>enregistrer ses trajets en mode automatique d\u00e8s la mise en marche du t\u00e9l\u00e9phone ou au lancement de l&rsquo;application<\/li>\n \t<li>enregistrer ses trajets en mode manuel en cliquant sur l&rsquo;ic\u00f4ne marche\/arr\u00eat<\/li>\n \t<li>arr\u00eater l&rsquo;enregistrement \u00e0 tout moment<\/li>\n \t<li>nommer ses trajets et entrer des informations suppl\u00e9mentaires<\/li>\n \t<li>classer ses trajets par nom ou par date<\/li>\n \t<li>afficher la vitesse et la longueur d&rsquo;un trajet<\/li>\n \t<li>afficher le profil de vitesse et d&rsquo;altitude du trajet ; graphique avec fonction zoom<\/li>\n \t<li>envoyer les informations au format .gpx ou .kml<\/li>\n \t<li>personnaliser le code couleur de l&rsquo;affichage en fonction de la vitesse du v\u00e9hicule<\/li>\n \t<li>enregistrer les positions en fonction de l&rsquo;heure, de la vitesse ou de la direction<\/li>\n \t<li>afficher la mise en marche ou l&rsquo;arr\u00eat des moteurs en fonction de l&rsquo;heure ou de la vitesse du v\u00e9hicule<\/li>\n \t<li>r\u00e9initialiser l&rsquo;odom\u00e8tre<\/li>\n<\/ul>\n<\/div>\n<div class=\"gl_space_top15\"><\/div>\n<div class=\"gl_h4big\">Recherche d&rsquo;adresses sur la carte<\/div>\n<div class=\"gl_ul_style2\">\n<ul>\n \t<li>affichage des adresses recherch\u00e9es sur la carte<\/li>\n<\/ul>\n<\/div>\n<div class=\"gl_space_top15\"><\/div>\n<div class=\"gl_h4big\">Planification des itin\u00e9raires<\/div>\n<div class=\"gl_ul_style2\">\n<ul>\n \t<li>de nombreux r\u00e9glages disponibles pour la   configuration de l&rsquo;adresse de d\u00e9part et d&rsquo;arriv\u00e9e: position actuelle,   \u00e9l\u00e9ment s\u00e9lectionn\u00e9 sur la carte, position du trackable, emplacement du   POI, de la photo, de la g\u00e9o-note, du contact<\/li>\n \t<li>cr\u00e9ation de plusieurs points interm\u00e9diaires<\/li>\n \t<li>intervalle de mise \u00e0 jour modifiable individuellement<\/li>\n \t<li>\u00e9tablir l&rsquo;itin\u00e9raire du v\u00e9hicule<\/li>\n \t<li>r\u00e9cup\u00e9rer les donn\u00e9es concernant l&rsquo;itin\u00e9raire en se connectant au serveur en ligne OSRM<\/li>\n \t<li>widget 4 x 1: l&rsquo;adresse de destination, la   distance au point de destination, la dur\u00e9e restante avant l&rsquo;arriv\u00e9e \u00e0   destination, l&rsquo;estimation de l&rsquo;heure d&rsquo;arriv\u00e9e<\/li>\n<\/ul>\n<\/div>\n<div class=\"gl_space_top15\"><\/div>\n<div class=\"gl_h4big\">Se connecter au logiciel de navigation<\/div>\n<div class=\"gl_ul_style2\">\n<ul>\n \t<li>utiliser tous les endroits que l&rsquo;adresse de destination<\/li>\n \t<li>l&rsquo;interface des applications de navigation<\/li>\n<\/ul>\n<\/div>\n<div class=\"gl_ul_style3\">\n<ul>\n \t<li>Navigon<\/li>\n \t<li>PTV Navigator Truck Navigation<\/li>\n<\/ul>\n<\/div>\n<div class=\"gl_space_top15\"><\/div>\n<div class=\"gl_h4big\">Photos et points d&rsquo;int\u00e9r\u00eat (POI)<\/div>\n<div class=\"gl_ul_style2\">\n<ul>\n \t<li>prendre et nommer les photos \u00e0 partir de l&rsquo;application inViu routes<\/li>\n \t<li>cr\u00e9er, nommer et rechercher des POI<\/li>\n \t<li>associer des photos et des POI \u00e0 vos trajets<\/li>\n \t<li>voir l&rsquo;ensemble des trackables, trajets, photos et POI sur une m\u00eame carte<\/li>\n \t<li>afficher des adresses sur vos trajets, photos et POI<\/li>\n \t<li>fonctionnalit\u00e9s de carte et d&rsquo;informations pour les trackables, les Points d&rsquo;Int\u00e9r\u00eats et les photos<\/li>\n \t<li>partager vos photos et vos positions<\/li>\n<\/ul>\n<\/div>\n<\/div>\n\n<div class=\"col-md-4\">\n<div style=\"height:80px;\"><\/div>\n<div><a class=\"gl_button_blue\" href=\"https:\/\/www.enaikoon.com\/fr\/contact\/contact\/\">Nous contacter<\/a><\/div>\n<div><a class=\"gl_button_grey\" rel=\"nofollow\" href=\"https:\/\/www.enaikoon.com\/fileadmin\/enaikoon\/Dateien\/pdf\/Einbauanleitung\/routes-how-to\/franz\/ENAiKOON_Guide_de_prise_inViu_routes.pdf\" target=\"_blank\">guide rapide<\/a><\/div>\n<div><a class=\"gl_button_grey\" rel=\"nofollow\" href=\"https:\/\/www.enaikoon.com\/fileadmin\/enaikoon\/Dateien\/pdf\/Einbauanleitung\/routes-in\/franz\/inViu_routes_Installation.pdf\" target=\"_blank\">installation<\/a><\/div>\n<div><a class=\"gl_button_yellow\" href=\"https:\/\/www.enaikoon.com\/fr\/ressources\/autres-medias\/\">vid\u00e9o inViu routes<\/a><\/div>\n<div class=\"gl_space_top15\"><\/div>\n<div class=\"gl_h4big\">Informations g\u00e9n\u00e9rales<\/div>\n<div class=\"gl_ul_style2\">\n<ul>\n \t<li>mode hors connexion : aucune information inViu n&rsquo;est envoy\u00e9e<\/li>\n \t<li>envoi ou mise en ligne des informations si connexion Wi-fi disponible<\/li>\n \t<li>utilise OpenStreeMap\u00a9, une carte open source<\/li>\n \t<li>disponible en anglais, allemand, fran\u00e7ais et espagnol<\/li>\n \t<li>mode \u00e9conomie d&rsquo;\u00e9nergie : GPS d\u00e9sactiv\u00e9 d\u00e8s que le signal est indisponible<\/li>\n \t<li>syst\u00e8mes de mesure disponibles : m\u00e9trique ou imp\u00e9rial<\/li>\n \t<li>fonction d&rsquo;aide disponible<\/li>\n \t<li>param\u00e8tres prot\u00e9g\u00e9s par un mot de passe<\/li>\n<\/ul>\n<\/div>\n<div><a class=\"gl_button_blue\" href=\"https:\/\/www.enaikoon.com\/fr\/mobile\/plugins\/routes\/\">Retour \u00e0 la page routes<\/a><\/div>\n<\/div>\n<div class=\"gl_row_space\"><\/div>\n<\/div>\n<\/div>","protected":false},"excerpt":{"rendered":"<p> [&hellip;]<\/p>\n","protected":false},"author":7,"featured_media":0,"parent":8497,"menu_order":0,"comment_status":"closed","ping_status":"closed","template":"","meta":{"footnotes":""},"acf":[],"_links":{"self":[{"href":"https:\/\/www.enaikoon.com\/fr\/wp-json\/wp\/v2\/pages\/8509"}],"collection":[{"href":"https:\/\/www.enaikoon.com\/fr\/wp-json\/wp\/v2\/pages"}],"about":[{"href":"https:\/\/www.enaikoon.com\/fr\/wp-json\/wp\/v2\/types\/page"}],"author":[{"embeddable":true,"href":"https:\/\/www.enaikoon.com\/fr\/wp-json\/wp\/v2\/users\/7"}],"replies":[{"embeddable":true,"href":"https:\/\/www.enaikoon.com\/fr\/wp-json\/wp\/v2\/comments?post=8509"}],"version-history":[{"count":8,"href":"https:\/\/www.enaikoon.com\/fr\/wp-json\/wp\/v2\/pages\/8509\/revisions"}],"predecessor-version":[{"id":16627,"href":"https:\/\/www.enaikoon.com\/fr\/wp-json\/wp\/v2\/pages\/8509\/revisions\/16627"}],"up":[{"embeddable":true,"href":"https:\/\/www.enaikoon.com\/fr\/wp-json\/wp\/v2\/pages\/8497"}],"wp:attachment":[{"href":"https:\/\/www.enaikoon.com\/fr\/wp-json\/wp\/v2\/media?parent=8509"}],"curies":[{"name":"wp","href":"https:\/\/api.w.org\/{rel}","templated":true}]}}