{"id":8505,"date":"2016-08-15T06:17:16","date_gmt":"2016-08-15T06:17:16","guid":{"rendered":"https:\/\/www.enaikoon.com\/fr\/?page_id=8505"},"modified":"2017-03-03T11:00:58","modified_gmt":"2017-03-03T11:00:58","slug":"traffic-counter","status":"publish","type":"page","link":"https:\/\/www.enaikoon.com\/fr\/mobile\/plugins\/traffic-counter\/","title":{"rendered":"traffic-counter"},"content":{"rendered":"<div class=\"gl_slide_scroll_box\">\r\n\t<div class=\"gl_scroll_box\">\r\n <noindex><\/noindex>        <ul>\r\n            <li><a class=\"gl_scroll_link_title\" href=\"https:\/\/www.enaikoon.com\/fr\/mobile\/plugins\/routes\/\"  title=\"routes\">routes<\/a><br\/>\r\n            <a href=\"https:\/\/www.enaikoon.com\/fr\/mobile\/plugins\/routes\/\"  title=\"routes\"><img decoding=\"async\" class=\"gl_scroll_link_img\" src=\"https:\/\/www.enaikoon.com\/wp-content\/uploads\/2016\/07\/mobile_routes.png\" border=\"0\"><\/a><\/li>\r\n            \r\n \t\t\t<li><a class=\"gl_scroll_link_title\" href=\"https:\/\/www.enaikoon.com\/fr\/mobile\/plugins\/nfc-tracker\/\"  title=\"NFC-tracker\">NFC-tracker<\/a><br\/>\r\n            <a href=\"https:\/\/www.enaikoon.com\/fr\/mobile\/plugins\/nfc-tracker\/\"  title=\"NFC-tracker\"><img decoding=\"async\" class=\"gl_scroll_link_img\" src=\"https:\/\/www.enaikoon.com\/wp-content\/uploads\/2016\/07\/mobile_NFC.png\" border=\"0\"><\/a><\/li>\r\n            \r\n             <li><a class=\"gl_scroll_link_title\" href=\"https:\/\/www.enaikoon.com\/fr\/mobile\/plugins\/gps-details\/\"  title=\"GPS-details\">GPS-details<\/a><br\/>\r\n            <a href=\"https:\/\/www.enaikoon.com\/fr\/mobile\/plugins\/gps-details\/\"  title=\"GPS-details\"><img decoding=\"async\" class=\"gl_scroll_link_img\" src=\"https:\/\/www.enaikoon.com\/wp-content\/uploads\/2016\/07\/mobile_GPS.png\" border=\"0\"><\/a><\/li>\r\n            \r\n             <li><a class=\"gl_scroll_link_title\" href=\"https:\/\/www.enaikoon.com\/fr\/mobile\/plugins\/keypad-mapper-3\/\"  title=\"Keypad-Mapper 3\">Keypad-Mapper 3<\/a><br\/>\r\n            <a href=\"https:\/\/www.enaikoon.com\/fr\/mobile\/plugins\/keypad-mapper-3\/\"  title=\"Keypad-Mapper 3\"><img decoding=\"async\" class=\"gl_scroll_link_img\" src=\"https:\/\/www.enaikoon.com\/wp-content\/uploads\/2016\/07\/mobile_keypad.png\" border=\"0\"><\/a><\/li>\r\n            \r\n             <li><a class=\"gl_scroll_link_title\" href=\"https:\/\/www.enaikoon.com\/fr\/mobile\/plugins\/traffic-counter\/\" title=\"traffic-counter\">traffic-counter<\/a><br\/>\r\n            <a href=\"https:\/\/www.enaikoon.com\/fr\/mobile\/plugins\/traffic-counter\/\" title=\"traffic-counter\"><img decoding=\"async\" class=\"gl_scroll_link_img_active\" src=\"https:\/\/www.enaikoon.com\/wp-content\/uploads\/2016\/07\/mobile_traffic.png\" border=\"0\"><\/a><\/li>\r\n        <\/ul>\r\n\r\n    <\/div>\r\n<\/div>\r\n<div class=\"row\">\r\n\r\n<div class=\"gl_border-page\">\r\n\t\t\r\n\t\t<div class=\"col-md-4\">\r\n\t\r\n    <div class=\"clearfix\">\r\n   \t  <img decoding=\"async\" src=\"https:\/\/www.enaikoon.com\/wp-content\/uploads\/2016\/07\/mobile_plugins6.png\" align=\"left\"  alt=\"inViu traffic-counter\" title=\"inViu traffic-counter\" \/><div class=\"gl_h2big\">inViu traffic-<br\/>\r\ncounter<\/div>\r\n    <\/div>\r\n    <div class=\"gl_space_top15\"><\/div>\r\n   <div class=\"gl_space_right5\">\r\n\r\n\r\nL&rsquo;<strong>inViu traffic-counter<\/strong> est un outil indispensable pour contr\u00f4ler le trafic de donn\u00e9es en temps r\u00e9el. Il permet d&rsquo;afficher clairement votre consommation quotidienne, mensuelle et globale.\r\nGr\u00e2ce \u00e0 la fonction d&rsquo;alerte, vous serez imm\u00e9diatement inform\u00e9 si vous d\u00e9passez la limite autoris\u00e9e du trafic de donn\u00e9es.<\/div>\r\n \r\n \r\n <div class=\"gl_space_top20\"><\/div>\r\n <div class=\"gl_NFC_tracker_features gl_NFC_image_gallery\">\r\n    \t<a href=\"https:\/\/www.enaikoon.com\/wp-content\/uploads\/2016\/08\/9d75f0cff4.png\" target=\"_blank\" title=\"inViu traffic-counter\" rel=\"nofollow\"><img decoding=\"async\" src=\"https:\/\/www.enaikoon.com\/wp-content\/uploads\/2016\/08\/9d75f0cff4.png\"  border=\"0\" alt=\"inViu traffic-counter\" ><\/a>\r\n\r\n<a href=\"https:\/\/www.enaikoon.com\/wp-content\/uploads\/2016\/08\/b4e8bfdcfc.png\" target=\"_blank\"  title=\"inViu traffic-counter\"  rel=\"nofollow\"><img decoding=\"async\" src=\"https:\/\/www.enaikoon.com\/wp-content\/uploads\/2016\/08\/b4e8bfdcfc.png\" border=\"0\"  alt=\"inViu traffic-counter\" ><\/a>\r\n\r\n<a href=\"https:\/\/www.enaikoon.com\/wp-content\/uploads\/2016\/08\/53a8a5ecf4.png\" target=\"_blank\" title=\"inViu traffic-counter\"rel=\"nofollow\"><img decoding=\"async\" src=\"https:\/\/www.enaikoon.com\/wp-content\/uploads\/2016\/08\/53a8a5ecf4.png\" border=\"0\" alt=\"inViu traffic-counter\"><\/a>\r\n    \r\n  <\/div>\r\n  <div class=\"gl_NFC_tracker_features\">\r\n   \t<a rel=\"nofollow\" href=\"https:\/\/play.google.com\/store\/apps\/details?id=de.enaikoon.android.inviu.traffic&#038;feature\" target=\"_blank\" title=\"inViu traffic-counter at Google Play\"><img decoding=\"async\" src=\"https:\/\/www.enaikoon.com\/wp-content\/uploads\/2016\/07\/traffic4.png\" width=\"255\"  border=\"0\"  alt=\"inViu traffic-counter at Google Play\" \/><\/a>\r\n\r\n<\/div>\r\n\t\t\t\r\n\t\t<\/div>\r\n\t\t\r\n\t\t<div class=\"col-md-4\">\r\n        <div class=\"gl_space_top85\">\r\n\t \r\n\t\t <div class=\"gl_h4big\">Caract\u00e9ristiques principales<\/div><\/div>\r\n\t\t <div class=\"gl_space_top10\"><strong>traffic-counter pour mobiles<\/strong><\/div>\r\n\t\t\t <div class=\"gl_ul_style1\">\r\n\t\t\t\t\t<ul>\r\n\t\t\t\t\t\t    <li>classement du trafic des donn&eacute;es par jour, par mois ou global<\/li>\r\n\t\t\t\t\t\t\t<li>affichage du nombre de donn&eacute;es envoy&eacute;es et re&ccedil;ues<\/li>\r\n\t\t\t\t\t\t\t<li>choix possible entre B, kB et mB<\/li>\r\n\t\t\t\t\t\t\t<li>seuils quotidiens ajustables<\/li>\r\n\t\t\t\t\t\t\t<li>seuils mensuels ajustables<\/li>\r\n\t\t\t\t\t\t\t<li>envoi de notifications si le pourcentage pr\u00e9d\u00e9fini du trafic de donn&eacute;es est atteint<\/li>\r\n\t\t\t\t\t\t\t<li>r&eacute;initialisation possible<\/li>\r\n\t\t\t\t\t<\/ul>\r\n\t\t\t\t<\/div>\r\n\t\r\n\t\t<div class=\"gl_space_top10\"><\/div>\r\n        \r\n\t\t<strong>Informations g\u00e9n\u00e9rales<\/strong>\r\n\t\t\t\t<div class=\"gl_ul_style1\">\r\n\t\t\t\t\t<ul>\r\n\t\t\t\t\t\t    <li>disponible en anglais, allemand, fran&ccedil;ais et espagnol<\/li>\r\n\t\t\t\t\t\t\t<li>fonction d&rsquo;aide disponible<\/li>\r\n\t\t\t\r\n\t\t\t\t\t<\/ul>\r\n\t\t\t  <\/div>\r\n\r\n\t\t<\/div>\r\n\t\t\r\n\t\t<div class=\"col-md-4\">\r\n        <div class=\"gl_space_top85\">\r\n\t\t\r\n\t\t \t<div class=\"gl_h4big\">Combinaisons<\/div>\r\n\t\t\r\n\t\t  <p>traffic-counter + <a href=\"https:\/\/www.enaikoon.com\/fr\/mobile\/plugins\/gps-details\/\">GPS-details<\/a> + <br\/>mobile-protector + <a href=\"https:\/\/www.enaikoon.com\/fr\/mobile\/plugins\/routes\/\">routes<\/a> = toutes les applis GPS se combinent \u00e0 la perfection<\/p>\r\n<div class=\"gl_space_top15\"><\/div>\r\n\t\t  <div class=\"gl_space_top10\"><a class=\"gl_button_blue\" href=\"https:\/\/www.enaikoon.com\/fr\/contact\/contact\/\">Nous contacter<\/a> <\/div>\r\n\t\t\t <p class=\"gl_space_top15\"><strong>\r\n\r\nT\u00e9l\u00e9charger l&rsquo;application inViu traffic-counter sur Google Play :\r\n<\/strong><\/p>\r\n\t\t\t  <div class=\"gl_space_top15\"><a class=\"gl_button_grey\"  rel=\"nofollow\" href=\"https:\/\/play.google.com\/store\/apps\/details?id=de.enaikoon.android.inviu.traffic&#038;hl=fr\" target=\"_blank\">inViu traffic-counter<\/a> <\/div>\r\n\r\n<\/div>\r\n \r\n     <\/div>\r\n\t\t\t\r\n\t\t<div class=\"gl_row_space\"><\/div>\r\n<\/div>\r\n<\/div>","protected":false},"excerpt":{"rendered":"<p> [&hellip;]<\/p>\n","protected":false},"author":7,"featured_media":0,"parent":8494,"menu_order":0,"comment_status":"closed","ping_status":"closed","template":"","meta":{"footnotes":""},"acf":[],"_links":{"self":[{"href":"https:\/\/www.enaikoon.com\/fr\/wp-json\/wp\/v2\/pages\/8505"}],"collection":[{"href":"https:\/\/www.enaikoon.com\/fr\/wp-json\/wp\/v2\/pages"}],"about":[{"href":"https:\/\/www.enaikoon.com\/fr\/wp-json\/wp\/v2\/types\/page"}],"author":[{"embeddable":true,"href":"https:\/\/www.enaikoon.com\/fr\/wp-json\/wp\/v2\/users\/7"}],"replies":[{"embeddable":true,"href":"https:\/\/www.enaikoon.com\/fr\/wp-json\/wp\/v2\/comments?post=8505"}],"version-history":[{"count":11,"href":"https:\/\/www.enaikoon.com\/fr\/wp-json\/wp\/v2\/pages\/8505\/revisions"}],"predecessor-version":[{"id":11305,"href":"https:\/\/www.enaikoon.com\/fr\/wp-json\/wp\/v2\/pages\/8505\/revisions\/11305"}],"up":[{"embeddable":true,"href":"https:\/\/www.enaikoon.com\/fr\/wp-json\/wp\/v2\/pages\/8494"}],"wp:attachment":[{"href":"https:\/\/www.enaikoon.com\/fr\/wp-json\/wp\/v2\/media?parent=8505"}],"curies":[{"name":"wp","href":"https:\/\/api.w.org\/{rel}","templated":true}]}}