{"id":8502,"date":"2016-08-15T06:16:07","date_gmt":"2016-08-15T06:16:07","guid":{"rendered":"https:\/\/www.enaikoon.com\/fr\/?page_id=8502"},"modified":"2017-03-03T10:43:25","modified_gmt":"2017-03-03T10:43:25","slug":"gps-details","status":"publish","type":"page","link":"https:\/\/www.enaikoon.com\/fr\/mobile\/plugins\/gps-details\/","title":{"rendered":"GPS-details"},"content":{"rendered":"<div class=\"gl_slide_scroll_box\">\r\n\t<div class=\"gl_scroll_box\">\r\n <noindex><\/noindex>        <ul>\r\n            <li><a class=\"gl_scroll_link_title\" href=\"https:\/\/www.enaikoon.com\/fr\/mobile\/plugins\/routes\/\"  title=\"routes\">routes<\/a><br\/>\r\n            <a href=\"https:\/\/www.enaikoon.com\/fr\/mobile\/plugins\/routes\/\"  title=\"routes\"><img decoding=\"async\" class=\"gl_scroll_link_img\" src=\"https:\/\/www.enaikoon.com\/wp-content\/uploads\/2016\/07\/mobile_routes.png\" border=\"0\"><\/a><\/li>\r\n            \r\n \t\t\t<li><a class=\"gl_scroll_link_title\" href=\"https:\/\/www.enaikoon.com\/fr\/mobile\/plugins\/nfc-tracker\/\"  title=\"NFC-tracker\">NFC-tracker<\/a><br\/>\r\n            <a href=\"https:\/\/www.enaikoon.com\/fr\/mobile\/plugins\/nfc-tracker\/\"  title=\"NFC-tracker\"><img decoding=\"async\" class=\"gl_scroll_link_img\" src=\"https:\/\/www.enaikoon.com\/wp-content\/uploads\/2016\/07\/mobile_NFC.png\" border=\"0\"><\/a><\/li>\r\n            \r\n             <li><a class=\"gl_scroll_link_title\" href=\"https:\/\/www.enaikoon.com\/fr\/mobile\/plugins\/gps-details\/\"  title=\"GPS-details\">GPS-details<\/a><br\/>\r\n            <a href=\"https:\/\/www.enaikoon.com\/fr\/mobile\/plugins\/gps-details\/\"  title=\"GPS-details\"><img decoding=\"async\" class=\"gl_scroll_link_img_active\" src=\"https:\/\/www.enaikoon.com\/wp-content\/uploads\/2016\/07\/mobile_GPS.png\" border=\"0\"><\/a><\/li>\r\n            \r\n             <li><a class=\"gl_scroll_link_title\" href=\"https:\/\/www.enaikoon.com\/fr\/mobile\/plugins\/keypad-mapper-3\/\"  title=\"Keypad-Mapper 3\">Keypad-Mapper 3<\/a><br\/>\r\n            <a href=\"https:\/\/www.enaikoon.com\/fr\/mobile\/plugins\/keypad-mapper-3\/\"  title=\"Keypad-Mapper 3\"><img decoding=\"async\" class=\"gl_scroll_link_img\" src=\"https:\/\/www.enaikoon.com\/wp-content\/uploads\/2016\/07\/mobile_keypad.png\" border=\"0\"><\/a><\/li>\r\n\r\n             <li><a class=\"gl_scroll_link_title\" href=\"https:\/\/www.enaikoon.com\/fr\/mobile\/plugins\/traffic-counter\/\" title=\"traffic-counter\">traffic-counter<\/a><br\/>\r\n            <a href=\"https:\/\/www.enaikoon.com\/fr\/mobile\/plugins\/traffic-counter\/\" title=\"traffic-counter\"><img decoding=\"async\" class=\"gl_scroll_link_img\" src=\"https:\/\/www.enaikoon.com\/wp-content\/uploads\/2016\/07\/mobile_traffic.png\" border=\"0\"><\/a><\/li>\r\n        <\/ul>\r\n\r\n    <\/div>\r\n<\/div>\r\n<div class=\"row\">\r\n\r\n<div class=\"gl_border-page\">\r\n\t\t\r\n\t\t\r\n\t\t<div class=\"col-md-4\">\r\n\t\r\n    <div class=\"clearfix\">\r\n    \t<img decoding=\"async\" src=\"https:\/\/www.enaikoon.com\/wp-content\/uploads\/2016\/07\/mobile_plugins3.png\" align=\"left\" alt=\"inViu GPS-details\" title=\"inViu GPS-details\" alt=\"\" \/><div class=\"gl_h2big\">inViu<br\/>\r\nGPS-details<\/div>\r\n    <\/div>\r\n    <div class=\"gl_space_top15\"><\/div>\r\n   <div class=\"gl_space_right15\">\r\nL&rsquo;<strong>inViu GPS-details<\/strong> affiche de mani\u00e8re claire, concise et attractive l&rsquo;ensemble des informations importantes du GPS. Un message d&rsquo;\u00e9tat permanent indique vos coordonn\u00e9es GPS, pour conna\u00eetre \u00e0 tout moment l&rsquo;\u00e9tat de votre position satellite.\r\n<div class=\"gl_space_top30\"><\/div>\r\n<div class=\"gl_h4_fix\">Captures d&rsquo;\u00e9cran inViu GPS-details<\/div>\r\n<div class=\"gl_space_top20\">\r\n\t<a href=\"https:\/\/www.enaikoon.com\/wp-content\/uploads\/2016\/08\/13819a2370.png\" target=\"_blank\"  rel=\"nofollow\" title=\"Qualit\u00e9 SNR\"><img decoding=\"async\" loading=\"lazy\" src=\"https:\/\/www.enaikoon.com\/wp-content\/uploads\/2016\/08\/13819a2370.png\" alt=\"inViu GPS\" border=\"0\" height=\"481\" width=\"270\"><\/a>\r\n <div style=\"display:none;\">\r\n<a href=\"https:\/\/www.enaikoon.com\/wp-content\/uploads\/2016\/08\/881f014862.png\" target=\"_blank\"  rel=\"nofollow\" title=\"Satellites\"><img decoding=\"async\" loading=\"lazy\" src=\"https:\/\/www.enaikoon.com\/wp-content\/uploads\/2016\/08\/881f014862.png\" alt=\"inViu GPS\" style=\"display:none;\" border=\"0\" height=\"0\" width=\"0\"><\/a>\r\n\r\n<a href=\"https:\/\/www.enaikoon.com\/wp-content\/uploads\/2016\/08\/3f0b19038a.png\" target=\"_blank\"  rel=\"nofollow\" title=\"Indicateur de vitesse et direction\"><img decoding=\"async\" loading=\"lazy\" src=\"https:\/\/www.enaikoon.com\/wp-content\/uploads\/2016\/08\/3f0b19038a.png\" alt=\"inViu GPS\" style=\"display:none;\" border=\"0\" height=\"0\" width=\"0\"><\/a>\r\n\r\n<a href=\"https:\/\/www.enaikoon.com\/wp-content\/uploads\/2016\/08\/4d74015bc3.png\" target=\"_blank\"  rel=\"nofollow\"  title=\"Boussole\"><img decoding=\"async\" loading=\"lazy\" src=\"https:\/\/www.enaikoon.com\/wp-content\/uploads\/2016\/08\/4d74015bc3.png\" alt=\"inViu GPS\" style=\"display:none;\" border=\"0\" height=\"0\" width=\"0\"><\/a>\r\n\r\n<a href=\"https:\/\/www.enaikoon.com\/wp-content\/uploads\/2016\/08\/c8570cfc67.png\" target=\"_blank\"  rel=\"nofollow\" title=\"Compteur de vitesse \u00e0 affichage num\u00e9rique\"><img decoding=\"async\" loading=\"lazy\" src=\"https:\/\/www.enaikoon.com\/wp-content\/uploads\/2016\/08\/c8570cfc67.png\" alt=\"inViu GPS\" style=\"display:none;\" border=\"0\" height=\"0\" width=\"0\"><\/a>\r\n\r\n<a href=\"https:\/\/www.enaikoon.com\/wp-content\/uploads\/2016\/08\/2878a0de25.png\" target=\"_blank\"  rel=\"nofollow\" title=\"Informations\">><img decoding=\"async\" loading=\"lazy\" src=\"https:\/\/www.enaikoon.com\/wp-content\/uploads\/2016\/08\/2878a0de25.png\" alt=\"inViu GPS\" style=\"display:none;\" border=\"0\" height=\"0\" width=\"0\"><\/a>\r\n\r\n<a href=\"https:\/\/www.enaikoon.com\/wp-content\/uploads\/2016\/08\/3d9e154d4e.png\" target=\"_blank\"  rel=\"nofollow\"  title=\"R\u00e9glages \u00e9chelles de vitesse\"><img decoding=\"async\" loading=\"lazy\" src=\"https:\/\/www.enaikoon.com\/wp-content\/uploads\/2016\/08\/3d9e154d4e.png\" alt=\"inViu GPS\" style=\"display:none;\" border=\"0\" height=\"0\" width=\"0\"><\/a>\r\n\r\n<a href=\"https:\/\/www.enaikoon.com\/wp-content\/uploads\/2016\/08\/62e5890e04.png\" target=\"_blank\"  rel=\"nofollow\" title=\"R\u00e9glages\"><img decoding=\"async\" loading=\"lazy\" src=\"https:\/\/www.enaikoon.com\/wp-content\/uploads\/2016\/08\/62e5890e04.png\" alt=\"inViu GPS\" style=\"display:none;\" border=\"0\" height=\"0\" width=\"0\"><\/a>\r\n<\/div>\r\n<\/div>\r\n<\/div>\r\n\t\t\t\r\n\t\t<\/div>\r\n\t\t\r\n\t\t<div class=\"col-md-4\">\r\n        <div class=\"gl_space_top85\">\r\n\t \r\n\t\t <div class=\"gl_h4big\">Caract\u00e9ristiques principales<\/div><\/div>\r\n<div class=\"gl_space_right10\">\r\n\t\t <div class=\"gl_space_top10\"><strong>Donn\u00e9es GPS<\/strong><\/div>\r\n     <div class=\"gl_ul_style1\">\r\n     \r\n        <ul>\r\n           <li>puissance du signal satellite<\/li>\r\n\t\t\t<li>pr&eacute;cision de la r&eacute;ception GPS<\/li>\r\n\t\t\t<li>nombre et emplacement des satellites<\/li>\r\n\t\t\t<li>affichage de la position GPS exacte en valeur d&eacute;cimale <\/li>\r\n\t\t\t<li>heure du GPS<\/li>\r\n\t\t\t<li>&eacute;cran d&rsquo;informations qui affiche la position   actuelle, l&rsquo;altitude, l&rsquo;heure, le lever\/coucher du soleil, l&rsquo;angle, la   qualit&eacute; du signal GPS et la vitesse<\/li>\r\n        <\/ul>\r\n<div class=\"gl_space_top20\"> <strong>L&rsquo;application<\/strong><\/div>\r\n        <ul>\r\n    \t    <li>affichage du compteur de vitesse jusqu&rsquo;&agrave; 1200 km\/h <\/li>\r\n\t\t\t<li>sur l&rsquo;&eacute;cran du compteur de vitesse, passer du   grand format du compteur de vitesse &agrave; la boussole, avec l&rsquo;option   d&rsquo;afficher les valeurs num&eacute;riques sur le petit format<\/li>\r\n\t\t\t<li>personnaliser l&rsquo;&eacute;chelle des distances du compteur de vitesse (par ex. pour la course, la voiture ou l&rsquo;avion)<\/li>\r\n\t\t\t<li>indicateur des points cardinaux<\/li>\r\n\t\t\t<li>boussole int&eacute;gr&eacute;e<\/li>\r\n\t\t\t<li>choisir entre une image de boussole statique   avec une aiguille rotative, et une aiguille statique avec une image de   boussole rotative<\/li>\r\n\t\t\t<li>et bien d&rsquo;autres informations GPS disponibles<\/li>\r\n\t\t\t<li>&eacute;cran qui affiche la vitesse actuelle, parfait   pour les coureurs et cyclistes ; param&egrave;tres de polices configurables,   et mode jour\/nuit<\/li>\r\n\t\t\t<li>nouveaux param&egrave;tres propos&eacute;s, incluant le format du syst&egrave;me de coordonn&eacute;es g&eacute;ographiques, le capteur magn&eacute;tique<\/li>\r\n\t\t\t<li>mode de d&eacute;monstration (vous autorise &agrave; enregistrer et &agrave; relire les donn&eacute;es GPS)<\/li>\r\n\t\t\t<li>faire glisser son doigt &agrave; gauche ou &agrave; droite pour passer d&rsquo;un &eacute;cran aux six autres<\/li>\r\n    \t \r\n        <\/ul>\r\n      <\/div>\r\n\t<\/div>\r\n\t\r\n\t\t<\/div>\r\n\t\t\r\n\t\t<div class=\"col-md-4\">\r\n        <div class=\"gl_space_top85\">\r\n\t\t<div class=\"gl_space_left10\">\r\n\t\t <div class=\"gl_h4big\">Combinaisons<\/div>\r\n    <p>GPS-details + mobile-protector + <a href=\"https:\/\/www.enaikoon.com\/fr\/mobile\/plugins\/routes\/\">routes<\/a>+ <a href=\"https:\/\/www.enaikoon.com\/fr\/mobile\/plugins\/traffic-counter\/\">traffic-counter<\/a> = toutes les applis GPS se combinent \u00e0 la perfection<\/p>\r\n<div class=\"gl_space_top15\"><\/div>\r\n \r\n    <div class=\"gl_space_top20\"><a class=\"gl_button_blue\" href=\"https:\/\/www.enaikoon.com\/fr\/contact\/contact\/\">Nous contacter<\/a> <\/div>\r\n \r\n     <p  class=\"gl_space_top15\"><strong>L&rsquo;application inViu GPS-details est t\u00e9l\u00e9chargeable sur Google Play :<\/strong><\/p>\r\n      <div class=\"gl_space_top15\"><a class=\"gl_button_grey\"  rel=\"nofollow\" href=\"https:\/\/play.google.com\/store\/apps\/details?id=de.enaikoon.android.inviu.gpsdetails&#038;hl=fr\" target=\"_blank\">inViu GPS-details<\/a> <\/div>\r\n\r\n<div class=\"gl_space_top20\">\r\n\t<div><a rel=\"nofollow\" href=\"https:\/\/www.enaikoon.com\/wp-content\/uploads\/2016\/07\/GPS-details2.png\" target=\"_blank\" title=\"inViu GPS-details at Google Play\" ><img decoding=\"async\" src=\"https:\/\/www.enaikoon.com\/wp-content\/uploads\/2016\/07\/GPS-details2.png\" border=\"0\"  alt=\"inViu GPS-details at Google Play\"  \/><\/a>\r\n<\/div>\r\n\r\n     <div class=\"gl_space_top30\"><strong>Informations g\u00e9n\u00e9rales<\/strong><\/div>\r\n        <div class=\"gl_ul_style1\">\r\n\t\t<ul>\r\n\t\t\t<li>disponible en allemand, anglais, fran&ccedil;ais, espagnol, grec et russe<\/li>\r\n\t\t\t<li>deux syst&egrave;mes de mesure au choix&nbsp;: m&eacute;trique ou imp&eacute;rial<\/li>\r\n\t\t\t<li>affichage optimal en format paysage<\/li>\r\n\t\t\t<li>faire glisser son doigt &agrave; gauche ou &agrave; droite pour passer d&rsquo;un &eacute;cran aux six autres <\/li>\r\n\t\t\t<li>fonction d&rsquo;aide disponible<\/li>\r\n\t<\/ul>\r\n<\/div>\r\n\r\n<\/div><\/div><\/div>\r\n      <\/div>\r\n\t\t\t\r\n\t\t<div class=\"gl_row_space\"><\/div>\r\n\t<\/div>\r\n\r\n<\/div>","protected":false},"excerpt":{"rendered":"<p> [&hellip;]<\/p>\n","protected":false},"author":7,"featured_media":0,"parent":8494,"menu_order":0,"comment_status":"closed","ping_status":"closed","template":"","meta":{"footnotes":""},"acf":[],"_links":{"self":[{"href":"https:\/\/www.enaikoon.com\/fr\/wp-json\/wp\/v2\/pages\/8502"}],"collection":[{"href":"https:\/\/www.enaikoon.com\/fr\/wp-json\/wp\/v2\/pages"}],"about":[{"href":"https:\/\/www.enaikoon.com\/fr\/wp-json\/wp\/v2\/types\/page"}],"author":[{"embeddable":true,"href":"https:\/\/www.enaikoon.com\/fr\/wp-json\/wp\/v2\/users\/7"}],"replies":[{"embeddable":true,"href":"https:\/\/www.enaikoon.com\/fr\/wp-json\/wp\/v2\/comments?post=8502"}],"version-history":[{"count":9,"href":"https:\/\/www.enaikoon.com\/fr\/wp-json\/wp\/v2\/pages\/8502\/revisions"}],"predecessor-version":[{"id":11287,"href":"https:\/\/www.enaikoon.com\/fr\/wp-json\/wp\/v2\/pages\/8502\/revisions\/11287"}],"up":[{"embeddable":true,"href":"https:\/\/www.enaikoon.com\/fr\/wp-json\/wp\/v2\/pages\/8494"}],"wp:attachment":[{"href":"https:\/\/www.enaikoon.com\/fr\/wp-json\/wp\/v2\/media?parent=8502"}],"curies":[{"name":"wp","href":"https:\/\/api.w.org\/{rel}","templated":true}]}}