{"id":8499,"date":"2016-08-15T06:15:46","date_gmt":"2016-08-15T06:15:46","guid":{"rendered":"https:\/\/www.enaikoon.com\/fr\/?page_id=8499"},"modified":"2017-03-03T10:51:02","modified_gmt":"2017-03-03T10:51:02","slug":"nfc-tracker","status":"publish","type":"page","link":"https:\/\/www.enaikoon.com\/fr\/mobile\/plugins\/nfc-tracker\/","title":{"rendered":"NFC-tracker"},"content":{"rendered":"<div class=\"gl_slide_scroll_box\">\r\n\t<div class=\"gl_scroll_box\">\r\n <noindex><\/noindex>        <ul>\r\n            <li><a class=\"gl_scroll_link_title\" href=\"https:\/\/www.enaikoon.com\/fr\/mobile\/plugins\/routes\/\"  title=\"routes\">routes<\/a><br\/>\r\n            <a href=\"https:\/\/www.enaikoon.com\/fr\/mobile\/plugins\/routes\/\"  title=\"routes\"><img decoding=\"async\" class=\"gl_scroll_link_img\" src=\"https:\/\/www.enaikoon.com\/wp-content\/uploads\/2016\/07\/mobile_routes.png\" border=\"0\"><\/a><\/li>\r\n            \r\n \t\t\t<li><a class=\"gl_scroll_link_title\" href=\"https:\/\/www.enaikoon.com\/fr\/mobile\/plugins\/nfc-tracker\/\"  title=\"NFC-tracker\">NFC-tracker<\/a><br\/>\r\n            <a href=\"https:\/\/www.enaikoon.com\/fr\/mobile\/plugins\/nfc-tracker\/\"  title=\"NFC-tracker\"><img decoding=\"async\" class=\"gl_scroll_link_img_active\" src=\"https:\/\/www.enaikoon.com\/wp-content\/uploads\/2016\/07\/mobile_NFC.png\" border=\"0\"><\/a><\/li>\r\n            \r\n             <li><a class=\"gl_scroll_link_title\" href=\"https:\/\/www.enaikoon.com\/fr\/mobile\/plugins\/gps-details\/\"  title=\"GPS-details\">GPS-details<\/a><br\/>\r\n            <a href=\"https:\/\/www.enaikoon.com\/fr\/mobile\/plugins\/gps-details\/\"  title=\"GPS-details\"><img decoding=\"async\" class=\"gl_scroll_link_img\" src=\"https:\/\/www.enaikoon.com\/wp-content\/uploads\/2016\/07\/mobile_GPS.png\" border=\"0\"><\/a><\/li>\r\n            \r\n             <li><a class=\"gl_scroll_link_title\" href=\"https:\/\/www.enaikoon.com\/fr\/mobile\/plugins\/keypad-mapper-3\/\"  title=\"Keypad-Mapper 3\">Keypad-Mapper 3<\/a><br\/>\r\n            <a href=\"https:\/\/www.enaikoon.com\/fr\/mobile\/plugins\/keypad-mapper-3\/\"  title=\"Keypad-Mapper 3\"><img decoding=\"async\" class=\"gl_scroll_link_img\" src=\"https:\/\/www.enaikoon.com\/wp-content\/uploads\/2016\/07\/mobile_keypad.png\" border=\"0\"><\/a><\/li>\r\n            \r\n             <li><a class=\"gl_scroll_link_title\" href=\"https:\/\/www.enaikoon.com\/fr\/mobile\/plugins\/traffic-counter\/\" title=\"traffic-counter\">traffic-counter<\/a><br\/>\r\n            <a href=\"https:\/\/www.enaikoon.com\/fr\/mobile\/plugins\/traffic-counter\/\" title=\"traffic-counter\"><img decoding=\"async\" class=\"gl_scroll_link_img\" src=\"https:\/\/www.enaikoon.com\/wp-content\/uploads\/2016\/07\/mobile_traffic.png\" border=\"0\"><\/a><\/li>\r\n        <\/ul>\r\n\r\n    <\/div>\r\n<\/div>\r\n\r\n<div class=\"row\">\r\n<div class=\"gl_border-page\">\r\n\t\t\r\n\t\t<div class=\"col-md-4\">\r\n\t\r\n    <div class=\"clearfix\">\r\n    \t<img decoding=\"async\" src=\"https:\/\/www.enaikoon.com\/wp-content\/uploads\/2016\/07\/mobile_plugins2.png\" align=\"left\"  alt=\"NFC-tracker\" title=\"NFC-tracker\" \/><div class=\"gl_h2big\">inViu<br\/>\r\nNFC-tracker<\/div>\r\n    <\/div>\r\n \r\n   <div class=\"gl_space_right5\">\r\n<br\/>\r\n<em>\r\nL&rsquo;<strong>inViu NFC-tracker<\/strong> permet de lire les donn\u00e9es des \u00e9tiquettes NFC avec votre t\u00e9l\u00e9phone et de les envoyer au serveur inViu d&rsquo;ENAiKOON. Gr\u00e2ce aux <a href=\"https:\/\/www.enaikoon.com\/fr\/logiciel\/plugins\/staff-tracker\/\">plugins<\/a> d&rsquo;inViu pro, tels que <a href=\"https:\/\/www.enaikoon.com\/fr\/logiciel\/plugins\/staff-tracker\/\">staff-tracker<\/a> ou tour-checker, vous pouvez personnaliser l&rsquo;analyse de ces donn\u00e9es.<br\/>\r\nVous pouvez \u00e9galement individualiser les donn\u00e9es analys\u00e9es par l&rsquo;inViu NFC-tracker, gr\u00e2ce au code PIN personnel entr\u00e9 au d\u00e9marrage du t\u00e9l\u00e9phone.<\/em>\r\n<div class=\"gl_space_top15\"><\/div>\r\n<div class=\"gl_h4big\">Sur le terrain<\/div>\r\n\r\nEn g\u00e9n\u00e9ral, ce plugin est utilis\u00e9 par les entreprises qui g\u00e8rent de nombreux employ\u00e9s mobiles circulant dans des zones pr\u00e9d\u00e9finies, comme les services de maintenance, de s\u00e9curit\u00e9 ou de sant\u00e9, les entreprises de nettoyage et les chauffeurs ou les inspecteurs de travaux. Le syst\u00e8me NFC-TAG est id\u00e9al pour l&rsquo;inventaire et la gestion logistique des entreprises (ex : pour v\u00e9rifier les livraisons au chargement et au d\u00e9chargement).<br\/><br\/>\r\n\r\n<strong>Exemple :<\/strong><br>\r\nUne soci&eacute;t&eacute; d&rsquo;entretien compte un grand nombre d&#8217;employ&eacute;s mobiles charg&eacute;s de vider r&eacute;guli&egrave;rement les poubelles d&rsquo;un parc.<br>\r\n<strong>Probl&egrave;me :<\/strong><br>\r\nCertaines poubelles sont r&eacute;guli&egrave;rement oubli&eacute;es et restent donc pleines. Vous ne savez pas si et quand les poubelles ont &eacute;t&eacute; vid&eacute;es pour la derni&egrave;re fois, mais vous avez besoin de ces informations pour prouver &agrave; votre client que le travail a &eacute;t&eacute; effectu&eacute;.<br>\r\n<strong>Solution :<\/strong><br>\r\nInstallez un NFC-TAG sur chaque poubelle. Chaque &eacute;tiquette (TAG) contient des informations sp&eacute;cifiques, comme l&#8217;emplacement de la prochaine poubelle &agrave; vider. Sur inViu pro, chaque NFC-TAG est associ&eacute; &agrave; un emplacement pr&eacute;cis (gardiennage virtuel) pour ne plus avoir &agrave; utiliser de GPS ; tr&egrave;s utile si les zones concern&eacute;es sont &agrave; l&rsquo;int&eacute;rieur d&rsquo;un b&acirc;timent o&ugrave; la r&eacute;ception GPS est faible. Chaque employ&eacute; doit &ecirc;tre &eacute;quip&eacute; d&rsquo;un t&eacute;l&eacute;phone compatible pendant sa ronde. Une fois sa t&acirc;che termin&eacute;e, il se connecte &agrave; l&rsquo;&eacute;tiquette associ&eacute;e avec son code PIN personnel pour lire le NFC-TAG. Le t&eacute;l&eacute;phone mobile enregistre que l&rsquo;&eacute;tiquette a &eacute;t&eacute; activ&eacute;e et conserve les informations, pour qu&rsquo;elles puissent &ecirc;tre &agrave; nouveau consult&eacute;es.<br>\r\n<strong>Analyse:<\/strong><br>\r\nChaque num&eacute;ro d&rsquo;identification NFC-TAG est unique. Il est imm&eacute;diatement envoy&eacute; au serveur inViu avec l&rsquo;horodatage et le code PIN de l&#8217;employ&eacute;. Sur inViu pro, vous pouvez savoir par qui et quand une &eacute;tiquette a &eacute;t&eacute; lue. Gr&acirc;ce aux diverses options d&rsquo;analyse d&rsquo;inViu pro, vous pouvez personnaliser vos param&egrave;tres pour conna&icirc;tre la dur&eacute;e, l&#8217;emplacement et l&rsquo;ordre des t&acirc;ches effectu&eacute;es, la ponctualit&eacute; de vos employ&eacute;s et bien d&rsquo;autres processus. Avec le plugin tour-checker vous pouvez d&eacute;finir l&rsquo;ordre des t&acirc;ches &agrave; accomplir et imposer des d&eacute;lais adapt&eacute;s aux diff&eacute;rents emplacements. Un message d&rsquo;alerte vous sera envoy&eacute; par e-mail si une t&acirc;che n&rsquo;est pas accomplie dans les temps.\r\n<\/div>\r\n\t\t\t\r\n\t\t<\/div>\r\n\t\t\r\n\t\t<div class=\"col-md-4\">\r\n        <div class=\"gl_space_top85\">\r\n\t \r\n\t\t <div class=\"gl_h4big\">Caract\u00e9ristiques principales<\/div><\/div>\r\n     <div class=\"gl_ul_style2\">\r\n     \r\n        <ul>\r\n\t\t\t<li>attribuer un code PIN personnel &agrave; chaque   employ&eacute;. Un m&ecirc;me t&eacute;l&eacute;phone &eacute;quip&eacute; du NFC-tracker peut &ecirc;tre utilis&eacute; par   plusieurs employ&eacute;s<\/li>\r\n\t\t\t<li>acc&eacute;der rapidement et facilement aux   informations enregistr&eacute;es dans le NFC TAG. Les &eacute;tiquettes peuvent   enregistrer du texte, des URL, des adresses, des instructions, etc.<\/li>\r\n\t\t\t<li>associer les &eacute;tiquettes &agrave; des emplacements   pr&eacute;cis (gardiennage virtuel) sur inViu pro ; fonctionne m&ecirc;me sans   r&eacute;ception GPS (ex : pour les b&acirc;timents &agrave; plusieurs &eacute;tages)<\/li>\r\n\t\t\t<li>enregistrer les donn&eacute;es recueillies dans l&rsquo;application s&rsquo;il n&rsquo;y a pas de r&eacute;seau, pour ne perdre aucune information<\/li>\r\n\t\t\t<li>fonction test : lire les &eacute;tiquettes pour planifier l&rsquo;ordre des t&acirc;ches, sans que les informations ne soient envoy&eacute;es au serveur<\/li>\r\n  <\/ul>\r\n      <\/div>\r\n        <strong>Informations g\u00e9n\u00e9rales<\/strong>\r\n        <div class=\"gl_ul_style1\">\r\n        <ul>\r\n\t\t\t  <li>disponible en anglais, fran&ccedil;ais, allemand et espagnol<\/li>\r\n\t\t\t<li>param&egrave;tres de police modifiables<\/li>\r\n\t\t\t<li>param&egrave;tres de vibration du t&eacute;l&eacute;phone modifiables<\/li>\r\n    \t \r\n        <\/ul>\r\n       \r\n\t<\/div>\r\n\t<div class=\"gl_row_space\"><\/div>\r\n    <div class=\"gl_space_top30\"><\/div>\r\n    <div class=\"gl_NFC_tracker_features gl_NFC_image_gallery\">\r\n    \t<a href=\"https:\/\/www.enaikoon.com\/wp-content\/uploads\/2016\/08\/2b2ecab01a.png\" target=\"_blank\" title=\"inViu NFC-tracker accueil\"  rel=\"nofollow\"><img decoding=\"async\" src=\"https:\/\/www.enaikoon.com\/wp-content\/uploads\/2016\/08\/2b2ecab01a.png\" alt=\"inViu NFC-tracker entrer\" border=\"0\" ><\/a>\r\n\r\n<a href=\"https:\/\/www.enaikoon.com\/wp-content\/uploads\/2016\/08\/c589492714.png\" target=\"_blank\" title=\"inViu NFC-tracker details\" rel=\"nofollow\"><img decoding=\"async\" src=\"https:\/\/www.enaikoon.com\/wp-content\/uploads\/2016\/08\/c589492714.png\" alt=\"inViu NFC-tracker accueil\" border=\"0\" ><\/a>\r\n\r\n<a href=\"https:\/\/www.enaikoon.com\/wp-content\/uploads\/2016\/08\/efb0bd7284.png\" target=\"_blank\" title=\"inViu NFC-tracker details\" rel=\"nofollow\"><img decoding=\"async\" src=\"https:\/\/www.enaikoon.com\/wp-content\/uploads\/2016\/08\/efb0bd7284.png\" alt=\"inViu NFC-tracker details\" border=\"0\"><\/a>\r\n\r\n<a href=\"https:\/\/www.enaikoon.com\/wp-content\/uploads\/2016\/08\/e956284b3d.png\" target=\"_blank\"  title=\"inViu NFC-tracker r\u00e9glages\" rel=\"nofollow\"><img decoding=\"async\" src=\"https:\/\/www.enaikoon.com\/wp-content\/uploads\/2016\/08\/e956284b3d.png\" alt=\"inViu NFC-tracker details\" border=\"0\"><\/a>\r\n\r\n<a href=\"https:\/\/www.enaikoon.com\/wp-content\/uploads\/2016\/08\/d317c9f09d.png\" target=\"_blank\" title=\"inViu NFC-tracker r\u00e9glages\"  rel=\"nofollow\"><img decoding=\"async\" src=\"https:\/\/www.enaikoon.com\/wp-content\/uploads\/2016\/08\/d317c9f09d.png\" alt=\"inViu NFC-tracker r\u00e9glages\" border=\"0\"><\/a>\r\n\r\n<a href=\"https:\/\/www.enaikoon.com\/wp-content\/uploads\/2016\/08\/2c7c928c0f.png\" target=\"_blank\" title=\"inViu NFC-tracker r\u00e9glages\" rel=\"nofollow\"><img decoding=\"async\" src=\"https:\/\/www.enaikoon.com\/wp-content\/uploads\/2016\/08\/2c7c928c0f.png\" alt=\"inViu NFC-tracker r\u00e9glages\" border=\"0\" ><\/a>\r\n    \r\n    <\/div>\r\n      <div class=\"gl_NFC_tracker_features\">\r\n    \t<img decoding=\"async\" src=\"https:\/\/www.enaikoon.com\/wp-content\/uploads\/2016\/07\/NFC-tracker7.png\" width=\"255\"  border=\"0\"  alt=\"inViu NFC-tracker\" title=\"inViu NFC-tracker\" \/>\r\n\r\n<\/div>\r\n\r\n\t\t<\/div>\r\n\t\t\r\n\t\t<div class=\"col-md-4\">\r\n        <div class=\"gl_space_top85\">\r\n\t\r\n\t\t <div class=\"gl_h4big\">Combinaisons<\/div>\r\n    <p>inViu NFC-tracker + <a href=\"https:\/\/www.enaikoon.com\/fr\/logiciel\/\">inViu pro<\/a> + <a href=\"https:\/\/www.enaikoon.com\/fr\/logiciel\/plugins\/staff-tracker\/\">ENAiKOON staff-tracker<\/a> + <a href=\"https:\/\/www.enaikoon.com\/fr\/logiciel\/plugins\/tour-checker\/\">ENAiKOON tour-checker<\/a> =   la solution id&eacute;ale et rentable pour g&eacute;rer et suivre l&rsquo;activit&eacute; de son   personnel mobile, avec mise &agrave; jour des donn&eacute;es en temps r&eacute;el<\/p>\r\n<div class=\"gl_space_top15\"><\/div>\r\n \r\n    <div><a class=\"gl_button_blue\" href=\"https:\/\/www.enaikoon.com\/fr\/contact\/contact\/\">Nous contacter<\/a> <\/div>\r\n \r\n    \r\n \t <div><a class=\"gl_button_grey\"  rel=\"nofollow\" href=\"https:\/\/www.enaikoon.com\/fileadmin\/enaikoon\/Dateien\/pdf\/Datenblatt\/nfc-tracker\/franz\/inViu_NFC-tracker_Fiches_Produits.pdf\" target=\"_blank\">T\u00e9l\u00e9charger le PDF<\/a> <\/div>\r\n  \t <div><a class=\"gl_button_grey\" rel=\"nofollow\" href=\"https:\/\/www.enaikoon.com\/fileadmin\/enaikoon\/Dateien\/pdf\/Einbauanleitung\/NFC-tracker\/franz\/inViu_NFC-tracker_operation_and_user%20manual.pdf\" target=\"_blank\">nfc-tracker installation<\/a> <\/div>\r\n     <p  class=\"gl_space_top15\"><strong>T\u00e9l\u00e9charger l&rsquo;application inViu NFC-tracker sur Google Play :<\/strong><\/p>\r\n      <div class=\"gl_space_top5\"><a class=\"gl_button_grey\"  rel=\"nofollow\" href=\"https:\/\/play.google.com\/store\/apps\/details?id=com.enaikoon.rfidtracker&#038;feature=more_from_developer&#038;hl=en_GB\" target=\"_blank\">inViu NFC-tracker<\/a><\/div>\r\n  <p  class=\"gl_space_top15\">Pour t\u00e9l\u00e9charger le plugin NFC-tracker qui permet de lire les \u00e9tiquettes et d&rsquo;acc\u00e9der aux donn\u00e9es sur inViu web \/ pro, \u00e0 partir d&rsquo;un autre syst\u00e8me d&rsquo;exploitation :<\/p>\r\n     <div class=\"gl_space_top5\"><a class=\"gl_button_yellow\"  href=\"https:\/\/www.enaikoon.com\/fr\/mobile\/mobile-app\/rfid-tracker\/\">Nokia Symbian<\/a> <\/div>\r\n     <div class=\"gl_space_top15\"><\/div>\r\n\r\n\r\n<\/div>\r\n      <\/div>\r\n\t\t\t\r\n\t\t<div class=\"gl_row_space\"><\/div>\r\n\t<\/div>\r\n\r\n<\/div>","protected":false},"excerpt":{"rendered":"<p> [&hellip;]<\/p>\n","protected":false},"author":7,"featured_media":0,"parent":8494,"menu_order":0,"comment_status":"closed","ping_status":"closed","template":"","meta":{"footnotes":""},"acf":[],"_links":{"self":[{"href":"https:\/\/www.enaikoon.com\/fr\/wp-json\/wp\/v2\/pages\/8499"}],"collection":[{"href":"https:\/\/www.enaikoon.com\/fr\/wp-json\/wp\/v2\/pages"}],"about":[{"href":"https:\/\/www.enaikoon.com\/fr\/wp-json\/wp\/v2\/types\/page"}],"author":[{"embeddable":true,"href":"https:\/\/www.enaikoon.com\/fr\/wp-json\/wp\/v2\/users\/7"}],"replies":[{"embeddable":true,"href":"https:\/\/www.enaikoon.com\/fr\/wp-json\/wp\/v2\/comments?post=8499"}],"version-history":[{"count":12,"href":"https:\/\/www.enaikoon.com\/fr\/wp-json\/wp\/v2\/pages\/8499\/revisions"}],"predecessor-version":[{"id":11296,"href":"https:\/\/www.enaikoon.com\/fr\/wp-json\/wp\/v2\/pages\/8499\/revisions\/11296"}],"up":[{"embeddable":true,"href":"https:\/\/www.enaikoon.com\/fr\/wp-json\/wp\/v2\/pages\/8494"}],"wp:attachment":[{"href":"https:\/\/www.enaikoon.com\/fr\/wp-json\/wp\/v2\/media?parent=8499"}],"curies":[{"name":"wp","href":"https:\/\/api.w.org\/{rel}","templated":true}]}}