{"id":8497,"date":"2016-08-15T06:14:29","date_gmt":"2016-08-15T06:14:29","guid":{"rendered":"https:\/\/www.enaikoon.com\/fr\/?page_id=8497"},"modified":"2022-11-09T20:31:58","modified_gmt":"2022-11-09T20:31:58","slug":"routes","status":"publish","type":"page","link":"https:\/\/www.enaikoon.com\/fr\/mobile\/plugins\/routes\/","title":{"rendered":"routes"},"content":{"rendered":"<div class=\"gl_slide_scroll_box\">\n<div class=\"gl_scroll_box\">\n\n&nbsp;\n<ul>\n \t<li style=\"list-style-type: none;\">\n<ul>\n \t<li><a class=\"gl_scroll_link_title\" title=\"routes\" href=\"https:\/\/www.enaikoon.com\/fr\/mobile\/plugins\/routes\/\">routes<\/a>\n<a title=\"routes\" href=\"https:\/\/www.enaikoon.com\/fr\/mobile\/plugins\/routes\/\"><img decoding=\"async\" class=\"gl_scroll_link_img_active\" src=\"https:\/\/www.enaikoon.com\/wp-content\/uploads\/2016\/07\/mobile_routes.png\" border=\"0\"><\/a><\/li>\n<\/ul>\n<\/li>\n<\/ul>\n<!--\n \t<li><a class=\"gl_scroll_link_title\" href=\"https:\/\/www.enaikoon.com\/fr\/mobile\/plugins\/nfc-tracker\/\" title=\"NFC-tracker\">NFC-tracker<\/a>\n<a href=\"https:\/\/www.enaikoon.com\/fr\/mobile\/plugins\/nfc-tracker\/\" title=\"NFC-tracker\"><img decoding=\"async\" class=\"gl_scroll_link_img\" src=\"https:\/\/www.enaikoon.com\/wp-content\/uploads\/2016\/07\/mobile_NFC.png\" border=\"0\"><\/a><\/li>\n \t<li><a class=\"gl_scroll_link_title\" href=\"https:\/\/www.enaikoon.com\/fr\/mobile\/plugins\/gps-details\/\" title=\"GPS-details\">GPS-details<\/a>\n<a href=\"https:\/\/www.enaikoon.com\/fr\/mobile\/plugins\/gps-details\/\" title=\"GPS-details\"><img decoding=\"async\" class=\"gl_scroll_link_img\" src=\"https:\/\/www.enaikoon.com\/wp-content\/uploads\/2016\/07\/mobile_GPS.png\" border=\"0\"><\/a><\/li>\n \t<li><a class=\"gl_scroll_link_title\" href=\"https:\/\/www.enaikoon.com\/fr\/mobile\/plugins\/keypad-mapper-3\/\" title=\"Keypad-Mapper 3\">Keypad-Mapper 3<\/a>\n<a href=\"https:\/\/www.enaikoon.com\/fr\/mobile\/plugins\/keypad-mapper-3\/\" title=\"Keypad-Mapper 3\"><img decoding=\"async\" class=\"gl_scroll_link_img\" src=\"https:\/\/www.enaikoon.com\/wp-content\/uploads\/2016\/07\/mobile_keypad.png\" border=\"0\"><\/a><\/li>\n \t<li><a class=\"gl_scroll_link_title\" href=\"https:\/\/www.enaikoon.com\/fr\/mobile\/plugins\/traffic-counter\/\" title=\"traffic-counter\">traffic-counter<\/a>\n<a href=\"https:\/\/www.enaikoon.com\/fr\/mobile\/plugins\/traffic-counter\/\" title=\"traffic-counter\"><img decoding=\"async\" class=\"gl_scroll_link_img\" src=\"https:\/\/www.enaikoon.com\/wp-content\/uploads\/2016\/07\/mobile_traffic.png\" border=\"0\"><\/a><\/li>\n-->\n\n<\/div>\n<\/div>\n<div class=\"row\">\n<div class=\"gl_border-page\">\n\n<div class=\"col-md-4\">\n<div class=\"clearfix\"><img decoding=\"async\" title=\"inViu routes\" src=\"https:\/\/www.enaikoon.com\/wp-content\/uploads\/2016\/07\/mobile_plugins1.png\" alt=\"inViu routes\" align=\"left\">&nbsp;&nbsp;\n<div class=\"gl_h2big\">inViu routes<\/div>\n<\/div>\n<div class=\"gl_space_top15\">&nbsp;<\/div>\n<div>\n<p class=\"gl_space_right10\"><em><strong>inViu routes<\/strong> affiche en temps r\u00e9el les positions GPS relev\u00e9es par le syst\u00e8me en se servant des donn\u00e9es open source partag\u00e9es sur <a href=\"http:\/\/www.openstreetmap.org\/\" target=\"_blank\" rel=\"nofollow\" noreferrer\">OpenStreetMap\u00a9<\/a>.\nLes donn\u00e9es GPS ainsi recueillies sont automatiquement mises en ligne sur votre serveur inViu.<\/em><\/p>\nInscrivez-vous pour obtenir votre compte <a title=\"inViu web\" href=\"https:\/\/sso.enaikoon.de\/?locale=fr\" target=\"_blank\" rel=\"nofollow\" noreferrer\">inViu web<\/a>. inViu prend en charge jusqu&rsquo;\u00e0 quatre t\u00e9l\u00e9phones Android, gratuitement ! Vous pourrez alors les g\u00e9olocaliser et suivre leurs d\u00e9placements sur votre portail en ligne inViu web. Si vous n&rsquo;avez pas encore de compte inViu web, vous pouvez en ouvrir un sur inViu routes.\n\n<strong>ENAiKOON prot\u00e8ge vos donn\u00e9es personnelles.<\/strong> Nous ne recueillons pas d\u2019informations (donn\u00e9es, position ou d\u00e9placement) pour les transmettre \u00e0 de tierces entit\u00e9s. ENAiKOON vous garantit que les donn\u00e9es affich\u00e9es sur inViu sont uniquement recueillies pour votre utilisation personnelle.<strong> Aucune information n\u2019est recueillie \u00e0 d\u2019autres fins,<\/strong> ni sur votre ordinateur, ni sur votre t\u00e9l\u00e9phone mobile.\n\n<\/div>\n<div class=\"gl_space_top20\">&nbsp;<\/div>\n<div><iframe loading=\"lazy\" src=\"https:\/\/www.youtube-nocookie.com\/embed\/EupX-gtRDsc\" allowfullscreen=\"allowfullscreen\" width=\"288\" height=\"162\" frameborder=\"0\"><\/iframe><\/div>\n<\/div>\n\n<div class=\"col-md-4\">\n<div class=\"gl_space_top85\">&nbsp;<\/div>\n<div class=\"gl_space_left10\">\n<div class=\"gl_h4big\"><a href=\"https:\/\/www.enaikoon.com\/fr\/mobile\/plugins\/routes\/routes-caracteristiques-principales\/\">Caract\u00e9ristiques principales<\/a><\/div>\n<div class=\"gl_ul_style2\">\n<ul>\n \t<li><a href=\"https:\/\/www.enaikoon.com\/fr\/mobile\/plugins\/routes\/routes-caracteristiques-principales\/\"><span style=\"color: #8f8f8f;\">g\u00e9olocaliser son trackable<\/span><\/a><\/li>\n \t<li><a href=\"https:\/\/www.enaikoon.com\/fr\/mobile\/plugins\/routes\/routes-caracteristiques-principales\/\"><span style=\"color: #8f8f8f;\">suivi GPS<\/span><\/a><\/li>\n \t<li><a href=\"https:\/\/www.enaikoon.com\/fr\/mobile\/plugins\/routes\/routes-caracteristiques-principales\/\"><span style=\"color: #8f8f8f;\">enregistrement d\u2019itin\u00e9raire<\/span><\/a><\/li>\n \t<li class=\"gl_space_right20_inv\"><a href=\"https:\/\/www.enaikoon.com\/fr\/mobile\/plugins\/routes\/routes-caracteristiques-principales\/\"><span style=\"color: #8f8f8f;\">planification d\u2019itin\u00e9raire<\/span><\/a><\/li>\n \t<li><a href=\"https:\/\/www.enaikoon.com\/fr\/mobile\/plugins\/routes\/routes-caracteristiques-principales\/\"><span style=\"color: #8f8f8f;\">horloge<\/span><\/a><\/li>\n \t<li><a href=\"https:\/\/www.enaikoon.com\/fr\/mobile\/plugins\/routes\/routes-caracteristiques-principales\/\"><span style=\"color: #8f8f8f;\">messenger<\/span><\/a><\/li>\n \t<li><a href=\"https:\/\/www.enaikoon.com\/fr\/mobile\/plugins\/routes\/routes-caracteristiques-principales\/\"><span style=\"color: #8f8f8f;\">importer des photos sur inViu pro<\/span><\/a><\/li>\n \t<li><a href=\"https:\/\/www.enaikoon.com\/fr\/mobile\/plugins\/routes\/routes-caracteristiques-principales\/\"><span style=\"color: #8f8f8f;\">recherche d&rsquo;adresses<\/span><\/a><\/li>\n \t<li><a href=\"https:\/\/www.enaikoon.com\/fr\/mobile\/plugins\/routes\/routes-caracteristiques-principales\/\"><span style=\"color: #8f8f8f;\">g\u00e9o-notes<\/span><\/a><\/li>\n \t<li><a href=\"https:\/\/www.enaikoon.com\/fr\/mobile\/plugins\/routes\/routes-caracteristiques-principales\/\"><span style=\"color: #8f8f8f;\">photos<\/span><\/a><\/li>\n \t<li><a href=\"https:\/\/www.enaikoon.com\/fr\/mobile\/plugins\/routes\/routes-caracteristiques-principales\/\"><span style=\"color: #8f8f8f;\">points d&rsquo;int\u00e9r\u00eat (POI)<\/span><\/a><\/li>\n \t<li><a href=\"https:\/\/www.enaikoon.com\/fr\/mobile\/plugins\/routes\/routes-caracteristiques-principales\/\"><span style=\"color: #8f8f8f;\">sauvegarde place de parking<\/span><\/a><\/li>\n \t<li><a href=\"https:\/\/www.enaikoon.com\/fr\/mobile\/plugins\/routes\/routes-caracteristiques-principales\/\"><span style=\"color: #8f8f8f;\">mode repos<\/span><\/a><\/li>\n \t<li><a href=\"https:\/\/www.enaikoon.com\/fr\/mobile\/plugins\/routes\/routes-caracteristiques-principales\/\"><span style=\"color: #8f8f8f;\">widgets<\/span><\/a><\/li>\n \t<li><a href=\"https:\/\/www.enaikoon.com\/fr\/mobile\/plugins\/routes\/routes-caracteristiques-principales\/\"><span style=\"color: #8f8f8f;\">des menus personnalisables<\/span><\/a><\/li>\n \t<li><a href=\"https:\/\/www.enaikoon.com\/fr\/mobile\/plugins\/routes\/routes-caracteristiques-principales\/\"><span style=\"color: #8f8f8f;\">informations g\u00e9n\u00e9rales<\/span><\/a><\/li>\n<\/ul>\n<\/div>\n<div class=\"gl_space_top15\">&nbsp;<\/div>\n<div><a class=\"gl_button_blue\" href=\"https:\/\/www.enaikoon.com\/fr\/mobile\/plugins\/routes\/routes-caracteristiques-principales\/\">caract\u00e9ristiques routes<\/a><\/div>\n<div class=\"gl_space_top20\">&nbsp;<\/div>\n<div class=\"gl_h4big\">routes dans inViu web<\/div>\n<div class=\"gl_space_top15\"><a title=\"inViu web\" href=\"https:\/\/www.enaikoon.com\/wp-content\/uploads\/2016\/08\/Ipad_new_web_15.png\" target=\"_blank\" rel=\"nofollow\" noreferrer\"><img decoding=\"async\" src=\"https:\/\/www.enaikoon.com\/wp-content\/uploads\/2016\/08\/Ipad_new_web_14.png\" alt=\"inViu web\" border=\"0\"><\/a><\/div>\n<div class=\"gl_space_top20\">&nbsp;<\/div>\n<div class=\"gl_h4big\">Captures d&rsquo;\u00e9cran inViu routes<\/div>\n<div class=\"gl_space_top15\"><a title=\"routes sur une carte\" href=\"https:\/\/www.enaikoon.com\/wp-content\/uploads\/2016\/08\/316167301c.png\" target=\"_blank\" rel=\"nofollow\" noopener noreferrer\"><img decoding=\"async\" loading=\"lazy\" src=\"https:\/\/www.enaikoon.com\/wp-content\/uploads\/2016\/08\/316167301c.png\" alt=\"carte routes\" width=\"260\" height=\"147\" border=\"0\"><\/a>&nbsp;&nbsp;\n<div style=\"display: none;\"><a title=\"routes et images sur une carte\" href=\"https:\/\/www.enaikoon.com\/wp-content\/uploads\/2016\/08\/62f796f757.png\" target=\"_blank\" rel=\"nofollow\" noopener noreferrer\"><img decoding=\"async\" style=\"display: none;\" src=\"https:\/\/www.enaikoon.com\/wp-content\/uploads\/2016\/08\/62f796f757.png\" alt=\"routes on a map\" border=\"0\"><\/a>\n<a title=\"Liste de routes\" href=\"https:\/\/www.enaikoon.com\/wp-content\/uploads\/2016\/08\/69090c7da4.png\" target=\"_blank\" rel=\"nofollow\" noopener noreferrer\"><img decoding=\"async\" style=\"display: none;\" src=\"https:\/\/www.enaikoon.com\/wp-content\/uploads\/2016\/08\/69090c7da4.png\" alt=\"list of routes\" border=\"0\"><\/a>\n<a title=\"D\u00e9tails de routes\" href=\"https:\/\/www.enaikoon.com\/wp-content\/uploads\/2016\/08\/5d231b10dc.png\" target=\"_blank\" rel=\"nofollow\" noopener noreferrer\"><img decoding=\"async\" style=\"display: none;\" src=\"https:\/\/www.enaikoon.com\/wp-content\/uploads\/2016\/08\/5d231b10dc.png\" alt=\"route details\" border=\"0\"><\/a>&nbsp;&nbsp;\n\n<a title=\"Vitesse et altitude de route\" href=\"https:\/\/www.enaikoon.com\/wp-content\/uploads\/2016\/08\/2cdbd9be25.png\" target=\"_blank\" rel=\"nofollow\" noopener noreferrer\"><img decoding=\"async\" style=\"display: none;\" src=\"https:\/\/www.enaikoon.com\/wp-content\/uploads\/2016\/08\/2cdbd9be25.png\" alt=\"route speed and altitude\" border=\"0\"><\/a>\n<a title=\"Liste des POIs\" href=\"https:\/\/www.enaikoon.com\/wp-content\/uploads\/2016\/08\/c55f241eb2.png\" target=\"_blank\" rel=\"nofollow\" noopener noreferrer\"><img decoding=\"async\" style=\"display: none;\" src=\"https:\/\/www.enaikoon.com\/wp-content\/uploads\/2016\/08\/c55f241eb2.png\" alt=\"list of POIs\" border=\"0\"><\/a>\n<a title=\"D\u00e9tails d'un POI\" href=\"https:\/\/www.enaikoon.com\/wp-content\/uploads\/2016\/08\/38f7dc41ed.png\" target=\"_blank\" rel=\"nofollow\" noopener noreferrer\"><img decoding=\"async\" style=\"display: none;\" src=\"https:\/\/www.enaikoon.com\/wp-content\/uploads\/2016\/08\/38f7dc41ed.png\" alt=\"POI details\" border=\"0\"><\/a>\n<a title=\"Trackables sur une carte\" href=\"https:\/\/www.enaikoon.com\/wp-content\/uploads\/2016\/08\/cdf278c972.png\" target=\"_blank\" rel=\"nofollow\" noopener noreferrer\"><img decoding=\"async\" style=\"display: none;\" src=\"https:\/\/www.enaikoon.com\/wp-content\/uploads\/2016\/08\/cdf278c972.png\" alt=\"trackables on map\" border=\"0\"><\/a>\n\n<a title=\"G\u00e9o-note sur une carte\" href=\"https:\/\/www.enaikoon.com\/wp-content\/uploads\/2016\/08\/d5440a0f4f.png\" target=\"_blank\" rel=\"nofollow\" noopener noreferrer\"><img decoding=\"async\" style=\"display: none;\" src=\"https:\/\/www.enaikoon.com\/wp-content\/uploads\/2016\/08\/d5440a0f4f.png\" alt=\"G\u00e9o note sur une carte\" border=\"0\"><\/a>\n<a title=\"D\u00e9tails d'une g\u00e9o-note\" href=\"https:\/\/www.enaikoon.com\/wp-content\/uploads\/2016\/08\/6f67a9d228.png\" target=\"_blank\" rel=\"nofollow\" noopener noreferrer\"><img decoding=\"async\" style=\"display: none;\" src=\"https:\/\/www.enaikoon.com\/wp-content\/uploads\/2016\/08\/6f67a9d228.png\" alt=\"geo-note details\" border=\"0\"><\/a>\n<a title=\"Pop-up des trackables\" href=\"https:\/\/www.enaikoon.com\/wp-content\/uploads\/2016\/08\/cb893b76ef.png\" target=\"_blank\" rel=\"nofollow\" noopener noreferrer\"><img decoding=\"async\" style=\"display: none;\" src=\"https:\/\/www.enaikoon.com\/wp-content\/uploads\/2016\/08\/cb893b76ef.png\" alt=\"Pop-up des trackables\" border=\"0\"><\/a>\n<a title=\"Planification de routes\" href=\"https:\/\/www.enaikoon.com\/wp-content\/uploads\/2016\/08\/dcee9bb24f.png\" target=\"_blank\" rel=\"nofollow\" noopener noreferrer\"><img decoding=\"async\" style=\"display: none;\" src=\"https:\/\/www.enaikoon.com\/wp-content\/uploads\/2016\/08\/dcee9bb24f.png\" alt=\"Planification de routes\" border=\"0\"><\/a>\n\n<\/div>\n<\/div>\n<\/div>\n<div style=\"height: 50px;\">&nbsp;<\/div>\n<\/div>\n\n<div class=\"col-md-4\">\n<div class=\"gl_space_top85\">&nbsp;<\/div>\n<div class=\"gl_space_left10\">\n<div class=\"gl_h4big\">Combinaisons<\/div>\nroutes + <a href=\"https:\/\/www.enaikoon.com\/fr\/mobile\/plugins\/gps-details\/\">GPS-details<\/a> + mobile-protector + <a href=\"https:\/\/www.enaikoon.com\/fr\/mobile\/plugins\/traffic-counter\/\">traffic-counter<\/a> = toutes les applis GPS se combinent \u00e0 la perfection\n<div class=\"gl_space_top15\">&nbsp;<\/div>\n<div><a class=\"gl_button_blue\" href=\"https:\/\/www.enaikoon.com\/fr\/contact\/contact\/\">Nous contacter<\/a><\/div>\n<div><a class=\"gl_button_grey\" href=\"https:\/\/www.enaikoon.com\/fileadmin\/enaikoon\/Dateien\/pdf\/Einbauanleitung\/routes-how-to\/franz\/ENAiKOON_Guide_de_prise_inViu_routes.pdf\" target=\"_blank\" rel=\"nofollow\" noreferrer\">guide rapide<\/a><\/div>\n<div><a class=\"gl_button_grey\" href=\"https:\/\/www.enaikoon.com\/fileadmin\/enaikoon\/Dateien\/pdf\/Einbauanleitung\/routes-in\/franz\/inViu_routes_Installation.pdf\" target=\"_blank\" rel=\"nofollow\" noreferrer\">installation<\/a><\/div>\n<div><a class=\"gl_button_yellow\" href=\"https:\/\/www.enaikoon.com\/fr\/ressources\/autres-medias\/\">vid\u00e9o inViu routes<\/a><\/div>\n<div class=\"gl_space_top15\">&nbsp;<\/div>\n<div class=\"gl_h4big\">inViu routes app\nt\u00e9l\u00e9charger<\/div>\n<div><a class=\"gl_button_grey\" href=\"https:\/\/ota.enaikoon.de\/inViuRoutes\/release\/inViuRoutes.apk\" target=\"_blank\" rel=\"nofollow\">inViu routes app<\/a><\/div>\n<div class=\"gl_space_top15\">&nbsp;<\/div>\n<div>&nbsp;<\/div>\n<\/div>\n<\/div>\n<div class=\"gl_row_space\">&nbsp;<\/div>\n<\/div>\n<\/div>","protected":false},"excerpt":{"rendered":"<p> [&hellip;]<\/p>\n","protected":false},"author":7,"featured_media":0,"parent":8494,"menu_order":0,"comment_status":"closed","ping_status":"closed","template":"","meta":{"footnotes":""},"acf":[],"_links":{"self":[{"href":"https:\/\/www.enaikoon.com\/fr\/wp-json\/wp\/v2\/pages\/8497"}],"collection":[{"href":"https:\/\/www.enaikoon.com\/fr\/wp-json\/wp\/v2\/pages"}],"about":[{"href":"https:\/\/www.enaikoon.com\/fr\/wp-json\/wp\/v2\/types\/page"}],"author":[{"embeddable":true,"href":"https:\/\/www.enaikoon.com\/fr\/wp-json\/wp\/v2\/users\/7"}],"replies":[{"embeddable":true,"href":"https:\/\/www.enaikoon.com\/fr\/wp-json\/wp\/v2\/comments?post=8497"}],"version-history":[{"count":14,"href":"https:\/\/www.enaikoon.com\/fr\/wp-json\/wp\/v2\/pages\/8497\/revisions"}],"predecessor-version":[{"id":18776,"href":"https:\/\/www.enaikoon.com\/fr\/wp-json\/wp\/v2\/pages\/8497\/revisions\/18776"}],"up":[{"embeddable":true,"href":"https:\/\/www.enaikoon.com\/fr\/wp-json\/wp\/v2\/pages\/8494"}],"wp:attachment":[{"href":"https:\/\/www.enaikoon.com\/fr\/wp-json\/wp\/v2\/media?parent=8497"}],"curies":[{"name":"wp","href":"https:\/\/api.w.org\/{rel}","templated":true}]}}