{"id":8494,"date":"2016-08-15T06:13:10","date_gmt":"2016-08-15T06:13:10","guid":{"rendered":"https:\/\/www.enaikoon.com\/fr\/?page_id=8494"},"modified":"2017-03-03T10:34:24","modified_gmt":"2017-03-03T10:34:24","slug":"plugins","status":"publish","type":"page","link":"https:\/\/www.enaikoon.com\/fr\/mobile\/plugins\/","title":{"rendered":"plugins"},"content":{"rendered":"<div class=\"gl_slide_scroll_box\">\r\n\t<div class=\"gl_scroll_box\">\r\n <noindex><\/noindex>        <ul>\r\n            <li><a class=\"gl_scroll_link_title\" href=\"https:\/\/www.enaikoon.com\/fr\/mobile\/plugins\/routes\/\"  title=\"routes\">routes<\/a><br\/>\r\n            <a href=\"https:\/\/www.enaikoon.com\/fr\/mobile\/plugins\/routes\/\"  title=\"routes\"><img decoding=\"async\" class=\"gl_scroll_link_img_active\" src=\"https:\/\/www.enaikoon.com\/wp-content\/uploads\/2016\/07\/mobile_routes.png\" border=\"0\"><\/a><\/li>\r\n            \r\n \t\t\t<li><a class=\"gl_scroll_link_title\" href=\"https:\/\/www.enaikoon.com\/fr\/mobile\/plugins\/nfc-tracker\/\"  title=\"NFC-tracker\">NFC-tracker<\/a><br\/>\r\n            <a href=\"https:\/\/www.enaikoon.com\/fr\/mobile\/plugins\/nfc-tracker\/\"  title=\"NFC-tracker\"><img decoding=\"async\" class=\"gl_scroll_link_img\" src=\"https:\/\/www.enaikoon.com\/wp-content\/uploads\/2016\/07\/mobile_NFC.png\" border=\"0\"><\/a><\/li>\r\n            \r\n             <li><a class=\"gl_scroll_link_title\" href=\"https:\/\/www.enaikoon.com\/fr\/mobile\/plugins\/gps-details\/\"  title=\"GPS-details\">GPS-details<\/a><br\/>\r\n            <a href=\"https:\/\/www.enaikoon.com\/fr\/mobile\/plugins\/gps-details\/\"  title=\"GPS-details\"><img decoding=\"async\" class=\"gl_scroll_link_img\" src=\"https:\/\/www.enaikoon.com\/wp-content\/uploads\/2016\/07\/mobile_GPS.png\" border=\"0\"><\/a><\/li>\r\n            \r\n             <li><a class=\"gl_scroll_link_title\" href=\"https:\/\/www.enaikoon.com\/fr\/mobile\/plugins\/keypad-mapper-3\/\"  title=\"Keypad-Mapper 3\">Keypad-Mapper 3<\/a><br\/>\r\n            <a href=\"https:\/\/www.enaikoon.com\/fr\/mobile\/plugins\/keypad-mapper-3\/\"  title=\"Keypad-Mapper 3\"><img decoding=\"async\" class=\"gl_scroll_link_img\" src=\"https:\/\/www.enaikoon.com\/wp-content\/uploads\/2016\/07\/mobile_keypad.png\" border=\"0\"><\/a><\/li>\r\n                     \r\n             <li><a class=\"gl_scroll_link_title\" href=\"https:\/\/www.enaikoon.com\/fr\/mobile\/plugins\/traffic-counter\/\" title=\"traffic-counter\">traffic-counter<\/a><br\/>\r\n            <a href=\"https:\/\/www.enaikoon.com\/fr\/mobile\/plugins\/traffic-counter\/\" title=\"traffic-counter\"><img decoding=\"async\" class=\"gl_scroll_link_img\" src=\"https:\/\/www.enaikoon.com\/wp-content\/uploads\/2016\/07\/mobile_traffic.png\" border=\"0\"><\/a><\/li>\r\n        <\/ul>\r\n\r\n    <\/div>\r\n<\/div>\r\n<div class=\"row\">\r\n\r\n<div class=\"gl_border-page\">\r\n\t\t\r\n\t\t<div class=\"col-md-4\">\r\n\t\r\n    <div class=\"clearfix\">\r\n    \t<img decoding=\"async\" src=\"https:\/\/www.enaikoon.com\/wp-content\/uploads\/2016\/07\/mobile_plugins1.png\" align=\"left\"  alt=\"inViu routes\" title=\"inViu routes\"\/><div class=\"gl_h2big\">inViu routes<\/div>\r\n    <\/div>\r\n    <div class=\"gl_space_top15\"><\/div>\r\n   <div>\r\n  <p  class=\"gl_space_right10\"><em><strong>inViu routes<\/strong> affiche en temps r\u00e9el les positions GPS relev\u00e9es par le syst\u00e8me en se servant des donn\u00e9es open source partag\u00e9es sur <a rel=\"nofollow\" href=\"http:\/\/www.openstreetmap.org\/\" target=\"_blank\">OpenStreetMap&copy;<\/a>.<br>\r\n    Les donn&eacute;es GPS ainsi recueillies sont automatiquement mises en ligne sur votre serveur inViu.<\/em><br>\r\n      <br>Inscrivez-vous pour obtenir votre compte <a rel=\"nofollow\" href=\"https:\/\/sso.enaikoon.de\/?locale=fr\" title=\"inViu web\" target=\"_blank\">inViu web<\/a>.   inViu prend en charge jusqu&rsquo;\u00e0 quatre t\u00e9l\u00e9phones Android, gratuitement ! Vous pourrez alors les g\u00e9olocaliser et suivre leurs d\u00e9placements sur votre portail en ligne inViu web. Si vous n&rsquo;avez pas encore de compte inViu web, vous pouvez en ouvrir un sur inViu routes.<br>\r\n      <br>\r\n    <strong>ENAiKOON prot\u00e8ge vos donn\u00e9es personnelles.<\/strong> C&rsquo;est pourquoi nous ne recueillons et ne transmettons aucune information (donn\u00e9e, position ou d\u00e9placement) \u00e0 des tiers. ENAiKOON vous garantit que les donn\u00e9es affich\u00e9es sur inViu sont uniquement recueillies pour votre utilisation personnelle. <strong>Aucune information n&rsquo;est recueillie \u00e0<\/strong>, ni sur votre ordinateur, ni sur votre t\u00e9l\u00e9phone mobile.<\/p>\r\n <\/div>\r\n<div class=\"gl_space_top20\"><\/div>\r\n<div><iframe loading=\"lazy\" width=\"288\" height=\"162\" src=\"https:\/\/www.youtube.com\/embed\/EupX-gtRDsc\" frameborder=\"0\" allowfullscreen><\/iframe><\/div>\r\n\t\t\t\r\n\t\t<\/div>\r\n\t\t\r\n\t\t<div class=\"col-md-4\">\r\n        <div class=\"gl_space_top85\"><\/div>\r\n\t  <div class=\"gl_space_left10\">\r\n\t\t <div class=\"gl_h4big\"><a href=\"https:\/\/www.enaikoon.com\/fr\/mobile\/plugins\/routes\/routes-caracteristiques-principales\/\">Caract\u00e9ristiques principales<\/a><\/div>\r\n     <div class=\"gl_ul_style2\">\r\n     \r\n        <ul>\r\n          \t<li><a href=\"https:\/\/www.enaikoon.com\/fr\/mobile\/plugins\/routes\/routes-caracteristiques-principales\/\"><span style=\"color:#8f8f8f\">g\u00e9olocaliser son trackables<\/span><\/a><\/li>\r\n           <li><a href=\"https:\/\/www.enaikoon.com\/fr\/mobile\/plugins\/routes\/routes-caracteristiques-principales\/\"><span style=\"color:#8f8f8f\">le suivi GPS<\/span><\/a><\/li>\r\n           <li><a href=\"https:\/\/www.enaikoon.com\/fr\/mobile\/plugins\/routes\/routes-caracteristiques-principales\/\"><span style=\"color:#8f8f8f\">planificaci\u00f3n de rutas<\/span><\/a><\/li>\r\n           <li class=\"gl_space_right20_inv\"><a href=\"https:\/\/www.enaikoon.com\/fr\/mobile\/plugins\/routes\/routes-caracteristiques-principales\/\"><span style=\"color:#8f8f8f\">planification de trajets<\/span><\/a><\/li>\r\n           <li><a href=\"https:\/\/www.enaikoon.com\/fr\/mobile\/plugins\/routes\/routes-caracteristiques-principales\/\"><span style=\"color:#8f8f8f\">l\u2019horloge<\/span><\/a><\/li>\r\n           <li><a href=\"https:\/\/www.enaikoon.com\/fr\/mobile\/plugins\/routes\/routes-caracteristiques-principales\/\"><span style=\"color:#8f8f8f\">messenger<\/span><\/a><\/li>\r\n           <li><a href=\"https:\/\/www.enaikoon.com\/fr\/mobile\/plugins\/routes\/routes-caracteristiques-principales\/\"><span style=\"color:#8f8f8f\">l\u2019ajout de photos sur inViu pro<\/span><\/a><\/li>\r\n           <li><a href=\"https:\/\/www.enaikoon.com\/fr\/mobile\/plugins\/routes\/routes-caracteristiques-principales\/\"><span style=\"color:#8f8f8f\">recherche d&rsquo;adresses<\/span><\/a><\/li>\r\n           <li><a href=\"https:\/\/www.enaikoon.com\/fr\/mobile\/plugins\/routes\/routes-caracteristiques-principales\/\"><span style=\"color:#8f8f8f\">g\u00e9o-notes<\/span><\/a><\/li>\r\n           <li><a href=\"https:\/\/www.enaikoon.com\/fr\/mobile\/plugins\/routes\/routes-caracteristiques-principales\/\"><span style=\"color:#8f8f8f\">photos<\/span><\/a><\/li>\r\n           <li><a href=\"https:\/\/www.enaikoon.com\/fr\/mobile\/plugins\/routes\/routes-caracteristiques-principales\/\"><span style=\"color:#8f8f8f\">points d&rsquo;int\u00e9r\u00eat (POI)<\/span><\/a><\/li>\r\n           <li><a href=\"https:\/\/www.enaikoon.com\/fr\/mobile\/plugins\/routes\/routes-caracteristiques-principales\/\"><span style=\"color:#8f8f8f\">sauver place de parking<\/span><\/a><\/li>\r\n           <li><a href=\"https:\/\/www.enaikoon.com\/fr\/mobile\/plugins\/routes\/routes-caracteristiques-principales\/\"><span style=\"color:#8f8f8f\">mode repos<\/span><\/a><\/li>\r\n\t\t   <li><a href=\"https:\/\/www.enaikoon.com\/fr\/mobile\/plugins\/routes\/routes-caracteristiques-principales\/\"><span style=\"color:#8f8f8f\">widgets<\/span><\/a><\/li>\r\n           <li><a href=\"https:\/\/www.enaikoon.com\/fr\/mobile\/plugins\/routes\/routes-caracteristiques-principales\/\"><span style=\"color:#8f8f8f\">des menus personnalisables<\/span><\/a><\/li>\r\n           <li><a href=\"https:\/\/www.enaikoon.com\/fr\/mobile\/plugins\/routes\/routes-caracteristiques-principales\/\"><span style=\"color:#8f8f8f\">informations g\u00e9n\u00e9rales<\/span><\/a><\/li>\r\n        <\/ul>\r\n     \r\n       \r\n\t<\/div>\r\n    <div class=\"gl_space_top15\"><\/div>\r\n    <div><a class=\"gl_button_blue\" href=\"https:\/\/www.enaikoon.com\/fr\/mobile\/plugins\/routes\/routes-caracteristiques-principales\/\">caract\u00e9ristiques routes<\/a> <\/div>\r\n   <div class=\"gl_space_top20\"><\/div>\r\n    <div class=\"gl_h4big\">routes dans inViu web<\/div>\r\n    <div class=\"gl_space_top15\"><a rel=\"nofollow\" href=\"https:\/\/www.enaikoon.com\/wp-content\/uploads\/2016\/08\/Ipad_new_web_15.png\" target=\"_blank\"  title=\"inViu web\"><img decoding=\"async\" src=\"https:\/\/www.enaikoon.com\/wp-content\/uploads\/2016\/08\/Ipad_new_web_14.png\" border=\"0\"  alt=\"inViu web\" \/><\/a><\/div>\r\n\r\n    <div class=\"gl_space_top20\"><\/div>\r\n    <div class=\"gl_h4big\">Captures d&rsquo;\u00e9cran inViu routes<\/div>\r\n    \r\n <div class=\"gl_space_top15\">\r\n<a href=\"https:\/\/www.enaikoon.com\/wp-content\/uploads\/2016\/08\/316167301c.png\" target=\"_blank\" rel=\"nofollow\" title=\"routes sur une carte\"><img decoding=\"async\" loading=\"lazy\" src=\"https:\/\/www.enaikoon.com\/wp-content\/uploads\/2016\/08\/316167301c.png\" alt=\"carte routes\" border=\"0\" height=\"147\" width=\"260\"><\/a>\r\n <div style=\"display:none;\">\r\n<a href=\"https:\/\/www.enaikoon.com\/wp-content\/uploads\/2016\/08\/62f796f757.png\" target=\"_blank\" title=\"routes et images sur une carte\" rel=\"nofollow\"><img decoding=\"async\" src=\"https:\/\/www.enaikoon.com\/wp-content\/uploads\/2016\/08\/62f796f757.png\" style=\"display:none;\" alt=\"routes on a map\"  border=\"0\" ><\/a>\r\n<a href=\"https:\/\/www.enaikoon.com\/wp-content\/uploads\/2016\/08\/69090c7da4.png\" target=\"_blank\" title=\"Liste de routes\" rel=\"nofollow\"><img decoding=\"async\" src=\"https:\/\/www.enaikoon.com\/wp-content\/uploads\/2016\/08\/69090c7da4.png\" style=\"display:none;\" alt=\"list of routes\" border=\"0\" ><\/a>\r\n<a href=\"https:\/\/www.enaikoon.com\/wp-content\/uploads\/2016\/08\/5d231b10dc.png\" target=\"_blank\" title=\"D\u00e9tails de routes\" rel=\"nofollow\"><img decoding=\"async\" src=\"https:\/\/www.enaikoon.com\/wp-content\/uploads\/2016\/08\/5d231b10dc.png\" style=\"display:none;\"  alt=\"route details\" border=\"0\" ><\/a>\r\n\r\n<a href=\"https:\/\/www.enaikoon.com\/wp-content\/uploads\/2016\/08\/2cdbd9be25.png\" target=\"_blank\" title=\"Vitesse et altitude de route\" rel=\"nofollow\"><img decoding=\"async\" src=\"https:\/\/www.enaikoon.com\/wp-content\/uploads\/2016\/08\/2cdbd9be25.png\" style=\"display:none;\"  alt=\"route speed and altitude\" border=\"0\" ><\/a>\r\n<a href=\"https:\/\/www.enaikoon.com\/wp-content\/uploads\/2016\/08\/c55f241eb2.png\" target=\"_blank\"  title=\"Liste des POIs\" rel=\"nofollow\"><img decoding=\"async\" src=\"https:\/\/www.enaikoon.com\/wp-content\/uploads\/2016\/08\/c55f241eb2.png\" style=\"display:none;\" alt=\"list of POIs\" border=\"0\" ><\/a>\r\n<a href=\"https:\/\/www.enaikoon.com\/wp-content\/uploads\/2016\/08\/38f7dc41ed.png\" target=\"_blank\"  title=\"D\u00e9tails d'un POI\" rel=\"nofollow\"><img decoding=\"async\" src=\"https:\/\/www.enaikoon.com\/wp-content\/uploads\/2016\/08\/38f7dc41ed.png\" style=\"display:none;\"  alt=\"POI details\" border=\"0\" ><\/a>\r\n<a href=\"https:\/\/www.enaikoon.com\/wp-content\/uploads\/2016\/08\/cdf278c972.png\" target=\"_blank\" title=\"Trackables sur une carte\" rel=\"nofollow\"><img decoding=\"async\" src=\"https:\/\/www.enaikoon.com\/wp-content\/uploads\/2016\/08\/cdf278c972.png\" style=\"display:none;\" alt=\"trackables on map\"  border=\"0\" ><\/a>\r\n\r\n<a href=\"https:\/\/www.enaikoon.com\/wp-content\/uploads\/2016\/08\/d5440a0f4f.png\" target=\"_blank\" title=\"G\u00e9o-note sur une carte\" rel=\"nofollow\"><img decoding=\"async\" src=\"https:\/\/www.enaikoon.com\/wp-content\/uploads\/2016\/08\/d5440a0f4f.png\" style=\"display:none;\" alt=\"G\u00e9o note sur une carte\" border=\"0\" ><\/a>\r\n<a href=\"https:\/\/www.enaikoon.com\/wp-content\/uploads\/2016\/08\/6f67a9d228.png\" target=\"_blank\" title=\"D\u00e9tails d'une g\u00e9o-note\" rel=\"nofollow\"><img decoding=\"async\" src=\"https:\/\/www.enaikoon.com\/wp-content\/uploads\/2016\/08\/6f67a9d228.png\" style=\"display:none;\"  alt=\"geo-note details\"  border=\"0\" ><\/a>\r\n<a href=\"https:\/\/www.enaikoon.com\/wp-content\/uploads\/2016\/08\/cb893b76ef.png\" target=\"_blank\" title=\"Pop-up des trackables\" rel=\"nofollow\"><img decoding=\"async\" src=\"https:\/\/www.enaikoon.com\/wp-content\/uploads\/2016\/08\/cb893b76ef.png\" style=\"display:none;\" alt=\"Pop-up des trackables\" border=\"0\" ><\/a>\r\n<a href=\"https:\/\/www.enaikoon.com\/wp-content\/uploads\/2016\/08\/dcee9bb24f.png\" target=\"_blank\" title=\"Planification de routes\" rel=\"nofollow\"><img decoding=\"async\" src=\"https:\/\/www.enaikoon.com\/wp-content\/uploads\/2016\/08\/dcee9bb24f.png\" style=\"display:none;\"  alt=\"Planification de routes\" border=\"0\" ><\/a>\r\n <\/div>\r\n <\/div>\t\t\r\n\t\t\t\t\t\t\t\t\t\t\r\n\t  <\/div><div style=\"height:50px;\"><\/div>\r\n\t\t<\/div>\r\n\t\t\r\n\t\t<div class=\"col-md-4\">\r\n        <div class=\"gl_space_top85\"><\/div>\r\n\t\t<div class=\"gl_space_left10\">\r\n\t\t <div class=\"gl_h4big\">Combinaisons<\/div>\r\n    <p>routes + <a href=\"https:\/\/www.enaikoon.com\/fr\/mobile\/plugins\/gps-details\/\">GPS-details<\/a> + mobile-protector + <a href=\"https:\/\/www.enaikoon.com\/fr\/mobile\/plugins\/traffic-counter\/\">traffic-counter<\/a> = toutes les appli GPS sont une solution parfaite<\/p>\r\n<div class=\"gl_space_top15\"><\/div>\r\n \r\n    <div><a class=\"gl_button_blue\" href=\"https:\/\/www.enaikoon.com\/fr\/contact\/contact\/\">Nous contacter<\/a> <\/div>\r\n \r\n    \r\n \t <div><a class=\"gl_button_grey\" rel=\"nofollow\" href=\"https:\/\/www.enaikoon.com\/fileadmin\/enaikoon\/Dateien\/pdf\/Einbauanleitung\/routes-how-to\/franz\/ENAiKOON_Guide_de_prise_inViu_routes.pdf\" target=\"_blank\">guide rapide<\/a> <\/div>\r\n  \t <div><a class=\"gl_button_grey\" rel=\"nofollow\" href=\"https:\/\/www.enaikoon.com\/fileadmin\/enaikoon\/Dateien\/pdf\/Einbauanleitung\/routes-in\/franz\/inViu_routes_Installation.pdf\" target=\"_blank\">installation<\/a> <\/div>\r\n\r\n  \r\n     <div><a class=\"gl_button_yellow\"  href=\"https:\/\/www.enaikoon.com\/fr\/ressources\/autres-medias\/\">vid\u00e9o inViu routes<\/a> <\/div>\r\n     <div class=\"gl_space_top15\"><\/div>\r\n     <div class=\"gl_h4big\">inViu routes app<br\/>\r\nt\u00e9l\u00e9charger<\/div>\r\n\r\n<div class=\"gl_space_top15\">\r\n<a rel=\"nofollow\" href=\"https:\/\/play.google.com\/store\/apps\/details?id=de.enaikoon.android.inviu.routes&#038;feature=search_result&#038;hl=fr\" target=\"_blank\"  title=\"Get inViu routes app by Google Play\"><img decoding=\"async\" src=\"https:\/\/www.enaikoon.com\/wp-content\/uploads\/2016\/07\/google_play.png\" border=\"0\"  alt=\"inViu routes app by Google Play\" \/><\/a><\/div>\r\n <div class=\"gl_space_top15\"><\/div>\r\n<div>\r\n<iframe src=\"\/\/www.facebook.com\/plugins\/likebox.php?href=https%3A%2F%2Fwww.facebook.com%2FInviuRoutes&amp;width=260&amp;height=62&amp;show_faces=false&amp;colorscheme=light&amp;stream=false&amp;border_color=%2346b4e7&amp;header=false&amp;appId=174418786012031\" scrolling=\"no\" frameborder=\"0\" style=\"border:none; overflow:hidden; width:260px; height:62px;margin-left:-10px;\" allowtransparency=\"true\"><\/iframe>\r\n\t\t  <\/div>\r\n\r\n<\/div>\r\n     \r\n\t <\/div>\r\n\t\t\r\n\t\t\r\n\t\t<div class=\"gl_row_space\"><\/div>\r\n\t<\/div>\r\n<\/div>","protected":false},"excerpt":{"rendered":"<p> [&hellip;]<\/p>\n","protected":false},"author":7,"featured_media":0,"parent":8490,"menu_order":0,"comment_status":"closed","ping_status":"closed","template":"","meta":{"footnotes":""},"acf":[],"_links":{"self":[{"href":"https:\/\/www.enaikoon.com\/fr\/wp-json\/wp\/v2\/pages\/8494"}],"collection":[{"href":"https:\/\/www.enaikoon.com\/fr\/wp-json\/wp\/v2\/pages"}],"about":[{"href":"https:\/\/www.enaikoon.com\/fr\/wp-json\/wp\/v2\/types\/page"}],"author":[{"embeddable":true,"href":"https:\/\/www.enaikoon.com\/fr\/wp-json\/wp\/v2\/users\/7"}],"replies":[{"embeddable":true,"href":"https:\/\/www.enaikoon.com\/fr\/wp-json\/wp\/v2\/comments?post=8494"}],"version-history":[{"count":9,"href":"https:\/\/www.enaikoon.com\/fr\/wp-json\/wp\/v2\/pages\/8494\/revisions"}],"predecessor-version":[{"id":11278,"href":"https:\/\/www.enaikoon.com\/fr\/wp-json\/wp\/v2\/pages\/8494\/revisions\/11278"}],"up":[{"embeddable":true,"href":"https:\/\/www.enaikoon.com\/fr\/wp-json\/wp\/v2\/pages\/8490"}],"wp:attachment":[{"href":"https:\/\/www.enaikoon.com\/fr\/wp-json\/wp\/v2\/media?parent=8494"}],"curies":[{"name":"wp","href":"https:\/\/api.w.org\/{rel}","templated":true}]}}