{"id":8492,"date":"2016-08-15T06:13:56","date_gmt":"2016-08-15T06:13:56","guid":{"rendered":"https:\/\/www.enaikoon.com\/fr\/?page_id=8492"},"modified":"2017-11-19T14:58:48","modified_gmt":"2017-11-19T14:58:48","slug":"inviu-mobile","status":"publish","type":"page","link":"https:\/\/www.enaikoon.com\/fr\/mobile\/inviu-mobile\/","title":{"rendered":"inViu mobile"},"content":{"rendered":"\n\t\t\t<!-- START inviumobileapps_fr REVOLUTION SLIDER 6.6.16 --><p class=\"rs-p-wp-fix\"><\/p>\n\t\t\t<rs-module-wrap id=\"rev_slider_74_1_wrapper\" data-source=\"gallery\" style=\"visibility:hidden;background:transparent;padding:0;margin:0px auto;margin-top:0;margin-bottom:0;\">\n\t\t\t\t<rs-module id=\"rev_slider_74_1\" style=\"\" data-version=\"6.6.16\">\n\t\t\t\t\t<rs-slides style=\"overflow: hidden; position: absolute;\">\n\t\t\t\t\t\t<rs-slide style=\"position: absolute;\" data-key=\"rs-106\" data-title=\"banner\" data-anim=\"adpr:false;\">\n\t\t\t\t\t\t\t<img src=\"\/\/www.enaikoon.com\/wp-content\/plugins\/revslider\/public\/assets\/assets\/dummy.png\" alt=\"\" title=\"inViu mobile\" class=\"rev-slidebg tp-rs-img rs-lazyload\" data-lazyload=\"\/\/www.enaikoon.com\/wp-content\/uploads\/2016\/07\/Banner_mobile_eng_01.png\" data-no-retina>\n<!--\n\t\t\t\t\t\t\t--><rs-layer\n\t\t\t\t\t\t\t\tid=\"slider-74-slide-106-layer-1\" \n\t\t\t\t\t\t\t\tdata-type=\"image\"\n\t\t\t\t\t\t\t\tdata-rsp_ch=\"on\"\n\t\t\t\t\t\t\t\tdata-text=\"l:22;\"\n\t\t\t\t\t\t\t\tdata-dim=\"w:998px;h:300px;\"\n\t\t\t\t\t\t\t\tdata-frame_0=\"tp:600;\"\n\t\t\t\t\t\t\t\tdata-frame_1=\"tp:600;e:power2.inOut;st:500;\"\n\t\t\t\t\t\t\t\tdata-frame_999=\"o:0;tp:600;e:nothing;st:w;\"\n\t\t\t\t\t\t\t\tstyle=\"z-index:5;\"\n\t\t\t\t\t\t\t><img src=\"\/\/www.enaikoon.com\/wp-content\/plugins\/revslider\/public\/assets\/assets\/dummy.png\" alt=\"\" class=\"tp-rs-img rs-lazyload\" data-lazyload=\"\/wp-content\/uploads\/2016\/07\/Banner_mobile_eng_01.png\" data-no-retina> \n\t\t\t\t\t\t\t<\/rs-layer><!--\n\n\t\t\t\t\t\t\t--><rs-layer\n\t\t\t\t\t\t\t\tid=\"slider-74-slide-106-layer-2\" \n\t\t\t\t\t\t\t\tclass=\"medium-blue-text\"\n\t\t\t\t\t\t\t\tdata-type=\"text\"\n\t\t\t\t\t\t\t\tdata-color=\"rgba(70,180,231,1)\"\n\t\t\t\t\t\t\t\tdata-rsp_ch=\"on\"\n\t\t\t\t\t\t\t\tdata-xy=\"x:528px;y:86px;\"\n\t\t\t\t\t\t\t\tdata-text=\"s:32;l:34;fw:700;\"\n\t\t\t\t\t\t\t\tdata-frame_0=\"y:50px;tp:600;\"\n\t\t\t\t\t\t\t\tdata-frame_1=\"tp:600;e:power2.inOut;st:800;sp:500;\"\n\t\t\t\t\t\t\t\tdata-frame_999=\"o:1;tp:600;e:nothing;st:w;\"\n\t\t\t\t\t\t\t\tstyle=\"z-index:6;font-family:'Myriad Pro';color:#12B9FF !important;letter-spacing:0px !important;\"\n\t\t\t\t\t\t\t>G\u00e9rer, prot\u00e9ger et g\u00e9olocaliser <br\/>ses trackables depuis son <br\/>t\u00e9l\u00e9phone mobile \n\t\t\t\t\t\t\t<\/rs-layer><!--\n\n\t\t\t\t\t\t\t--><rs-layer\n\t\t\t\t\t\t\t\tid=\"slider-74-slide-106-layer-3\" \n\t\t\t\t\t\t\t\tclass=\"small-brown-text\"\n\t\t\t\t\t\t\t\tdata-type=\"text\"\n\t\t\t\t\t\t\t\tdata-color=\"rgba(143,143,143,1)\"\n\t\t\t\t\t\t\t\tdata-rsp_ch=\"on\"\n\t\t\t\t\t\t\t\tdata-xy=\"x:528px;y:204px;\"\n\t\t\t\t\t\t\t\tdata-text=\"s:16;l:18;\"\n\t\t\t\t\t\t\t\tdata-frame_0=\"y:50px;tp:600;\"\n\t\t\t\t\t\t\t\tdata-frame_1=\"tp:600;e:power2.inOut;st:800;sp:500;\"\n\t\t\t\t\t\t\t\tdata-frame_999=\"o:1;tp:600;e:nothing;st:w;\"\n\t\t\t\t\t\t\t\tstyle=\"z-index:7;font-family:'Myriad Pro';letter-spacing:1 !important;font-size:14.4px;line-height:17px;\"\n\t\t\t\t\t\t\t>Une plate-forme unique pour r\u00e9pondre efficacement \u00e0 tous vos <br\/>besoins GPS, m\u00eame pendant vos d\u00e9placements ! \n\t\t\t\t\t\t\t<\/rs-layer><!--\n\n\t\t\t\t\t\t\t--><rs-layer\n\t\t\t\t\t\t\t\tid=\"slider-74-slide-106-layer-4\" \n\t\t\t\t\t\t\t\tdata-type=\"text\"\n\t\t\t\t\t\t\t\tdata-color=\"rgba(255,255,255,1)\"\n\t\t\t\t\t\t\t\tdata-rsp_ch=\"on\"\n\t\t\t\t\t\t\t\tdata-xy=\"x:528px;y:248px;\"\n\t\t\t\t\t\t\t\tdata-text=\"l:22;\"\n\t\t\t\t\t\t\t\tdata-frame_0=\"y:50px;tp:600;\"\n\t\t\t\t\t\t\t\tdata-frame_1=\"tp:600;e:power2.inOut;st:800;sp:500;\"\n\t\t\t\t\t\t\t\tdata-frame_999=\"o:1;tp:600;e:nothing;st:w;\"\n\t\t\t\t\t\t\t\tstyle=\"z-index:8;font-family:'';\"\n\t\t\t\t\t\t\t><a class=\"gl_button_yellow\" href=\"\/fr\/ressources\/autres-medias\/\">vid\u00e9o inViu routes<\/a> \n\t\t\t\t\t\t\t<\/rs-layer><!--\n-->\t\t\t\t\t\t<\/rs-slide>\n\t\t\t\t\t<\/rs-slides>\n\t\t\t\t<\/rs-module>\n\t\t\t\t<script>\n\t\t\t\t\tsetREVStartSize({c: 'rev_slider_74_1',rl:[1240,1024,778,480],el:[],gw:[998],gh:[300],type:'standard',justify:'',layout:'fullwidth',mh:\"0\"});if (window.RS_MODULES!==undefined && window.RS_MODULES.modules!==undefined && window.RS_MODULES.modules[\"revslider741\"]!==undefined) {window.RS_MODULES.modules[\"revslider741\"].once = false;window.revapi74 = undefined;if (window.RS_MODULES.checkMinimal!==undefined) window.RS_MODULES.checkMinimal()}\n\t\t\t\t<\/script>\n\t\t\t<\/rs-module-wrap>\n\t\t\t<!-- END REVOLUTION SLIDER -->\n\r\n\r\n<div class=\"row\">\r\n\t\t<div class=\"col-md-8\"><div class=\"gl_space_pageleft\">\r\n<div class=\"gl_h2big\" style=\"margin-top:5px;\">inViu applications mobiles<\/div>\r\n           <p class=\"gl_space_top2\">D\u00e9couvrez la gamme compl\u00e8te de nos applications GPS innovantes, pour votre t\u00e9l\u00e9phone mobile. Les applications mobiles inViu vous permettent de:<\/p> <div class=\"gl_space_top10\"><\/div>\r\n\t <div class=\"gl_ul_style2\">\r\n        <ul style=\"line-height:18px\">\r\n\t\t<li style=\"margin-top:-10px;\">afficher une position, un itin&eacute;raire, un POI ou une photo sur la carte inViu<\/li>\r\n\t\t<li style=\"margin-top:5px;\">recevoir les positions GPS depuis les antennes-relais<\/li>\r\n\t\t<li style=\"margin-top:5px;\">conna&icirc;tre le nombre de satellites en orbite et la puissance du signal<\/li>\r\n\t\t<li style=\"margin-top:5px;\">utiliser la boussole et le compteur, pour conna&icirc;tre la vitesse et la direction de vos trackables<\/li>\r\n\t\t<li style=\"margin-top:5px;\">contr&ocirc;ler votre t&eacute;l&eacute;phone mobile &agrave; distance en cas de perte ou de vol<\/li>\r\n\t\t<li style=\"margin-top:5px;\">vous prot&eacute;ger du vol<\/li>\r\n\t\t<li style=\"margin-top:5px;\">g&eacute;rer et contr&ocirc;ler l&rsquo;utilisation des donn&eacute;es<\/li>\r\n        <\/ul>\r\n\t<\/div>\r\n\t<p style=\"line-height:18px\"><a rel=\"nofollow\" href=\"https:\/\/sso.enaikoon.de\/\" title=\"Connectez-vous avec votre ENAiKOON ID\" target=\"_blank\">Connectez-vous<\/a> \u00e0 votre compte inViu avec votre adresse e-mail ou <a rel=\"nofollow\" href=\"https:\/\/sso.enaikoon.de\/\" target=\"_blank\">inscrivez-vous <\/a> pour vous ouvrir un compte. Une fois connect\u00e9 \u00e0 <a href=\"https:\/\/www.enaikoon.com\/fr\/logiciel\/\">inViu<\/a>, vous pourrez suivre les positions et les itin\u00e9raires de vos trackables, mis \u00e0 jour en temps r\u00e9el. Chaque utilisateur peut contr\u00f4ler jusqu&rsquo;\u00e0 quatre objets, sans co\u00fbt suppl\u00e9mentaire.<\/p>\r\n\t\t<\/div>\r\n       <\/div>\r\n\t\r\n\t\t<div class=\"col-md-4\">\r\n        <div class=\"gl_space_pageright\">\r\n   \t\t  <div class=\"gl_h2big\">T\u00e9l\u00e9charger les <br\/>versions gratuites<\/div>\r\n            <div class=\"gl_space_top23\"><\/div>\r\n            <div><a rel=\"nofollow\" href=\"https:\/\/play.google.com\/store\/search?q=enaikoon&amp;hl=fr\" target=\"_blank\" title=\"T&eacute;l&eacute;charger les applis d&rsquo;ENAiKOON depuis Google Play\"><img decoding=\"async\" src=\"https:\/\/www.enaikoon.com\/wp-content\/uploads\/2016\/07\/google_play.png\" border=\"0\"  alt=\"T\u00e9l\u00e9charger les applis d\u2019ENAiKOON depuis Google Play\" ><\/a><\/div>\r\n<\/div>\r\n          <\/div>\r\n\r\n<\/div> \r\n <hr\/>\r\n<div style=\"height:27px;\"><\/div>\r\n <div class=\"row\"> \r\n\r\n<div class=\"col-md-4\">\r\n  <div class=\"gl_h2big\">\r\nApplications\r\n<\/div>  <\/div><div class=\"col-md-4\"><\/div><div class=\"col-md-4\"><\/div>\r\n<\/div>  <div class=\"row\"> \r\n<div class=\"col-md-4\">\r\n\r\n\t\t            <div class=\"gl_industry\">\r\n                \t<div class=\"gl_industry_image\"><a href=\"https:\/\/www.enaikoon.com\/fr\/mobile\/plugins\/routes\/\"  title=\"inViu routes\"><img decoding=\"async\" style=\"margin-top:1px;\"  src=\"https:\/\/www.enaikoon.com\/wp-content\/uploads\/2016\/07\/mobile_App1.jpg\"  alt=\"inViu routes\" \/><\/a><\/div>\r\n                    <div class=\"gl_industry_text\" style=\"margin-top:-1px\"><p class=\"gl_h4big gl_space_top3_inv\"><a href=\"https:\/\/www.enaikoon.com\/fr\/mobile\/plugins\/routes\/\">routes<\/a><\/p><p>\r\n\t\t\t\t\tPour enregistrer ses itin\u00e9raires, ses photos et ses POI dans ses favoris. Pour les partager avec ses amis et poster sa position actuelle ou ses fichiers GPX \/ KML sur Facebook et Twitter. Pour retrouver \u00e9galement sur la carte de son inViu web \/ pro l&#8217;emplacement de l&rsquo;ensemble des trackables et l&rsquo;horodatage des donn\u00e9es.<\/p><\/div>\r\n\t\t\t\t <\/div>\r\n\t\t\t\t \r\n<\/div>\r\n<div class=\"col-md-4\"> \r\n                    <div class=\"gl_industry\">\r\n                \t<div class=\"gl_industry_image\"><a href=\"https:\/\/www.enaikoon.com\/fr\/mobile\/plugins\/nfc-tracker\/\"  title=\"NFC-tracker\"><img decoding=\"async\" style=\"margin-top:1px;\" src=\"https:\/\/www.enaikoon.com\/wp-content\/uploads\/2016\/07\/mobile_App2.png\" alt=\"NFC-tracker\" \/><\/a><\/div>\r\n                    <div class=\"gl_industry_text\" style=\"margin-top:-1px\"><p class=\"gl_h4big gl_space_top3_inv\"><a href=\"https:\/\/www.enaikoon.com\/fr\/mobile\/plugins\/nfc-tracker\/\">NFC-tracker<\/a><\/p>\r\n<p>Pour acc\u00e9der aux informations envoy\u00e9es \u00e0 <a href=\"https:\/\/www.enaikoon.com\/fr\/logiciel\/inviu-pro\/\" title=\"inViu pro\" style=\"color:#12b9ff;\">inViu pro<\/a> par les t\u00e9l\u00e9phones mobiles de ses employ\u00e9s : identification, rapports de position sans GPS, heures de service, t\u00e2ches accomplies et horodatage.<\/p><\/div><\/div>\r\n<\/div>\r\n<div class=\"col-md-4\">\r\n<\/div>\r\n<\/div><div class=\"row\">\r\n<div class=\"col-md-4\">    \r\n\t\t\t\t\t<div class=\"gl_industry\" style=\"margin-top:-15px;\">\r\n                \t<div class=\"gl_industry_image\"><a href=\"https:\/\/www.enaikoon.com\/fr\/mobile\/plugins\/traffic-counter\/\"  title=\"traffic-counter\"><img decoding=\"async\" style=\"margin-top:1px;\" src=\"https:\/\/www.enaikoon.com\/wp-content\/uploads\/2016\/07\/mobile_App3.jpg\" \/><\/a><\/div>\r\n                    <div class=\"gl_industry_text\" style=\"margin-top:-1px\"><p class=\"gl_h4big  gl_space_top3_inv\"><a href=\"https:\/\/www.enaikoon.com\/fr\/mobile\/plugins\/traffic-counter\/\"  alt=\"traffic-counter\" >traffic-counter<\/a><\/p><p>Pour   surveiller le flux quotidien, mensuel ou global des donn&eacute;es sur le   r&eacute;seau de t&eacute;l&eacute;phonie mobile. Vous pourrez programmer l&rsquo;envoi de   notifications en cas de d&eacute;passement de la limite quotidienne ou   mensuelle de votre consommation.<\/p>\r\n                   <\/div><\/div>\r\n                \t\r\n\t\t\t\t <\/div>\r\n<div class=\"col-md-4\"><div class=\"gl_industry\" style=\"margin-top:-15px;\">\r\n                \t<div class=\"gl_industry_image\"><a href=\"https:\/\/www.enaikoon.com\/fr\/mobile\/plugins\/gps-details\/\"  title=\"GPS-details\"><img decoding=\"async\" src=\"https:\/\/www.enaikoon.com\/wp-content\/uploads\/2016\/07\/mobile_App5.jpg\"  alt=\"GPS-details\" \/><\/a><\/div>\r\n                    <div class=\"gl_industry_text\"><p class=\"gl_h4big\"><a href=\"https:\/\/www.enaikoon.com\/fr\/mobile\/plugins\/gps-details\/\">GPS-details<\/a><\/p>\r\n<p >Cette fonction permet l&rsquo;envoi instantan\u00e9 de rapports de position, avec les coordonn\u00e9es GPS pr\u00e9cises des trackables et la qualit\u00e9 du signal GPS. Gr\u00e2ce au compteur de vitesse int\u00e9gr\u00e9 et son affichage num\u00e9rique ou analogique, vous pourrez surveiller votre vitesse, quel que soit votre moyen de transport.\r\n<\/p><\/div><\/div>\r\n\t\t\t\t <\/div>\r\n<div class=\"col-md-4\"><\/div>\r\n         <\/div><div style=\"height:25px;\"><\/div>","protected":false},"excerpt":{"rendered":"","protected":false},"author":7,"featured_media":0,"parent":8490,"menu_order":0,"comment_status":"closed","ping_status":"closed","template":"","meta":{"footnotes":""},"acf":[],"_links":{"self":[{"href":"https:\/\/www.enaikoon.com\/fr\/wp-json\/wp\/v2\/pages\/8492"}],"collection":[{"href":"https:\/\/www.enaikoon.com\/fr\/wp-json\/wp\/v2\/pages"}],"about":[{"href":"https:\/\/www.enaikoon.com\/fr\/wp-json\/wp\/v2\/types\/page"}],"author":[{"embeddable":true,"href":"https:\/\/www.enaikoon.com\/fr\/wp-json\/wp\/v2\/users\/7"}],"replies":[{"embeddable":true,"href":"https:\/\/www.enaikoon.com\/fr\/wp-json\/wp\/v2\/comments?post=8492"}],"version-history":[{"count":48,"href":"https:\/\/www.enaikoon.com\/fr\/wp-json\/wp\/v2\/pages\/8492\/revisions"}],"predecessor-version":[{"id":16736,"href":"https:\/\/www.enaikoon.com\/fr\/wp-json\/wp\/v2\/pages\/8492\/revisions\/16736"}],"up":[{"embeddable":true,"href":"https:\/\/www.enaikoon.com\/fr\/wp-json\/wp\/v2\/pages\/8490"}],"wp:attachment":[{"href":"https:\/\/www.enaikoon.com\/fr\/wp-json\/wp\/v2\/media?parent=8492"}],"curies":[{"name":"wp","href":"https:\/\/api.w.org\/{rel}","templated":true}]}}