{"id":8490,"date":"2016-08-15T06:11:18","date_gmt":"2016-08-15T06:11:18","guid":{"rendered":"https:\/\/www.enaikoon.com\/fr\/?page_id=8490"},"modified":"2022-11-09T20:35:59","modified_gmt":"2022-11-09T20:35:59","slug":"mobile","status":"publish","type":"page","link":"https:\/\/www.enaikoon.com\/fr\/mobile\/","title":{"rendered":"mobile"},"content":{"rendered":"\n\t\t\t<!-- START mobile_fr REVOLUTION SLIDER 6.6.16 --><p class=\"rs-p-wp-fix\"><\/p>\n\t\t\t<rs-module-wrap id=\"rev_slider_72_1_wrapper\" data-source=\"gallery\" style=\"visibility:hidden;background:transparent;padding:0;margin:0px auto;margin-top:0;margin-bottom:0;\">\n\t\t\t\t<rs-module id=\"rev_slider_72_1\" style=\"\" data-version=\"6.6.16\">\n\t\t\t\t\t<rs-slides style=\"overflow: hidden; position: absolute;\">\n\t\t\t\t\t\t<rs-slide style=\"position: absolute;\" data-key=\"rs-102\" data-title=\"banner\" data-anim=\"adpr:false;\">\n\t\t\t\t\t\t\t<img src=\"\/\/www.enaikoon.com\/wp-content\/plugins\/revslider\/public\/assets\/assets\/dummy.png\" alt=\"\" title=\"mobile\" class=\"rev-slidebg tp-rs-img rs-lazyload\" data-lazyload=\"\/\/www.enaikoon.com\/wp-content\/uploads\/2016\/07\/ENAiKOON_mobile_banner.png\" data-no-retina>\n<!--\n\t\t\t\t\t\t\t--><rs-layer\n\t\t\t\t\t\t\t\tid=\"slider-72-slide-102-layer-1\" \n\t\t\t\t\t\t\t\tdata-type=\"image\"\n\t\t\t\t\t\t\t\tdata-rsp_ch=\"on\"\n\t\t\t\t\t\t\t\tdata-text=\"l:22;\"\n\t\t\t\t\t\t\t\tdata-dim=\"w:998px;h:300px;\"\n\t\t\t\t\t\t\t\tdata-frame_0=\"tp:600;\"\n\t\t\t\t\t\t\t\tdata-frame_1=\"tp:600;e:power2.inOut;st:500;\"\n\t\t\t\t\t\t\t\tdata-frame_999=\"o:0;tp:600;e:nothing;st:w;\"\n\t\t\t\t\t\t\t\tstyle=\"z-index:5;\"\n\t\t\t\t\t\t\t><img src=\"\/\/www.enaikoon.com\/wp-content\/plugins\/revslider\/public\/assets\/assets\/dummy.png\" alt=\"\" class=\"tp-rs-img rs-lazyload\" data-lazyload=\"\/wp-content\/uploads\/2016\/07\/ENAiKOON_mobile_banner.png\" data-no-retina> \n\t\t\t\t\t\t\t<\/rs-layer><!--\n\n\t\t\t\t\t\t\t--><rs-layer\n\t\t\t\t\t\t\t\tid=\"slider-72-slide-102-layer-2\" \n\t\t\t\t\t\t\t\tclass=\"medium-blue-text\"\n\t\t\t\t\t\t\t\tdata-type=\"text\"\n\t\t\t\t\t\t\t\tdata-color=\"rgba(70,180,231,1)\"\n\t\t\t\t\t\t\t\tdata-rsp_ch=\"on\"\n\t\t\t\t\t\t\t\tdata-xy=\"x:528px;y:22px;\"\n\t\t\t\t\t\t\t\tdata-text=\"s:32;l:34;fw:700;\"\n\t\t\t\t\t\t\t\tdata-frame_0=\"y:50px;tp:600;\"\n\t\t\t\t\t\t\t\tdata-frame_1=\"tp:600;e:power2.inOut;st:800;sp:500;\"\n\t\t\t\t\t\t\t\tdata-frame_999=\"o:1;tp:600;e:nothing;st:w;\"\n\t\t\t\t\t\t\t\tstyle=\"z-index:6;font-family:'Myriad Pro';color:#12B9FF !important;letter-spacing:0px !important;\"\n\t\t\t\t\t\t\t>Gardez un oeil sur vos <br\/>trackables pendant vos <br\/>d\u00e9placements \n\t\t\t\t\t\t\t<\/rs-layer><!--\n\n\t\t\t\t\t\t\t--><rs-layer\n\t\t\t\t\t\t\t\tid=\"slider-72-slide-102-layer-3\" \n\t\t\t\t\t\t\t\tclass=\"small-brown-text\"\n\t\t\t\t\t\t\t\tdata-type=\"text\"\n\t\t\t\t\t\t\t\tdata-color=\"rgba(143,143,143,1)\"\n\t\t\t\t\t\t\t\tdata-rsp_ch=\"on\"\n\t\t\t\t\t\t\t\tdata-xy=\"x:528px;y:140px;\"\n\t\t\t\t\t\t\t\tdata-text=\"s:16;l:18;\"\n\t\t\t\t\t\t\t\tdata-frame_0=\"y:50px;tp:600;\"\n\t\t\t\t\t\t\t\tdata-frame_1=\"tp:600;e:power2.inOut;st:800;sp:500;\"\n\t\t\t\t\t\t\t\tdata-frame_999=\"o:1;tp:600;e:nothing;st:w;\"\n\t\t\t\t\t\t\t\tstyle=\"z-index:7;font-family:'Myriad Pro';letter-spacing:1 !important;font-size:14.4px;line-height:17px;\"\n\t\t\t\t\t\t\t>A tout moment et o\u00f9 que vous soyez, vous pouvez garder <br\/>contact avec votre entreprise, gr\u00e2ce aux applications ENAiKOON <br\/>mobile\n \n\t\t\t\t\t\t\t<\/rs-layer><!--\n\n\t\t\t\t\t\t\t--><rs-layer\n\t\t\t\t\t\t\t\tid=\"slider-72-slide-102-layer-4\" \n\t\t\t\t\t\t\t\tdata-type=\"text\"\n\t\t\t\t\t\t\t\tdata-color=\"rgba(255,255,255,1)\"\n\t\t\t\t\t\t\t\tdata-rsp_ch=\"on\"\n\t\t\t\t\t\t\t\tdata-xy=\"x:528px;y:205px;\"\n\t\t\t\t\t\t\t\tdata-text=\"l:22;\"\n\t\t\t\t\t\t\t\tdata-frame_0=\"y:50px;tp:600;\"\n\t\t\t\t\t\t\t\tdata-frame_1=\"tp:600;e:power2.inOut;st:800;sp:500;\"\n\t\t\t\t\t\t\t\tdata-frame_999=\"o:1;tp:600;e:nothing;st:w;\"\n\t\t\t\t\t\t\t\tstyle=\"z-index:8;font-family:'';\"\n\t\t\t\t\t\t\t><a class=\"gl_button_yellow\" href=\"\/fr\/ressources\/autres-medias\/\">vid\u00e9o inViu routes<\/a> \n\t\t\t\t\t\t\t<\/rs-layer><!--\n-->\t\t\t\t\t\t<\/rs-slide>\n\t\t\t\t\t<\/rs-slides>\n\t\t\t\t<\/rs-module>\n\t\t\t\t<script>\n\t\t\t\t\tsetREVStartSize({c: 'rev_slider_72_1',rl:[1240,1024,778,480],el:[],gw:[998],gh:[300],type:'standard',justify:'',layout:'fullwidth',mh:\"0\"});if (window.RS_MODULES!==undefined && window.RS_MODULES.modules!==undefined && window.RS_MODULES.modules[\"revslider721\"]!==undefined) {window.RS_MODULES.modules[\"revslider721\"].once = false;window.revapi72 = undefined;if (window.RS_MODULES.checkMinimal!==undefined) window.RS_MODULES.checkMinimal()}\n\t\t\t\t<\/script>\n\t\t\t<\/rs-module-wrap>\n\t\t\t<!-- END REVOLUTION SLIDER -->\n\n\n<div class=\"row\">\n<div class=\"col-md-6\">\n<div class=\"gl_h2big\">inViu applications mobiles<\/div>\n<div class=\"gl_mobile_app_icon\"><a title=\"routes\" href=\"https:\/\/www.enaikoon.com\/fr\/mobile\/plugins\/routes\/\"><img decoding=\"async\" loading=\"lazy\" src=\"https:\/\/www.enaikoon.com\/wp-content\/uploads\/2016\/07\/mobile_icon1.jpg\" alt=\"routes\" width=\"54\" height=\"138\" border=\"0\"><\/a>\n<!--\t\t\t<a href=\"https:\/\/www.enaikoon.com\/fr\/mobile\/plugins\/nfc-tracker\/\" title=\"NFC-tracker\"><img decoding=\"async\" loading=\"lazy\" src=\"https:\/\/www.enaikoon.com\/wp-content\/uploads\/2016\/07\/mobile_icon2.jpg\" alt=\"NFC-tracker\" width=\"54\" height=\"138\" border=\"0\"><\/a>\n<a href=\"https:\/\/www.enaikoon.com\/fr\/mobile\/plugins\/gps-details\/\" title=\"GPS-details\"><img decoding=\"async\" loading=\"lazy\" src=\"https:\/\/www.enaikoon.com\/wp-content\/uploads\/2016\/07\/mobile_icon3.jpg\" alt=\"GPS-details\" width=\"54\" height=\"138\" border=\"0\"><\/a>\n<a href=\"https:\/\/www.enaikoon.com\/fr\/mobile\/plugins\/traffic-counter\/\" title=\"traffic-counter\"><img decoding=\"async\" loading=\"lazy\" src=\"https:\/\/www.enaikoon.com\/wp-content\/uploads\/2016\/07\/mobile_icon4.jpg\" alt=\"traffic-counter\" width=\"54\" height=\"138\" border=\"0\"><\/a>\n\n-->&nbsp;\n\n<\/div>\n<div class=\"gl_space_top9\">L&rsquo;application GPS mobile tout en un sur Android\u2122\npour s\u00e9curiser, g\u00e9rer et partager des donn\u00e9es.<\/div>\n<div style=\"margin-top: 30px;\"><a class=\"gl_button_blue\" href=\"https:\/\/www.enaikoon.com\/fr\/mobile\/plugins\/routes\/\">T\u00e9l\u00e9charger<\/a><\/div>\n<div class=\"gl_space_top16\">&nbsp;<\/div>\n<\/div>\n\n<div class=\"col-md-6\">\n\n<!--\n<div style=\"margin-left:-4px;\">\n<div class=\"gl_h2big\">Communaut\u00e9 applications mobiles<\/div>\n<div class=\"gl_mobile_app_icon\">\n            <a href=\"https:\/\/www.enaikoon.com\/fr\/mobile\/plugins\/keypad-mapper-3\/\" title=\"keypad-mapper 3\"><img decoding=\"async\" loading=\"lazy\" src=\"https:\/\/www.enaikoon.com\/wp-content\/uploads\/2016\/07\/mobile_icon5.png\" alt=\"keypad-mapper 3\" width=\"54\" height=\"138\" border=\"0\"><\/a><\/div>\n<div class=\"gl_space_top9\">Ces applis destin\u00e9es aux communaut\u00e9s ont \u00e9t\u00e9 con\u00e7ues comme support pour les projets \u00e0 code ouvert <a href=\"http:\/\/www.openstreetmap.org\" title=\"OpenStreetMap\" target=\"_blank\" rel=\"nofollow\">OpenStreetMap<\/a>.<\/div>\n<div style=\"margin-top:15px;\"><a class=\"gl_button_blue\" href=\"https:\/\/www.enaikoon.com\/fr\/mobile\/plugins\/keypad-mapper-3\/\">T\u00e9l\u00e9charger<\/a><\/div>\n<div class=\"gl_space_top16\"><\/div>\n<div class=\"gl_h2big\">Simple, pratique et facile \u00e0 utiliser<\/div>\n<div class=\"gl_space_top2\">Garder un \u0153il sur son \u00e9quipe et sur ses biens gr\u00e2ce aux  <a href=\"https:\/\/www.enaikoon.com\/fr\/mobile\/plugins\/routes\/\" title=\"gamme mobile d'application d'affaires.\">applications mobiles gamme affaire<\/a>.<\/div>\n<\/div>\n--> <\/div>\n<\/div>\n\n<div class=\"row\">\n<div class=\"col-md-8\">\n<div class=\"gl_space_pageleft\">\n<div class=\"gl_h2big\" style=\"margin-top: 5px;\">inViu applications mobiles<\/div>\n<p class=\"gl_space_top2\">D\u00e9couvrez la gamme compl\u00e8te de nos applications GPS innovantes, pour votre t\u00e9l\u00e9phone mobile. Les applications mobiles inViu vous permettent de:<\/p>\n\n<div class=\"gl_space_top10\">&nbsp;<\/div>\n<div class=\"gl_ul_style2\">\n<ul style=\"line-height: 18px;\">\n \t<li style=\"margin-top: -10px;\">afficher une position, un itin\u00e9raire, un POI ou une photo sur la carte inViu<\/li>\n \t<li style=\"margin-top: 5px;\">recevoir les positions GPS depuis les antennes-relais<\/li>\n \t<li style=\"margin-top: 5px;\">conna\u00eetre le nombre de satellites en orbite et la puissance du signal<\/li>\n \t<li style=\"margin-top: 5px;\">utiliser la boussole et le compteur, pour conna\u00eetre la vitesse et la direction de vos trackables<\/li>\n \t<li style=\"margin-top: 5px;\">contr\u00f4ler votre t\u00e9l\u00e9phone mobile \u00e0 distance en cas de perte ou de vol<\/li>\n \t<li style=\"margin-top: 5px;\">vous prot\u00e9ger du vol<\/li>\n \t<li style=\"margin-top: 5px;\">g\u00e9rer et contr\u00f4ler l&rsquo;utilisation des donn\u00e9es<\/li>\n<\/ul>\n<\/div>\n<p style=\"line-height: 18px;\"><a title=\"Connectez-vous avec votre ENAiKOON ID\" href=\"https:\/\/sso.enaikoon.de\/\" target=\"_blank\" rel=\"nofollow\">Connectez-vous<\/a> \u00e0 votre compte inViu avec votre adresse e-mail ou <a href=\"https:\/\/sso.enaikoon.de\/\" target=\"_blank\" rel=\"nofollow\">inscrivez-vous <\/a> pour vous ouvrir un compte. Une fois connect\u00e9 \u00e0 <a href=\"https:\/\/www.enaikoon.com\/fr\/logiciel\/\">inViu<\/a>, vous pourrez suivre les positions et les itin\u00e9raires de vos trackables, mis \u00e0 jour en temps r\u00e9el. Chaque utilisateur peut contr\u00f4ler jusqu&rsquo;\u00e0 quatre objets, sans co\u00fbt suppl\u00e9mentaire.<\/p>\n\n<\/div>\n<\/div>\n\n<div class=\"col-md-4\">\n<div class=\"gl_space_pageright\">\n<div class=\"gl_h2big\"><a title=\"T\u00e9l\u00e9charger les version gratuite\" href=\"https:\/\/www.enaikoon.com\/fr\/mobile\/plugins\/routes\/\">T\u00e9l\u00e9charger les\nversion gratuite<\/a><\/div>\n<div class=\"gl_space_top23\">&nbsp;<\/div>\n<div><a class=\"gl_button_grey\" href=\"https:\/\/ota.enaikoon.de\/inViuRoutes\/release\/inViuRoutes.apk\" target=\"_blank\" rel=\"nofollow\">inViu routes app<\/a><\/div>\n<\/div>\n<\/div>\n\n<\/div>\n\n<hr>\n\n<div style=\"height: 40px;\">&nbsp;<\/div>\n<div class=\"row\">\n<div class=\"col-md-4\">\n<div class=\"image_center\"><a title=\"Nous vous rappelons\" href=\"https:\/\/www.enaikoon.com\/fr\/contact\/conseil-dexperts\/\"><img decoding=\"async\" src=\"https:\/\/www.enaikoon.com\/wp-content\/uploads\/2016\/07\/Callback-icon_23.png\" alt=\"Nous vous rappelons\" border=\"0\"><\/a><\/div>\n<div class=\"gl_h4big\"><a href=\"https:\/\/www.enaikoon.com\/fr\/contact\/conseil-dexperts\/\">Nous vous rappelons<\/a><\/div>\n<div>Vous voulez prendre un rendez-\nvous avec l&rsquo;un de nos experts ? Nous vous rappelons pour un conseil gratuit, <a href=\"https:\/\/www.enaikoon.com\/fr\/contact\/conseil-dexperts\/\">au moment qui vous convient le mieux<\/a>.<\/div>\n<\/div>\n\n<div class=\"col-md-4\">\n<div class=\"image_center\"><a title=\"ENAiKOON Blog\" href=\"https:\/\/www.enaikoon.com\/fr\/blog\/\"><img decoding=\"async\" src=\"https:\/\/www.enaikoon.com\/wp-content\/uploads\/2016\/07\/blog-icon_6e3a10.png\" alt=\"Read the ENAiKOON Blog to learn more about telematics\" border=\"0\"><\/a><\/div>\n<div class=\"gl_h4big\"><a href=\"https:\/\/www.enaikoon.com\/fr\/blog\/\">BLOG<\/a><\/div>\n<div>D\u00e9couvrez l&rsquo;actualit\u00e9 d&rsquo;ENAiKOON pr\u00e9sent\u00e9e par nos experts, pour <a href=\"https:\/\/www.enaikoon.com\/fr\/blog\/\">profiter au maximum du logiciel inViu et de nos solutions de g\u00e9olocalisation.<\/a><\/div>\n<\/div>\n\n<div class=\"col-md-4\">\n<div class=\"gl_space_right10\">\n<div class=\"image_center\"><a title=\"Demandez un kit d'\u00e9valuation d\u00e8s maintenant !\" href=\"https:\/\/www.enaikoon.com\/fr\/contact\/votre-kit-gratuit\/\"><img decoding=\"async\" src=\"https:\/\/www.enaikoon.com\/wp-content\/uploads\/2016\/07\/Try-n-Buy-icon_11.png\" alt=\"Demandez un kit d'\u00e9valuation d\u00e8s maintenant !\" border=\"0\"><\/a><\/div>\n<div class=\"gl_h4big\"><a href=\"https:\/\/www.enaikoon.com\/fr\/contact\/votre-kit-gratuit\/\">Votre kit d&rsquo;\u00e9valuation gratuit<\/a><\/div>\n<div>D\u00e9couvrez comment les solutions t\u00e9l\u00e9matiques d&rsquo;ENAiKOON peuvent vous aider. <a href=\"https:\/\/www.enaikoon.com\/fr\/contact\/votre-kit-gratuit\/\">Demandez un essai gratuit !<\/a><\/div>\n<\/div>\n\n<\/div>\n\n<\/div>\n<div class=\"gl_space_pagebot\">&nbsp;<\/div>","protected":false},"excerpt":{"rendered":"<p> [&hellip;]<\/p>\n","protected":false},"author":7,"featured_media":0,"parent":0,"menu_order":0,"comment_status":"closed","ping_status":"closed","template":"","meta":{"footnotes":""},"acf":[],"_links":{"self":[{"href":"https:\/\/www.enaikoon.com\/fr\/wp-json\/wp\/v2\/pages\/8490"}],"collection":[{"href":"https:\/\/www.enaikoon.com\/fr\/wp-json\/wp\/v2\/pages"}],"about":[{"href":"https:\/\/www.enaikoon.com\/fr\/wp-json\/wp\/v2\/types\/page"}],"author":[{"embeddable":true,"href":"https:\/\/www.enaikoon.com\/fr\/wp-json\/wp\/v2\/users\/7"}],"replies":[{"embeddable":true,"href":"https:\/\/www.enaikoon.com\/fr\/wp-json\/wp\/v2\/comments?post=8490"}],"version-history":[{"count":28,"href":"https:\/\/www.enaikoon.com\/fr\/wp-json\/wp\/v2\/pages\/8490\/revisions"}],"predecessor-version":[{"id":18831,"href":"https:\/\/www.enaikoon.com\/fr\/wp-json\/wp\/v2\/pages\/8490\/revisions\/18831"}],"wp:attachment":[{"href":"https:\/\/www.enaikoon.com\/fr\/wp-json\/wp\/v2\/media?parent=8490"}],"curies":[{"name":"wp","href":"https:\/\/api.w.org\/{rel}","templated":true}]}}