{"id":8482,"date":"2016-08-15T06:08:22","date_gmt":"2016-08-15T06:08:22","guid":{"rendered":"https:\/\/www.enaikoon.com\/fr\/?page_id=8482"},"modified":"2020-04-07T18:58:42","modified_gmt":"2020-04-07T18:58:42","slug":"capteur-a-ultrasons","status":"publish","type":"page","link":"https:\/\/www.enaikoon.com\/fr\/modules-gps\/accessoires\/capteur-a-ultrasons\/","title":{"rendered":"capteur \u00e0 ultrasons"},"content":{"rendered":"<div class=\"gl_slide_scroll_box\">\n<div class=\"gl_scroll_box\">\n <noindex><\/noindex>\n<ul>\n \t<li><a class=\"gl_scroll_link_title\" href=\"https:\/\/www.enaikoon.com\/fr\/modules-gps\/accessoires\/sim-card\/\" title=\"SIM-card\">SIM-card<\/a>\n<a href=\"https:\/\/www.enaikoon.com\/fr\/modules-gps\/accessoires\/sim-card\/\" title=\"SIM-card\"><img decoding=\"async\" class=\"gl_scroll_link_img\" src=\"https:\/\/www.enaikoon.com\/wp-content\/uploads\/2016\/07\/SIM-card.png\" alt=\"\" border=\"0\"><\/a><\/li>\n \t<li><a class=\"gl_scroll_link_title\" href=\"https:\/\/www.enaikoon.com\/fr\/modules-gps\/accessoires\/capteur-a-ultrasons\/\" title=\"capteur \u00e0 ultrasonsfuel level sensor\">capteur \u00e0 ultrasons<\/a>\n<a href=\"https:\/\/www.enaikoon.com\/fr\/modules-gps\/accessoires\/capteur-a-ultrasons\/\" title=\"capteur \u00e0 ultrasons\"><img decoding=\"async\" class=\"gl_scroll_link_img_active\" src=\"https:\/\/www.enaikoon.com\/wp-content\/uploads\/2016\/07\/fuel-level.png\" alt=\"\" border=\"0\"><\/a><\/li>\n \t<li><a class=\"gl_scroll_link_title\" href=\"https:\/\/www.enaikoon.com\/fr\/modules-gps\/accessoires\/capteur-capacitive\/\" title=\"capteur capacitive\">capteur capacitive<\/a>\n<a href=\"https:\/\/www.enaikoon.com\/fr\/modules-gps\/accessoires\/capteur-capacitive\/\" title=\"capteur capacitive\"><img decoding=\"async\" class=\"gl_scroll_link_img\" src=\"https:\/\/www.enaikoon.com\/wp-content\/uploads\/2016\/07\/capacitive.png\" alt=\"\" border=\"0\"><\/a><\/li>\n \t<li><a class=\"gl_scroll_link_title\" href=\"https:\/\/www.enaikoon.com\/fr\/modules-gps\/accessoires\/temp-sensor\/\" title=\"temp-sensor\">temp sensor<\/a>\n<a href=\"https:\/\/www.enaikoon.com\/fr\/modules-gps\/accessoires\/temp-sensor\/\" title=\"temp-sensor\"><img decoding=\"async\" class=\"gl_scroll_link_img\" src=\"https:\/\/www.enaikoon.com\/wp-content\/uploads\/2016\/07\/temp.png\" alt=\"\" border=\"0\"><\/a><\/li>\n \t<li><a class=\"gl_scroll_link_title\" href=\"https:\/\/www.enaikoon.com\/fr\/modules-gps\/accessoires\/antenna\/\" title=\"antenna\">antenna<\/a>\n<a href=\"https:\/\/www.enaikoon.com\/fr\/modules-gps\/accessoires\/antenna\/\" title=\"antenna\"><img decoding=\"async\" class=\"gl_scroll_link_img\" src=\"https:\/\/www.enaikoon.com\/wp-content\/uploads\/2016\/07\/antenna.png\" alt=\"\" border=\"0\"><\/a><\/li>\n \t<li><a class=\"gl_scroll_link_title\" href=\"https:\/\/www.enaikoon.com\/fr\/modules-gps\/accessoires\/display\/\" title=\"display\">display<\/a>\n<a href=\"https:\/\/www.enaikoon.com\/fr\/modules-gps\/accessoires\/display\/\" title=\"display\"><img decoding=\"async\" class=\"gl_scroll_link_img\" src=\"https:\/\/www.enaikoon.com\/wp-content\/uploads\/2016\/07\/display.png\" alt=\"\" border=\"0\"><\/a><\/li>\n \t<li><a class=\"gl_scroll_link_title\" href=\"https:\/\/www.enaikoon.com\/fr\/modules-gps\/accessoires\/driver-id\/\" title=\"driver-id\">driver-id<\/a>\n<a href=\"https:\/\/www.enaikoon.com\/fr\/modules-gps\/accessoires\/driver-id\/\" title=\"driver-id\"><img decoding=\"async\" class=\"gl_scroll_link_img\" src=\"https:\/\/www.enaikoon.com\/wp-content\/uploads\/2016\/07\/driver-id.png\" alt=\"\" border=\"0\"><\/a><\/li>\n \t<li><a class=\"gl_scroll_link_title\" href=\"https:\/\/www.enaikoon.com\/fr\/modules-gps\/accessoires\/battery\/\" title=\"battery\">battery<\/a>\n<a href=\"https:\/\/www.enaikoon.com\/fr\/modules-gps\/accessoires\/battery\/\" title=\"battery\"><img decoding=\"async\" class=\"gl_scroll_link_img\" src=\"https:\/\/www.enaikoon.com\/wp-content\/uploads\/2016\/07\/battery.png\" alt=\"\" border=\"0\"><\/a><\/li>\n \t<li><a class=\"gl_scroll_link_title\" href=\"https:\/\/www.enaikoon.com\/fr\/modules-gps\/accessoires\/buzzer\/\" title=\"buzzer\">buzzer<\/a>\n<a href=\"https:\/\/www.enaikoon.com\/fr\/modules-gps\/accessoires\/buzzer\/\" title=\"buzzer\"><img decoding=\"async\" class=\"gl_scroll_link_img\" src=\"https:\/\/www.enaikoon.com\/wp-content\/uploads\/2016\/07\/buzzer.png\" alt=\"\" border=\"0\"><\/a><\/li>\n \t<li><a class=\"gl_scroll_link_title\" href=\"https:\/\/www.enaikoon.com\/fr\/modules-gps\/accessoires\/camera\/\" title=\"camera\">camera<\/a>\n<a href=\"https:\/\/www.enaikoon.com\/fr\/modules-gps\/accessoires\/camera\/\" title=\"camera\"><img decoding=\"async\" class=\"gl_scroll_link_img\" src=\"https:\/\/www.enaikoon.com\/wp-content\/uploads\/2016\/07\/camera.png\" alt=\"\" border=\"0\"><\/a><\/li>\n \t<li><a class=\"gl_scroll_link_title\" href=\"https:\/\/www.enaikoon.com\/fr\/modules-gps\/accessoires\/case\/\" title=\"case\">case<\/a>\n<a href=\"https:\/\/www.enaikoon.com\/fr\/modules-gps\/accessoires\/case\/\" title=\"case\"><img decoding=\"async\" class=\"gl_scroll_link_img\" src=\"https:\/\/www.enaikoon.com\/wp-content\/uploads\/2016\/07\/case.png\" alt=\"\" border=\"0\"><\/a><\/li>\n<\/ul>\n<\/div>\n<\/div>\n<div class=\"row\">\n<div class=\"gl_border-page\">\n\n\t\t<div class=\"col-md-4\">\n<h2>Capteur de niveau de carburant par ultrasons ENAiKOON<\/h2>\n<div class=\"clearfix\"><a rel=\"nofollow\" href=\"https:\/\/www.enaikoon.com\/wp-content\/uploads\/2016\/07\/ENAiKOON_fuel_sensor_A_368x300_04.png\"><img decoding=\"async\" src=\"https:\/\/www.enaikoon.com\/wp-content\/uploads\/2016\/07\/91222c0576.png\" class=\"gl_space_bottom10\" border=\"0\" align=\"left\"><\/a><\/div>\n<div class=\"gl_h5-italic\">Le <strong>capteur de niveau de carburant par ultrasons ENAiKOON<\/strong> est la solution id\u00e9ale pour surveiller le niveau de carburant et la consommation de carburant des camions.<\/div>\n<div>&nbsp;<\/div>\n<div class=\"gl_h5-italic\">Le capteur fonctionne ind\u00e9pendamment du syst\u00e8me \u00e9lectronique du v\u00e9hicule. Il peut ainsi d\u00e9tecter et <strong>signaler un vol de carburant en temps r\u00e9el et envoyer une alerte<\/strong> m\u00eame si le moteur du v\u00e9hicule est arr\u00eat\u00e9.<\/div>\n<div>&nbsp;<\/div>\n<div class=\"gl_h5-italic\">De plus, il permet une surveillance en temps r\u00e9el et un calcul du kilom\u00e9trage restant en se basant sur le contenu du r\u00e9servoir.<\/div>\n<div>&nbsp;<\/div>\n<div class=\"gl_h5-italic\">La sonde de temp\u00e9rature int\u00e9gr\u00e9e au capteur de niveau de carburant par ultrasons permet de compenser les changements de niveau de carburant quand la temp\u00e9rature ambiante varie pour \u00e9viter de fausses alarmes li\u00e9es \u00e0 la temp\u00e9rature.<\/div>\n<div>&nbsp;<\/div>\n<div class=\"gl_h5-italic\">Contrairement \u00e0 la plupart des autres capteurs de niveau de carburant par ultrasons, le montage du capteur de niveau de carburant par ultrasons ENAiKOON est simple et ne demande aucune modification du r\u00e9servoir : pas de per\u00e7age ni de vissage dans le r\u00e9servoir (qui endommage irr\u00e9versiblement le r\u00e9servoir). Vous n\u2019avez m\u00eame pas besoin de vidanger le carburant pour installer le capteur !<\/div>\n<div>&nbsp;<\/div>\n<div class=\"gl_h5-italic\">Ainsi, aucun probl\u00e8me ne se pose au niveau de la licence d\u2019exploitation d\u00e9livr\u00e9e par l\u2019\u00e9tat, des conditions de la garantie, des r\u00e8gles de la soci\u00e9t\u00e9 de cr\u00e9dit-bail de camions, etc.<\/div>\n<div>&nbsp;<\/div>\n<div class=\"gl_h5-italic\">Le capteur de niveau de carburant se compose d\u2019une capteur par ultrasons qui ressemble \u00e0 un st\u00e9thoscope qui est coll\u00e9 sous le r\u00e9servoir, d\u2019un syst\u00e8me \u00e9lectronique perfectionn\u00e9 pour am\u00e9liorer les informations de mesure et d&rsquo;un c\u00e2ble de connexion pour raccorder le capteur au syst\u00e8me de suivi <a href=\"https:\/\/www.enaikoon.com\/fr\/modules-gps\/gamme-locate\/locate-04\/\" title=\"ENAiKOON locate-04\">ENAiKOON locate-04<\/a> ou <a href=\"https:\/\/www.enaikoon.com\/fr\/modules-gps\/gamme-locate\/locate-06\/\" title=\"ENAiKOON locate-06\">ENAiKOON locate-06<\/a>.<\/div>\n<div>&nbsp;<\/div>\n<div class=\"gl_h5-italic\">Tous les composants poss\u00e8dent des capteurs sp\u00e9ciaux qui permettent de d\u00e9tecter imm\u00e9diatement les falsifications du capteur ou du syst\u00e8me \u00e9lectronique ainsi que la d\u00e9connexion de la batterie du v\u00e9hicule.<\/div>\n<div>&nbsp;<\/div>\n<div class=\"gl_h5-italic\">Toutes les donn\u00e9es fournies par le capteur sont transf\u00e9r\u00e9es vers le portail Internet ENAiKOON (<a href=\"https:\/\/www.enaikoon.com\/fr\/logiciel\/inviu-pro\/\" title=\"inViu pro\">inViu pro<\/a>) pour \u00e9tude compl\u00e9mentaire des donn\u00e9es, alerte, rapport, etc.<\/div>\n<div>&nbsp;<\/div>\n<div class=\"gl_h4big\">Sur le terrain<\/div>\n<div>Camions, camions-citernes, petits et gros engins de chantier, machines agricoles, g\u00e9n\u00e9rateurs, r\u00e9servoirs fixes, etc.<\/div>\n<\/div>\n\n<div class=\"col-md-4\">\n<div class=\"gl_h4big\">Caract\u00e9ristiques principales<\/div>\n<div class=\"gl_space_top15\"><strong>Installation<\/strong><\/div>\n<div class=\"gl_ul_style3\">\n<ul>\n \t<li>Installation rapide et facile : le capteur est coll\u00e9 au fond du r\u00e9servoir par l\u2019ext\u00e9rieur<\/li>\n \t<li>Aucune modification du r\u00e9servoir n\u2019est n\u00e9cessaire<\/li>\n \t<li>Pas de contact direct avec le carburant \u00e0 l\u2019int\u00e9rieur du r\u00e9servoir<\/li>\n \t<li>La vidange du carburant n\u2019est pas n\u00e9cessaire<\/li>\n \t<li>Aucune modification du syst\u00e8me \u00e9lectronique du v\u00e9hicule n\u2019est n\u00e9cessaire, sauf le raccordement \u00e0 la batterie principale<\/li>\n \t<li>Aucun \u00e9talonnage du capteur n\u2019est n\u00e9cessaire<\/li>\n \t<li>Les s\u00e9parateurs dans les grands r\u00e9servoirs \u00e0 carburant avec plusieurs chambres peuvent \u00eatre d\u00e9tect\u00e9s pendant l\u2019installation pour un positionnement optimal du capteur de niveau de carburant<\/li>\n<\/ul>\n<\/div>\n<div class=\"gl_space_top15\"><strong>Fonctions<\/strong><\/div>\n<div class=\"gl_ul_style3\">\n<ul>\n \t<li>Jusqu\u2019\u00e0 16 capteurs peuvent \u00eatre raccord\u00e9s \u00e0 un seul appareil de t\u00e9l\u00e9matique<\/li>\n \t<li>Le volume mesur\u00e9 de plusieurs r\u00e9servoirs peut \u00eatre ajout\u00e9 pour former un seul volume total<\/li>\n \t<li>Compensation de la temp\u00e9rature de l\u2019information du capteur<\/li>\n \t<li>De l\u2019eau dans le r\u00e9servoir ne g\u00eane pas la mesure du niveau de carburant<\/li>\n \t<li>Pr\u00e9cision \u00e9lev\u00e9e de 0,1 % m\u00eame dans des situations difficiles comme un ballottement important du liquide ou une inclinaison du v\u00e9hicule<\/li>\n<\/ul>\n<\/div>\n<div class=\"gl_space_top15\"><strong>Applicabilit\u00e9<\/strong><\/div>\n<div class=\"gl_ul_style3\">\n<ul>\n \t<li>Le capteur et tous les connecteurs sont \u00e9tanches<\/li>\n \t<li>Peut \u00eatre utilis\u00e9 avec tous les types de carburants liquides<\/li>\n \t<li>Tr\u00e8s faible consommation \u00e9lectrique<\/li>\n \t<li>Tous les composants \u00e9lectroniques contiennent une batterie rechargeable qui permet d\u2019alerter m\u00eame si l\u2019unit\u00e9 a \u00e9t\u00e9 d\u00e9connect\u00e9e de la batterie du v\u00e9hicule<\/li>\n \t<li>Log\u00e9 dans un bo\u00eetier en aluminium solide.<\/li>\n \t<li>Convient \u00e0 diff\u00e9rents types de mat\u00e9riaux du r\u00e9servoir : aluminium, acier, plastique, etc.<\/li>\n \t<li>Convient \u00e0 diff\u00e9rentes formes de r\u00e9servoirs : cubique, cylindrique, conique, etc.<\/li>\n \t<li>Pr\u00e9cision \u00e9lev\u00e9e de 0,1 % (? 1 l dans un r\u00e9servoir de 1000 l de carburant)<\/li>\n<\/ul>\n<\/div>\n<div class=\"gl_space_top15\">\n<div class=\"gl_h4big\">Caract\u00e9ristiques techniques<\/div>\n<\/div>\n<div class=\"gl_ul_style3\">\n<ul>\n \t<li>Hauteur maximale du r\u00e9servoir : 100 cm<\/li>\n \t<li>Hauteur minimale du r\u00e9servoir : 4 cm<\/li>\n \t<li>Pr\u00e9cision absolue : 4 mm\n(pour diesel standard \u00e0 25 \u00b0C)<\/li>\n \t<li>Pr\u00e9cision relative : 1 mm\n(pour diesel standard \u00e0 25 \u00b0C)<\/li>\n \t<li>R\u00e9solution : 0,25 mm<\/li>\n \t<li>Angle d\u2019inclinaison max. : 6\u00b0 (10,5 %)<\/li>\n \t<li>Alimentation \u00e9lectrique externe : 6 V \u00e0 31 V<\/li>\n \t<li>Batterie interne : 3,7 V, 950 mAh<\/li>\n \t<li>Fonctionnement avec batterie interne uniquement : 16 jours @ 950 mAh<\/li>\n \t<li>Les batteries internes peuvent \u00eatre charg\u00e9es entre 0 \u00b0C et 50 \u00b0C<\/li>\n \t<li>Dimensions du bo\u00eetier \u00e9lectronique du capteur : 104 x 107 x 37 mm (sans connecteurs)<\/li>\n \t<li>Dimensions du capteur : Hauteur : 20 mm, Diam\u00e8tre : 40 mm<\/li>\n \t<li>Longueur du c\u00e2ble du capteur : 7 m<\/li>\n<\/ul>\n<\/div>\n<\/div>\n\n<div class=\"col-md-4\">\n<div class=\"gl_h4big\">Combinaisons<\/div>\n<div>ENAiKOON fuel-level sensor + <a href=\"https:\/\/www.enaikoon.com\/fr\/modules-gps\/gamme-locate\/locate-04\/\">ENAiKOON locate-04<\/a> + <a href=\"https:\/\/www.enaikoon.com\/fr\/logiciel\/inviu-pro\/\">inViu pro<\/a> + <a href=\"https:\/\/www.enaikoon.com\/fr\/logiciel\/plugins\/fuel-tracker\/\">ENAiKOON fuel-tracker<\/a> = Mesure du niveau de carburant + rapport de consommation moyenne de carburant + d\u00e9tection de vol de carburant et alerte \u00e0 bas prix.<\/div>\n<div>&nbsp;<\/div>\n<div>ENAiKOON fuel-level sensor + <a href=\"https:\/\/www.enaikoon.com\/fr\/modules-gps\/gamme-locate\/locate-04\/\">ENAiKOON locate-06<\/a> + <a href=\"https:\/\/www.enaikoon.com\/fr\/logiciel\/inviu-pro\/\">inViu pro<\/a> + <a href=\"https:\/\/www.enaikoon.com\/fr\/logiciel\/plugins\/fuel-tracker\/\">ENAiKOON fuel-tracker<\/a> + <a href=\"https:\/\/www.enaikoon.com\/fr\/modules-gps\/accessoires\/display\/\" title=\"\u00d6ffnet internen Link im aktuellen Fenster\">ENAiKOON display<\/a> + <a href=\"https:\/\/www.enaikoon.com\/fr\/logiciel\/plugins\/messenger\/\" title=\"\u00d6ffnet internen Link im aktuellen Fenster\">ENAiKOON messenger<\/a> = Mesure du niveau de carburant + rapport de consommation moyenne de carburant + d\u00e9tection de vol de carburant et alerte + communication \u00e9crite centralis\u00e9e entre chauffeurs et centre de dispatching.<\/div>\n<div><a class=\"gl_button_grey\" href=\"https:\/\/www.enaikoon.com\/fileadmin\/enaikoon\/Dateien\/pdf\/Datenblatt\/fuel-level-sensor\/franz\/ENAiKOON_capteur-ultrasons_fuel-level-sensor_Fiches_Produits.pdf\" target=\"_blank\" rel=\"nofollow\" noreferrer\">fuel-level sensor<\/a><\/div>\n<div><a class=\"gl_button_grey\" href=\"https:\/\/www.enaikoon.com\/fileadmin\/enaikoon\/Dateien\/pdf\/Datenblatt\/fuel-level-manual\/franz\/ENAiKOON_fuel-tracker_sensor_manuel_03.12.2015.pdf\" target=\"_blank\" rel=\"nofollow\" noreferrer\">fuel-level manual<\/a><\/div>\n<div><a class=\"gl_button_yellow\" href=\"https:\/\/www.enaikoon.com\/fr\/modules-gps\/gamme-locate\/locate-03\/\">La gamme locate<\/a><\/div>\n<div><a class=\"gl_button_blue\" href=\"https:\/\/www.enaikoon.com\/fr\/contact\/contact\/\">Nous contacter<\/a><\/div>\n<\/div>\n<div class=\"gl_row_space\"><\/div>\n<\/div>\n<\/div>","protected":false},"excerpt":{"rendered":"<p> [&hellip;]<\/p>\n","protected":false},"author":7,"featured_media":0,"parent":8466,"menu_order":0,"comment_status":"closed","ping_status":"closed","template":"","meta":{"footnotes":""},"acf":[],"_links":{"self":[{"href":"https:\/\/www.enaikoon.com\/fr\/wp-json\/wp\/v2\/pages\/8482"}],"collection":[{"href":"https:\/\/www.enaikoon.com\/fr\/wp-json\/wp\/v2\/pages"}],"about":[{"href":"https:\/\/www.enaikoon.com\/fr\/wp-json\/wp\/v2\/types\/page"}],"author":[{"embeddable":true,"href":"https:\/\/www.enaikoon.com\/fr\/wp-json\/wp\/v2\/users\/7"}],"replies":[{"embeddable":true,"href":"https:\/\/www.enaikoon.com\/fr\/wp-json\/wp\/v2\/comments?post=8482"}],"version-history":[{"count":3,"href":"https:\/\/www.enaikoon.com\/fr\/wp-json\/wp\/v2\/pages\/8482\/revisions"}],"predecessor-version":[{"id":17557,"href":"https:\/\/www.enaikoon.com\/fr\/wp-json\/wp\/v2\/pages\/8482\/revisions\/17557"}],"up":[{"embeddable":true,"href":"https:\/\/www.enaikoon.com\/fr\/wp-json\/wp\/v2\/pages\/8466"}],"wp:attachment":[{"href":"https:\/\/www.enaikoon.com\/fr\/wp-json\/wp\/v2\/media?parent=8482"}],"curies":[{"name":"wp","href":"https:\/\/api.w.org\/{rel}","templated":true}]}}