{"id":8481,"date":"2016-08-15T06:08:05","date_gmt":"2016-08-15T06:08:05","guid":{"rendered":"https:\/\/www.enaikoon.com\/fr\/?page_id=8481"},"modified":"2016-08-20T07:42:15","modified_gmt":"2016-08-20T07:42:15","slug":"driver-id","status":"publish","type":"page","link":"https:\/\/www.enaikoon.com\/fr\/modules-gps\/accessoires\/driver-id\/","title":{"rendered":"driver-id"},"content":{"rendered":"<div class=\"gl_slide_scroll_box\">\r\n\t<div class=\"gl_scroll_box\">\r\n <noindex><\/noindex>         <ul>\r\n            <li><a class=\"gl_scroll_link_title\" href=\"https:\/\/www.enaikoon.com\/fr\/modules-gps\/accessoires\/sim-card\/\" title=\"SIM-card\">SIM-card<\/a><br\/>\r\n            <a href=\"https:\/\/www.enaikoon.com\/fr\/modules-gps\/accessoires\/sim-card\/\" title=\"SIM-card\"><img decoding=\"async\" class=\"gl_scroll_link_img\" src=\"https:\/\/www.enaikoon.com\/wp-content\/uploads\/2016\/07\/SIM-card.png\" border=\"0\" alt=\"\"><\/a><\/li>\r\n            \r\n          \t<li><a class=\"gl_scroll_link_title\" href=\"https:\/\/www.enaikoon.com\/fr\/modules-gps\/accessoires\/capteur-a-ultrasons\/\" title=\"capteur \u00e0 ultrasonsfuel level sensor\">capteur \u00e0 ultrasons<\/a><br\/>\r\n            <a href=\"https:\/\/www.enaikoon.com\/fr\/modules-gps\/accessoires\/capteur-a-ultrasons\/\" title=\"capteur \u00e0 ultrasons\"><img decoding=\"async\" class=\"gl_scroll_link_img\" src=\"https:\/\/www.enaikoon.com\/wp-content\/uploads\/2016\/07\/fuel-level.png\" border=\"0\" alt=\"\"><\/a><\/li>\r\n            \r\n            <li><a class=\"gl_scroll_link_title\" href=\"https:\/\/www.enaikoon.com\/fr\/modules-gps\/accessoires\/capteur-capacitive\/\" title=\"capteur capacitive\">capteur capacitive<\/a><br\/>\r\n            <a href=\"https:\/\/www.enaikoon.com\/fr\/modules-gps\/accessoires\/capteur-capacitive\/\" title=\"capteur capacitive\"><img decoding=\"async\" class=\"gl_scroll_link_img\" src=\"https:\/\/www.enaikoon.com\/wp-content\/uploads\/2016\/07\/capacitive.png\" border=\"0\" alt=\"\"><\/a><\/li>\r\n            \r\n            <li><a class=\"gl_scroll_link_title\" href=\"https:\/\/www.enaikoon.com\/fr\/modules-gps\/accessoires\/temp-sensor\/\" title=\"temp-sensor\">temp sensor<\/a><br\/>\r\n            <a href=\"https:\/\/www.enaikoon.com\/fr\/modules-gps\/accessoires\/temp-sensor\/\" title=\"temp-sensor\"><img decoding=\"async\" class=\"gl_scroll_link_img\" src=\"https:\/\/www.enaikoon.com\/wp-content\/uploads\/2016\/07\/temp.png\" border=\"0\" alt=\"\"><\/a><\/li>\r\n            \r\n            <li><a class=\"gl_scroll_link_title\" href=\"https:\/\/www.enaikoon.com\/fr\/modules-gps\/accessoires\/antenna\/\" title=\"antenna\">antenna<\/a><br\/>\r\n            <a href=\"https:\/\/www.enaikoon.com\/fr\/modules-gps\/accessoires\/antenna\/\" title=\"antenna\"><img decoding=\"async\" class=\"gl_scroll_link_img\" src=\"https:\/\/www.enaikoon.com\/wp-content\/uploads\/2016\/07\/antenna.png\" border=\"0\" alt=\"\"><\/a><\/li>\r\n            \r\n            <li><a class=\"gl_scroll_link_title\" href=\"https:\/\/www.enaikoon.com\/fr\/modules-gps\/accessoires\/display\/\" title=\"display\">display<\/a><br\/>\r\n            <a href=\"https:\/\/www.enaikoon.com\/fr\/modules-gps\/accessoires\/display\/\" title=\"display\"><img decoding=\"async\" class=\"gl_scroll_link_img\" src=\"https:\/\/www.enaikoon.com\/wp-content\/uploads\/2016\/07\/display.png\" border=\"0\" alt=\"\"><\/a><\/li>\r\n            \r\n            <li><a class=\"gl_scroll_link_title\" href=\"https:\/\/www.enaikoon.com\/fr\/modules-gps\/accessoires\/driver-id\/\" title=\"driver-id\">driver-id<\/a><br\/>\r\n            <a href=\"https:\/\/www.enaikoon.com\/fr\/modules-gps\/accessoires\/driver-id\/\" title=\"driver-id\"><img decoding=\"async\" class=\"gl_scroll_link_img_active\" src=\"https:\/\/www.enaikoon.com\/wp-content\/uploads\/2016\/07\/driver-id.png\" border=\"0\" alt=\"\"><\/a><\/li>\r\n            \r\n            <li><a class=\"gl_scroll_link_title\" href=\"https:\/\/www.enaikoon.com\/fr\/modules-gps\/accessoires\/battery\/\" title=\"battery\">battery<\/a><br\/>\r\n            <a href=\"https:\/\/www.enaikoon.com\/fr\/modules-gps\/accessoires\/battery\/\" title=\"battery\"><img decoding=\"async\" class=\"gl_scroll_link_img\" src=\"https:\/\/www.enaikoon.com\/wp-content\/uploads\/2016\/07\/battery.png\" border=\"0\" alt=\"\"><\/a><\/li>\r\n            \r\n            <li><a class=\"gl_scroll_link_title\" href=\"https:\/\/www.enaikoon.com\/fr\/modules-gps\/accessoires\/buzzer\/\" title=\"buzzer\">buzzer<\/a><br\/>\r\n            <a href=\"https:\/\/www.enaikoon.com\/fr\/modules-gps\/accessoires\/buzzer\/\" title=\"buzzer\"><img decoding=\"async\" class=\"gl_scroll_link_img\" src=\"https:\/\/www.enaikoon.com\/wp-content\/uploads\/2016\/07\/buzzer.png\" border=\"0\" alt=\"\"><\/a><\/li>\r\n            \r\n            <li><a class=\"gl_scroll_link_title\" href=\"https:\/\/www.enaikoon.com\/fr\/modules-gps\/accessoires\/camera\/\" title=\"camera\">camera<\/a><br\/>\r\n\r\n            <a href=\"https:\/\/www.enaikoon.com\/fr\/modules-gps\/accessoires\/camera\/\" title=\"camera\"><img decoding=\"async\" class=\"gl_scroll_link_img\" src=\"https:\/\/www.enaikoon.com\/wp-content\/uploads\/2016\/07\/camera.png\" border=\"0\" alt=\"\"><\/a><\/li>\r\n            \r\n            <li><a class=\"gl_scroll_link_title\" href=\"https:\/\/www.enaikoon.com\/fr\/modules-gps\/accessoires\/case\/\" title=\"case\">case<\/a><br\/>\r\n            <a href=\"https:\/\/www.enaikoon.com\/fr\/modules-gps\/accessoires\/case\/\" title=\"case\"><img decoding=\"async\" class=\"gl_scroll_link_img\" src=\"https:\/\/www.enaikoon.com\/wp-content\/uploads\/2016\/07\/case.png\" border=\"0\" alt=\"\"><\/a><\/li>\r\n          \r\n        <\/ul>\r\n\r\n    <\/div>\r\n<\/div>\r\n\r\n<div class=\"row\">\r\n\r\n<div class=\"gl_border-page\">\r\n\t\t\r\n\t\t<div class=\"col-md-4\">\r\n\t\r\n\t\t<h2>ENAiKOON<br>driver-id<\/h2>\r\n\t\t<div class=\"clearfix\"><a rel=\"nofollow\" href=\"https:\/\/www.enaikoon.com\/wp-content\/uploads\/2016\/07\/ENAiKOON_AccDriverTag_368x300_A_07.png\" title=\"ENAiKOON driver-id\"><img decoding=\"async\" src=\"https:\/\/www.enaikoon.com\/wp-content\/uploads\/2016\/07\/e4e75670e7.png\" border=\"0\" align=\"left\" class=\"gl_space_bottom10\" alt=\"ENAiKOON driver-id avec lecteur\"\/><\/a><\/div>\r\n\t\t<div class=\"gl_h5-italic\">Avec l&rsquo;<strong>ENAiKOON driver-id<\/strong>, nous vous fournissons une technologie de pointe pour l&rsquo;identification de votre personnel.<\/div>\r\n\t\t<div>&nbsp;<\/div>\r\n\t\t<div class=\"gl_h4big\">Caract\u00e9ristiques principales<\/div>\r\n\t\t<ul type=\"square\" class=\"gl_space_ul2\">\r\n\t\t\t<li class=\"gl_space_li\">contr\u00f4le de l&rsquo;acc\u00e8s : le personnel doit s&rsquo;identifier pour utiliser une machine ou entrer dans une pi\u00e8ce<\/li>\r\n\t\t\t<li class=\"gl_space_li\">enregistrement des heures de service du personnel mobile<\/li>\r\n\t\t\t<li class=\"gl_space_li\">supervision et contr\u00f4le des t\u00e2ches assign\u00e9es<\/li>\t\r\n\t\t\t<li class=\"gl_space_li\">pour une meilleure analyse de la r\u00e9partition des charges<\/li>\t\t\r\n\t\t<\/ul>\r\n\r\n\t\t<\/div>\r\n\t\t\r\n\t\t<div class=\"col-md-4\">\r\n\t\t\r\n\t\t<div class=\"gl_h4big\">D\u00e9tails techniques<\/div>\r\n\t\t<div>L&rsquo;ENAiKOON driver-id se compose de deux parties :<\/div>\r\n\t\t<div>&nbsp;<\/div>\t\r\n\t\t<div class=\"gl_h5big\">ENAiKOON iButton<\/div>\r\n\t\t<div class=\"clearfix\">\r\n\t\t\t<div><a rel=\"nofollow\" href=\"https:\/\/www.enaikoon.com\/wp-content\/uploads\/2016\/07\/iButton_200x204_2_inactive_07.png\" title=\"ENAiKOON iButton\"><img decoding=\"async\" src=\"https:\/\/www.enaikoon.com\/wp-content\/uploads\/2016\/07\/886d23e335.png\" border=\"0\" align=\"left\" class=\"gl_space_right10top5\" alt=\"ENAiKOON iButton\"\/><\/a><\/div>\r\n\t\t\t<div>Chaque iButton a un num\u00e9ro de s\u00e9rie unique.<br>Indestructible et l\u00e9ger, il peut \u00eatre attach\u00e9 \u00e0 un porte-clefs. <\/div>\r\n\t\t<\/div>\r\n\t\t<div>&nbsp;<\/div>\r\n\t\t<div class=\"gl_h5big\">ENAiKOON driver-id reader<\/div>\r\n\t\t<div class=\"clearfix\">\r\n\t\t\t<div><a rel=\"nofollow\" href=\"https:\/\/www.enaikoon.com\/wp-content\/uploads\/2016\/07\/DriverID_200x204_inactive_07.png\" title=\"lecteur ENAiKOON driver-id\"><img decoding=\"async\" src=\"https:\/\/www.enaikoon.com\/wp-content\/uploads\/2016\/07\/3f11c91eba.png\" border=\"0\" align=\"left\" class=\"gl_space_right10top5\" alt=\"lecteur ENAiKOON driver-id\"\/><\/a><\/div>\r\n\t\t\t<div><strong>Avec deux capteurs<\/strong><br>ce lecteur peut identifier deux boutons en simultan\u00e9 ; id\u00e9al si vous avez plusieurs employ\u00e9s.<\/div>\r\n\t\t<\/div>\r\n\t\t<div>&nbsp;<\/div>\r\n\t\t<div class=\"clearfix\">\r\n\t\t\t<div><a rel=\"nofollow\" href=\"https:\/\/www.enaikoon.com\/wp-content\/uploads\/2016\/07\/IDreader_200x204_inactive_07.png\" title=\"lecteur ENAiKOON driver-id\"><img decoding=\"async\" src=\"https:\/\/www.enaikoon.com\/wp-content\/uploads\/2016\/07\/8cf8886266.png\" border=\"0\" align=\"left\" class=\"gl_space_right10top5\" alt=\"lecteur ENAiKOON driver-id\"\/><\/a><\/div>\r\n\t\t\t<div><strong>Avec un capteur<\/strong><br>ce lecteur r\u00e9siste aux intemp\u00e9ries ; il peut donc \u00eatre install\u00e9 sur un tableau de bord, sur le corps ext\u00e9rieur d&rsquo;un camion ou sur du mat\u00e9riel de chantier. Il existe en deux versions : avec ou sans capteur magn\u00e9tique. Un capteur magn\u00e9tique permettra \u00e0 l&rsquo;iButton de rester accroch\u00e9.<\/div>\r\n\t\t<\/div>\r\n\r\n\t\t<\/div>\r\n\t\t\r\n\t\t<div class=\"col-md-4\">\r\n\t\t\r\n\t\t<div class=\"gl_h4big\">Combinaisons<\/div>\r\n\t\t<div>ENAiKOON driver-id + <a href=\"https:\/\/www.enaikoon.com\/fr\/modules-gps\/gamme-locate\/locate-04\/\">ENAiKOON locate-04<\/a> + <a href=\"https:\/\/www.enaikoon.com\/fr\/logiciel\/inviu-pro\/\">inViu pro<\/a> = g\u00e9olocalisation pr\u00e9cise par GPS, comptes-rendus sur l&rsquo;activit\u00e9, les pauses et les t\u00e2ches accomplies par vos employ\u00e9s, affichage clair des trackables suivis (v\u00e9hicule ou personnel)&#8230; pour gagner du temps et \u00e9conomiser de l&rsquo;argent !<\/div>\r\n\t\t<div><a class=\"gl_button_grey\" rel=\"nofollow\" href=\"https:\/\/www.enaikoon.com\/fileadmin\/enaikoon\/Dateien\/pdf\/Datenblatt\/driver-id\/franz\/ENAiKOON_driver-id_Fiches_Produits.pdf\" target=\"_blank\">T\u00e9l\u00e9charger le PDF<\/a><\/div>\r\n\t\t<div><a class=\"gl_button_yellow\" href=\"https:\/\/www.enaikoon.com\/fr\/modules-gps\/gamme-locate\/locate-03\/\">La gamme locate<\/a><\/div>\r\n\t\t<div><a class=\"gl_button_blue\" href=\"https:\/\/www.enaikoon.com\/fr\/contact\/contact\/\">Nous contacter<\/a><\/div>\r\n\r\n\t\t\r\n\t\t<\/div>\r\n\t\t\r\n\t\t<div class=\"gl_row_space\"><\/div>\r\n<\/div>\r\n<\/div>","protected":false},"excerpt":{"rendered":"<p> [&hellip;]<\/p>\n","protected":false},"author":7,"featured_media":0,"parent":8466,"menu_order":0,"comment_status":"closed","ping_status":"closed","template":"","meta":{"footnotes":""},"acf":[],"_links":{"self":[{"href":"https:\/\/www.enaikoon.com\/fr\/wp-json\/wp\/v2\/pages\/8481"}],"collection":[{"href":"https:\/\/www.enaikoon.com\/fr\/wp-json\/wp\/v2\/pages"}],"about":[{"href":"https:\/\/www.enaikoon.com\/fr\/wp-json\/wp\/v2\/types\/page"}],"author":[{"embeddable":true,"href":"https:\/\/www.enaikoon.com\/fr\/wp-json\/wp\/v2\/users\/7"}],"replies":[{"embeddable":true,"href":"https:\/\/www.enaikoon.com\/fr\/wp-json\/wp\/v2\/comments?post=8481"}],"version-history":[{"count":2,"href":"https:\/\/www.enaikoon.com\/fr\/wp-json\/wp\/v2\/pages\/8481\/revisions"}],"predecessor-version":[{"id":9298,"href":"https:\/\/www.enaikoon.com\/fr\/wp-json\/wp\/v2\/pages\/8481\/revisions\/9298"}],"up":[{"embeddable":true,"href":"https:\/\/www.enaikoon.com\/fr\/wp-json\/wp\/v2\/pages\/8466"}],"wp:attachment":[{"href":"https:\/\/www.enaikoon.com\/fr\/wp-json\/wp\/v2\/media?parent=8481"}],"curies":[{"name":"wp","href":"https:\/\/api.w.org\/{rel}","templated":true}]}}