{"id":8480,"date":"2016-08-15T06:07:52","date_gmt":"2016-08-15T06:07:52","guid":{"rendered":"https:\/\/www.enaikoon.com\/fr\/?page_id=8480"},"modified":"2016-09-08T10:14:56","modified_gmt":"2016-09-08T10:14:56","slug":"display","status":"publish","type":"page","link":"https:\/\/www.enaikoon.com\/fr\/modules-gps\/accessoires\/display\/","title":{"rendered":"display"},"content":{"rendered":"<div class=\"gl_slide_scroll_box\">\r\n\t<div class=\"gl_scroll_box\">\r\n <noindex><\/noindex>        <ul>\r\n            <li><a class=\"gl_scroll_link_title\" href=\"https:\/\/www.enaikoon.com\/fr\/modules-gps\/accessoires\/sim-card\/\" title=\"SIM-card\">SIM-card<\/a><br\/>\r\n            <a href=\"https:\/\/www.enaikoon.com\/fr\/modules-gps\/accessoires\/sim-card\/\" title=\"SIM-card\"><img decoding=\"async\" class=\"gl_scroll_link_img\" src=\"https:\/\/www.enaikoon.com\/wp-content\/uploads\/2016\/07\/SIM-card.png\" border=\"0\" alt=\"\"><\/a><\/li>\r\n            \r\n          \t<li><a class=\"gl_scroll_link_title\" href=\"https:\/\/www.enaikoon.com\/fr\/modules-gps\/accessoires\/capteur-a-ultrasons\/\" title=\"capteur \u00e0 ultrasonsfuel level sensor\">capteur \u00e0 ultrasons<\/a><br\/>\r\n            <a href=\"https:\/\/www.enaikoon.com\/fr\/modules-gps\/accessoires\/capteur-a-ultrasons\/\" title=\"capteur \u00e0 ultrasons\"><img decoding=\"async\" class=\"gl_scroll_link_img\" src=\"https:\/\/www.enaikoon.com\/wp-content\/uploads\/2016\/07\/fuel-level.png\" border=\"0\" alt=\"\"><\/a><\/li>\r\n            \r\n            <li><a class=\"gl_scroll_link_title\" href=\"https:\/\/www.enaikoon.com\/fr\/modules-gps\/accessoires\/capteur-capacitive\/\" title=\"capteur capacitive\">capteur capacitive<\/a><br\/>\r\n            <a href=\"https:\/\/www.enaikoon.com\/fr\/modules-gps\/accessoires\/capteur-capacitive\/\" title=\"capteur capacitive\"><img decoding=\"async\" class=\"gl_scroll_link_img\" src=\"https:\/\/www.enaikoon.com\/wp-content\/uploads\/2016\/07\/capacitive.png\" border=\"0\" alt=\"\"><\/a><\/li>\r\n            \r\n            <li><a class=\"gl_scroll_link_title\" href=\"https:\/\/www.enaikoon.com\/fr\/modules-gps\/accessoires\/temp-sensor\/\" title=\"temp-sensor\">temp sensor<\/a><br\/>\r\n            <a href=\"https:\/\/www.enaikoon.com\/fr\/modules-gps\/accessoires\/temp-sensor\/\" title=\"temp-sensor\"><img decoding=\"async\" class=\"gl_scroll_link_img\" src=\"https:\/\/www.enaikoon.com\/wp-content\/uploads\/2016\/07\/temp.png\" border=\"0\" alt=\"\"><\/a><\/li>\r\n            \r\n            <li><a class=\"gl_scroll_link_title\" href=\"https:\/\/www.enaikoon.com\/fr\/modules-gps\/accessoires\/antenna\/\" title=\"antenna\">antenna<\/a><br\/>\r\n            <a href=\"https:\/\/www.enaikoon.com\/fr\/modules-gps\/accessoires\/antenna\/\" title=\"antenna\"><img decoding=\"async\" class=\"gl_scroll_link_img\" src=\"https:\/\/www.enaikoon.com\/wp-content\/uploads\/2016\/07\/antenna.png\" border=\"0\" alt=\"\"><\/a><\/li>\r\n            \r\n            <li><a class=\"gl_scroll_link_title\" href=\"https:\/\/www.enaikoon.com\/fr\/modules-gps\/accessoires\/display\/\" title=\"display\">display<\/a><br\/>\r\n            <a href=\"https:\/\/www.enaikoon.com\/fr\/modules-gps\/accessoires\/display\/\" title=\"display\"><img decoding=\"async\" class=\"gl_scroll_link_img_active\" src=\"https:\/\/www.enaikoon.com\/wp-content\/uploads\/2016\/07\/display.png\" border=\"0\" alt=\"\"><\/a><\/li>\r\n            \r\n            <li><a class=\"gl_scroll_link_title\" href=\"https:\/\/www.enaikoon.com\/fr\/modules-gps\/accessoires\/driver-id\/\" title=\"driver-id\">driver-id<\/a><br\/>\r\n            <a href=\"https:\/\/www.enaikoon.com\/fr\/modules-gps\/accessoires\/driver-id\/\" title=\"driver-id\"><img decoding=\"async\" class=\"gl_scroll_link_img\" src=\"https:\/\/www.enaikoon.com\/wp-content\/uploads\/2016\/07\/driver-id.png\" border=\"0\" alt=\"\"><\/a><\/li>\r\n            \r\n            <li><a class=\"gl_scroll_link_title\" href=\"https:\/\/www.enaikoon.com\/fr\/modules-gps\/accessoires\/battery\/\" title=\"battery\">battery<\/a><br\/>\r\n            <a href=\"https:\/\/www.enaikoon.com\/fr\/modules-gps\/accessoires\/battery\/\" title=\"battery\"><img decoding=\"async\" class=\"gl_scroll_link_img\" src=\"https:\/\/www.enaikoon.com\/wp-content\/uploads\/2016\/07\/battery.png\" border=\"0\" alt=\"\"><\/a><\/li>\r\n            \r\n            <li><a class=\"gl_scroll_link_title\" href=\"https:\/\/www.enaikoon.com\/fr\/modules-gps\/accessoires\/buzzer\/\" title=\"buzzer\">buzzer<\/a><br\/>\r\n            <a href=\"https:\/\/www.enaikoon.com\/fr\/modules-gps\/accessoires\/buzzer\/\" title=\"buzzer\"><img decoding=\"async\" class=\"gl_scroll_link_img\" src=\"https:\/\/www.enaikoon.com\/wp-content\/uploads\/2016\/07\/buzzer.png\" border=\"0\" alt=\"\"><\/a><\/li>\r\n            \r\n            <li><a class=\"gl_scroll_link_title\" href=\"https:\/\/www.enaikoon.com\/fr\/modules-gps\/accessoires\/camera\/\" title=\"camera\">camera<\/a><br\/>\r\n            <a href=\"https:\/\/www.enaikoon.com\/fr\/modules-gps\/accessoires\/camera\/\" title=\"camera\"><img decoding=\"async\" class=\"gl_scroll_link_img\" src=\"https:\/\/www.enaikoon.com\/wp-content\/uploads\/2016\/07\/camera.png\" border=\"0\" alt=\"\"><\/a><\/li>\r\n            \r\n            <li><a class=\"gl_scroll_link_title\" href=\"https:\/\/www.enaikoon.com\/fr\/modules-gps\/accessoires\/case\/\" title=\"case\">case<\/a><br\/>\r\n            <a href=\"https:\/\/www.enaikoon.com\/fr\/modules-gps\/accessoires\/case\/\" title=\"case\"><img decoding=\"async\" class=\"gl_scroll_link_img\" src=\"https:\/\/www.enaikoon.com\/wp-content\/uploads\/2016\/07\/case.png\" border=\"0\" alt=\"\"><\/a><\/li>\r\n          \r\n        <\/ul>\r\n\r\n    <\/div>\r\n<\/div>\r\n\r\n<div class=\"row\">\r\n\r\n<div class=\"gl_border-page\">\r\n\t\t\r\n\t\t<div class=\"col-md-4\">\r\n\t\r\n\t\t<h2>ENAiKOON<br>display<\/h2>\r\n\t\t<div class=\"clearfix\"><a rel=\"nofollow\" href=\"https:\/\/www.enaikoon.com\/wp-content\/uploads\/2016\/07\/Garmi_nuvi_English_368x300_inactive_1.png\" title=\"L'ENAiKOON display\"><img decoding=\"async\" src=\"https:\/\/www.enaikoon.com\/wp-content\/uploads\/2016\/07\/e15e8045e6.png\" border=\"0\" align=\"left\" class=\"gl_space_bottom10\" alt=\"L'ENAiKOON display\"\/><\/a><\/div>\r\n\t\t<div class=\"gl_h5-italic\">Une communication interne efficace permet d&rsquo;optimiser le flux op\u00e9rationnel d&rsquo;une entreprise. L&rsquo;<strong>ENAiKOON display<\/strong> permet ainsi d&rsquo;envoyer des messages \u00e9crits, clairs et concis \u00e0 ses employ\u00e9s mobiles. Les appareils de la gamme ENAiKOON display sont robustes et r\u00e9sistent aux chocs. La communication \u00e9crite s&rsquo;effectue \u00e0 l&rsquo;aide d&rsquo;un clavier ou directement sur l&rsquo;\u00e9cran tactile, selon le mod\u00e8le.<\/div>\r\n\t\t<div>&nbsp;<\/div>\r\n\t\t<div class=\"gl_h4big\">Caract\u00e9ristiques principales<\/div>\r\n\t\t<ul type=\"square\" class=\"gl_space_ul2\">\r\n\t\t\t<li class=\"gl_space_li\">transmission des missions via le r\u00e9seau GPRS, avec accus\u00e9 de r\u00e9ception<\/li>\r\n\t\t\t<li class=\"gl_space_li\">r\u00e9ception de 20 types de statuts pr\u00e9d\u00e9finis<\/li>\r\n\t\t\t<li class=\"gl_space_li\">envoi de rapports de statuts au centre de dispatching (\u00e9tat du trafic, dur\u00e9e du chargement, alerte accident, rupture, etc.)<\/li>\t\t\r\n\t\t<\/ul>\r\n\r\n\t\t<\/div>\r\n\t\t\r\n\t\t<div class=\"col-md-4\">\r\n\t\t\r\n\t\t<div class=\"gl_h4big\">D\u00e9tails techniques<\/div>\r\n\t\t<div>&nbsp;<\/div>\r\n\t\t<div class=\"clearfix\">\r\n\t\t\t<div><a rel=\"nofollow\" href=\"https:\/\/www.enaikoon.com\/wp-content\/uploads\/2016\/07\/NewProduct_display_inactive_01.png\" title=\"ENAiKOON display-56\"><img decoding=\"async\" src=\"https:\/\/www.enaikoon.com\/wp-content\/uploads\/2016\/07\/e44e20aa2d.png\" border=\"0\" align=\"left\" class=\"gl_space_right10bottom15\" alt=\"ENAiKOON display-56 combined with inViu's plugin ENAiKOON messenger, you can effectively communicate with mobile workers.\"\/><\/a><\/div>\r\n\t\t\t<div><strong>display-56<\/strong><\/div>\r\n\t\t<\/div>\r\n\t\t<div class=\"gl_ul_style3\">\r\n\t\t<ul>\r\n\t\t\t<li>\u00e9cran LCD affichant 4 lignes de 20 caract\u00e8res<\/li>\r\n\t\t\t<li>dimensions de l&rsquo;\u00e9cran LCD : 75 x 25 mm<\/li>\r\n\t\t\t<li>couleur de l&rsquo;affichage : bleu<\/li>\r\n\t\t\t<li>dimensions de l&rsquo;appareil : 180 x 57 x 30 mm<\/li>\r\n\t\t\t<li>deux LED programmables<\/li>\r\n\t\t\t<li>puissance : 5 &#8211; 31 V DC<\/li>\r\n\t\t\t<li>consommation en 12 V : 60 mA (avec r\u00e9tro-\u00e9clairage)<\/li>\r\n\t\t\t<li>consommation en 12 V : 20 mA (r\u00e9tro-\u00e9clairage d\u00e9sactiv\u00e9)<\/li>\r\n\t\t\t<li>entr\u00e9e des donn\u00e9es num\u00e9riques \/ alphanum\u00e9riques <\/li>\r\n\t\t\t<li>syst\u00e8me int\u00e9gr\u00e9 d&rsquo;identification du conducteur<\/li>\r\n\t\t\t<li>affichage des demandes d&rsquo;ex\u00e9cution, des messages, des informations sur le v\u00e9hicule, etc.<\/li>\r\n\t\t\t<li>haut-parleur int\u00e9gr\u00e9 pour les alertes sonores ou le bip d&rsquo;identification du conducteur<\/li>\r\n\t\t<\/ul>\r\n\t\t<\/div>\r\n\t\t<div>&nbsp;<\/div>\r\n\t\t<div class=\"clearfix\">\r\n\t\t\t<div><a rel=\"nofollow\" href=\"https:\/\/www.enaikoon.com\/wp-content\/uploads\/2016\/07\/Garmi_nuvi_English_184x150_inactive_1.png\" title=\"Garmin\u00ae n\u00fcvi\u00ae\"><img decoding=\"async\" src=\"https:\/\/www.enaikoon.com\/wp-content\/uploads\/2016\/07\/6e4f81486d.png\" border=\"0\" align=\"left\" class=\"gl_space_right10bottom15\" alt=\"Garmin\u00ae n\u00fcvi\u00ae\"\/><\/a><\/div>\r\n\t\t\t<div><strong>Garmin\u00ae d?zl\u2122 560LT<\/strong><\/div>\r\n\t\t<\/div>\r\n\t\t<div>En plus des fonctions de navigation de base, les modules de la gamme Garmin\u00ae n\u00fcvi\u00ae sont compatibles avec le plugin ENAiKOON messenger d&rsquo;inViu pro, facilitant ainsi la communication interne. Le centre de dispatching peut alors envoyer une adresse de destination ou un itin\u00e9raire directement sur l&rsquo;\u00e9cran du chauffeur. L&rsquo;\u00e9cran Garmin\u00ae d?zl\u2122 560LT est particuli\u00e8rement adapt\u00e9 \u00e0 la conduite des chauffeurs de poids-lourds. Pratique et polyvalent, il calcule les itin\u00e9raires en prenant en compte de nombreux facteurs :<\/div>\r\n\t\t<div class=\"gl_ul_style3\">\r\n\t\t<ul>\r\n\t\t\t<li>hauteur actuelle du v\u00e9hicule<\/li>\r\n\t\t\t<li>poids total autoris\u00e9 en charge<\/li>\r\n\t\t\t<li>nature du chargement <\/li>\r\n\t\t\t<li>\u00e9tat du trafic gr\u00e2ce \u00e0 NAVTEQ Traffic\u2122 premium <\/li>\r\n\t\t\t<li>profil pr\u00e9d\u00e9fini sur le poids-lourd (type du v\u00e9hicule et chargement)<\/li>\r\n\t\t\t<li>connexion pour un r\u00e9troviseur-cam\u00e9ra<\/li>\r\n\t\t\t<li>haut-parleurs puissants<\/li>\r\n\t\t\t<li>kit mains-libres Bluetooth\u00ae, assistance utilisation Bluetooth<\/li>\r\n\t\t\t<li>carte d\u00e9taill\u00e9e pour 44 pays d&rsquo;Europe<\/li>\r\n\t\t<\/ul>\r\n\t\t<\/div>\r\n\r\n\t\t<\/div>\r\n\t\t\r\n\t\t<div class=\"col-md-4\">\r\n\t\t\r\n\t\t<div class=\"gl_h4big\">Combinaisons<\/div>\r\n\t\t<div class=\"gl_space_right10\">ENAiKOON display + <a href=\"https:\/\/www.enaikoon.com\/fr\/modules-gps\/gamme-locate\/locate-06\/\">ENAiKOON locate-06<\/a> + <a href=\"https:\/\/www.enaikoon.com\/fr\/logiciel\/inviu-pro\/\">inViu pro<\/a> + <a href=\"https:\/\/www.enaikoon.com\/fr\/logiciel\/plugins\/staff-tracker\/\">ENAiKOON staff-tracker<\/a> = calcul exact de l&rsquo;itin\u00e9raire et de la position GPS, comptes-rendus sur les heures d&rsquo;activit\u00e9 et les pauses, aper\u00e7u global de l&rsquo;activit\u00e9 des v\u00e9hicules et du personnel sur la carte inViu&#8230; pour gagner du temps et \u00e9conomiser de l&rsquo;argent.<\/div>\r\n\t\t<div>Garmin\u00ae n\u00fcvi\u00ae + <a href=\"https:\/\/www.enaikoon.com\/fr\/modules-gps\/gamme-locate\/locate-06\/\">ENAiKOON locate-06<\/a> + <a href=\"https:\/\/www.enaikoon.com\/fr\/logiciel\/inviu-pro\/\">inViu pro<\/a> + <a href=\"https:\/\/www.enaikoon.com\/fr\/logiciel\/plugins\/messenger\/\">ENAiKOON messenger<\/a> =  optimiser la communication interne et l&rsquo;attribution des t\u00e2ches&#8230; pour accro\u00eetre la productivit\u00e9 et r\u00e9duire les co\u00fbts.<\/div>\r\n\t\t<div><a class=\"gl_button_grey\" rel=\"nofollow\" href=\"https:\/\/www.enaikoon.com\/fileadmin\/enaikoon\/Dateien\/pdf\/Datenblatt\/display56\/franz\/ENAiKOON_display-56_Fiches_Produits.pdf\" target=\"_blank\">display-56.pdf<\/a><\/div>\r\n\t\t<div><a class=\"gl_button_grey\" rel=\"nofollow\" href=\"https:\/\/www.enaikoon.com\/fileadmin\/enaikoon\/Dateien\/pdf\/Datenblatt\/Garmin_nuevi\/franz\/Garmin-nuevi-465Tpro_Fiches_Produits.pdf\" target=\"_blank\">garmin-n\u00fcvi.pdf<\/a><\/div>\r\n\t\t<div><a class=\"gl_button_yellow\" href=\"https:\/\/www.enaikoon.com\/fr\/modules-gps\/gamme-locate\/locate-03\/\">la gamme locate<\/a><\/div>\r\n\t\t<div><a class=\"gl_button_blue\" href=\"https:\/\/www.enaikoon.com\/fr\/contact\/contact\/\">Nous contacter<\/a><\/div>\r\n\t\t\r\n\t\t<\/div>\r\n\t\t\r\n\t\t<div class=\"gl_row_space\"><\/div>\r\n<\/div>\r\n<\/div>","protected":false},"excerpt":{"rendered":"<p> [&hellip;]<\/p>\n","protected":false},"author":7,"featured_media":0,"parent":8466,"menu_order":0,"comment_status":"closed","ping_status":"closed","template":"","meta":{"footnotes":""},"acf":[],"_links":{"self":[{"href":"https:\/\/www.enaikoon.com\/fr\/wp-json\/wp\/v2\/pages\/8480"}],"collection":[{"href":"https:\/\/www.enaikoon.com\/fr\/wp-json\/wp\/v2\/pages"}],"about":[{"href":"https:\/\/www.enaikoon.com\/fr\/wp-json\/wp\/v2\/types\/page"}],"author":[{"embeddable":true,"href":"https:\/\/www.enaikoon.com\/fr\/wp-json\/wp\/v2\/users\/7"}],"replies":[{"embeddable":true,"href":"https:\/\/www.enaikoon.com\/fr\/wp-json\/wp\/v2\/comments?post=8480"}],"version-history":[{"count":3,"href":"https:\/\/www.enaikoon.com\/fr\/wp-json\/wp\/v2\/pages\/8480\/revisions"}],"predecessor-version":[{"id":10668,"href":"https:\/\/www.enaikoon.com\/fr\/wp-json\/wp\/v2\/pages\/8480\/revisions\/10668"}],"up":[{"embeddable":true,"href":"https:\/\/www.enaikoon.com\/fr\/wp-json\/wp\/v2\/pages\/8466"}],"wp:attachment":[{"href":"https:\/\/www.enaikoon.com\/fr\/wp-json\/wp\/v2\/media?parent=8480"}],"curies":[{"name":"wp","href":"https:\/\/api.w.org\/{rel}","templated":true}]}}