{"id":8472,"date":"2016-08-15T06:05:35","date_gmt":"2016-08-15T06:05:35","guid":{"rendered":"https:\/\/www.enaikoon.com\/fr\/?page_id=8472"},"modified":"2016-09-08T04:42:51","modified_gmt":"2016-09-08T04:42:51","slug":"capteur-capacitive","status":"publish","type":"page","link":"https:\/\/www.enaikoon.com\/fr\/modules-gps\/accessoires\/capteur-capacitive\/","title":{"rendered":"capteur capacitive"},"content":{"rendered":"<div class=\"gl_slide_scroll_box\">\r\n\t<div class=\"gl_scroll_box\">\r\n <noindex><\/noindex>        <ul>\r\n            <li><a class=\"gl_scroll_link_title\" href=\"https:\/\/www.enaikoon.com\/fr\/modules-gps\/accessoires\/sim-card\/\" title=\"SIM-card\">SIM-card<\/a><br\/>\r\n            <a href=\"https:\/\/www.enaikoon.com\/fr\/modules-gps\/accessoires\/sim-card\/\" title=\"SIM-card\"><img decoding=\"async\" class=\"gl_scroll_link_img\" src=\"https:\/\/www.enaikoon.com\/wp-content\/uploads\/2016\/07\/SIM-card.png\" border=\"0\" alt=\"\"><\/a><\/li>\r\n            \r\n          \t<li><a class=\"gl_scroll_link_title\" href=\"https:\/\/www.enaikoon.com\/fr\/modules-gps\/accessoires\/capteur-a-ultrasons\/\" title=\"capteur \u00e0 ultrasonsfuel level sensor\">capteur \u00e0 ultrasons<\/a><br\/>\r\n            <a href=\"https:\/\/www.enaikoon.com\/fr\/modules-gps\/accessoires\/capteur-a-ultrasons\/\" title=\"capteur \u00e0 ultrasons\"><img decoding=\"async\" class=\"gl_scroll_link_img\" src=\"https:\/\/www.enaikoon.com\/wp-content\/uploads\/2016\/07\/fuel-level.png\" border=\"0\" alt=\"\"><\/a><\/li>\r\n            \r\n            <li><a class=\"gl_scroll_link_title\" href=\"https:\/\/www.enaikoon.com\/fr\/modules-gps\/accessoires\/capteur-capacitive\/\" title=\"capteur capacitive\">capteur capacitive<\/a><br\/>\r\n            <a href=\"https:\/\/www.enaikoon.com\/fr\/modules-gps\/accessoires\/capteur-capacitive\/\" title=\"capteur capacitive\"><img decoding=\"async\" class=\"gl_scroll_link_img_active\" src=\"https:\/\/www.enaikoon.com\/wp-content\/uploads\/2016\/07\/capacitive.png\" border=\"0\" alt=\"\"><\/a><\/li>\r\n            \r\n            <li><a class=\"gl_scroll_link_title\" href=\"https:\/\/www.enaikoon.com\/fr\/modules-gps\/accessoires\/temp-sensor\/\" title=\"temp-sensor\">temp sensor<\/a><br\/>\r\n            <a href=\"https:\/\/www.enaikoon.com\/fr\/modules-gps\/accessoires\/temp-sensor\/\" title=\"temp-sensor\"><img decoding=\"async\" class=\"gl_scroll_link_img\" src=\"https:\/\/www.enaikoon.com\/wp-content\/uploads\/2016\/07\/temp.png\" border=\"0\" alt=\"\"><\/a><\/li>\r\n            \r\n            <li><a class=\"gl_scroll_link_title\" href=\"https:\/\/www.enaikoon.com\/fr\/modules-gps\/accessoires\/antenna\/\" title=\"antenna\">antenna<\/a><br\/>\r\n            <a href=\"https:\/\/www.enaikoon.com\/fr\/modules-gps\/accessoires\/antenna\/\" title=\"antenna\"><img decoding=\"async\" class=\"gl_scroll_link_img\" src=\"https:\/\/www.enaikoon.com\/wp-content\/uploads\/2016\/07\/antenna.png\" border=\"0\" alt=\"\"><\/a><\/li>\r\n            \r\n            <li><a class=\"gl_scroll_link_title\" href=\"https:\/\/www.enaikoon.com\/fr\/modules-gps\/accessoires\/display\/\" title=\"display\">display<\/a><br\/>\r\n            <a href=\"https:\/\/www.enaikoon.com\/fr\/modules-gps\/accessoires\/display\/\" title=\"display\"><img decoding=\"async\" class=\"gl_scroll_link_img\" src=\"https:\/\/www.enaikoon.com\/wp-content\/uploads\/2016\/07\/display.png\" border=\"0\" alt=\"\"><\/a><\/li>\r\n            \r\n            <li><a class=\"gl_scroll_link_title\" href=\"https:\/\/www.enaikoon.com\/fr\/modules-gps\/accessoires\/driver-id\/\" title=\"driver-id\">driver-id<\/a><br\/>\r\n            <a href=\"https:\/\/www.enaikoon.com\/fr\/modules-gps\/accessoires\/driver-id\/\" title=\"driver-id\"><img decoding=\"async\" class=\"gl_scroll_link_img\" src=\"https:\/\/www.enaikoon.com\/wp-content\/uploads\/2016\/07\/driver-id.png\" border=\"0\" alt=\"\"><\/a><\/li>\r\n            \r\n            <li><a class=\"gl_scroll_link_title\" href=\"https:\/\/www.enaikoon.com\/fr\/modules-gps\/accessoires\/battery\/\" title=\"battery\">battery<\/a><br\/>\r\n            <a href=\"https:\/\/www.enaikoon.com\/fr\/modules-gps\/accessoires\/battery\/\" title=\"battery\"><img decoding=\"async\" class=\"gl_scroll_link_img\" src=\"https:\/\/www.enaikoon.com\/wp-content\/uploads\/2016\/07\/battery.png\" border=\"0\" alt=\"\"><\/a><\/li>\r\n            \r\n            <li><a class=\"gl_scroll_link_title\" href=\"https:\/\/www.enaikoon.com\/fr\/modules-gps\/accessoires\/buzzer\/\" title=\"buzzer\">buzzer<\/a><br\/>\r\n            <a href=\"https:\/\/www.enaikoon.com\/fr\/modules-gps\/accessoires\/buzzer\/\" title=\"buzzer\"><img decoding=\"async\" class=\"gl_scroll_link_img\" src=\"https:\/\/www.enaikoon.com\/wp-content\/uploads\/2016\/07\/buzzer.png\" border=\"0\" alt=\"\"><\/a><\/li>\r\n            \r\n            <li><a class=\"gl_scroll_link_title\" href=\"https:\/\/www.enaikoon.com\/fr\/modules-gps\/accessoires\/camera\/\" title=\"camera\">camera<\/a><br\/>\r\n            <a href=\"https:\/\/www.enaikoon.com\/fr\/modules-gps\/accessoires\/camera\/\" title=\"camera\"><img decoding=\"async\" class=\"gl_scroll_link_img\" src=\"https:\/\/www.enaikoon.com\/wp-content\/uploads\/2016\/07\/camera.png\" border=\"0\" alt=\"\"><\/a><\/li>\r\n            \r\n            <li><a class=\"gl_scroll_link_title\" href=\"https:\/\/www.enaikoon.com\/fr\/modules-gps\/accessoires\/case\/\" title=\"case\">case<\/a><br\/>\r\n            <a href=\"https:\/\/www.enaikoon.com\/fr\/modules-gps\/accessoires\/case\/\" title=\"case\"><img decoding=\"async\" class=\"gl_scroll_link_img\" src=\"https:\/\/www.enaikoon.com\/wp-content\/uploads\/2016\/07\/case.png\" border=\"0\" alt=\"\"><\/a><\/li>\r\n          \r\n        <\/ul>\r\n\r\n    <\/div>\r\n<\/div>\r\n<div class=\"row\">\r\n\r\n\t<div class=\"gl_border-page\">\r\n\t\t\r\n\t\t<div class=\"col-md-4\">\r\n\t\r\n\t\t<h2>Capteur de niveau <br>de carburant <br>capacitif ENAiKOON <\/h2>\r\n\t\t<div class=\"clearfix\"><a rel=\"nofollow\" href=\"https:\/\/www.enaikoon.com\/wp-content\/uploads\/2016\/07\/ENAiKOON_fuel_capacitive_sensor_368x300_A_01.png\" title=\"Le capteur de niveau de carburant capacitif ENAiKOON\"><img decoding=\"async\" src=\"https:\/\/www.enaikoon.com\/wp-content\/uploads\/2016\/07\/80ea69bbaa.png\" border=\"0\" align=\"left\" class=\"gl_space_bottom10\" alt=\"Le capteur de niveau de carburant capacitif ENAiKOON est la solution id\u00e9ale pour surveiller le niveau de carburant et la consommation de carburant des camions.\"\/><\/a><\/div>\r\n\t\t<div class=\"clearfix\">Le <strong>capteur de niveau de carburant capacitif ENAiKOON<\/strong> est la solution id\u00e9ale pour surveiller le niveau de carburant et la consommation de carburant des camions.<\/div>\r\n\t\t<div>&nbsp;<\/div>\r\n\t\t<div class=\"gl_h5-italic\">Le capteur fonctionne ind\u00e9pendamment du syst\u00e8me \u00e9lectronique du v\u00e9hicule. Il peut ainsi d\u00e9tecter et <strong>signaler un vol de carburant en temps r\u00e9el et envoyer une alerte<\/strong> m\u00eame si le moteur du v\u00e9hicule est arr\u00eat\u00e9.<\/div>\r\n\t\t<div>&nbsp;<\/div>\r\n\t\t<div>De plus, il permet une surveillance en temps r\u00e9el et un calcul du kilom\u00e9trage restant en se basant sur le contenu du r\u00e9servoir.<\/div>\r\n\t\t<div>&nbsp;<\/div>\r\n\t\t<div>Le capteur de niveau de carburant capacitif se comporte un c\u00e2ble n\u00e9cessaire pour raccorder le capteur au syst\u00e8me de suivi <a href=\"https:\/\/www.enaikoon.com\/fr\/modules-gps\/gamme-locate\/locate-03\/\" title=\"ENAiKOON locate-03\">ENAiKOON locate-03<\/a>, <a href=\"https:\/\/www.enaikoon.com\/fr\/modules-gps\/gamme-locate\/locate-04\/\" title=\"ENAiKOON locate-04\">ENAiKOON locate-04<\/a> ou <a href=\"https:\/\/www.enaikoon.com\/fr\/modules-gps\/gamme-locate\/locate-06\/\" title=\"ENAiKOON locate-06\">ENAiKOON locate-06<\/a>. <\/div>\r\n\t\t<div>&nbsp;<\/div>\r\n\t\t<div>Tous les composants poss\u00e8dent des capteurs sp\u00e9ciaux qui permettent de d\u00e9tecter imm\u00e9diatement les falsifications du capteur ou du syst\u00e8me \u00e9lectronique ainsi que la d\u00e9connexion de la batterie du v\u00e9hicule.\r\n<\/div>\r\n\t\t<div>&nbsp;<\/div>\r\n\t\t<div>Toutes les donn\u00e9es fournies par le capteur sont transf\u00e9r\u00e9es vers le portail Internet ENAiKOON (<a href=\"https:\/\/www.enaikoon.com\/fr\/logiciel\/inviu-pro\/\" title=\"inViu pro\">inViu pro<\/a>) pour \u00e9tude compl\u00e9mentaire des donn\u00e9es, alerte, rapport, etc.<\/div>\r\n\t\t<div>&nbsp;<\/div>\r\n\t\t<div class=\"gl_h4big\">Son application (sur le terrain)<\/div>\r\n\t\t<div>Camions, camions-citernes, petits et gros engins de chantier, machines agricoles, g\u00e9n\u00e9rateurs, r\u00e9servoirs fixes, etc.<\/div>\r\n\r\n\t\t<\/div>\r\n\t\t\r\n\t\t<div class=\"col-md-4\">\r\n\t\t\r\n\t\t<div class=\"gl_h4big\">Caract\u00e9ristiques principales<\/div>\r\n\t\t\r\n\t\t<div class=\"gl_space_top15\"><strong>Installation<\/strong><\/div>\r\n\t\t\r\n\t\t\t<div class=\"gl_ul_style3\">\r\n\t<ul>\r\n\t   \t\t<li>Un trou est perc\u00e9 sur le dessus du r\u00e9servoir puis le tube du capteur est ins\u00e9r\u00e9 dans ce trou et le capteur est viss\u00e9 sur le r\u00e9servoir<\/li>\r\n\t        <li>La vidange du carburant n\u2019est pas n\u00e9cessaire<\/li>\r\n\t        <li>Pas de pi\u00e8ces mobiles<\/li>\r\n\t        <li>Aucun \u00e9talonnage n\u2019est \u00e0 effectuer par l\u2019utilisateur final<\/li>\r\n    <\/ul>\r\n<\/div>\r\n\t\t<\/ul>\r\n\t\t\r\n\t\t<div class=\"gl_space_top15\"><strong>Fonctions<\/strong><\/div>\r\n\t\t<div class=\"gl_ul_style3\">\r\n\t\t<ul>\r\n\t  \t\t<li>L\u2019appareil peut \u00eatre retir\u00e9 et plac\u00e9 sur un autre r\u00e9servoir.<\/li>\r\n            <li>Capteur et connecteurs \u00e9tanches<\/li>\r\n            <li>Configurable pour tous les types de carburant liquide (sauf eau) | (pas d\u2019eau)<\/li>\r\n            <li>Filtrage des mesures<\/li>\r\n            <li>Mesure les niveaux de carburant du fond au sommet du r\u00e9servoir ; il n\u2019est pas possible de mesurer les 20 derniers mm au fond<\/li>\r\n    \t<\/ul>\r\n<\/div>\r\n        \r\n\t\t \r\n\t\t<div class=\"gl_space_top15\"><strong>Applicabilit\u00e9<\/strong><\/div>\r\n\t\t<div class=\"gl_ul_style3\">\r\n\t\t<ul>\r\n\t\t  <li>Faible consommation \u00e9lectrique<\/li>\r\n\t\t  <li>Connecteurs Molex pour l\u2019alimentation \u00e9lectrique et l\u2019interface<\/li>\r\n\t\t  <li>C\u00e2ble de connexion de 7 m<\/li>\r\n\t\t  <li>Bo\u00eetier en plastique solide<\/li>\r\n\t   <\/ul>\r\n<\/div>\r\n              \r\n\t\t<div class=\"gl_space_top15\"><\/div>\r\n\t\t<div class=\"gl_h4big\">Caract\u00e9ristiques techniques<\/div>\r\n\t\t<div class=\"gl_ul_style3\">\r\n\t\t  <ul>\r\n\t\t\t<li>Hauteur maximale du r\u00e9servoir : 200 cm<\/li>\r\n\t\t\t<li>Hauteur minimale du r\u00e9servoir : 2 cm<\/li>\r\n\t\t\t<li>Pr\u00e9cision absolue : 2 % (pour diesel standard \u00e0 25 \u00b0C)<\/li>\r\n\t\t\t<li>R\u00e9solution : 12 bits<\/li>\r\n\t\t\t<li>Fr\u00e9quence de mesure : 1 s<\/li>\r\n\t\t\t<li>Alimentation \u00e9lectrique externe : 7 V \u00e0 45 V<\/li>\r\n\t\t\t<li>Alimentation externe de 24 volts : 0,6 \u00e0 0,9 W<\/li>\r\n\t\t\t<li>Plage de temp\u00e9rature sans la batterie : -60 \u00b0C \u00e0 85 \u00b0C<\/li>\r\n\t\t\t<li>Capteur et c\u00e2bles d\u2019extension (connecteurs) : \u00e9tanches IP 67<\/li>\r\n\t\t\t<li>Longueur du c\u00e2ble du capteur : 6 m<\/li>\r\n\t\t\t<li>Longueur du capteur (peut \u00eatre raccourcie) :<br>70 cm (27,5 pouces)<br>100 cm (39,5 pouces)<br>150 cm (59 pouces)<br>200 cm (79 pouces)<\/li>\r\n\t\t  <\/ul>\r\n<\/div>\r\n              \r\n\t\t<\/div>\t\r\n\t\t<div class=\"col-md-4\">\t\r\n\t\t<div class=\"gl_h4big\">Combinaisons<\/div>\r\n\t\t<div class=\"gl_space_right5\">Capteur de niveau de carburant capacitif ENAiKOON + <a href=\"https:\/\/www.enaikoon.com\/fr\/modules-gps\/gamme-locate\/locate-04\/\">ENAiKOON locate-06<\/a> + <a href=\"https:\/\/www.enaikoon.com\/fr\/logiciel\/inviu-pro\/\">inViu pro<\/a> + <a href=\"https:\/\/www.enaikoon.com\/fr\/logiciel\/plugins\/fuel-tracker\/\">ENAiKOON fuel-tracker<\/a> + <a href=\"https:\/\/www.enaikoon.com\/fr\/modules-gps\/accessoires\/display\/\">ENAiKOON display<\/a> + <a href=\"https:\/\/www.enaikoon.com\/fr\/logiciel\/plugins\/messenger\/\">ENAiKOON messenger<\/a> = Mesure du niveau de carburant + rapport de consommation moyenne de carburant + d\u00e9tection de vol de carburant et alerte + communication \u00e9crite centralis\u00e9e entre chauffeurs et centre de dispatching.<\/div>\r\n\t\t<div class=\"gl_space_top15 gl_space_right10\">+ <a href=\"https:\/\/www.enaikoon.com\/fr\/modules-gps\/gamme-inmarsat\/inmarsat-600\/\" title=\"ENAiKOON inmarsat device\">ENAiKOON inmarsat device<\/a> =aper\u00e7u global de la flotte et du personnel, surveillance du niveau des r\u00e9servoirs sur les v\u00e9hicules, les \u00e9quipements ou toute autre machine, pour pr\u00e9venir le vol<\/div>\r\n\t\t<div><a class=\"gl_button_grey\" rel=\"nofollow\" href=\"https:\/\/www.enaikoon.com\/fileadmin\/enaikoon\/Dateien\/pdf\/Datenblatt\/capacitive-sensor\/franz\/ENAiKOON_capteur-capacitif_fuel-level-sensor_Fiches_Produits.pdf\" target=\"_blank\">Fiches produits<\/a><\/div>\r\n\t\t<div><a class=\"gl_button_yellow\" href=\"https:\/\/www.enaikoon.com\/fr\/modules-gps\/gamme-locate\/locate-03\/\">gamme locate<\/a><\/div>\r\n\t\t<div><a class=\"gl_button_blue\" href=\"https:\/\/www.enaikoon.com\/fr\/contact\/contact\/\">Nous contacter<\/a><\/div>\r\n\t\t\r\n\t\t<\/div>\r\n\t\t\r\n\t\t<div class=\"gl_row_space\"><\/div>\r\n\t\t\r\n\t<\/div>\r\n\r\n<\/div>","protected":false},"excerpt":{"rendered":"<p> [&hellip;]<\/p>\n","protected":false},"author":7,"featured_media":0,"parent":8466,"menu_order":0,"comment_status":"closed","ping_status":"closed","template":"","meta":{"footnotes":""},"acf":[],"_links":{"self":[{"href":"https:\/\/www.enaikoon.com\/fr\/wp-json\/wp\/v2\/pages\/8472"}],"collection":[{"href":"https:\/\/www.enaikoon.com\/fr\/wp-json\/wp\/v2\/pages"}],"about":[{"href":"https:\/\/www.enaikoon.com\/fr\/wp-json\/wp\/v2\/types\/page"}],"author":[{"embeddable":true,"href":"https:\/\/www.enaikoon.com\/fr\/wp-json\/wp\/v2\/users\/7"}],"replies":[{"embeddable":true,"href":"https:\/\/www.enaikoon.com\/fr\/wp-json\/wp\/v2\/comments?post=8472"}],"version-history":[{"count":5,"href":"https:\/\/www.enaikoon.com\/fr\/wp-json\/wp\/v2\/pages\/8472\/revisions"}],"predecessor-version":[{"id":10621,"href":"https:\/\/www.enaikoon.com\/fr\/wp-json\/wp\/v2\/pages\/8472\/revisions\/10621"}],"up":[{"embeddable":true,"href":"https:\/\/www.enaikoon.com\/fr\/wp-json\/wp\/v2\/pages\/8466"}],"wp:attachment":[{"href":"https:\/\/www.enaikoon.com\/fr\/wp-json\/wp\/v2\/media?parent=8472"}],"curies":[{"name":"wp","href":"https:\/\/api.w.org\/{rel}","templated":true}]}}