{"id":8470,"date":"2016-08-15T06:04:48","date_gmt":"2016-08-15T06:04:48","guid":{"rendered":"https:\/\/www.enaikoon.com\/fr\/?page_id=8470"},"modified":"2016-08-26T15:29:57","modified_gmt":"2016-08-26T15:29:57","slug":"buzzer","status":"publish","type":"page","link":"https:\/\/www.enaikoon.com\/fr\/modules-gps\/accessoires\/buzzer\/","title":{"rendered":"buzzer"},"content":{"rendered":"<div class=\"gl_slide_scroll_box\">\r\n\t<div class=\"gl_scroll_box\">\r\n <noindex><\/noindex>        <ul>\r\n            <li><a class=\"gl_scroll_link_title\" href=\"https:\/\/www.enaikoon.com\/fr\/modules-gps\/accessoires\/sim-card\/\" title=\"SIM-card\">SIM-card<\/a><br\/>\r\n            <a href=\"https:\/\/www.enaikoon.com\/fr\/modules-gps\/accessoires\/sim-card\/\" title=\"SIM-card\"><img decoding=\"async\" class=\"gl_scroll_link_img\" src=\"https:\/\/www.enaikoon.com\/wp-content\/uploads\/2016\/07\/SIM-card.png\" border=\"0\" alt=\"\"><\/a><\/li>\r\n            \r\n          \t<li><a class=\"gl_scroll_link_title\" href=\"https:\/\/www.enaikoon.com\/fr\/modules-gps\/accessoires\/capteur-a-ultrasons\/\" title=\"capteur \u00e0 ultrasonsfuel level sensor\">capteur \u00e0 ultrasons<\/a><br\/>\r\n            <a href=\"https:\/\/www.enaikoon.com\/fr\/modules-gps\/accessoires\/capteur-a-ultrasons\/\" title=\"capteur \u00e0 ultrasons\"><img decoding=\"async\" class=\"gl_scroll_link_img\" src=\"https:\/\/www.enaikoon.com\/wp-content\/uploads\/2016\/07\/fuel-level.png\" border=\"0\" alt=\"\"><\/a><\/li>\r\n            \r\n            <li><a class=\"gl_scroll_link_title\" href=\"https:\/\/www.enaikoon.com\/fr\/modules-gps\/accessoires\/capteur-capacitive\/\" title=\"capteur capacitive\">capteur capacitive<\/a><br\/>\r\n            <a href=\"https:\/\/www.enaikoon.com\/fr\/modules-gps\/accessoires\/capteur-capacitive\/\" title=\"capteur capacitive\"><img decoding=\"async\" class=\"gl_scroll_link_img\" src=\"https:\/\/www.enaikoon.com\/wp-content\/uploads\/2016\/07\/capacitive.png\" border=\"0\" alt=\"\"><\/a><\/li>\r\n            \r\n            <li><a class=\"gl_scroll_link_title\" href=\"https:\/\/www.enaikoon.com\/fr\/modules-gps\/accessoires\/temp-sensor\/\" title=\"temp-sensor\">temp sensor<\/a><br\/>\r\n            <a href=\"https:\/\/www.enaikoon.com\/fr\/modules-gps\/accessoires\/temp-sensor\/\" title=\"temp-sensor\"><img decoding=\"async\" class=\"gl_scroll_link_img\" src=\"https:\/\/www.enaikoon.com\/wp-content\/uploads\/2016\/07\/temp.png\" border=\"0\" alt=\"\"><\/a><\/li>\r\n            \r\n            <li><a class=\"gl_scroll_link_title\" href=\"https:\/\/www.enaikoon.com\/fr\/modules-gps\/accessoires\/antenna\/\" title=\"antenna\">antenna<\/a><br\/>\r\n            <a href=\"https:\/\/www.enaikoon.com\/fr\/modules-gps\/accessoires\/antenna\/\" title=\"antenna\"><img decoding=\"async\" class=\"gl_scroll_link_img\" src=\"https:\/\/www.enaikoon.com\/wp-content\/uploads\/2016\/07\/antenna.png\" border=\"0\" alt=\"\"><\/a><\/li>\r\n            \r\n            <li><a class=\"gl_scroll_link_title\" href=\"https:\/\/www.enaikoon.com\/fr\/modules-gps\/accessoires\/display\/\" title=\"display\">display<\/a><br\/>\r\n            <a href=\"https:\/\/www.enaikoon.com\/fr\/modules-gps\/accessoires\/display\/\" title=\"display\"><img decoding=\"async\" class=\"gl_scroll_link_img\" src=\"https:\/\/www.enaikoon.com\/wp-content\/uploads\/2016\/07\/display.png\" border=\"0\" alt=\"\"><\/a><\/li>\r\n            \r\n            <li><a class=\"gl_scroll_link_title\" href=\"https:\/\/www.enaikoon.com\/fr\/modules-gps\/accessoires\/driver-id\/\" title=\"driver-id\">driver-id<\/a><br\/>\r\n            <a href=\"https:\/\/www.enaikoon.com\/fr\/modules-gps\/accessoires\/driver-id\/\" title=\"driver-id\"><img decoding=\"async\" class=\"gl_scroll_link_img\" src=\"https:\/\/www.enaikoon.com\/wp-content\/uploads\/2016\/07\/driver-id.png\" border=\"0\" alt=\"\"><\/a><\/li>\r\n            \r\n            <li><a class=\"gl_scroll_link_title\" href=\"https:\/\/www.enaikoon.com\/fr\/modules-gps\/accessoires\/battery\/\" title=\"battery\">battery<\/a><br\/>\r\n            <a href=\"https:\/\/www.enaikoon.com\/fr\/modules-gps\/accessoires\/battery\/\" title=\"battery\"><img decoding=\"async\" class=\"gl_scroll_link_img\" src=\"https:\/\/www.enaikoon.com\/wp-content\/uploads\/2016\/07\/battery.png\" border=\"0\" alt=\"\"><\/a><\/li>\r\n            \r\n            <li><a class=\"gl_scroll_link_title\" href=\"https:\/\/www.enaikoon.com\/fr\/modules-gps\/accessoires\/buzzer\/\" title=\"buzzer\">buzzer<\/a><br\/>\r\n            <a href=\"https:\/\/www.enaikoon.com\/fr\/modules-gps\/accessoires\/buzzer\/\" title=\"buzzer\"><img decoding=\"async\" class=\"gl_scroll_link_img_active\" src=\"https:\/\/www.enaikoon.com\/wp-content\/uploads\/2016\/07\/buzzer.png\" border=\"0\" alt=\"\"><\/a><\/li>\r\n            \r\n            <li><a class=\"gl_scroll_link_title\" href=\"https:\/\/www.enaikoon.com\/fr\/modules-gps\/accessoires\/camera\/\" title=\"camera\">camera<\/a><br\/>\r\n            <a href=\"https:\/\/www.enaikoon.com\/fr\/modules-gps\/accessoires\/camera\/\" title=\"camera\"><img decoding=\"async\" class=\"gl_scroll_link_img\" src=\"https:\/\/www.enaikoon.com\/wp-content\/uploads\/2016\/07\/camera.png\" border=\"0\" alt=\"\"><\/a><\/li>\r\n            \r\n            <li><a class=\"gl_scroll_link_title\" href=\"https:\/\/www.enaikoon.com\/fr\/modules-gps\/accessoires\/case\/\" title=\"case\">case<\/a><br\/>\r\n            <a href=\"https:\/\/www.enaikoon.com\/fr\/modules-gps\/accessoires\/case\/\" title=\"case\"><img decoding=\"async\" class=\"gl_scroll_link_img\" src=\"https:\/\/www.enaikoon.com\/wp-content\/uploads\/2016\/07\/case.png\" border=\"0\" alt=\"\"><\/a><\/li>\r\n          \r\n        <\/ul>\r\n\r\n    <\/div>\r\n<\/div>\r\n<div class=\"row\">\r\n\r\n<div class=\"gl_border-page\">\r\n\t\t\r\n\t\t<div class=\"col-md-4\">\r\n\t\r\n\t\t<h2>ENAiKOON<br>buzzer<\/h2>\r\n\t\t<div class=\"clearfix\"><a rel=\"nofollow\" href=\"https:\/\/www.enaikoon.com\/wp-content\/uploads\/2016\/07\/ENAiKOON_Buzzer_368x300_A.png\" title=\"ENAiKOON buzzer\"><img decoding=\"async\" src=\"https:\/\/www.enaikoon.com\/wp-content\/uploads\/2016\/07\/d335cdc6bc.png\" border=\"0\" align=\"left\" class=\"gl_space_bottom10\" alt=\"ENAiKOON buzzer\"\/><\/a><\/div>\r\n\t\t<div class=\"gl_h5-italic\">L&rsquo;<strong>ENAiKOON buzzer<\/strong> \u00e9met un signal sonore pour informer ou confirmer un \u00e9v\u00e9nement.<\/div>\r\n\t\t<div>&nbsp;<\/div>\r\n\t\t<div class=\"gl_h4big\">Sur le terrain<\/div>\r\n\t\t<div>Cet encodeur se branche sur les sorties num\u00e9riques des modules GPS d&rsquo;ENAiKOON. Il \u00e9met un son audible pour les diff\u00e9rentes fonctions des appareils.<\/div>\r\n\t\t\t\r\n\t\t<\/div>\r\n\t\t\r\n\t\t<div class=\"col-md-4\">\r\n\t\t\r\n\t\t<div class=\"gl_h4big\">Caract\u00e9ristiques principales<\/div>\r\n\t\t<div>L&rsquo;ENAiKOON buzzer compl\u00e8te id\u00e9alement l&rsquo;utilisation du iButton. Il permet de s&rsquo;assurer, gr\u00e2ce au signal sonore, de la bonne prise en compte de l&rsquo;action, m\u00eame sur des sites tr\u00e8s bruyants (ex : chantiers de construction ou v\u00e9hicules qui ont un moteur bruyant).<\/div>\r\n\t\t<div>&nbsp;<\/div>\r\n\t\t<div class=\"gl_h4big\">D\u00e9tails techniques<\/div>\r\n\t\t<div>L&rsquo;ENAiKOON buzzer peut \u00e9mettre un signal sonore en cas de :<\/div>\r\n\t\t<div class=\"gl_ul_style3\">\r\n\t\t<ul>\r\n\t\t\t<li>d\u00e9passement de la vitesse autoris\u00e9e<\/li>\r\n\t\t\t<li>lecture d&rsquo;un iButton<br>d&rsquo;ENAiKOON<\/li>\r\n\t\t\t<li>entr\u00e9e ou sortie d&rsquo;un gardiennage virtuel (geofence)<\/li>\r\n\t\t\t<li>d\u00e9passement des valeurs seuils (ex : d\u00e9passement de la temp\u00e9rature maximale pendant le transport d&rsquo;\u00e9l\u00e9ments r\u00e9frig\u00e9r\u00e9s)<\/li>\t\t\t\r\n\t\t<\/ul>\r\n\t\t<\/div>\r\n\t\t<div>Dans de nombreux cas, l&rsquo;ENAiKOON buzzer compl\u00e8te id\u00e9alement les modules ENAiKOON de <a href=\"https:\/\/www.enaikoon.com\/fr\/modules-gps\/gamme-locate\/locate-03\/\">la gamme locate<\/a>.<\/div>\r\n\t\t\r\n\t\t<\/div>\r\n\t\t\r\n\t\t<div class=\"col-md-4\">\r\n\t\t\r\n\t\t<div class=\"gl_h4big\">Combinaisons<\/div>\r\n\t\t<div>ENAiKOON buzzer + ENAiKOON driver-id + <a href=\"https:\/\/www.enaikoon.com\/fr\/modules-gps\/gamme-locate\/locate-04\/\">ENAiKOON locate-04<\/a> + <a href=\"https:\/\/www.enaikoon.com\/fr\/logiciel\/inviu-pro\/\">inViu pro<\/a> = g\u00e9olocalisation GPS pr\u00e9cise, itin\u00e9raires et comptes-rendus sur les heures d&rsquo;activit\u00e9 et les pauses des v\u00e9hicules et du personnel, pour conna\u00eetre avec pr\u00e9cision le nombre d&rsquo;heures travaill\u00e9es, sans s&rsquo;en pr\u00e9occuper. Vous gagnerez du temps et \u00e9conomiserez de l&rsquo;argent.<\/div>\r\n\t\t<div><a class=\"gl_button_grey\" rel=\"nofollow\" href=\"https:\/\/www.enaikoon.com\/fileadmin\/enaikoon\/Dateien\/pdf\/Datenblatt\/buzzer\/englisch\/ENAiKOON_buzzer_data_sheet.pdf\" target=\"_blank\">T\u00e9l\u00e9charger le PDF<\/a><\/div>\r\n\t\t<div><a class=\"gl_button_yellow\" href=\"https:\/\/www.enaikoon.com\/fr\/modules-gps\/gamme-locate\/locate-03\/\">la gamme locate<\/a><\/div>\r\n\t\t<div><a class=\"gl_button_blue\" href=\"https:\/\/www.enaikoon.com\/fr\/contact\/contact\/\">Nous contacter<\/a><\/div>\r\n\t\t\r\n\t\t<\/div>\r\n\t\t\r\n\t\t<div class=\"gl_row_space\"><\/div>\r\n<\/div>\r\n<\/div>","protected":false},"excerpt":{"rendered":"<p> [&hellip;]<\/p>\n","protected":false},"author":7,"featured_media":0,"parent":8466,"menu_order":0,"comment_status":"closed","ping_status":"closed","template":"","meta":{"footnotes":""},"acf":[],"_links":{"self":[{"href":"https:\/\/www.enaikoon.com\/fr\/wp-json\/wp\/v2\/pages\/8470"}],"collection":[{"href":"https:\/\/www.enaikoon.com\/fr\/wp-json\/wp\/v2\/pages"}],"about":[{"href":"https:\/\/www.enaikoon.com\/fr\/wp-json\/wp\/v2\/types\/page"}],"author":[{"embeddable":true,"href":"https:\/\/www.enaikoon.com\/fr\/wp-json\/wp\/v2\/users\/7"}],"replies":[{"embeddable":true,"href":"https:\/\/www.enaikoon.com\/fr\/wp-json\/wp\/v2\/comments?post=8470"}],"version-history":[{"count":4,"href":"https:\/\/www.enaikoon.com\/fr\/wp-json\/wp\/v2\/pages\/8470\/revisions"}],"predecessor-version":[{"id":10359,"href":"https:\/\/www.enaikoon.com\/fr\/wp-json\/wp\/v2\/pages\/8470\/revisions\/10359"}],"up":[{"embeddable":true,"href":"https:\/\/www.enaikoon.com\/fr\/wp-json\/wp\/v2\/pages\/8466"}],"wp:attachment":[{"href":"https:\/\/www.enaikoon.com\/fr\/wp-json\/wp\/v2\/media?parent=8470"}],"curies":[{"name":"wp","href":"https:\/\/api.w.org\/{rel}","templated":true}]}}