{"id":8469,"date":"2016-08-15T06:04:39","date_gmt":"2016-08-15T06:04:39","guid":{"rendered":"https:\/\/www.enaikoon.com\/fr\/?page_id=8469"},"modified":"2016-09-08T10:23:24","modified_gmt":"2016-09-08T10:23:24","slug":"battery","status":"publish","type":"page","link":"https:\/\/www.enaikoon.com\/fr\/modules-gps\/accessoires\/battery\/","title":{"rendered":"battery"},"content":{"rendered":"<div class=\"gl_slide_scroll_box\">\r\n\t<div class=\"gl_scroll_box\">\r\n <noindex><\/noindex>        <ul>\r\n            <li><a class=\"gl_scroll_link_title\" href=\"https:\/\/www.enaikoon.com\/fr\/modules-gps\/accessoires\/sim-card\/\" title=\"SIM-card\">SIM-card<\/a><br\/>\r\n            <a href=\"https:\/\/www.enaikoon.com\/fr\/modules-gps\/accessoires\/sim-card\/\" title=\"SIM-card\"><img decoding=\"async\" class=\"gl_scroll_link_img\" src=\"https:\/\/www.enaikoon.com\/wp-content\/uploads\/2016\/07\/SIM-card.png\" border=\"0\" alt=\"\"><\/a><\/li>\r\n            \r\n          \t<li><a class=\"gl_scroll_link_title\" href=\"https:\/\/www.enaikoon.com\/fr\/modules-gps\/accessoires\/capteur-a-ultrasons\/\" title=\"capteur \u00e0 ultrasonsfuel level sensor\">capteur \u00e0 ultrasons<\/a><br\/>\r\n            <a href=\"https:\/\/www.enaikoon.com\/fr\/modules-gps\/accessoires\/capteur-a-ultrasons\/\" title=\"capteur \u00e0 ultrasons\"><img decoding=\"async\" class=\"gl_scroll_link_img\" src=\"https:\/\/www.enaikoon.com\/wp-content\/uploads\/2016\/07\/fuel-level.png\" border=\"0\" alt=\"\"><\/a><\/li>\r\n            \r\n            <li><a class=\"gl_scroll_link_title\" href=\"https:\/\/www.enaikoon.com\/fr\/modules-gps\/accessoires\/capteur-capacitive\/\" title=\"capteur capacitive\">capteur capacitive<\/a><br\/>\r\n            <a href=\"https:\/\/www.enaikoon.com\/fr\/modules-gps\/accessoires\/capteur-capacitive\/\" title=\"capteur capacitive\"><img decoding=\"async\" class=\"gl_scroll_link_img\" src=\"https:\/\/www.enaikoon.com\/wp-content\/uploads\/2016\/07\/capacitive.png\" border=\"0\" alt=\"\"><\/a><\/li>\r\n            \r\n            <li><a class=\"gl_scroll_link_title\" href=\"https:\/\/www.enaikoon.com\/fr\/modules-gps\/accessoires\/temp-sensor\/\" title=\"temp-sensor\">temp sensor<\/a><br\/>\r\n            <a href=\"https:\/\/www.enaikoon.com\/fr\/modules-gps\/accessoires\/temp-sensor\/\" title=\"temp-sensor\"><img decoding=\"async\" class=\"gl_scroll_link_img\" src=\"https:\/\/www.enaikoon.com\/wp-content\/uploads\/2016\/07\/temp.png\" border=\"0\" alt=\"\"><\/a><\/li>\r\n            \r\n            <li><a class=\"gl_scroll_link_title\" href=\"https:\/\/www.enaikoon.com\/fr\/modules-gps\/accessoires\/antenna\/\" title=\"antenna\">antenna<\/a><br\/>\r\n            <a href=\"https:\/\/www.enaikoon.com\/fr\/modules-gps\/accessoires\/antenna\/\" title=\"antenna\"><img decoding=\"async\" class=\"gl_scroll_link_img\" src=\"https:\/\/www.enaikoon.com\/wp-content\/uploads\/2016\/07\/antenna.png\" border=\"0\" alt=\"\"><\/a><\/li>\r\n            \r\n            <li><a class=\"gl_scroll_link_title\" href=\"https:\/\/www.enaikoon.com\/fr\/modules-gps\/accessoires\/display\/\" title=\"display\">display<\/a><br\/>\r\n            <a href=\"https:\/\/www.enaikoon.com\/fr\/modules-gps\/accessoires\/display\/\" title=\"display\"><img decoding=\"async\" class=\"gl_scroll_link_img\" src=\"https:\/\/www.enaikoon.com\/wp-content\/uploads\/2016\/07\/display.png\" border=\"0\" alt=\"\"><\/a><\/li>\r\n            \r\n            <li><a class=\"gl_scroll_link_title\" href=\"https:\/\/www.enaikoon.com\/fr\/modules-gps\/accessoires\/driver-id\/\" title=\"driver-id\">driver-id<\/a><br\/>\r\n            <a href=\"https:\/\/www.enaikoon.com\/fr\/modules-gps\/accessoires\/driver-id\/\" title=\"driver-id\"><img decoding=\"async\" class=\"gl_scroll_link_img\" src=\"https:\/\/www.enaikoon.com\/wp-content\/uploads\/2016\/07\/driver-id.png\" border=\"0\" alt=\"\"><\/a><\/li>\r\n            \r\n            <li><a class=\"gl_scroll_link_title\" href=\"https:\/\/www.enaikoon.com\/fr\/modules-gps\/accessoires\/battery\/\" title=\"battery\">battery<\/a><br\/>\r\n            <a href=\"https:\/\/www.enaikoon.com\/fr\/modules-gps\/accessoires\/battery\/\" title=\"battery\"><img decoding=\"async\" class=\"gl_scroll_link_img_active\" src=\"https:\/\/www.enaikoon.com\/wp-content\/uploads\/2016\/07\/battery.png\" border=\"0\" alt=\"\"><\/a><\/li>\r\n            \r\n            <li><a class=\"gl_scroll_link_title\" href=\"https:\/\/www.enaikoon.com\/fr\/modules-gps\/accessoires\/buzzer\/\" title=\"buzzer\">buzzer<\/a><br\/>\r\n            <a href=\"https:\/\/www.enaikoon.com\/fr\/modules-gps\/accessoires\/buzzer\/\" title=\"buzzer\"><img decoding=\"async\" class=\"gl_scroll_link_img\" src=\"https:\/\/www.enaikoon.com\/wp-content\/uploads\/2016\/07\/buzzer.png\" border=\"0\" alt=\"\"><\/a><\/li>\r\n            \r\n            <li><a class=\"gl_scroll_link_title\" href=\"https:\/\/www.enaikoon.com\/fr\/modules-gps\/accessoires\/camera\/\" title=\"camera\">camera<\/a><br\/>\r\n            <a href=\"https:\/\/www.enaikoon.com\/fr\/modules-gps\/accessoires\/camera\/\" title=\"camera\"><img decoding=\"async\" class=\"gl_scroll_link_img\" src=\"https:\/\/www.enaikoon.com\/wp-content\/uploads\/2016\/07\/camera.png\" border=\"0\" alt=\"\"><\/a><\/li>\r\n            \r\n            <li><a class=\"gl_scroll_link_title\" href=\"https:\/\/www.enaikoon.com\/fr\/modules-gps\/accessoires\/case\/\" title=\"case\">case<\/a><br\/>\r\n            <a href=\"https:\/\/www.enaikoon.com\/fr\/modules-gps\/accessoires\/case\/\" title=\"case\"><img decoding=\"async\" class=\"gl_scroll_link_img\" src=\"https:\/\/www.enaikoon.com\/wp-content\/uploads\/2016\/07\/case.png\" border=\"0\" alt=\"\"><\/a><\/li>\r\n          \r\n        <\/ul>\r\n\r\n    <\/div>\r\n<\/div>\r\n<div class=\"row\">\r\n<div class=\"gl_border-page\">\r\n\t\t\r\n\t\t<div class=\"col-md-4\">\r\n\t\r\n\t\t<h2>ENAiKOON<br>battery<\/h2>\r\n\t\t<div class=\"clearfix\"><a rel=\"nofollow\" href=\"https:\/\/www.enaikoon.com\/wp-content\/uploads\/2016\/07\/Batteries_inactive_368x300.png\" title=\"ENAiKOON battery\"><img decoding=\"async\" src=\"https:\/\/www.enaikoon.com\/wp-content\/uploads\/2016\/07\/2ca09a78b8.png\" border=\"0\" align=\"left\" class=\"gl_space_bottom10\" alt=\"ENAiKOON battery\"\/><\/a><\/div>\r\n\t\t<div class=\"gl_h5-italic\">Les <strong>ENAiKOON battery <\/strong> constituent l&rsquo;alimentation \u00e9lectrique de vos dispositifs de g\u00e9olocalisation. Elles peuvent \u00eatre rechargeables ou non.<\/div>\r\n\t\t<div>&nbsp;<\/div>\r\n\t\t<div class=\"gl_h4big\">Sur le terrain<\/div>\r\n\t\t<div>Utilis\u00e9es dans la logistique sur les remorques, les conteneurs et conteneurs temporaires, dans le recyclage et le traitement des d\u00e9chets pour les conteneurs, les bennes \u00e0 ordures et les compacteurs, et dans le b\u00e2timent pour les \u00e9quipements ou les machines qui n&rsquo;ont pas une alimentation autonome.<\/div>\r\n\t\t<div>&nbsp;<\/div>\r\n\t\t<div class=\"gl_h4big\">Caract\u00e9ristiques principales<\/div>\r\n\t\t<div>Permet d&rsquo;ajouter une source d&rsquo;alimentation alternative \u00e0 l&rsquo;alimentation externe. Avec un compte-rendu de position par jour, nos batteries peuvent durer <strong>pr\u00e8s de 10 ans<\/strong>. La dur\u00e9e de vie d\u00e9pend de la fr\u00e9quence des rapports de position et de la temp\u00e9rature ambiante.<\/div>\r\n\t\t\t\r\n\t\t<\/div>\r\n\t\t\r\n\t\t<div class=\"col-md-4\">\r\n\t\t\r\n\t\t<div class=\"gl_h4big\">D\u00e9tails techniques<\/div>\r\n\t\t<div>Nous proposons trois types de batteries :<\/div>\r\n\t\t<div>&nbsp;<\/div>\r\n\t\t<div><strong>Pile primaire<\/strong><\/div>\r\n\t\t<div><a rel=\"nofollow\" href=\"https:\/\/www.enaikoon.com\/wp-content\/uploads\/2016\/07\/Battery_1_inactive_200x204.png\" title=\"ENAiKOON primary cell battery\"><img decoding=\"async\" src=\"https:\/\/www.enaikoon.com\/wp-content\/uploads\/2016\/07\/f021d2d98f.png\" border=\"0\" align=\"left\" class=\"gl_space_right10top5\" alt=\"ENAiKOON primary cell battery\"\/><\/a><\/div>\r\n\t\t<div>Cette pile extr\u00eamement performante \u00e0 une dur\u00e9e de vie de 10 ans. Elle est particuli\u00e8rement adapt\u00e9e aux modules qui sont inaccessibles ou qui sont utilis\u00e9s en permanence.<br>Elle peut \u00e9galement servir d&rsquo;alimentation interne pour les bo\u00eetes noires des gros a\u00e9ronefs. <\/div>\r\n\t\t<div>&nbsp;<\/div>\r\n\t\t<div><strong>Batterie rechargeable<\/strong><\/div>\r\n\t\t<div><a rel=\"nofollow\" href=\"https:\/\/www.enaikoon.com\/wp-content\/uploads\/2016\/07\/Battery_2_inactive_200x204.png\" title=\"La batterie rechargeable d'ENAiKOON\"><img decoding=\"async\" src=\"https:\/\/www.enaikoon.com\/wp-content\/uploads\/2016\/08\/969386dd42.png\" border=\"0\" align=\"left\" class=\"gl_space_right10top5\" alt=\"La batterie rechargeable d'ENAiKOON\"\/><\/a><\/div>\r\n\t\t<div>Cette batterie a une autonomie de 8 mois en cas de multiples comptes-rendus par jours. Id\u00e9ale pour les modules qui peuvent \u00eatre recharg\u00e9s r\u00e9guli\u00e8rement.<\/div>\r\n\t\t<div>&nbsp;<\/div>\r\n\t\t<div><strong>Batterie de soutien<\/strong><\/div>\r\n\t\t<div class=\"clearfix\">\r\n\t\t\t<div><a rel=\"nofollow\" href=\"https:\/\/www.enaikoon.com\/wp-content\/uploads\/2016\/07\/Battery_3_inactive_200x204.png\" title=\"La batterie rechargeable d'ENAiKOON\"><img decoding=\"async\" src=\"https:\/\/www.enaikoon.com\/wp-content\/uploads\/2016\/07\/7aad4aff9b.png\" border=\"0\" align=\"left\" class=\"gl_space_right10top5\" alt=\"L.a batterie rechargeable d'ENAiKOON\"\/><\/a><\/div>\r\n\t\t\t<div>Cette petite batterie sert en cas d&rsquo;urgence et fournit une alimentation secondaire pour les modules de g\u00e9olocalisation.<\/div>\r\n\t\t<\/div>\r\n\t\t<div class=\"clearfix\">\r\n\t\t\t<div><a rel=\"nofollow\" href=\"https:\/\/www.enaikoon.com\/wp-content\/uploads\/2016\/07\/Battery_4_inactive_200x204_03.png\" title=\"La batterie rechargeable d'ENAiKOON\"><img decoding=\"async\" src=\"https:\/\/www.enaikoon.com\/wp-content\/uploads\/2016\/07\/84c134132c.png\" border=\"0\" align=\"left\" class=\"gl_space_right10top5\" alt=\"La batterie rechargeable d'ENAiKOON\"\/><\/a><\/div>\r\n\t\t\t<div>En cas de coupure de courant de l&rsquo;alimentation externe, de vandalisme ou de vol, le module de g\u00e9olocalisation continuera \u00e0 fonctionner et vous enverra une alerte.<\/div>\r\n\t\t<\/div>\r\n\t\t\r\n\t\t<\/div>\r\n\t\t\r\n\t\t<div class=\"col-md-4\">\r\n\t\t\r\n\t\t<div class=\"gl_h4big\">Combinaisons<\/div>\r\n\t\t<div>Batterie primaire + <a href=\"https:\/\/www.enaikoon.com\/fr\/modules-gps\/gamme-locate\/locate-15\/\">ENAiKOON locate-15<\/a> = pour une dur\u00e9e de vie \u00e9tendue et des rapports de position r\u00e9guliers<\/div>\t\t\r\n\t\t<div>Batterie rechargeable + <a href=\"https:\/\/www.enaikoon.com\/fr\/modules-gps\/gamme-locate\/locate-17\/\">ENAiKOON locate-17<\/a> = pour ne pas d\u00e9pendre d\u2019une alimentation externe<\/div>\r\n\t\t<div>\r\nBatterie de soutien + <a href=\"https:\/\/www.enaikoon.com\/fr\/modules-gps\/gamme-locate\/locate-04\/\">ENAiKOON locate-04<\/a> ou <a href=\"https:\/\/www.enaikoon.com\/fr\/modules-gps\/gamme-locate\/locate-06\/\">ENAiKOON locate-06<\/a> = pour maintenir les transmissions en cas de coupure de l&rsquo;alimentation externe<\/div>\r\n\t\t<div><a class=\"gl_button_yellow\"  href=\"https:\/\/www.enaikoon.com\/fr\/modules-gps\/gamme-locate\/locate-03\/\">La gamme locate<\/a><\/div>\r\n\t\t<div><a class=\"gl_button_blue\"  href=\"https:\/\/www.enaikoon.com\/fr\/contact\/contact\/\">Nous contacter<\/a><\/div>\r\n\t\r\n\t\t\r\n\t\r\n<\/div>\r\n\t\t\r\n\t\t<div class=\"gl_row_space\"><\/div>\r\n<\/div>\r\n<\/div>","protected":false},"excerpt":{"rendered":"<p> [&hellip;]<\/p>\n","protected":false},"author":7,"featured_media":0,"parent":8466,"menu_order":0,"comment_status":"closed","ping_status":"closed","template":"","meta":{"footnotes":""},"acf":[],"_links":{"self":[{"href":"https:\/\/www.enaikoon.com\/fr\/wp-json\/wp\/v2\/pages\/8469"}],"collection":[{"href":"https:\/\/www.enaikoon.com\/fr\/wp-json\/wp\/v2\/pages"}],"about":[{"href":"https:\/\/www.enaikoon.com\/fr\/wp-json\/wp\/v2\/types\/page"}],"author":[{"embeddable":true,"href":"https:\/\/www.enaikoon.com\/fr\/wp-json\/wp\/v2\/users\/7"}],"replies":[{"embeddable":true,"href":"https:\/\/www.enaikoon.com\/fr\/wp-json\/wp\/v2\/comments?post=8469"}],"version-history":[{"count":10,"href":"https:\/\/www.enaikoon.com\/fr\/wp-json\/wp\/v2\/pages\/8469\/revisions"}],"predecessor-version":[{"id":10671,"href":"https:\/\/www.enaikoon.com\/fr\/wp-json\/wp\/v2\/pages\/8469\/revisions\/10671"}],"up":[{"embeddable":true,"href":"https:\/\/www.enaikoon.com\/fr\/wp-json\/wp\/v2\/pages\/8466"}],"wp:attachment":[{"href":"https:\/\/www.enaikoon.com\/fr\/wp-json\/wp\/v2\/media?parent=8469"}],"curies":[{"name":"wp","href":"https:\/\/api.w.org\/{rel}","templated":true}]}}