{"id":8463,"date":"2016-08-15T06:01:26","date_gmt":"2016-08-15T06:01:26","guid":{"rendered":"https:\/\/www.enaikoon.com\/fr\/?page_id=8463"},"modified":"2016-08-25T17:39:13","modified_gmt":"2016-08-25T17:39:13","slug":"inmarsat-locate-30","status":"publish","type":"page","link":"https:\/\/www.enaikoon.com\/fr\/modules-gps\/gamme-inmarsat\/inmarsat-locate-30\/","title":{"rendered":"inmarsat-locate-30"},"content":{"rendered":"<div class=\"gl_slide_scroll_box\">\r\n\t<div class=\"gl_scroll_box\">\r\n <noindex><\/noindex>        <ul>\r\n            <li><a class=\"gl_scroll_link_title\" href=\"https:\/\/www.enaikoon.com\/fr\/modules-gps\/gamme-inmarsat\/inmarsat-600\/\"  title=\"inmarsat-600\">  inmarsat-600<\/a><br\/>\r\n            <a href=\"https:\/\/www.enaikoon.com\/fr\/modules-gps\/gamme-inmarsat\/inmarsat-600\/\"  title=\"inmarsat-600\"><img decoding=\"async\" class=\"gl_scroll_link_img\" src=\"https:\/\/www.enaikoon.com\/wp-content\/uploads\/2016\/07\/inmarsat-600.png\" border=\"0\" alt=\"\"><\/a><\/li>\r\n            \r\n          \t<li><a class=\"gl_scroll_link_title\" href=\"https:\/\/www.enaikoon.com\/fr\/modules-gps\/gamme-inmarsat\/inmarsat-locate-30\/\" title=\"inmarsat-locate-30\">inmarsat-locate-30<\/a><br\/>\r\n            <a href=\"https:\/\/www.enaikoon.com\/fr\/modules-gps\/gamme-inmarsat\/inmarsat-locate-30\/\" title=\"inmarsat-locate-30\"><img decoding=\"async\" class=\"gl_scroll_link_img_active\" src=\"https:\/\/www.enaikoon.com\/wp-content\/uploads\/2016\/07\/inmarsat-locate-30.png\" border=\"0\" alt=\"\"><\/a><\/li>\r\n        <\/ul>\r\n\r\n    <\/div>\r\n<\/div>\r\n\r\n<div class=\"row\">\r\n\r\n<div class=\"gl_border-page\">\r\n\t\t\r\n\t\t<div class=\"col-md-4\">\r\n\t\r\n\t\t<h2>ENAiKOON<br>inmarsat locate-30<\/h2>\r\n\t\t<div class=\"clearfix\"><a rel=\"nofollow\" href=\"https:\/\/www.enaikoon.com\/wp-content\/uploads\/2016\/07\/ENAiKOON_inmarsat_locate_03_A_368x300.png\" title=\"ENAiKOON-inmarsat-locate-30\"><img decoding=\"async\" src=\"https:\/\/www.enaikoon.com\/wp-content\/uploads\/2016\/07\/42899d5dc41.png\" border=\"0\" align=\"left\" class=\"gl_space_bottom10\" alt=\"ENAiKOON-inmarsat-locate-30\"\/><\/a><\/div>\r\n\t\t<div class=\"gl_h5-italic gl_space_right15\">Le module <strong>ENAiKOON inmarsat locate-30<\/strong> combine \u00e0 la perfection un modem Inmarsat, un modem GSM \/ GPRS, un r\u00e9cepteur GPS et un ordinateur puissant.<\/div>\r\n\t\t<div>&nbsp;<\/div>\t\r\n\t\t<div class=\"gl_h4big\">Sur le terrain<\/div>\r\n\t\t<div class=\"gl_space_right15\">D\u00e9j\u00e0 utilis\u00e9 dans les cas de s\u00e9curit\u00e9 critique, lorsqu&rsquo;une deuxi\u00e8me station de radio est n\u00e9cessaire. Id\u00e9al si vous voulez avoir un acc\u00e8s permanent et en temps r\u00e9el aux donn\u00e9es concernant vos v\u00e9hicules qui se d\u00e9placent dans le monde entier. Il convient aussi parfaitement aux compagnies de transport international, qui recherchent un mat\u00e9riel de g\u00e9olocalisation performant \u00e0 un prix raisonnable.<\/div>\r\n\r\n\t\t<\/div>\r\n\t\t\r\n\t\t<div class=\"col-md-4\">\r\n\t\t\r\n\t\t<div class=\"gl_h4big\">Caract\u00e9ristiques principales<\/div>\r\n\t\t<div class=\"gl_space_top10\"><strong>Modem Inmarsat<\/strong><\/div>\t\r\n\t\t<ul type=\"square\" class=\"gl_space_ul2\">\r\n\t\t\t<li class=\"gl_space_li\">transmission des donn\u00e9es en duplex <\/li>\r\n\t\t\t<li class=\"gl_space_li\">fonctionne dans le monde entier, m\u00eame dans les zones les plus recul\u00e9es (oc\u00e9ans, d\u00e9serts, for\u00eats tropicales, zones de guerre, etc.)<\/li>\t\t\t\r\n\t\t<\/ul>\r\n\t\t<div class=\"gl_space_top10\"><strong>Modem GSM \/ GPRS<\/strong><\/div>\r\n\t\t<ul type=\"square\" class=\"gl_space_ul2\">\r\n\t\t\t<li class=\"gl_space_li\">transmission des donn\u00e9es par le r\u00e9seau GSM<\/li>\r\n\t\t\t<li class=\"gl_space_li\">transmission rapide et \u00e0 peu de frais<\/li>\t\t\t\r\n\t\t<\/ul>\r\n\t\t<div class=\"gl_space_top10\"><strong>R\u00e9cepteur GPS<\/strong><\/div>\r\n\t\t<ul type=\"square\" class=\"gl_space_ul2\">\r\n\t\t\t<li class=\"gl_space_li\">g\u00e9olocalisation GPS pr\u00e9cise, efficace dans le monde entier<\/li>\t\t\r\n\t\t<\/ul>\r\n\t\t<div class=\"gl_space_top10\"><strong>Ordinateur puissant<\/strong><\/div>\r\n\t\t<ul type=\"square\" class=\"gl_space_ul2\">\r\n\t\t\t<li class=\"gl_space_li\">traite et transmet les donn\u00e9es de mani\u00e8re fiable<\/li>\r\n\t\t\t<li class=\"gl_space_li\">calcule le mode de transmission optimal pour chaque sc\u00e9nario<\/li>\t\t\t\r\n\t\t<\/ul>\r\n\t\t\t\r\n\t\t<div>&nbsp;<\/div>\r\n\t\t<div class=\"gl_h4big\">D\u00e9tails techniques<\/div>\r\n\t\t<div class=\"gl_space_top10\"><strong>R\u00e9cepteur<\/strong><\/div>\r\n\t\t<div class=\"gl_ul_style3\">\r\n\t\t<ul>\r\n\t\t\t<li>dimensions : 178 x 113 x 37 mm <\/li>\r\n\t\t\t<li>poids : 244 g<\/li>\r\n\t\t\t<li>temp\u00e9ratures extr\u00eames :<br>de -25 \u00b0C \u00e0 +85 \u00b0C<\/li>\t\t\r\n\t\t<\/ul>\r\n\t\t<\/div>\r\n\t\t<div class=\"gl_space_top10\"><strong>Antenne satellite<\/strong><\/div>\r\n\t\t<div class=\"gl_ul_style3\">\r\n\t\t<ul>\r\n\t\t\t<li>dimensions : 126 x 93 x 25 mm<\/li>\r\n\t\t\t<li>poids : 379 g<\/li>\r\n\t\t\t<li>temp\u00e9ratures extr\u00eames :<br>de -40 \u00b0C +85 \u00b0C<\/li>\t\t\r\n\t\t<\/ul>\r\n\t\t<\/div>\r\n\r\n\t\t<\/div>\r\n\t\t\r\n\t\t<div class=\"col-md-4\">\r\n\t\t\r\n\t\t<div class=\"gl_h4big\">Combinaisons<\/div>\r\n\t\t<div>ENAiKOON inmarsat-locate-30 + <a href=\"https:\/\/www.enaikoon.com\/fr\/logiciel\/inviu-web\/\">inViu web<\/a> ou <a href=\"https:\/\/www.enaikoon.com\/fr\/logiciel\/inviu-pro\/\">inViu pro<\/a> = g\u00e9olocalisation par GPS et suivi \u00e0 distance dans les zones sans couverture du r\u00e9seau mobile (oc\u00e9ans, for\u00eats tropicales, d\u00e9serts, zones polaires)<\/div>\r\n\r\n\t\t<div>&nbsp;<\/div>\r\n\t\t<div>ENAiKOON inmarsat-locate-30 + <a href=\"https:\/\/www.enaikoon.com\/fr\/modules-gps\/accessoires\/temp-sensor\/\">temp-sensor<\/a> + <a href=\"https:\/\/www.enaikoon.com\/fr\/logiciel\/plugins\/temp-checker\/\">temp-checker<\/a> + <a href=\"https:\/\/www.enaikoon.com\/fr\/logiciel\/inviu-pro\/\">inViu pro<\/a> = g\u00e9olocalisation par GPS et contr\u00f4le \u00e0 distance de la temp\u00e9rature dans les zones sans couverture du r\u00e9seau mobile (oc\u00e9ans, for\u00eats tropicales, d\u00e9serts, zones polaires)<\/div>\r\n\t\t<div>&nbsp;<\/div>\r\n\t\t<div>ENAiKOON inmarsat-locate-30 + <a href=\"https:\/\/www.enaikoon.com\/fr\/logiciel\/plugins\/fuel-tracker\/\">fuel-tracker<\/a> + <a href=\"https:\/\/www.enaikoon.com\/fr\/logiciel\/inviu-pro\/\">inViu pro<\/a> = aper\u00e7u global de la flotte et du personnel, surveillance du niveau des r\u00e9servoirs des v\u00e9hicules, \u00e9quipements ou de toute autre machine, pour pr\u00e9venir le vol<\/div>\r\n\t\t<div><a class=\"gl_button_grey\" rel=\"nofollow\" href=\"https:\/\/www.enaikoon.com\/fileadmin\/enaikoon\/Dateien\/pdf\/Datenblatt\/inmarsat-locate-30\/franz\/ENAiKOON_inmarsat-locate-30_data_sheet.pdf\" target=\"_blank\">T\u00e9l\u00e9charger le PDF<\/a><\/div>\r\n\t\t<div><a class=\"gl_button_blue\" href=\"https:\/\/www.enaikoon.com\/fr\/contact\/contact\/\">Nous contacter<\/a><\/div>\r\n\t\t\r\n\t\t<\/div>\r\n\t\t\r\n\t\t<div class=\"gl_row_space\"><\/div>\r\n<\/div>\r\n<\/div>","protected":false},"excerpt":{"rendered":"<p> [&hellip;]<\/p>\n","protected":false},"author":7,"featured_media":0,"parent":8460,"menu_order":0,"comment_status":"closed","ping_status":"closed","template":"","meta":{"footnotes":""},"acf":[],"_links":{"self":[{"href":"https:\/\/www.enaikoon.com\/fr\/wp-json\/wp\/v2\/pages\/8463"}],"collection":[{"href":"https:\/\/www.enaikoon.com\/fr\/wp-json\/wp\/v2\/pages"}],"about":[{"href":"https:\/\/www.enaikoon.com\/fr\/wp-json\/wp\/v2\/types\/page"}],"author":[{"embeddable":true,"href":"https:\/\/www.enaikoon.com\/fr\/wp-json\/wp\/v2\/users\/7"}],"replies":[{"embeddable":true,"href":"https:\/\/www.enaikoon.com\/fr\/wp-json\/wp\/v2\/comments?post=8463"}],"version-history":[{"count":4,"href":"https:\/\/www.enaikoon.com\/fr\/wp-json\/wp\/v2\/pages\/8463\/revisions"}],"predecessor-version":[{"id":10002,"href":"https:\/\/www.enaikoon.com\/fr\/wp-json\/wp\/v2\/pages\/8463\/revisions\/10002"}],"up":[{"embeddable":true,"href":"https:\/\/www.enaikoon.com\/fr\/wp-json\/wp\/v2\/pages\/8460"}],"wp:attachment":[{"href":"https:\/\/www.enaikoon.com\/fr\/wp-json\/wp\/v2\/media?parent=8463"}],"curies":[{"name":"wp","href":"https:\/\/api.w.org\/{rel}","templated":true}]}}