{"id":8460,"date":"2016-08-15T06:00:23","date_gmt":"2016-08-15T06:00:23","guid":{"rendered":"https:\/\/www.enaikoon.com\/fr\/?page_id=8460"},"modified":"2016-08-26T11:51:30","modified_gmt":"2016-08-26T11:51:30","slug":"gamme-inmarsat","status":"publish","type":"page","link":"https:\/\/www.enaikoon.com\/fr\/modules-gps\/gamme-inmarsat\/","title":{"rendered":"gamme Inmarsat"},"content":{"rendered":"<div class=\"gl_slide_scroll_box\">\r\n\t<div class=\"gl_scroll_box\">\r\n <noindex><\/noindex>        <ul>\r\n            <li><a class=\"gl_scroll_link_title\" href=\"https:\/\/www.enaikoon.com\/fr\/modules-gps\/gamme-inmarsat\/inmarsat-600\/\"  title=\"inmarsat-600\">  inmarsat-600<\/a><br\/>\r\n            <a href=\"https:\/\/www.enaikoon.com\/fr\/modules-gps\/gamme-inmarsat\/inmarsat-600\/\"  title=\"inmarsat-600\"><img decoding=\"async\" class=\"gl_scroll_link_img_active\" src=\"https:\/\/www.enaikoon.com\/wp-content\/uploads\/2016\/07\/inmarsat-600.png\" border=\"0\" alt=\"\"><\/a><\/li>\r\n            \r\n          \t<li><a class=\"gl_scroll_link_title\" href=\"https:\/\/www.enaikoon.com\/fr\/modules-gps\/gamme-inmarsat\/inmarsat-locate-30\/\" title=\"inmarsat-locate-30\">inmarsat-locate-30<\/a><br\/>\r\n            <a href=\"https:\/\/www.enaikoon.com\/fr\/modules-gps\/gamme-inmarsat\/inmarsat-locate-30\/\" title=\"inmarsat-locate-30\"><img decoding=\"async\" class=\"gl_scroll_link_img\" src=\"https:\/\/www.enaikoon.com\/wp-content\/uploads\/2016\/07\/inmarsat-locate-30.png\" border=\"0\" alt=\"\"><\/a><\/li>\r\n        <\/ul>\r\n\r\n    <\/div>\r\n<\/div>\r\n\r\n<div class=\"row\">\r\n<div class=\"gl_border-page\">\r\n\t\t\r\n\t\t<div class=\"col-md-4\">\r\n\t\r\n\t\t<h2>ENAiKOON<br>inmarsat-600<\/h2>\r\n\t\t<div class=\"clearfix\"><a rel=\"nofollow\" href=\"https:\/\/www.enaikoon.com\/wp-content\/uploads\/2016\/07\/ENAiKOON_inmarsat_600_A_368x300.png\" title=\"ENAiKOON-inmarsat-600\"><img decoding=\"async\" src=\"https:\/\/www.enaikoon.com\/wp-content\/uploads\/2016\/07\/cf7a9e6b3a1.png\" border=\"0\" align=\"left\" class=\"gl_space_bottom10\" alt=\"ENAiKOON-inmarsat-600\"\/><\/a><\/div>\r\n\t\t<div class=\"gl_h5-italic\">L&rsquo;<strong>ENAiKOON inmarsat-600<\/strong> est un module puissant qui localise et recueille des donn\u00e9es sur des objets mobiles. Il fonctionne n&rsquo;importe o\u00f9 dans le monde, m\u00eame s&rsquo;il n&rsquo;y a pas de r\u00e9seau GSM.<\/div>\r\n\t\t<div>&nbsp;<\/div>\t\r\n\t\t<div class=\"gl_h4big\">Sur le terrain<\/div>\r\n\t\t<div>D\u00e9j\u00e0 utilis\u00e9 sur certaines machines de construction, voitures, flottes de p\u00eache, montgolfi\u00e8res, pipelines, canalisations, voitures de police et certains conteneurs, v\u00e9hicules transportant des mati\u00e8res dangereuses, ferry, h\u00e9licopt\u00e8res, et sur du mat\u00e9riel industriel, lorsqu&rsquo;ils ont besoin d&rsquo;\u00eatre suivis.<br>Les possibilit\u00e9s sont infinies !<\/div>\r\n\r\n\t\t<\/div>\r\n\t\t\r\n\t\t<div class=\"col-md-4\">\r\n\t\t\r\n\t\t<div class=\"gl_h4big\">Caract\u00e9ristiques principales<\/div>\r\n\t\t<ul type=\"square\" class=\"gl_space_ul2\">\r\n\t\t\t<li class=\"gl_space_li\">permet de surveiller, contr\u00f4ler et g\u00e9olocaliser \u00e0 distance des objets mobiles<\/li>\r\n\t\t\t<li class=\"gl_space_li\">collecte et analyse les donn\u00e9es, m\u00eame sans r\u00e9seau mobile, gr\u00e2ce \u00e0 la compagnie de t\u00e9l\u00e9communication <a rel=\"nofollow\" href=\"http:\/\/www.inmarsat.com\/\" target=\"_blank\" title=\"Inmarsat\">Inmarsat<\/a><\/li>\r\n\t\t\t<li class=\"gl_space_li\">co\u00fbts d&rsquo;exploitation comparables aux co\u00fbts standards des communications mobiles \u00e0 l&rsquo;international<\/li>\r\n\t\t\t<li class=\"gl_space_li\">communication par transmission satellite en duplex<\/li>\r\n\t\t\t<li class=\"gl_space_li\">enregistre la temp\u00e9rature, la pression, l&rsquo;\u00e9tat des capteurs, la vitesse, la direction et l&rsquo;altitude d&rsquo;un trackable<\/li>\t\t\t\r\n\t\t<\/ul>\t\t\r\n\t\t<div>&nbsp;<\/div>\t\r\n\t\t<div class=\"gl_h4big\">D\u00e9tails techniques<\/div>\r\n\t\t<div class=\"gl_ul_style3\">\r\n\t\t<ul>\r\n\t\t\t<li>le plus petit terminal du monde fonctionnant en duplex avec Inmarsat : 126&#215;126 mm, H 49 mm<\/li>\r\n\t\t\t<li>consomme peu d&rsquo;\u00e9nergie, id\u00e9al pour une utilisation sur batterie<\/li>\r\n\t\t\t<li>temp\u00e9ratures extr\u00eames :<br>-40 \u00b0C \u00e0 +85 \u00b0C<\/li>\r\n\t\t\t<li>aucun frais de maintenance, longue dur\u00e9e de vie<\/li>\t\t\r\n\t\t<\/ul>\r\n\t\t<\/div>\r\n\r\n\t\t<\/div>\r\n\t\t\r\n\t\t<div class=\"col-md-4\">\r\n\t\t\r\n\t\t<div class=\"gl_h4big\">Combinaisons<\/div>\r\n\t\t<div>ENAiKOON inmarsat-600 + <a href=\"https:\/\/www.enaikoon.com\/fr\/logiciel\/inviu-web\/\">inViu web<\/a> ou <a href=\"https:\/\/www.enaikoon.com\/fr\/logiciel\/inviu-pro\/\">inViu pro<\/a> = g\u00e9olocalisation par GPS et suivi \u00e0 distance dans les zones sans couverture du r\u00e9seau mobile (oc\u00e9ans, for\u00eats tropicales, d\u00e9serts, zones polaires)<\/div>\r\n\t\t<div>&nbsp;<\/div>\r\n\t\t<div>ENAiKOON inmarsat-600 + <a href=\"https:\/\/www.enaikoon.com\/fr\/modules-gps\/accessoires\/temp-sensor\/\">temp-sensor<\/a> + <a href=\"https:\/\/www.enaikoon.com\/fr\/logiciel\/plugins\/temp-checker\/\">temp-checker<\/a> + <a href=\"https:\/\/www.enaikoon.com\/fr\/logiciel\/inviu-pro\/\">inViu pro<\/a> = g\u00e9olocalisation par GPS et contr\u00f4le \u00e0 distance de la temp\u00e9rature dans les zones sans couverture du r\u00e9seau mobile (oc\u00e9ans, for\u00eats tropicales, d\u00e9serts, zones polaires)<\/div>\r\n\t\t<div>&nbsp;<\/div>\r\n\t\t<div>ENAiKOON inmarsat-600 + <a href=\"https:\/\/www.enaikoon.com\/fr\/logiciel\/plugins\/fuel-tracker\/\">fuel-tracker<\/a> + <a href=\"https:\/\/www.enaikoon.com\/fr\/logiciel\/inviu-pro\/\">inViu pro<\/a> = aper\u00e7u global de la flotte et du personnel, surveillance du niveau des r\u00e9servoirs sur les v\u00e9hicules, les \u00e9quipements ou toute autre machine, pour pr\u00e9venir le vol<\/div>\r\n\t\t<div><a class=\"gl_button_grey\" rel=\"nofollow\" href=\"https:\/\/www.enaikoon.com\/fileadmin\/enaikoon\/Dateien\/pdf\/Datenblatt\/inmarsat-600\/franz\/ENAiKOON_inmarsat-600_data_sheet.pdf\" target=\"_blank\">T\u00e9l\u00e9charger le PDF<\/a><\/div>\r\n\t\t<div><a class=\"gl_button_blue\" href=\"https:\/\/www.enaikoon.com\/fr\/contact\/contact\/\">Nous contacter<\/a><\/div>\r\n\t\t\r\n\t\t<\/div>\r\n\t\t\r\n\t\t<div class=\"gl_row_space\"><\/div>\r\n<\/div>\r\n<\/div>","protected":false},"excerpt":{"rendered":"<p> [&hellip;]<\/p>\n","protected":false},"author":7,"featured_media":0,"parent":8429,"menu_order":0,"comment_status":"closed","ping_status":"closed","template":"","meta":{"footnotes":""},"acf":[],"_links":{"self":[{"href":"https:\/\/www.enaikoon.com\/fr\/wp-json\/wp\/v2\/pages\/8460"}],"collection":[{"href":"https:\/\/www.enaikoon.com\/fr\/wp-json\/wp\/v2\/pages"}],"about":[{"href":"https:\/\/www.enaikoon.com\/fr\/wp-json\/wp\/v2\/types\/page"}],"author":[{"embeddable":true,"href":"https:\/\/www.enaikoon.com\/fr\/wp-json\/wp\/v2\/users\/7"}],"replies":[{"embeddable":true,"href":"https:\/\/www.enaikoon.com\/fr\/wp-json\/wp\/v2\/comments?post=8460"}],"version-history":[{"count":5,"href":"https:\/\/www.enaikoon.com\/fr\/wp-json\/wp\/v2\/pages\/8460\/revisions"}],"predecessor-version":[{"id":10326,"href":"https:\/\/www.enaikoon.com\/fr\/wp-json\/wp\/v2\/pages\/8460\/revisions\/10326"}],"up":[{"embeddable":true,"href":"https:\/\/www.enaikoon.com\/fr\/wp-json\/wp\/v2\/pages\/8429"}],"wp:attachment":[{"href":"https:\/\/www.enaikoon.com\/fr\/wp-json\/wp\/v2\/media?parent=8460"}],"curies":[{"name":"wp","href":"https:\/\/api.w.org\/{rel}","templated":true}]}}