{"id":8457,"date":"2016-08-15T05:58:10","date_gmt":"2016-08-15T05:58:10","guid":{"rendered":"https:\/\/www.enaikoon.com\/fr\/?page_id=8457"},"modified":"2016-08-29T07:53:17","modified_gmt":"2016-08-29T07:53:17","slug":"time-29","status":"publish","type":"page","link":"https:\/\/www.enaikoon.com\/fr\/modules-gps\/gamme-rfid\/time-29\/","title":{"rendered":"time-29"},"content":{"rendered":"<div class=\"gl_slide_scroll_box\">\r\n\t<div class=\"gl_scroll_box\">\r\n <noindex><\/noindex>        <ul>\r\n            <li><a class=\"gl_scroll_link_title\" href=\"https:\/\/www.enaikoon.com\/fr\/modules-gps\/gamme-rfid\/rfid-tag\/\" title=\"RFID-tag\" >RFID-tag<\/a><br\/>\r\n            <a href=\"https:\/\/www.enaikoon.com\/fr\/modules-gps\/gamme-rfid\/rfid-tag\/\" title=\"RFID-tag\" ><img decoding=\"async\" class=\"gl_scroll_link_img\" src=\"https:\/\/www.enaikoon.com\/wp-content\/uploads\/2016\/07\/rfid-tag.png\" border=\"0\" alt=\"\"><\/a><\/li>\r\n            \r\n          \t<li><a class=\"gl_scroll_link_title\" href=\"https:\/\/www.enaikoon.com\/fr\/modules-gps\/gamme-rfid\/time-29\/\" title=\"time-29\">time-29<\/a><br\/>\r\n            <a href=\"https:\/\/www.enaikoon.com\/fr\/modules-gps\/gamme-rfid\/time-29\/\" title=\"time-29\"><img decoding=\"async\" class=\"gl_scroll_link_img_active\" src=\"https:\/\/www.enaikoon.com\/wp-content\/uploads\/2016\/07\/time-29.png\" border=\"0\" alt=\"\"><\/a><\/li>\r\n            \r\n\r\n        <\/ul>\r\n\r\n    <\/div>\r\n<\/div>\r\n\r\n<div class=\"row\">\r\n\r\n<div class=\"gl_border-page\">\r\n\t\t\r\n\t\t<div class=\"col-md-4\">\r\n\t\r\n\t\t<h2>ENAiKOON<br>time-29<\/h2>\r\n\t\t<div class=\"clearfix\"><a rel=\"nofollow\" href=\"https:\/\/www.enaikoon.com\/wp-content\/uploads\/2016\/07\/ENAiKOON_time-29-368x300_01.png\" title=\"ENAiKOON time-29\"><img decoding=\"async\" src=\"https:\/\/www.enaikoon.com\/wp-content\/uploads\/2016\/07\/b6b8bad52e.png\" border=\"0\" align=\"left\" class=\"gl_space_bottom10\" alt=\"ENAiKOON time-29\"\/><\/a><\/div>\r\n\t\t<div class=\"gl_h5-italic gl_space_right10\">Le module <strong>ENAiKOON temps-29<\/strong> enregistre et contr\u00f4le les acc\u00e8s, les heures de service, les pauses et l&rsquo;avanc\u00e9 des t\u00e2ches des employ\u00e9s, n&rsquo;importe o\u00f9 dans le monde, tant qu&rsquo;il y a du r\u00e9seau. Le suivi peut concerner un chantier ou tout autre lieu, situ\u00e9 \u00e0 n&rsquo;importe quelle distance du si\u00e8ge ou du centre de fabrication.<\/div>\r\n\t\t<div>&nbsp;<\/div>\t\r\n\t\t<div class=\"gl_h4big\">Sur le terrain<\/div>\r\n\t\t<div>Id\u00e9al pour les secteurs qui g\u00e8rent du personnel mobile (ex : sur les chantiers) et pour les entreprises qui emploient des sous-traitants ou des int\u00e9rimaires, pour adapter les factures au nombre exact d&rsquo;heures travaill\u00e9es.<\/div>\t\r\n\r\n\t\t<\/div>\r\n\t\t\r\n\t\t<div class=\"col-md-4\">\r\n\t\t\r\n\t\t<div class=\"gl_h4big\">Caract\u00e9ristiques principales<\/div>\r\n\t\t<ul class=\"gl_space_ul2\">\r\n\t\t\t<li class=\"gl_space_li\">g\u00e9olocalisation par GPS<\/li>\r\n\t\t\t<li class=\"gl_space_li\">gestion du personnel \u00e0 distance<\/li>\r\n\t\t\t<li class=\"gl_space_li\">enregistrement des heures de service du personnel mobile et des sous-traitants<\/li>\r\n\t\t\t<li class=\"gl_space_li\">buzzer en option, pour activer un son \u00e0 chaque pointage<\/li>\t\r\n\t\t<\/ul>\t\r\n\t\t<div>&nbsp;<\/div>\r\n\t\t<div class=\"gl_h4big\">D\u00e9tails techniques<\/div>\r\n\t\t<div class=\"gl_ul_style3\">\r\n\t\t<ul>\r\n\t\t\t<li>alimentation : 220 V ou 8 &#8211; 31 VDC<\/li>\t\r\n\t\t\t<li>bo\u00eetier \u00e9tanche (IP67)<\/li>\r\n\t\t\t<li>antennes incluses<\/li>\t\r\n\t\t\t<li>2 ENAiKOON iButton inclus<\/li>\t\r\n\t\t<\/ul>\r\n\t\t<\/div>\r\n\r\n\t\t<\/div>\r\n\t\t\r\n\t\t<div class=\"col-md-4\">\r\n\t\t\r\n\t\t<div class=\"gl_h4big\">Combinaisons<\/div>\r\n\t\t<div>ENAiKOON time-29 + ENAiKOON iButton + <a href=\"https:\/\/www.enaikoon.com\/fr\/logiciel\/inviu-pro\/\" title=\"Ouvre un lien interne dans la fen\u00eatre courante\">inViu pro<\/a> = identification des employ\u00e9s, rapports d&rsquo;activit\u00e9 et enregistrement des heures de service, des pauses et des positions.<\/div>\r\n\t\t<div>&nbsp;<\/div>\r\n\t\t<div class=\"gl_h4big\">Accessoires en option<\/div>\r\n\t\t<ul type=\"square\" class=\"gl_space_ul2\">\r\n\t\t\t<li class=\"gl_space_li\"><a href=\"https:\/\/www.enaikoon.com\/fr\/modules-gps\/accessoires\/driver-id\/\">ENAiKOON iButton<\/a><\/li>\t\r\n\t\t\t<li class=\"gl_space_li\"><a href=\"https:\/\/www.enaikoon.com\/fr\/modules-gps\/accessoires\/buzzer\/\">ENAiKOON buzzer<\/a><\/li>\t\r\n\t\t<\/ul>\t\r\n\t\t<div><a class=\"gl_button_grey\" rel=\"nofollow\" href=\"https:\/\/www.enaikoon.com\/fileadmin\/enaikoon\/Dateien\/pdf\/Datenblatt\/time-29\/franz\/ENAiKOON_time-29_Fiches_Produits.pdf\" target=\"_blank\">T\u00e9l\u00e9charger le PDF<\/a><\/div>\r\n\t\t<div><a class=\"gl_button_blue\" href=\"https:\/\/www.enaikoon.com\/fr\/contact\/contact\/\">Nous contacter<\/a><\/div>\r\n\t\t\r\n\t\t<\/div>\r\n\t\t\r\n\t\t<div class=\"gl_row_space\"><\/div>\r\n<\/div>\r\n<\/div>","protected":false},"excerpt":{"rendered":"<p> [&hellip;]<\/p>\n","protected":false},"author":7,"featured_media":0,"parent":8452,"menu_order":0,"comment_status":"closed","ping_status":"closed","template":"","meta":{"footnotes":""},"acf":[],"_links":{"self":[{"href":"https:\/\/www.enaikoon.com\/fr\/wp-json\/wp\/v2\/pages\/8457"}],"collection":[{"href":"https:\/\/www.enaikoon.com\/fr\/wp-json\/wp\/v2\/pages"}],"about":[{"href":"https:\/\/www.enaikoon.com\/fr\/wp-json\/wp\/v2\/types\/page"}],"author":[{"embeddable":true,"href":"https:\/\/www.enaikoon.com\/fr\/wp-json\/wp\/v2\/users\/7"}],"replies":[{"embeddable":true,"href":"https:\/\/www.enaikoon.com\/fr\/wp-json\/wp\/v2\/comments?post=8457"}],"version-history":[{"count":8,"href":"https:\/\/www.enaikoon.com\/fr\/wp-json\/wp\/v2\/pages\/8457\/revisions"}],"predecessor-version":[{"id":10508,"href":"https:\/\/www.enaikoon.com\/fr\/wp-json\/wp\/v2\/pages\/8457\/revisions\/10508"}],"up":[{"embeddable":true,"href":"https:\/\/www.enaikoon.com\/fr\/wp-json\/wp\/v2\/pages\/8452"}],"wp:attachment":[{"href":"https:\/\/www.enaikoon.com\/fr\/wp-json\/wp\/v2\/media?parent=8457"}],"curies":[{"name":"wp","href":"https:\/\/api.w.org\/{rel}","templated":true}]}}