{"id":8456,"date":"2016-08-15T05:57:59","date_gmt":"2016-08-15T05:57:59","guid":{"rendered":"https:\/\/www.enaikoon.com\/fr\/?page_id=8456"},"modified":"2016-08-29T07:53:04","modified_gmt":"2016-08-29T07:53:04","slug":"rfid-tag","status":"publish","type":"page","link":"https:\/\/www.enaikoon.com\/fr\/modules-gps\/gamme-rfid\/rfid-tag\/","title":{"rendered":"RFID-tag"},"content":{"rendered":"<div class=\"gl_slide_scroll_box\">\r\n\t<div class=\"gl_scroll_box\">\r\n <noindex><\/noindex>        <ul>\r\n            <li><a class=\"gl_scroll_link_title\" href=\"https:\/\/www.enaikoon.com\/fr\/modules-gps\/gamme-rfid\/rfid-tag\/\" title=\"RFID-tag\" >RFID-tag<\/a><br\/>\r\n            <a href=\"https:\/\/www.enaikoon.com\/fr\/modules-gps\/gamme-rfid\/rfid-tag\/\" title=\"RFID-tag\" ><img decoding=\"async\" class=\"gl_scroll_link_img_active\" src=\"https:\/\/www.enaikoon.com\/wp-content\/uploads\/2016\/07\/rfid-tag.png\" border=\"0\" alt=\"\"><\/a><\/li>\r\n            \r\n          \t<li><a class=\"gl_scroll_link_title\" href=\"https:\/\/www.enaikoon.com\/fr\/modules-gps\/gamme-rfid\/time-29\/\" title=\"time-29\">time-29<\/a><br\/>\r\n            <a href=\"https:\/\/www.enaikoon.com\/fr\/modules-gps\/gamme-rfid\/time-29\/\" title=\"time-29\"><img decoding=\"async\" class=\"gl_scroll_link_img\" src=\"https:\/\/www.enaikoon.com\/wp-content\/uploads\/2016\/07\/time-29.png\" border=\"0\" alt=\"\"><\/a><\/li>\r\n            \r\n\r\n        <\/ul>\r\n\r\n    <\/div>\r\n<\/div>\r\n\r\n<div class=\"row\">\r\n\r\n<div class=\"gl_border-page\">\r\n\t\t\r\n\t\t<div class=\"col-md-4\">\r\n\t\r\n\t\t<h2>ENAiKOON<br>rfid-tag<\/h2>\r\n\t\t<div class=\"clearfix\"><a rel=\"nofollow\" href=\"https:\/\/www.enaikoon.com\/wp-content\/uploads\/2016\/07\/ENAiKOON_NFC-TAGs_PicA_368x300_A_05.png\" title=\"ENAiKOON rfid-tag\"><img decoding=\"async\" src=\"https:\/\/www.enaikoon.com\/wp-content\/uploads\/2016\/07\/3b1a31a0ed.png\" border=\"0\" align=\"left\" class=\"gl_space_bottom10\" alt=\"ENAiKOON rfid-tag\"\/><\/a><\/div>\r\n\t\t<div class=\"gl_h5-italic\">Les \u00e9tiquettes <strong>ENAiKOON rfid-tag<\/strong> compl\u00e8tent vos t\u00e9l\u00e9phones compatibles RFID ou NFC pour suivre au mieux vos activit\u00e9s. Elles existent sous des formes et des tailles vari\u00e9es, pour s&rsquo;adapter \u00e0 vos besoins.<\/div>\r\n\t\t<div>&nbsp;<\/div>\t\r\n\t\t<div class=\"gl_h5-italic\">La NFC est l&rsquo;utilisation conjointe de la technologie RFID et de t\u00e9l\u00e9phones mobiles.<\/div>\r\n\r\n\t\t<\/div>\r\n\t\t\r\n\t\t<div class=\"col-md-4\">\r\n\t\t\r\n\t\t<div class=\"gl_h4big\">Il existe deux types <br>principaux d&rsquo;\u00e9tiquettes RFID<\/div>\r\n\t\t<div class=\"gl_space_top15\"><strong>Les \u00e9tiquettes passives<\/strong><br>Etiquettes sans batterie, l&rsquo;alimentation leur est fournie au moment de la lecture. En approchant le lecteur de l&rsquo;\u00e9tiquette, le champ magn\u00e9tique ainsi g\u00e9n\u00e9r\u00e9 active l&rsquo;\u00e9tiquette. En fonction du mat\u00e9riel, ce champ magn\u00e9tique peut \u00eatre produit sur quelques centim\u00e8tres ou plusieurs m\u00e8tres.<\/div>\t\r\n\t\t<div>&nbsp;<\/div>\r\n\t\t<div>Les \u00e9tiquettes peuvent alors envoyer ou enregistrer des informations, comme un GUID (Globally Unique Identifier). En g\u00e9n\u00e9ral, les nouveaux smartphones, comme le Samsung Galaxy Nexus ou le Samsung Galaxy Mini 2, ont un lecteur RFID.<\/div>\t\r\n\t\t<div class=\"gl_space_top15\"><strong>Les inconv\u00e9nients<\/strong><\/div>\t\r\n\t\t<ul class=\"gl_space_ul2\">\r\n\t\t\t<li class=\"gl_space_li\">lecture limit\u00e9e \u00e0 quelques m\u00e8tres de distance<\/li>\r\n\t\t\t<li class=\"gl_space_li\">transfert de donn\u00e9es lent<\/li>\t\r\n\t\t<\/ul>\r\n\t\t<div class=\"gl_space_top15\"><strong>Les avantages<\/strong><\/div>\t\r\n\t\t<ul class=\"gl_space_ul2\">\r\n\t\t\t<li class=\"gl_space_li\">fonctionne sans batterie : dur\u00e9e de vie de vingt ans ou plus.<\/li>\r\n\t\t\t<li class=\"gl_space_li\">disponible en formats tr\u00e8s r\u00e9duits (certaines \u00e9tiquettes ont la taille d&rsquo;un grain de riz).<\/li>\r\n\t\t\t<li class=\"gl_space_li\">application quasi illimit\u00e9e pour la surveillance des biens de consommation ou d&rsquo;autres produits<\/li>\t\t\r\n\t\t<\/ul>\r\n\t\t<div class=\"gl_space_top15\"><strong>Notre conseil<\/strong><br>Les \u00e9tiquettes NTAG ont assez de m\u00e9moire pour enregistrer des informations. Vous pouvez les programmer en lecture seule pour emp\u00eacher la falsification des informations et les prot\u00e9ger contre toute utilisation non autoris\u00e9e.<\/div>\t\r\n\r\n\t\t<\/div>\r\n\t\t\r\n\t\t<div class=\"col-md-4\">\r\n\t\t\r\n\t\r\n\t\t<div class=\"gl_space_top60\"><strong>Les \u00e9tiquettes actives<\/strong><br>La batterie de l&rsquo;\u00e9tiquette peut servir \u00e0 alimenter partiellement ou enti\u00e8rement le circuit et l&rsquo;antenne. Sur certaines \u00e9tiquettes, il est possible de remplacer la batterie (qui dure des ann\u00e9es). A noter : l&rsquo;\u00e9tiquette peut aussi \u00eatre branch\u00e9e sur une alimentation externe.<\/div>\r\n\t\t<div class=\"gl_space_top15\"><strong>Les inconv\u00e9nients<\/strong><\/div>\r\n\t\t<ul class=\"gl_space_ul2\">\r\n\t\t\t<li class=\"gl_space_li\">beaucoup plus grosses que les \u00e9tiquettes passives<\/li>\r\n\t\t\t<li class=\"gl_space_li\">il faudra remplacer la batterie<\/li>\t\r\n\t\t<\/ul>\r\n\t\t<div class=\"gl_space_top15\"><strong>Les avantages<\/strong><\/div>\r\n\t\t<ul class=\"gl_space_ul2\">\r\n\t\t\t<li class=\"gl_space_li\">communications de longue port\u00e9e<\/li>\r\n\t\t\t<li class=\"gl_space_li\">bande passante sup\u00e9rieure<\/li>\r\n\t\t\t<li class=\"gl_space_li\">fonctionne sans d\u00e9pendre du lecteur<\/li>\t\r\n\t\t<\/ul>\r\n\t\t<div><a class=\"gl_button_blue\" href=\"https:\/\/www.enaikoon.com\/fr\/contact\/contact\/\">Nous contacter<\/a><\/div>\r\n\t\t\r\n\t\t<\/div>\r\n\t\t\r\n\t\t<div class=\"gl_row_space\"><\/div>\r\n\t<\/div>\r\n<\/div>","protected":false},"excerpt":{"rendered":"<p> [&hellip;]<\/p>\n","protected":false},"author":7,"featured_media":0,"parent":8452,"menu_order":0,"comment_status":"closed","ping_status":"closed","template":"","meta":{"footnotes":""},"acf":[],"_links":{"self":[{"href":"https:\/\/www.enaikoon.com\/fr\/wp-json\/wp\/v2\/pages\/8456"}],"collection":[{"href":"https:\/\/www.enaikoon.com\/fr\/wp-json\/wp\/v2\/pages"}],"about":[{"href":"https:\/\/www.enaikoon.com\/fr\/wp-json\/wp\/v2\/types\/page"}],"author":[{"embeddable":true,"href":"https:\/\/www.enaikoon.com\/fr\/wp-json\/wp\/v2\/users\/7"}],"replies":[{"embeddable":true,"href":"https:\/\/www.enaikoon.com\/fr\/wp-json\/wp\/v2\/comments?post=8456"}],"version-history":[{"count":7,"href":"https:\/\/www.enaikoon.com\/fr\/wp-json\/wp\/v2\/pages\/8456\/revisions"}],"predecessor-version":[{"id":10507,"href":"https:\/\/www.enaikoon.com\/fr\/wp-json\/wp\/v2\/pages\/8456\/revisions\/10507"}],"up":[{"embeddable":true,"href":"https:\/\/www.enaikoon.com\/fr\/wp-json\/wp\/v2\/pages\/8452"}],"wp:attachment":[{"href":"https:\/\/www.enaikoon.com\/fr\/wp-json\/wp\/v2\/media?parent=8456"}],"curies":[{"name":"wp","href":"https:\/\/api.w.org\/{rel}","templated":true}]}}