{"id":8450,"date":"2016-08-15T05:56:35","date_gmt":"2016-08-15T05:56:35","guid":{"rendered":"https:\/\/www.enaikoon.com\/fr\/?page_id=8450"},"modified":"2023-11-26T12:06:39","modified_gmt":"2023-11-26T12:06:39","slug":"locate-20","status":"publish","type":"page","link":"https:\/\/www.enaikoon.com\/fr\/modules-gps\/gamme-locate\/locate-20\/","title":{"rendered":"locate-20"},"content":{"rendered":"<div class=\"gl_slide_scroll_box\">\n<div class=\"gl_scroll_box\">\n<ul>\n \t<li><a class=\"gl_scroll_link_title\" title=\"locate-04\" href=\"https:\/\/www.enaikoon.com\/fr\/modules-gps\/gamme-locate\/locate-04\/\">locate-04<\/a><a title=\"locate-04\" href=\"https:\/\/www.enaikoon.com\/fr\/modules-gps\/gamme-locate\/locate-04\/\"><img decoding=\"async\" class=\"gl_scroll_link_img\" src=\"https:\/\/www.enaikoon.com\/wp-content\/uploads\/2016\/07\/locate4.png\" border=\"0\" \/><\/a><\/li>\n \t<li><a class=\"gl_scroll_link_title\" title=\"locate-06\" href=\"https:\/\/www.enaikoon.com\/fr\/modules-gps\/gamme-locate\/locate-06\/\">locate-06<\/a><a title=\"locate-06\" href=\"https:\/\/www.enaikoon.com\/fr\/modules-gps\/gamme-locate\/locate-06\/\"><img decoding=\"async\" class=\"gl_scroll_link_img\" src=\"https:\/\/www.enaikoon.com\/wp-content\/uploads\/2016\/07\/locate6.png\" border=\"0\" \/><\/a><\/li>\n \t<li><a class=\"gl_scroll_link_title\" title=\"locate-15\" href=\"https:\/\/www.enaikoon.com\/fr\/modules-gps\/gamme-locate\/locate-15\/\">locate-15<\/a><a title=\"locate-15\" href=\"https:\/\/www.enaikoon.com\/fr\/modules-gps\/gamme-locate\/locate-15\/\"><img decoding=\"async\" class=\"gl_scroll_link_img\" src=\"https:\/\/www.enaikoon.com\/wp-content\/uploads\/2016\/07\/locate15.png\" border=\"0\" \/><\/a><\/li>\n \t<li><a class=\"gl_scroll_link_title\" title=\"locate-17\" href=\"https:\/\/www.enaikoon.com\/fr\/modules-gps\/gamme-locate\/locate-17\/\">locate-17<\/a><a title=\"locate-17\" href=\"https:\/\/www.enaikoon.com\/fr\/modules-gps\/gamme-locate\/locate-17\/\"><img decoding=\"async\" class=\"gl_scroll_link_img\" src=\"https:\/\/www.enaikoon.com\/wp-content\/uploads\/2016\/07\/locate17.png\" border=\"0\" \/><\/a><\/li>\n \t<li><a class=\"gl_scroll_link_title\" title=\"locate-19\" href=\"https:\/\/www.enaikoon.com\/fr\/modules-gps\/gamme-locate\/locate-19\/\">locate-19<\/a>\n<a title=\"locate-19\" href=\"https:\/\/www.enaikoon.com\/fr\/modules-gps\/gamme-locate\/locate-19\/\"><img decoding=\"async\" class=\"gl_scroll_link_img\" src=\"https:\/\/www.enaikoon.com\/wp-content\/uploads\/2016\/07\/locate19.png\" border=\"0\" \/><\/a><\/li>\n \t<li><a class=\"gl_scroll_link_title\" title=\"locate-20\" href=\"https:\/\/www.enaikoon.com\/fr\/modules-gps\/gamme-locate\/locate-20\/\">locate-20<\/a>\n<a title=\"locate-20\" href=\"https:\/\/www.enaikoon.com\/fr\/modules-gps\/gamme-locate\/locate-20\/\"><img decoding=\"async\" class=\"gl_scroll_link_img_active\" src=\"https:\/\/www.enaikoon.com\/wp-content\/uploads\/2021\/06\/l-20.jpg\" border=\"0\" \/><\/a><\/li>\n<\/ul>\n<\/div>\n<\/div>\n<div class=\"row\">\n<div class=\"gl_border-page\">\n\n<div class=\"col-md-4\">\n<div class=\"gl_h2big\">ENAiKOON\nlocate-20<\/div>\n<div class=\"clearfix\"><a title=\"ENAiKOON locate-04\" rel=\"nofollow\" href=\"https:\/\/www.enaikoon.com\/wp-content\/uploads\/2021\/06\/l-20-full.jpg\"><img decoding=\"async\" class=\"gl_space_bottom10\" src=\"https:\/\/www.enaikoon.com\/wp-content\/uploads\/2021\/06\/l-20.jpg\" alt=\"ENAiKOON locate-04\" align=\"left\" border=\"0\" \/><\/a><\/div>\n<div>Le module <strong>ENAiKOON locate-20<\/strong> est une unit\u00e9 de t\u00e9l\u00e9matique \u00e0 part enti\u00e8re pour les v\u00e9hicules et engins de chantier. Cette passerelle peut \u00eatre combin\u00e9e avec chaque balise ENAiKOON. Il t\u00e9l\u00e9charge les donn\u00e9es de l&rsquo;\u00e9tiquette ENAiKOON au cloud d&rsquo;ENAiKOON en utilisant diff\u00e9rents canaux de communication comme LoRA, BLE, IBeacon, GSM et d&rsquo;autres technologies radio.<\/div>\n<div>&nbsp;<\/div>\n<div class=\"gl_h4big\">Sur le terrain<\/div>\n<div>Ce module est essentiellement utilis\u00e9 par les agences de coursiers et le secteur du transport et de la logistique. Il se r\u00e9v\u00e8le aussi tr\u00e8s utile pour les services publics ou les entreprises de construction, qui doivent g\u00e9rer et surveiller d&rsquo;importantes flottes de v\u00e9hicules ou d&rsquo;\u00e9quipements.<\/div>\n<div>&nbsp;<\/div>\n<div class=\"gl_h4big\">Cas d&rsquo;usage en temps r\u00e9el<\/div>\n<div class=\"gl_ul_style3\">\n<ul>\n \t<li>Enregistrement automatis\u00e9 de pr\u00e9sence \/ absence d&rsquo;actifs sur les chantiers de construction, dans les mines, etc.<\/li>\n \t<li>Protection permanente contre la perte de cl\u00e9s ou d&rsquo;outils co\u00fbteux en v\u00e9rifiant constamment si elles sont \u00e0 proximit\u00e9.<\/li>\n \t<li>D\u00e9tection \u00e0 distance sans fil (par exemple de la pression des pneus, la temp\u00e9rature dans les compartiments de camion, porte-conteneurs, les heures de fonctionnement des machines, la consommation d&rsquo;\u00e9nergie des syst\u00e8mes de chauffage, etc.)<\/li>\n \t<li>Enregistrement permanent de la pr\u00e9sence \/ absence de v\u00e9hicules, conteneurs, remorques, palettes, machines \u00e0 caf\u00e9 dans les locaux de l&rsquo;entreprise, dans une ville etc.<\/li>\n \t<li>Enregistrement automatis\u00e9 des remorques raccord\u00e9es aux \/ d\u00e9connect\u00e9es des tracteurs<\/li>\n \t<li>Commande \u00e0 distance (par exemple l&rsquo;immobilisation des machines de construction, l&rsquo;activation \/ d\u00e9sactivation des arroseurs arrosant les champs, etc.)<\/li>\n \t<li>Surveillance permanente des portes, fen\u00eatres, des portes, des fen\u00eatres, des trous d\u2019homme du r\u00e9servoir d\u2019un camion ou d\u2019\u00e9gouts.<\/li>\n<\/ul>\n<\/div>\n<\/div>\n\n<div class=\"col-md-4\">\n<div class=\"gl_h4big\">Caract\u00e9ristiques principales<\/div>\n<div>Unit\u00e9 t\u00e9l\u00e9matique compl\u00e8te pour les v\u00e9hicules et engins de chantier. Cette passerelle peut \u00eatre combin\u00e9e avec chaque \u00e9tiquette ENAiKOON. Elle t\u00e9l\u00e9charge les donn\u00e9es d&rsquo;\u00e9tiquette ENAiKOON au ENAiKOON cloud en utilisant diff\u00e9rents canaux de communication comme LoRA \/ BLE \/ IBeacon \/ GSM et d&rsquo;autres technologies radio.<\/div>\n<div>&nbsp;<\/div>\n<div class=\"gl_h4big\">Communication<\/div>\n<div class=\"gl_ul_style3\">\n<ul>\n \t<li>LoRa<\/li>\n \t<li>iBeacon<\/li>\n \t<li>faible consommation d&rsquo;\u00e9nergie Bluetooth (BLE) avec les appareils Android depuis la version 4.0 avec amplificateur de puissance de 10 mW \u00e0 100 mW<\/li>\n \t<li>protocole natif RF 2400 &#8211; 2500 MHz qui permet des d\u00e9bits binaires diff\u00e9rents permettant des vitesses et les gammes, le signal RF peut r\u00e9aliser un intervalle de 2km en plein champ<\/li>\n \t<li>RF ne peut pas \u00eatre re\u00e7u par un t\u00e9l\u00e9phone intelligent<\/li>\n \t<li>GPRS<\/li>\n \t<li>antennes int\u00e9gr\u00e9es<\/li>\n<\/ul>\n<\/div>\n<div>&nbsp;<\/div>\n<div class=\"gl_h4big\">D\u00e9tails techniques<\/div>\n<div class=\"gl_ul_style3\">\n<ul>\n \t<li>GPS pour la synchronisation temporelle<\/li>\n \t<li>2 LED<\/li>\n \t<li>prise murale 220V\nconnecteur pour 1 entr\u00e9e num\u00e9rique\n1 entr\u00e9e analogique\nalimentation externe 6-31 V<\/li>\n \t<li>batterie de secours rechargeable, 3,6V, 650 mAh<\/li>\n \t<li>boitier \u00e9tanche IP67<\/li>\n \t<li>taille : 120 x 53 x 23 mm<\/li>\n \t<li>sortie de 5V 0.5 &#8211; 2.0 A<\/li>\n<\/ul>\n<\/div>\n<\/div>\n\n<div class=\"col-md-4\">\n<div class=\"gl_h4big\">Combinaisons<\/div>\n<div>ENAiKOON locate-20 + <a href=\"https:\/\/www.enaikoon.com\/fr\/logiciel\/inviu-web\/\">inViu web<\/a> = localisation et suivi GPS, la pr\u00e9vention du vol et de la s\u00e9curit\u00e9<\/div>\n<div>&nbsp;<\/div>\n<div>ENAiKOON locate-20 + \u00e9tiquettes ENAiKOON + <a href=\"https:\/\/www.enaikoon.com\/fr\/logiciel\/inviu-pro\/\">inViu pro<\/a> = surveillance, contr\u00f4le interne et suivi en ext\u00e9rieur de tout actif<\/div>\n<ul class=\"gl_space_ul2\" type=\"square\">\n \t<li class=\"gl_space_li\">compatible avec ENAiKOON tags<\/li>\n \t<li class=\"gl_space_li\">compatible avec inViu pro<\/li>\n \t<li class=\"gl_space_li\">compatible avec inViu web<\/li>\n<\/ul>\n<div>&nbsp;<\/div>\n<div class=\"gl_h4big\">Logiciels pour t\u00e9l\u00e9phone mobile<\/div>\n<ul class=\"gl_space_ul2\" type=\"square\">\n \t<li class=\"gl_space_li\"><a href=\"https:\/\/www.enaikoon.com\/fr\/mobile\/plugins\/routes\/\">inViu routes<\/a>\naffiche la position de l&rsquo;ensemble des trackables directement sur votre Android, et envoie la position actuelle du t\u00e9l\u00e9phone \u00e0 <a href=\"https:\/\/www.enaikoon.com\/fr\/logiciel\/inviu-web\/\">inViu web<\/a> ou <a href=\"https:\/\/www.enaikoon.com\/fr\/logiciel\/inviu-pro\/\">inViu pro<\/a><\/li>\n<\/ul>\n<div><a class=\"gl_button_blue\" href=\"https:\/\/www.enaikoon.com\/fr\/contact\/contact\/\">Nous contacter<\/a><\/div>\n<div><a class=\"gl_button_grey\" href=\"https:\/\/www.enaikoon.com\/fileadmin\/enaikoon\/Dateien\/pdf\/Datenblatt\/ginstr_beacon_network\/englisch\/ginstr_beacon_network_brochure_V2.0.pdf\" target=\"_blank\" rel=\"nofollow\" noreferrer\">IoT beacon network<\/a><\/div>\n<\/div>\n<div class=\"gl_row_space\"><\/div>\n<\/div>\n<\/div>","protected":false},"excerpt":{"rendered":"<p> [&hellip;]<\/p>\n","protected":false},"author":7,"featured_media":0,"parent":8431,"menu_order":0,"comment_status":"closed","ping_status":"closed","template":"","meta":{"footnotes":""},"acf":[],"_links":{"self":[{"href":"https:\/\/www.enaikoon.com\/fr\/wp-json\/wp\/v2\/pages\/8450"}],"collection":[{"href":"https:\/\/www.enaikoon.com\/fr\/wp-json\/wp\/v2\/pages"}],"about":[{"href":"https:\/\/www.enaikoon.com\/fr\/wp-json\/wp\/v2\/types\/page"}],"author":[{"embeddable":true,"href":"https:\/\/www.enaikoon.com\/fr\/wp-json\/wp\/v2\/users\/7"}],"replies":[{"embeddable":true,"href":"https:\/\/www.enaikoon.com\/fr\/wp-json\/wp\/v2\/comments?post=8450"}],"version-history":[{"count":15,"href":"https:\/\/www.enaikoon.com\/fr\/wp-json\/wp\/v2\/pages\/8450\/revisions"}],"predecessor-version":[{"id":18999,"href":"https:\/\/www.enaikoon.com\/fr\/wp-json\/wp\/v2\/pages\/8450\/revisions\/18999"}],"up":[{"embeddable":true,"href":"https:\/\/www.enaikoon.com\/fr\/wp-json\/wp\/v2\/pages\/8431"}],"wp:attachment":[{"href":"https:\/\/www.enaikoon.com\/fr\/wp-json\/wp\/v2\/media?parent=8450"}],"curies":[{"name":"wp","href":"https:\/\/api.w.org\/{rel}","templated":true}]}}