{"id":8447,"date":"2016-08-15T05:55:24","date_gmt":"2016-08-15T05:55:24","guid":{"rendered":"https:\/\/www.enaikoon.com\/fr\/?page_id=8447"},"modified":"2016-09-09T03:50:05","modified_gmt":"2016-09-09T03:50:05","slug":"exemples-dutilisation-du-locate-19","status":"publish","type":"page","link":"https:\/\/www.enaikoon.com\/fr\/modules-gps\/gamme-locate\/locate-19\/exemples-dutilisation-du-locate-19\/","title":{"rendered":"exemples d&rsquo;utilisation du locate-19"},"content":{"rendered":"<div class=\"row\">\r\n\r\n<div class=\"gl_space_page\">\r\n\r\n\t<div class=\"col-md-8\">\r\n\t\r\n\t<div class=\"gl_space_pageleft\">\r\n\t\r\n\t\t<div class=\"gl_h2big\">Qu\u2019est-ce que le module ENAiKOON locate-19 peut faire pour vous ?<\/div> \r\n\t\t<div class=\"gl_h4big\">Le gardiennage virtuel, aussi appel\u00e9 g\u00e9ofence<\/div>\r\n\t\t<div>&nbsp;<\/div>\r\n\t\t<div>Derri\u00e8re ce concept, se cache une technique simple pour d\u00e9finir une zone sur une carte. Vous pouvez dessiner une zone avec une ou plusieurs barri\u00e8res virtuelles autour de la route emprunt\u00e9e par votre enfant pour aller \u00e0 l&rsquo;\u00e9cole, autour de son arr\u00eat d&rsquo;autobus, de son centre sportif ou du domicile de la babysitteur. Vous recevrez une alerte par e-mail ou par SMS d\u00e8s que votre enfant arrivera ou quittera une des zones pr\u00e9d\u00e9finies. Ces messages vous donneront l&rsquo;assurance que votre enfant est arriv\u00e9 \u00e0 destination.<\/div>\r\n\t\t<div>&nbsp;<\/div>\r\n\t\t<div>Vous pouvez utiliser le gardiennage virtuel et le syst\u00e8me d&rsquo;alerte pour suivre une personne, une moto, un camping-car, un bateau ou une voiture.\r\n<\/div>\r\n\t\t<div>&nbsp;<\/div>\r\n\t\t<div>Gr\u00e2ce au gardiennage virtuel, vous serez imm\u00e9diatement inform\u00e9 en cas de changement de trajets. Gagnez du temps en consultant la carte interactive sur votre <a href=\"https:\/\/www.enaikoon.com\/fr\/logiciel\/\">inViu<\/a>, pour conna\u00eetre en un coup d&rsquo;oeil et en temps r\u00e9el l&#8217;emplacement de l&rsquo;ensemble de vos trackables.<\/div>\r\n\t\t\r\n\t<\/div>\r\n\t\r\n\t<\/div>\r\n\t\r\n\t<div class=\"col-md-4\">\r\n\t\r\n\t<div class=\"gl_space_pageright\">\r\n\t<div class=\"gl_space_top20\"><\/div>\r\n\t<div class=\"clearfix\"><img decoding=\"async\" src=\"https:\/\/www.enaikoon.com\/wp-content\/uploads\/2016\/07\/l19-hand_11.png\" border=\"0\" align=\"left\" alt=\"\" title=\"ENAiKOON locate-19\"\/><\/div>\r\n\t<div><a class=\"gl_button_yellow\" href=\"https:\/\/www.enaikoon.com\/fr\/modules-gps\/gamme-locate\/locate-19\/\">Retourner au locate-19<\/a><\/div>\r\n\t\r\n\t<\/div>\r\n\t\r\n\t<\/div>\r\n\r\n\t<div class=\"gl_row_space\"><\/div>\r\n\t<div class=\"gl_line\"><\/div>\r\n\t\r\n\t<div class=\"col-md-12\">\r\n\t\r\n\t<h2>S\u00e9curit\u00e9<\/h2>\r\n\t\r\n\t<\/div>\r\n\t\r\n\t<div class=\"gl_row_space\"><\/div>\r\n\t\r\n\t<div class=\"col-md-4\">\r\n\t\r\n\t<div class=\"gl_h4big\">Plus de libert\u00e9 pour son ado<\/div>\r\n\t<div class=\"clearfix\">\r\n\t\t<div><img decoding=\"async\" src=\"https:\/\/www.enaikoon.com\/wp-content\/uploads\/2016\/07\/Party-_Grey-Border__04.png\" border=\"0\" align=\"left\" class=\"gl_space_bottom10\" alt=\"Donner plus de libert\u00e9 \u00e0 votre adolescent\" title=\"Donner plus de libert\u00e9 \u00e0 votre adolescent\"\/><\/div>\r\n\t<\/div>\r\n\t<div class=\"gl_space_right10\">En tant que parent, vous avez une grande responsabilit\u00e9 envers vos enfants, mais plus ils grandissent, plus vous devez leur laisser de la libert\u00e9 et leur enseigner \u00e0 \u00eatre responsable. Comment trouver un compromis pour tout de m\u00eame garder un oeil sur eux ? La solution : installez un locate-19 sur votre ado ; vous pourrez conna\u00eetre son emplacement en vous connectant sur <a href=\"https:\/\/www.enaikoon.com\/fr\/logiciel\/\">inViu<\/a>&#8230; pour \u00eatre rassur\u00e9, sans avoir \u00e0 multiplier ces coups de t\u00e9l\u00e9phone qui embrassent tant votre ado !<\/div>\r\n\t\r\n\t<\/div>\r\n\t\r\n\t<div class=\"col-md-4\">\r\n\t<div class=\"gl_h4big\">Localiser les personnes \u00e2g\u00e9es<\/div>\r\n\t<div class=\"clearfix\">\r\n\t\t<div><img decoding=\"async\" src=\"https:\/\/www.enaikoon.com\/wp-content\/uploads\/2016\/07\/Old_MAn_Walking-_Grey-Border__03.png\" border=\"0\" align=\"left\" class=\"gl_space_bottom10\" alt=\"Localiser les personnes ag\u00e9es\" title=\"Localiser les personnes ag\u00e9es\"\/><\/div>\r\n\t<\/div>\r\n\t<div class=\"gl_space_right10\">Avec l&rsquo;\u00e2ge, nos proches d\u00e9veloppent parfois des maladies mentales, dont Alzheimer. Ils ont alors besoin d&rsquo;\u00eatre surveill\u00e9s en permanence, car les endroits qui leurs semblaient familiers deviennent de terribles labyrinthes. A tout moment, les aides-soignants et la famille peuvent v\u00e9rifier \u00e0 distance la position de la personne suivie, gr\u00e2ce \u00e0 l&rsquo;ENAiKOON tracker. En d\u00e9finissant des zones de gardiennage virtuel, vous recevrez une alerte elle sort du p\u00e9rim\u00e8tre pr\u00e9d\u00e9fini. Ce syst\u00e8me permet de la retrouver rapidement, pour la ramener chez elle sans encombre. Gr\u00e2ce au bouton d&rsquo;urgence de l\u2019ENAiKOON locate-19, elle peut \u00e9galement appeler ou envoyer un SMS aux num\u00e9ros de t\u00e9l\u00e9phone pr\u00e9d\u00e9finis. Il est dor\u00e9navant possible de jouir de son ind\u00e9pendance \u00e0 tout \u00e2ge, sans inqui\u00e9ter son entourage. L\u2019ENAiKOON locate-19 est petit, l\u00e9ger et peut-\u00eatre mis en place discr\u00e8tement sur les v\u00eatements.<\/div>\r\n\t\r\n\t<\/div>\r\n\t\r\n\t<div class=\"col-md-4\">\r\n\t\r\n\t<div class=\"gl_h4big\">La s\u00e9curit\u00e9 de vos enfants <\/div>\r\n\t<div class=\"clearfix\">\r\n\t\t<div><img decoding=\"async\" src=\"https:\/\/www.enaikoon.com\/wp-content\/uploads\/2016\/07\/Boy_Traffic-_Grey-Border__04.png\" border=\"0\" align=\"left\" class=\"gl_space_bottom10\"  alt=\"La s\u00e9curit\u00e9 de vos enfants\" title=\"La s\u00e9curit\u00e9 de vos enfants\"\/><\/div>\r\n\t<\/div>\r\n\t<div class=\"gl_space_right10\">En installant un petit ENAiKOON tracker sur votre enfant, vous pourrez conna\u00eetre sa position \u00e0 tout moment, pour avoir l&rsquo;esprit tranquille. Connectez-vous simplement \u00e0 votre <a href=\"https:\/\/www.enaikoon.com\/fr\/logiciel\/\">inViu<\/a> pour le g\u00e9olocaliser sur la carte et v\u00e9rifier qu&rsquo;il est bien sur le chemin du retour. Nous savons que la s\u00e9curit\u00e9 de son enfant est une source de pr\u00e9occupation permanente pour un parent &#8211; le module ENAiKOON locate-19 leur permet de se rassurer \u00e0 tout moment et en quelques clics.<\/div>\r\n\t\r\n\t<\/div>\r\n\t\r\n\t<div class=\"gl_row_space\"><\/div>\r\n\t<div class=\"gl_line\"><\/div>\r\n\t\r\n\t<div class=\"col-md-4\">\r\n\t\r\n\t<h2>Mobilit\u00e9<\/h2>\r\n\t<div class=\"gl_h4big\">D\u00e9tailler ses voyages et <br>partager ses itin\u00e9raires<\/div>\r\n\t<div class=\"clearfix\">\r\n\t\t<div class=\"gl_space_top15\"><img decoding=\"async\" src=\"https:\/\/www.enaikoon.com\/wp-content\/uploads\/2016\/07\/img_Mobility.jpg\" border=\"0\" align=\"left\" class=\"gl_space_bottom10\" alt=\"Documenter vos voyages et vos itin\u00e9raires\" title=\"Documenter vos voyages et vos itin\u00e9raires\"\/><\/div>\r\n\t<\/div>\r\n\t<div class=\"gl_space_top15\"><\/div>\r\n\t<div class=\"gl_space_right15\">Au cours de vos prochaines vacances, emportez avec vous un ENAiKOON tracker : il vous permettra d&rsquo;enregistrer les coordonn\u00e9es GPS de vos trajets. Associez des photos \u00e0 vos trajets effectu\u00e9s en voiture ou en camping-car, ou retrouvez le trajet de votre longue randonn\u00e9e ou de votre escapade en voiture de dimanche dernier. D\u00e8s votre retour, vous pourrez montrer \u00e0 vos amis les pistes de v\u00e9lo que vous avez d\u00e9couvertes et enregistr\u00e9es sur votre <a href=\"https:\/\/www.enaikoon.com\/fr\/logiciel\/\">inViu<\/a>.<br>\r\nVos proches peuvent suivre votre itin\u00e9raires en direct, depuis leur domicile, sur la carte en ligne d&rsquo;inViu ou sur facebook et twitter, si vous d\u00e9cidez de partager ces informations.<\/div>\r\n\t\r\n\t<\/div>\r\n\t\r\n\t<div class=\"col-md-4\">\r\n\t\r\n\t<h2>Pr\u00e9venir les vols<\/h2>\r\n\t<div class=\"gl_h4big\">Retrouver une voiture, un <br>camion ou une moto<\/div>\r\n\t<div class=\"clearfix\">\r\n\t\t<div class=\"gl_space_top15\"><img decoding=\"async\" src=\"https:\/\/www.enaikoon.com\/wp-content\/uploads\/2016\/07\/img_Theftprotection.jpg\" border=\"0\" align=\"left\" class=\"gl_space_bottom10\" alt=\"Retracer une automobile, un camion ou une moto\" title=\"Retracer une automobile, un camion ou une moto\"\/><\/div>\r\n\t<\/div>\r\n\t<div class=\"gl_space_top15\"><\/div>\r\n\t<div class=\"gl_space_right15\">En \u00e9quipant vos v\u00e9hicules avec un ENAiKOON tracker, vous les prot\u00e9gez du vol. A chaque instant, vous pourrez conna\u00eetre leur position et recevoir une alerte s&rsquo;il se d\u00e9place sans votre autorisation.<\/div>\r\n\t<div>&nbsp;<\/div>\r\n\t<div class=\"gl_space_right15\">Si votre v\u00e9hicule se fait voler, vous pourrez le g\u00e9olocaliser en quelques clics sur votre compte d&rsquo;<a href=\"https:\/\/www.enaikoon.com\/fr\/logiciel\/\">inViu<\/a> et transmettre sa position pr\u00e9cise \u00e0 la police. Pour augmenter vos chances de retrouver vos biens, \u00e9quipez-les d&rsquo;un module locate-19!<\/div>\r\n\t\r\n\t<\/div>\r\n\t\r\n\t<div class=\"col-md-4\">\r\n\t\r\n\t<div class=\"gl_space_right15\">Pour plus d&rsquo;informations concernant le prix ou les frais de livraison, <a rel=\"nofollow\" href=\"http:\/\/cgi6.ebay.de\/ws\/eBayISAPI.dll?ViewStoreV4&#038;name=enaikoongpsshop&#038;_rdc=1\" target=\"_blank\">cliquez ici<\/a>.<\/div>\r\n\t<div>&nbsp;<\/div>\r\n\t<div>Tout sur notre politique de <br>confidentialit\u00e9 et juridique.<\/div>\r\n\t\r\n\t<\/div>\r\n\t\r\n\t<div class=\"gl_row_space\"><\/div>\r\n<\/div>\t\r\n<\/div>\r\n<div style=\"height:40px;\"><\/div>","protected":false},"excerpt":{"rendered":"","protected":false},"author":7,"featured_media":0,"parent":8443,"menu_order":0,"comment_status":"closed","ping_status":"closed","template":"","meta":{"footnotes":""},"acf":[],"_links":{"self":[{"href":"https:\/\/www.enaikoon.com\/fr\/wp-json\/wp\/v2\/pages\/8447"}],"collection":[{"href":"https:\/\/www.enaikoon.com\/fr\/wp-json\/wp\/v2\/pages"}],"about":[{"href":"https:\/\/www.enaikoon.com\/fr\/wp-json\/wp\/v2\/types\/page"}],"author":[{"embeddable":true,"href":"https:\/\/www.enaikoon.com\/fr\/wp-json\/wp\/v2\/users\/7"}],"replies":[{"embeddable":true,"href":"https:\/\/www.enaikoon.com\/fr\/wp-json\/wp\/v2\/comments?post=8447"}],"version-history":[{"count":9,"href":"https:\/\/www.enaikoon.com\/fr\/wp-json\/wp\/v2\/pages\/8447\/revisions"}],"predecessor-version":[{"id":10694,"href":"https:\/\/www.enaikoon.com\/fr\/wp-json\/wp\/v2\/pages\/8447\/revisions\/10694"}],"up":[{"embeddable":true,"href":"https:\/\/www.enaikoon.com\/fr\/wp-json\/wp\/v2\/pages\/8443"}],"wp:attachment":[{"href":"https:\/\/www.enaikoon.com\/fr\/wp-json\/wp\/v2\/media?parent=8447"}],"curies":[{"name":"wp","href":"https:\/\/api.w.org\/{rel}","templated":true}]}}