{"id":8443,"date":"2016-08-15T05:54:42","date_gmt":"2016-08-15T05:54:42","guid":{"rendered":"https:\/\/www.enaikoon.com\/fr\/?page_id=8443"},"modified":"2023-11-26T12:03:18","modified_gmt":"2023-11-26T12:03:18","slug":"locate-19","status":"publish","type":"page","link":"https:\/\/www.enaikoon.com\/fr\/modules-gps\/gamme-locate\/locate-19\/","title":{"rendered":"locate-19"},"content":{"rendered":"<div class=\"gl_slide_scroll_box\">\n<div class=\"gl_scroll_box\">\n<ul>\n \t<li><a class=\"gl_scroll_link_title\" title=\"locate-04\" href=\"https:\/\/www.enaikoon.com\/fr\/modules-gps\/gamme-locate\/locate-04\/\">locate-04<\/a><a title=\"locate-04\" href=\"https:\/\/www.enaikoon.com\/fr\/modules-gps\/gamme-locate\/locate-04\/\"><img decoding=\"async\" class=\"gl_scroll_link_img\" src=\"https:\/\/www.enaikoon.com\/wp-content\/uploads\/2016\/07\/locate4.png\" alt=\"\" border=\"0\" \/><\/a><\/li>\n \t<li><a class=\"gl_scroll_link_title\" title=\"locate-06\" href=\"https:\/\/www.enaikoon.com\/fr\/modules-gps\/gamme-locate\/locate-06\/\">locate-06<\/a><a title=\"locate-06\" href=\"https:\/\/www.enaikoon.com\/fr\/modules-gps\/gamme-locate\/locate-06\/\"><img decoding=\"async\" class=\"gl_scroll_link_img\" src=\"https:\/\/www.enaikoon.com\/wp-content\/uploads\/2016\/07\/locate6.png\" alt=\"\" border=\"0\" \/><\/a><\/li>\n \t<li><a class=\"gl_scroll_link_title\" title=\"locate-15\" href=\"https:\/\/www.enaikoon.com\/fr\/modules-gps\/gamme-locate\/locate-15\/\">locate-15<\/a><a title=\"locate-15\" href=\"https:\/\/www.enaikoon.com\/fr\/modules-gps\/gamme-locate\/locate-15\/\"><img decoding=\"async\" class=\"gl_scroll_link_img\" src=\"https:\/\/www.enaikoon.com\/wp-content\/uploads\/2016\/07\/locate15.png\" alt=\"\" border=\"0\" \/><\/a><\/li>\n \t<li><a class=\"gl_scroll_link_title\" title=\"locate-17\" href=\"https:\/\/www.enaikoon.com\/fr\/modules-gps\/gamme-locate\/locate-17\/\">locate-17<\/a><a title=\"locate-17\" href=\"https:\/\/www.enaikoon.com\/fr\/modules-gps\/gamme-locate\/locate-17\/\"><img decoding=\"async\" class=\"gl_scroll_link_img\" src=\"https:\/\/www.enaikoon.com\/wp-content\/uploads\/2016\/07\/locate17.png\" alt=\"\" border=\"0\" \/><\/a><\/li>\n \t<li><a class=\"gl_scroll_link_title\" title=\"locate-19\" href=\"https:\/\/www.enaikoon.com\/fr\/modules-gps\/gamme-locate\/locate-19\/\">locate-19<\/a>\n<a title=\"locate-19\" href=\"https:\/\/www.enaikoon.com\/fr\/modules-gps\/gamme-locate\/locate-19\/\"><img decoding=\"async\" class=\"gl_scroll_link_img_active\" src=\"https:\/\/www.enaikoon.com\/wp-content\/uploads\/2016\/07\/locate19.png\" alt=\"\" border=\"0\" \/><\/a><\/li>\n \t<li><a class=\"gl_scroll_link_title\" title=\"locate-20\" href=\"https:\/\/www.enaikoon.com\/fr\/modules-gps\/gamme-locate\/locate-20\/\">locate-20<\/a>\n<a title=\"locate-20\" href=\"https:\/\/www.enaikoon.com\/fr\/modules-gps\/gamme-locate\/locate-20\/\"><img decoding=\"async\" class=\"gl_scroll_link_img\" src=\"https:\/\/www.enaikoon.com\/wp-content\/uploads\/2021\/06\/l-20.jpg\" alt=\"\" border=\"0\" \/><\/a><\/li>\n<\/ul>\n<\/div>\n<\/div>\n<div class=\"row\">\n<div class=\"gl_border-page\">\n\n<div class=\"col-md-4\">\n<div class=\"gl_h2big\">ENAiKOON\nlocate-19<\/div>\n<div class=\"gl_space_right10\">\n<div class=\"clearfix\"><a title=\"ENAiKOON locate-19\" rel=\"nofollow\" href=\"https:\/\/www.enaikoon.com\/wp-content\/uploads\/2016\/07\/ENAiKOON_locate-19_368x300_A.png\"><img decoding=\"async\" class=\"gl_space_bottom10\" src=\"https:\/\/www.enaikoon.com\/wp-content\/uploads\/2016\/07\/d1fa69aacd.png\" alt=\"ENAiKOON locate-19\" align=\"left\" border=\"0\" \/><\/a><\/div>\n<div class=\"gl_h5-italic\">Voici probablement le module GPS \/ GPRS le plus petit du monde ! Le module <strong>ENAiKOON locate-19<\/strong> permet de geolocaliser des v\u00e9hicules, du mat\u00e9riel de chantier ou du personnel, avec pr\u00e9cision. Il s&rsquo;adapte \u00e0 n&rsquo;importe quelle situation gr\u00e2ce \u00e0 son faible poids et \u00e0 sa petite taille.<\/div>\n<div>&nbsp;<\/div>\n<div class=\"gl_h4big\">Sur le terrain<\/div>\n<div>Il se dissimule parfaitement dans une voiture, sur du petit mat\u00e9riel de chantier, sur une moto, un moteur hors-bord ou toutes sortes de trackables que vous souhaitez suivre. On peut aussi le placer sur une personne qui a besoin d&rsquo;\u00eatre surveill\u00e9e, comme un jeune enfant, un senior ou un patient. On peut enfin s&rsquo;en servir pour retrouver un animal.<\/div>\n<div>&nbsp;<\/div>\n<div class=\"gl_h4big\">Version am\u00e9lior\u00e9e du produit<\/div>\n<div class=\"clearfix\">\n<div class=\"gl_space_top10\"><a title=\"ENAiKOON locate-16\" rel=\"nofollow\" href=\"https:\/\/www.enaikoon.com\/wp-content\/uploads\/2016\/07\/Locate_L17_inactive_368x300_04.png\"><img decoding=\"async\" class=\"gl_space_right10bottom60top5\" src=\"https:\/\/www.enaikoon.com\/wp-content\/uploads\/2016\/07\/d8da437117.png\" alt=\"ENAiKOON locate-16\" align=\"left\" border=\"0\" \/><\/a><\/div>\n<div>Un petit bo\u00eetier \u00e9tanche et des connecteurs \u00e9lectriques qui r\u00e9sistent \u00e0 l&rsquo;eau, pour le module <strong>ENAiKOON locate-19<\/strong>\n77 x 49 x 35 mm seulement !<\/div>\n<\/div>\n<div><a class=\"gl_button_grey\" href=\"https:\/\/www.enaikoon.com\/fileadmin\/enaikoon\/Dateien\/pdf\/Datenblatt\/locate-16\/franz\/ENAiKOON_locate-16_Fiches_Produits.pdf\" target=\"_blank\" rel=\"nofollow\" noreferrer\">T\u00e9l\u00e9charger PDF<\/a><\/div>\n<\/div>\n<\/div>\n\n<div class=\"col-md-4\">\n<div class=\"gl_space_right10\">\n<div class=\"gl_h4big\">Caract\u00e9ristiques principales<\/div>\n<ul class=\"gl_space_ul2\" type=\"square\">\n \t<li class=\"gl_space_li\">pr\u00eat \u00e0 l&#8217;emploi : aucune installation manuelle requise<\/li>\n \t<li class=\"gl_space_li\">mesure avec pr\u00e9cision la position GPS de tout objet mobile<\/li>\n \t<li class=\"gl_space_li\">prot\u00e8ge du vol<\/li>\n \t<li class=\"gl_space_li\">batterie rechargeable<\/li>\n \t<li class=\"gl_space_li\">antenne int\u00e9gr\u00e9e<\/li>\n \t<li class=\"gl_space_li\">appels d&rsquo;urgence en pressant sur un simple bouton<\/li>\n \t<li class=\"gl_space_li\">en cas d&rsquo;\u00e9chec r\u00e9seau, enregistre les positions du trackable qu&rsquo;il rend accessible d\u00e8s que possible par SMS ou sur inViu web<\/li>\n<\/ul>\n<div>&nbsp;<\/div>\n<div class=\"gl_h4big\">D\u00e9tails techniques<\/div>\n<div class=\"gl_ul_style3\">\n<ul>\n \t<li>dimensions : 53 x 38 x 16 mm<\/li>\n \t<li>poids : 40 g<\/li>\n \t<li>r\u00e9cepteur GPS haute sensibilit\u00e9 \u00e0 65 canaux<\/li>\n \t<li>d\u00e9tecteur de mouvement par acc\u00e9l\u00e9rom\u00e8tre, pour \u00e9conomiser la batterie<\/li>\n \t<li>antenne GSM \/ GPS int\u00e9gr\u00e9e<\/li>\n \t<li>batterie : 550 mA\/h 3,6 V<\/li>\n \t<li>capacit\u00e9 de stockage : jusqu&rsquo;\u00e0 4 000 positions<\/li>\n \t<li>capacit\u00e9 de stockage : jusqu&rsquo;\u00e0 4 000 gardiennages virtuels<\/li>\n \t<li>un bouton configurable\n(ex : bouton SOS)<\/li>\n \t<li>fabriqu\u00e9 en Allemagne<\/li>\n<\/ul>\n<\/div>\n<\/div>\n<\/div>\n\n<div class=\"col-md-4\">\n<div class=\"gl_space_right10\">\n<div class=\"gl_h4big\">Combinaisons<\/div>\n<div>ENAiKOON locate-19 + <a href=\"https:\/\/www.enaikoon.com\/fr\/logiciel\/inviu-web\/\">inViu web<\/a> = suivi GPS minutieux, alertes et mises \u00e0 jour du gardiennage virtuel en temps r\u00e9el, alertes batterie et affichage des 100 derni\u00e8res positions du trackable<\/div>\n<div>&nbsp;<\/div>\n<div>ENAiKOON locate-19 + <a href=\"https:\/\/www.enaikoon.com\/fr\/logiciel\/inviu-pro\/\">inViu pro<\/a> = suivi GPS minutieux, gestion du gardiennage virtuel, alertes batterie, envoi automatique de rapports sur l&rsquo;activit\u00e9 du v\u00e9hicule, d\u00e9tail des horaires, des pauses et estimation des co\u00fbts : un aper\u00e7u global et complet de votre \u00e9quipement pour gagner du temps et \u00e9conomiser de l&rsquo;argent !<\/div>\n<div>&nbsp;<\/div>\n<div class=\"gl_h4big\">Accessoires en option<\/div>\n<ul class=\"gl_space_ul2\">\n \t<li class=\"gl_space_li\">ENAiKOON case<\/li>\n<\/ul>\n<div>&nbsp;<\/div>\n<div class=\"gl_h4big\">Logiciels pour t\u00e9l\u00e9phone mobile<\/div>\n<ul class=\"gl_space_ul2\">\n \t<li class=\"gl_space_li\"><a href=\"https:\/\/www.enaikoon.com\/fr\/mobile\/plugins\/routes\/\">inViu routes<\/a>\naffiche la position de l&rsquo;ensemble des trackables directement sur votre Android, et envoie la position actuelle du t\u00e9l\u00e9phone \u00e0 <a href=\"https:\/\/www.enaikoon.com\/fr\/logiciel\/inviu-web\/\">inViu web<\/a> ou <a href=\"https:\/\/www.enaikoon.com\/fr\/logiciel\/inviu-pro\/\">inViu pro<\/a><\/li>\n<\/ul>\n<div><a class=\"gl_button_yellow\" href=\"https:\/\/www.enaikoon.com\/fr\/modules-gps\/gamme-locate\/locate-19\/exemples-dutilisation-du-locate-19\/\">Exemples d&rsquo;utilisation<\/a><\/div>\n<div><a class=\"gl_button_grey\" href=\"https:\/\/www.enaikoon.com\/fileadmin\/enaikoon\/Dateien\/pdf\/Datenblatt\/locate-19\/franz\/ENAiKOON_locate-19_Fiches_Produits.pdf\" target=\"_blank\" rel=\"nofollow\" noreferrer\">T\u00e9l\u00e9charger le PDF<\/a><\/div>\n<div><a class=\"gl_button_grey\" href=\"https:\/\/www.enaikoon.com\/fileadmin\/enaikoon\/Dateien\/pdf\/Benutzerhandbuch\/locate-19\/englisch\/ENAiKOON_locate-19_Benutzerhandbuch.pdf\" target=\"_blank\" rel=\"nofollow\" noreferrer\">locate-19 manual<\/a><\/div>\n<div><a class=\"gl_button_blue\" href=\"https:\/\/www.enaikoon.com\/fr\/contact\/contact\/\">Nous contacter<\/a><\/div>\n<\/div>\n<\/div>\n<div class=\"gl_row_space\"><\/div>\n<\/div>\n<\/div>","protected":false},"excerpt":{"rendered":"<p> [&hellip;]<\/p>\n","protected":false},"author":7,"featured_media":0,"parent":8431,"menu_order":0,"comment_status":"closed","ping_status":"closed","template":"","meta":{"footnotes":""},"acf":[],"_links":{"self":[{"href":"https:\/\/www.enaikoon.com\/fr\/wp-json\/wp\/v2\/pages\/8443"}],"collection":[{"href":"https:\/\/www.enaikoon.com\/fr\/wp-json\/wp\/v2\/pages"}],"about":[{"href":"https:\/\/www.enaikoon.com\/fr\/wp-json\/wp\/v2\/types\/page"}],"author":[{"embeddable":true,"href":"https:\/\/www.enaikoon.com\/fr\/wp-json\/wp\/v2\/users\/7"}],"replies":[{"embeddable":true,"href":"https:\/\/www.enaikoon.com\/fr\/wp-json\/wp\/v2\/comments?post=8443"}],"version-history":[{"count":12,"href":"https:\/\/www.enaikoon.com\/fr\/wp-json\/wp\/v2\/pages\/8443\/revisions"}],"predecessor-version":[{"id":18995,"href":"https:\/\/www.enaikoon.com\/fr\/wp-json\/wp\/v2\/pages\/8443\/revisions\/18995"}],"up":[{"embeddable":true,"href":"https:\/\/www.enaikoon.com\/fr\/wp-json\/wp\/v2\/pages\/8431"}],"wp:attachment":[{"href":"https:\/\/www.enaikoon.com\/fr\/wp-json\/wp\/v2\/media?parent=8443"}],"curies":[{"name":"wp","href":"https:\/\/api.w.org\/{rel}","templated":true}]}}