{"id":8441,"date":"2016-08-15T05:54:27","date_gmt":"2016-08-15T05:54:27","guid":{"rendered":"https:\/\/www.enaikoon.com\/fr\/?page_id=8441"},"modified":"2023-11-26T12:01:27","modified_gmt":"2023-11-26T12:01:27","slug":"locate-17","status":"publish","type":"page","link":"https:\/\/www.enaikoon.com\/fr\/modules-gps\/gamme-locate\/locate-17\/","title":{"rendered":"locate-17"},"content":{"rendered":"<div class=\"gl_slide_scroll_box\">\n<div class=\"gl_scroll_box\">\n<ul>\n \t<li><a class=\"gl_scroll_link_title\" title=\"locate-04\" href=\"https:\/\/www.enaikoon.com\/fr\/modules-gps\/gamme-locate\/locate-04\/\">locate-04<\/a><a title=\"locate-04\" href=\"https:\/\/www.enaikoon.com\/fr\/modules-gps\/gamme-locate\/locate-04\/\"><img decoding=\"async\" class=\"gl_scroll_link_img\" src=\"https:\/\/www.enaikoon.com\/wp-content\/uploads\/2016\/07\/locate4.png\" alt=\"\" border=\"0\" \/><\/a><\/li>\n \t<li><a class=\"gl_scroll_link_title\" title=\"locate-06\" href=\"https:\/\/www.enaikoon.com\/fr\/modules-gps\/gamme-locate\/locate-06\/\">locate-06<\/a><a title=\"locate-06\" href=\"https:\/\/www.enaikoon.com\/fr\/modules-gps\/gamme-locate\/locate-06\/\"><img decoding=\"async\" class=\"gl_scroll_link_img\" src=\"https:\/\/www.enaikoon.com\/wp-content\/uploads\/2016\/07\/locate6.png\" alt=\"\" border=\"0\" \/><\/a><\/li>\n \t<li><a class=\"gl_scroll_link_title\" title=\"locate-15\" href=\"https:\/\/www.enaikoon.com\/fr\/modules-gps\/gamme-locate\/locate-15\/\">locate-15<\/a><a title=\"locate-15\" href=\"https:\/\/www.enaikoon.com\/fr\/modules-gps\/gamme-locate\/locate-15\/\"><img decoding=\"async\" class=\"gl_scroll_link_img\" src=\"https:\/\/www.enaikoon.com\/wp-content\/uploads\/2016\/07\/locate15.png\" alt=\"\" border=\"0\" \/><\/a><\/li>\n \t<li><a class=\"gl_scroll_link_title\" title=\"locate-17\" href=\"https:\/\/www.enaikoon.com\/fr\/modules-gps\/gamme-locate\/locate-17\/\">locate-17<\/a><a title=\"locate-17\" href=\"https:\/\/www.enaikoon.com\/fr\/modules-gps\/gamme-locate\/locate-17\/\"><img decoding=\"async\" class=\"gl_scroll_link_img_active\" src=\"https:\/\/www.enaikoon.com\/wp-content\/uploads\/2016\/07\/locate17.png\" alt=\"\" border=\"0\" \/><\/a><\/li>\n \t<li><a class=\"gl_scroll_link_title\" title=\"locate-19\" href=\"https:\/\/www.enaikoon.com\/fr\/modules-gps\/gamme-locate\/locate-19\/\">locate-19<\/a>\n<a title=\"locate-19\" href=\"https:\/\/www.enaikoon.com\/fr\/modules-gps\/gamme-locate\/locate-19\/\"><img decoding=\"async\" class=\"gl_scroll_link_img\" src=\"https:\/\/www.enaikoon.com\/wp-content\/uploads\/2016\/07\/locate19.png\" alt=\"\" border=\"0\" \/><\/a><\/li>\n \t<li><a class=\"gl_scroll_link_title\" title=\"locate-20\" href=\"https:\/\/www.enaikoon.com\/fr\/modules-gps\/gamme-locate\/locate-20\/\">locate-20<\/a>\n<a title=\"locate-20\" href=\"https:\/\/www.enaikoon.com\/fr\/modules-gps\/gamme-locate\/locate-20\/\"><img decoding=\"async\" class=\"gl_scroll_link_img\" src=\"https:\/\/www.enaikoon.com\/wp-content\/uploads\/2021\/06\/l-20.jpg\" alt=\"\" border=\"0\" \/><\/a><\/li>\n<\/ul>\n<\/div>\n<\/div>\n<div class=\"row\">\n<div class=\"gl_border-page\">\n\n<div class=\"col-md-4\">\n<div class=\"gl_h2big\">ENAiKOON\nlocate-17<\/div>\n<div class=\"clearfix\"><a title=\"ENAiKOON locate-17\" rel=\"nofollow\" href=\"https:\/\/www.enaikoon.com\/wp-content\/uploads\/2016\/07\/Locate_L17_cablesOff_368x300_inactive.png\"><img decoding=\"async\" class=\"gl_space_bottom10\" src=\"https:\/\/www.enaikoon.com\/wp-content\/uploads\/2016\/07\/8fec327ca8.png\" alt=\"ENAiKOON locate-17 est la preuve de l'eau un dispositif de rep\u00e9rage GPS \/ GPRS avec des antennes internes et de la batterie recheargable\" align=\"left\" border=\"0\" \/><\/a><\/div>\n<div class=\"gl_h5-italic\">Gr\u00e2ce \u00e0 son antenne int\u00e9gr\u00e9e, le module <strong>ENAiKOON locate-17<\/strong> transmet avec pr\u00e9cision la position, la direction et la vitesse du trackable suivi. Un bo\u00eetier \u00e9tanche et une batterie rechargeable longue dur\u00e9e sont fournis.<\/div>\n<div>&nbsp;<\/div>\n<div class=\"gl_h4big\">Sur le terrain<\/div>\n<div>Id\u00e9al pour le transport, la logistique et le BTP. Il est g\u00e9n\u00e9ralement install\u00e9 sur les conteneurs, le mat\u00e9riel de construction et les semi-remorques des entreprises de ces secteurs.<\/div>\n<\/div>\n\n<div class=\"col-md-4\">\n<div class=\"gl_h4big\">Caract\u00e9ristiques principales<\/div>\n<ul class=\"gl_space_ul2\" type=\"square\">\n \t<li class=\"gl_space_li\">transmission pr\u00e9cise de la position GPS, de la vitesse et des\nchangements de direction<\/li>\n \t<li class=\"gl_space_li\">mise \u00e0 jour en temps r\u00e9el de la carte sur inViu web ou inViu pro<\/li>\n \t<li class=\"gl_space_li\">pour v\u00e9hicules, remorques et mat\u00e9riel de chantier<\/li>\n \t<li class=\"gl_space_li\">permet de gagner du temps et de faire d&rsquo;importantes \u00e9conomies<\/li>\n<\/ul>\n<div>&nbsp;<\/div>\n<div class=\"gl_h4big\">D\u00e9tails techniques<\/div>\n<div class=\"gl_ul_style3\">\n<ul>\n \t<li>dimensions : 140 x 81 x 66 mm<\/li>\n \t<li>poids : 686 g<\/li>\n \t<li>bo\u00eetier \u00e9tanche<\/li>\n \t<li>autonomie de la batterie : jusqu&rsquo;\u00e0 12 mois (rechargeable)<\/li>\n \t<li>mode \u00e9conomie d&rsquo;\u00e9nergie<\/li>\n \t<li>d\u00e9tecteur de mouvement par analyse vibratoire (acc\u00e9l\u00e9rom\u00e8tre)<\/li>\n \t<li>1 entr\u00e9e num\u00e9rique pour la mise en route et l&rsquo;enregistrement des heures de fonctionnement<\/li>\n \t<li>fabriqu\u00e9 en Allemagne<\/li>\n<\/ul>\n<\/div>\n<\/div>\n\n<div class=\"col-md-4\">\n<div class=\"gl_h4big\">Combinaisons<\/div>\n<div>ENAiKOON locate-17 + <a href=\"https:\/\/www.enaikoon.com\/fr\/logiciel\/inviu-web\/\">inViu web<\/a> = un suivi GPS minutieux, alerte et mise \u00e0 jour en temps r\u00e9el du gardiennage virtuel, alerte batterie et affichage des 100 derni\u00e8res positions du trackable<\/div>\n<div>&nbsp;<\/div>\n<div>ENAiKOON locate-17 + <a href=\"https:\/\/www.enaikoon.com\/fr\/logiciel\/inviu-pro\/\">inViu pro<\/a> = un suivi GPS minutieux, gestion du gardiennage virtuel, alerte batterie, envoi automatique de rapports sur l&rsquo;activit\u00e9 des v\u00e9hicules, d\u00e9tail des heures d&rsquo;activit\u00e9, des pauses et estimation des co\u00fbts. Un aper\u00e7u global et complet de votre \u00e9quipement, pour gagner du temps et \u00e9conomiser de l&rsquo;argent !<\/div>\n<div>&nbsp;<\/div>\n<div class=\"gl_h4big\">Logiciels pour t\u00e9l\u00e9phone mobile<\/div>\n<ul class=\"gl_space_ul2\">\n \t<li class=\"gl_space_li\"><a href=\"https:\/\/www.enaikoon.com\/fr\/mobile\/plugins\/routes\/\">inViu routes<\/a>\naffiche la position de l&rsquo;ensemble des trackables directement sur votre Android, et envoie la position actuelle du t\u00e9l\u00e9phone \u00e0 <a href=\"https:\/\/www.enaikoon.com\/fr\/logiciel\/inviu-web\/\">inViu web<\/a> ou <a href=\"https:\/\/www.enaikoon.com\/fr\/logiciel\/inviu-pro\/\">inViu pro<\/a><\/li>\n<\/ul>\n<div><a class=\"gl_button_grey\" href=\"https:\/\/www.enaikoon.com\/fileadmin\/enaikoon\/Dateien\/pdf\/Datenblatt\/locate-17\/franz\/ENAiKOON_locate-17_Fiches_Produits.pdf\" target=\"_blank\" rel=\"nofollow\" noreferrer\">T\u00e9l\u00e9charger le PDF<\/a><\/div>\n<div><a class=\"gl_button_blue\" href=\"https:\/\/www.enaikoon.com\/fr\/contact\/contact\/\">Nous contacter<\/a><\/div>\n<\/div>\n<div class=\"gl_row_space\"><\/div>\n<\/div>\n<\/div>","protected":false},"excerpt":{"rendered":"<p> [&hellip;]<\/p>\n","protected":false},"author":7,"featured_media":0,"parent":8431,"menu_order":0,"comment_status":"closed","ping_status":"closed","template":"","meta":{"footnotes":""},"acf":[],"_links":{"self":[{"href":"https:\/\/www.enaikoon.com\/fr\/wp-json\/wp\/v2\/pages\/8441"}],"collection":[{"href":"https:\/\/www.enaikoon.com\/fr\/wp-json\/wp\/v2\/pages"}],"about":[{"href":"https:\/\/www.enaikoon.com\/fr\/wp-json\/wp\/v2\/types\/page"}],"author":[{"embeddable":true,"href":"https:\/\/www.enaikoon.com\/fr\/wp-json\/wp\/v2\/users\/7"}],"replies":[{"embeddable":true,"href":"https:\/\/www.enaikoon.com\/fr\/wp-json\/wp\/v2\/comments?post=8441"}],"version-history":[{"count":12,"href":"https:\/\/www.enaikoon.com\/fr\/wp-json\/wp\/v2\/pages\/8441\/revisions"}],"predecessor-version":[{"id":18991,"href":"https:\/\/www.enaikoon.com\/fr\/wp-json\/wp\/v2\/pages\/8441\/revisions\/18991"}],"up":[{"embeddable":true,"href":"https:\/\/www.enaikoon.com\/fr\/wp-json\/wp\/v2\/pages\/8431"}],"wp:attachment":[{"href":"https:\/\/www.enaikoon.com\/fr\/wp-json\/wp\/v2\/media?parent=8441"}],"curies":[{"name":"wp","href":"https:\/\/api.w.org\/{rel}","templated":true}]}}