{"id":8439,"date":"2016-08-15T05:53:40","date_gmt":"2016-08-15T05:53:40","guid":{"rendered":"https:\/\/www.enaikoon.com\/fr\/?page_id=8439"},"modified":"2023-11-26T11:59:57","modified_gmt":"2023-11-26T11:59:57","slug":"locate-15","status":"publish","type":"page","link":"https:\/\/www.enaikoon.com\/fr\/modules-gps\/gamme-locate\/locate-15\/","title":{"rendered":"locate-15"},"content":{"rendered":"<div class=\"gl_slide_scroll_box\">\n<div class=\"gl_scroll_box\">\n<ul>\n \t<li><a class=\"gl_scroll_link_title\" title=\"locate-04\" href=\"https:\/\/www.enaikoon.com\/fr\/modules-gps\/gamme-locate\/locate-04\/\">locate-04<\/a> <a title=\"locate-04\" href=\"https:\/\/www.enaikoon.com\/fr\/modules-gps\/gamme-locate\/locate-04\/\"><img decoding=\"async\" class=\"gl_scroll_link_img\" src=\"https:\/\/www.enaikoon.com\/wp-content\/uploads\/2016\/07\/locate4.png\" alt=\"\" border=\"0\" \/><\/a><\/li>\n \t<li><a class=\"gl_scroll_link_title\" title=\"locate-06\" href=\"https:\/\/www.enaikoon.com\/fr\/modules-gps\/gamme-locate\/locate-06\/\">locate-06<\/a> <a title=\"locate-06\" href=\"https:\/\/www.enaikoon.com\/fr\/modules-gps\/gamme-locate\/locate-06\/\"><img decoding=\"async\" class=\"gl_scroll_link_img\" src=\"https:\/\/www.enaikoon.com\/wp-content\/uploads\/2016\/07\/locate6.png\" alt=\"\" border=\"0\" \/><\/a><\/li>\n \t<li><a class=\"gl_scroll_link_title\" title=\"locate-15\" href=\"https:\/\/www.enaikoon.com\/fr\/modules-gps\/gamme-locate\/locate-15\/\">locate-15<\/a> <a title=\"locate-15\" href=\"https:\/\/www.enaikoon.com\/fr\/modules-gps\/gamme-locate\/locate-15\/\"><img decoding=\"async\" class=\"gl_scroll_link_img_active\" src=\"https:\/\/www.enaikoon.com\/wp-content\/uploads\/2016\/07\/locate15.png\" alt=\"\" border=\"0\" \/><\/a><\/li>\n \t<li><a class=\"gl_scroll_link_title\" title=\"locate-17\" href=\"https:\/\/www.enaikoon.com\/fr\/modules-gps\/gamme-locate\/locate-17\/\">locate-17<\/a> <a title=\"locate-17\" href=\"https:\/\/www.enaikoon.com\/fr\/modules-gps\/gamme-locate\/locate-17\/\"><img decoding=\"async\" class=\"gl_scroll_link_img\" src=\"https:\/\/www.enaikoon.com\/wp-content\/uploads\/2016\/07\/locate17.png\" alt=\"\" border=\"0\" \/><\/a><\/li>\n \t<li><a class=\"gl_scroll_link_title\" title=\"locate-19\" href=\"https:\/\/www.enaikoon.com\/fr\/modules-gps\/gamme-locate\/locate-19\/\">locate-19<\/a>\n<a title=\"locate-19\" href=\"https:\/\/www.enaikoon.com\/fr\/modules-gps\/gamme-locate\/locate-19\/\"><img decoding=\"async\" class=\"gl_scroll_link_img\" src=\"https:\/\/www.enaikoon.com\/wp-content\/uploads\/2016\/07\/locate19.png\" alt=\"\" border=\"0\" \/><\/a><\/li>\n \t<li><a class=\"gl_scroll_link_title\" title=\"locate-20\" href=\"https:\/\/www.enaikoon.com\/fr\/modules-gps\/gamme-locate\/locate-20\/\">locate-20<\/a>\n<a title=\"locate-20\" href=\"https:\/\/www.enaikoon.com\/fr\/modules-gps\/gamme-locate\/locate-20\/\"><img decoding=\"async\" class=\"gl_scroll_link_img\" src=\"https:\/\/www.enaikoon.com\/wp-content\/uploads\/2021\/06\/l-20.jpg\" alt=\"\" border=\"0\" \/><\/a><\/li>\n<\/ul>\n<\/div>\n<\/div>\n<div class=\"row\">\n<div class=\"gl_border-page\">\n\n<div class=\"col-md-4\">\n<div class=\"gl_h2big\">ENAiKOON\nlocate-15<\/div>\n<div class=\"clearfix\"><a title=\"ENAiKOON locate-15\" rel=\"nofollow\" href=\"https:\/\/www.enaikoon.com\/wp-content\/uploads\/2016\/07\/ENAiKOON_locate-15-368x300.png\"><img decoding=\"async\" class=\"gl_space_bottom10\" src=\"https:\/\/www.enaikoon.com\/wp-content\/uploads\/2016\/07\/ae87d16e84.png\" alt=\"ENAiKOON locate-15\" align=\"left\" border=\"0\" \/><\/a><\/div>\n<div class=\"gl_h5-italic\">Le module <strong>ENAiKOON locate-15<\/strong> est le plus r\u00e9sistant et le plus performant de la gamme. En demandant sa batterie la plus puissante, il pourra tenir 10 ans, sans recharge.<\/div>\n<div><\/div>\n<div class=\"gl_h4big\">Sur le terrain<\/div>\n<div>Dans la logistique, on l&rsquo;utilise pour suivre les remorques fixes ou mobiles et les conteneurs. Dans le b\u00e2timent et le secteur du recyclage, on l&rsquo;installe sur les conteneurs de d\u00e9chets, les presses ou les \u00e9quipements de construction.<\/div>\n<div class=\"gl_space_top30\"><\/div>\n<div class=\"gl_h4big\">M\u00e9moire de licence<\/div>\n<div class=\"gl_h7\"><a href=\"https:\/\/www.enaikoon.com\/fileadmin\/enaikoon_2011\/DEVICES\/Locate_series\/locate-18\/Diebstahlsicherung_von_Rohholz_mittels_GPS_gestuetzter_Verfahren.pdf\" target=\"_blank\" rel=\"nofollow\" noreferrer\">Diebstahlsicherung von Rohholz mittels GPS-gest\u00fctzter Verfahren<\/a><\/div>\n<div class=\"gl_h8\">pour le cours \u00ab Forstwirtschaft \u00bb (l&rsquo;exploitation foresti\u00e8re) \u00e0 la Hochschule f\u00fcr angewandte Wissenschaft und Kunst (l&rsquo;Ecole sup\u00e9rieure des arts et des sciences appliqu\u00e9es) de G\u00f6ttingen\n\u00e9crit par Tim Eickmann, 02.05.2012<\/div>\n<div class=\"gl_h9\">Ce m\u00e9moire de licence ne peut \u00eatre publi\u00e9 que dans la version soumise par l&rsquo;auteur. Toute r\u00e9vision, modification ou action similaire est interdite. Toute autre utilisation du document doit \u00eatre approuv\u00e9e par l&rsquo;auteur.<\/div>\n<\/div>\n\n<div class=\"col-md-4\">\n<div class=\"gl_h4big\">Caract\u00e9ristiques principales<\/div>\n<ul class=\"gl_space_ul2\" type=\"square\">\n \t<li class=\"gl_space_li\">envoi des positions GPS et d&rsquo;au moins un rapport par jour<\/li>\n \t<li class=\"gl_space_li\">affichage des trackables en temps r\u00e9el sur la carte d\u2019inViu<\/li>\n \t<li class=\"gl_space_li\">longue autonomie, variable en fonction de la batterie : choisissez s\u00e9par\u00e9ment celle qui vous convient le mieux<\/li>\n \t<li class=\"gl_space_li\">installation du bo\u00eetier avec vis ou aimants (fournis)<\/li>\n \t<li class=\"gl_space_li\">existe en version inject\u00e9e de r\u00e9sine epoxy, pour une r\u00e9sistance optimale aux charges et aux vibrations m\u00e9caniques<\/li>\n<\/ul>\n<div><\/div>\n<div class=\"gl_h4big\">D\u00e9tails techniques<\/div>\n<div class=\"gl_ul_style3\">\n<ul>\n \t<li>dimensions : 150 x 41 x 80 mm<\/li>\n \t<li>poids : 480 g<\/li>\n \t<li>antenne GPS et GSM int\u00e9gr\u00e9e<\/li>\n \t<li>autonomie de la batterie : 10 ans (pour un rapport de position par jour)<\/li>\n \t<li>bo\u00eetier robuste et \u00e9tanche (IP66K)<\/li>\n \t<li>d\u00e9tecteur de mouvement par acc\u00e9l\u00e9rom\u00e8tre, pour \u00e9conomiser la batterie<\/li>\n \t<li>disponible en version inject\u00e9e de r\u00e9sine epoxy<\/li>\n \t<li>fabriqu\u00e9 en Allemagne<\/li>\n<\/ul>\n<\/div>\n<\/div>\n\n<div class=\"col-md-4\">\n<div class=\"gl_h4big\">Combinaisons<\/div>\n<div>ENAiKOON locate-15 + <a href=\"https:\/\/www.enaikoon.com\/fr\/logiciel\/inviu-web\/\">inViu web<\/a> = un suivi GPS minutieux, alerte et mise \u00e0 jour en temps r\u00e9el du gardiennage virtuel, alerte batterie et affichage des 100 derni\u00e8res positions du trackable<\/div>\n<div><\/div>\n<div>ENAiKOON locate-15 + <a href=\"https:\/\/www.enaikoon.com\/fr\/logiciel\/inviu-pro\/\">inViu pro<\/a> = un suivi GPS minutieux, gestion du gardiennage virtuel, alerte batterie, envoi automatique de rapports sur l&rsquo;activit\u00e9 des v\u00e9hicules, d\u00e9tail des heures de service, horaires des pauses, et estimation des co\u00fbts. Un aper\u00e7u global et complet de votre \u00e9quipement pour gagner du temps et \u00e9conomiser de l&rsquo;argent !<\/div>\n<div><\/div>\n<div class=\"gl_h4big\">Logiciels pour t\u00e9l\u00e9phone mobile<\/div>\n<ul class=\"gl_space_ul2\" type=\"square\">\n \t<li class=\"gl_space_li\"><a href=\"https:\/\/www.enaikoon.com\/fr\/mobile\/plugins\/routes\/\">inViu routes<\/a>\naffiche la position de l&rsquo;ensemble des trackables directement sur votre Android, et envoie la position actuelle du t\u00e9l\u00e9phone \u00e0 <a href=\"https:\/\/www.enaikoon.com\/fr\/logiciel\/inviu-web\/\">inViu web<\/a> ou <a href=\"https:\/\/www.enaikoon.com\/fr\/logiciel\/inviu-pro\/\">inViu pro<\/a><\/li>\n<\/ul>\n<div><a class=\"gl_button_grey\" href=\"https:\/\/www.enaikoon.com\/fileadmin\/enaikoon\/Dateien\/pdf\/Datenblatt\/locate-15\/franz\/ENAiKOON_locate-15_Fiches_Produits.pdf\" target=\"_blank\" rel=\"nofollow\" noreferrer\">T\u00e9l\u00e9charger le PDF<\/a><\/div>\n<div><a class=\"gl_button_blue\" href=\"https:\/\/www.enaikoon.com\/fr\/contact\/contact\/\">Nous contacter<\/a><\/div>\n<\/div>\n<div class=\"gl_row_space\"><\/div>\n<\/div>\n<\/div>","protected":false},"excerpt":{"rendered":"<p> [&hellip;]<\/p>\n","protected":false},"author":7,"featured_media":0,"parent":8431,"menu_order":0,"comment_status":"closed","ping_status":"closed","template":"","meta":{"footnotes":""},"acf":[],"_links":{"self":[{"href":"https:\/\/www.enaikoon.com\/fr\/wp-json\/wp\/v2\/pages\/8439"}],"collection":[{"href":"https:\/\/www.enaikoon.com\/fr\/wp-json\/wp\/v2\/pages"}],"about":[{"href":"https:\/\/www.enaikoon.com\/fr\/wp-json\/wp\/v2\/types\/page"}],"author":[{"embeddable":true,"href":"https:\/\/www.enaikoon.com\/fr\/wp-json\/wp\/v2\/users\/7"}],"replies":[{"embeddable":true,"href":"https:\/\/www.enaikoon.com\/fr\/wp-json\/wp\/v2\/comments?post=8439"}],"version-history":[{"count":15,"href":"https:\/\/www.enaikoon.com\/fr\/wp-json\/wp\/v2\/pages\/8439\/revisions"}],"predecessor-version":[{"id":18989,"href":"https:\/\/www.enaikoon.com\/fr\/wp-json\/wp\/v2\/pages\/8439\/revisions\/18989"}],"up":[{"embeddable":true,"href":"https:\/\/www.enaikoon.com\/fr\/wp-json\/wp\/v2\/pages\/8431"}],"wp:attachment":[{"href":"https:\/\/www.enaikoon.com\/fr\/wp-json\/wp\/v2\/media?parent=8439"}],"curies":[{"name":"wp","href":"https:\/\/api.w.org\/{rel}","templated":true}]}}