{"id":8437,"date":"2016-08-15T05:50:34","date_gmt":"2016-08-15T05:50:34","guid":{"rendered":"https:\/\/www.enaikoon.com\/fr\/?page_id=8437"},"modified":"2023-11-26T11:58:48","modified_gmt":"2023-11-26T11:58:48","slug":"locate-06","status":"publish","type":"page","link":"https:\/\/www.enaikoon.com\/fr\/modules-gps\/gamme-locate\/locate-06\/","title":{"rendered":"locate-06"},"content":{"rendered":"<div class=\"gl_slide_scroll_box\">\n<div class=\"gl_scroll_box\">\n<ul>\n \t<li><a class=\"gl_scroll_link_title\" title=\"locate-04\" href=\"https:\/\/www.enaikoon.com\/fr\/modules-gps\/gamme-locate\/locate-04\/\">locate-04<\/a><a title=\"locate-04\" href=\"https:\/\/www.enaikoon.com\/fr\/modules-gps\/gamme-locate\/locate-04\/\"><img decoding=\"async\" class=\"gl_scroll_link_img\" src=\"https:\/\/www.enaikoon.com\/wp-content\/uploads\/2016\/07\/locate4.png\" alt=\"\" border=\"0\"><\/a><\/li>\n \t<li><a class=\"gl_scroll_link_title\" title=\"locate-06\" href=\"https:\/\/www.enaikoon.com\/fr\/modules-gps\/gamme-locate\/locate-06\/\">locate-06<\/a><a title=\"locate-03\" href=\"https:\/\/www.enaikoon.com\/fr\/modules-gps\/gamme-locate\/locate-06\/\"><img decoding=\"async\" class=\"gl_scroll_link_img_active\" src=\"https:\/\/www.enaikoon.com\/wp-content\/uploads\/2016\/07\/locate6.png\" alt=\"\" border=\"0\"><\/a><\/li>\n \t<li><a class=\"gl_scroll_link_title\" title=\"locate-15\" href=\"https:\/\/www.enaikoon.com\/fr\/modules-gps\/gamme-locate\/locate-15\/\">locate-15<\/a><a title=\"locate-15\" href=\"https:\/\/www.enaikoon.com\/fr\/modules-gps\/gamme-locate\/locate-15\/\"><img decoding=\"async\" class=\"gl_scroll_link_img\" src=\"https:\/\/www.enaikoon.com\/wp-content\/uploads\/2016\/07\/locate15.png\" alt=\"\" border=\"0\"><\/a><\/li>\n \t<li><a class=\"gl_scroll_link_title\" title=\"locate-17\" href=\"https:\/\/www.enaikoon.com\/fr\/modules-gps\/gamme-locate\/locate-17\/\">locate-17<\/a><a title=\"locate-17\" href=\"https:\/\/www.enaikoon.com\/fr\/modules-gps\/gamme-locate\/locate-17\/\"><img decoding=\"async\" class=\"gl_scroll_link_img\" src=\"https:\/\/www.enaikoon.com\/wp-content\/uploads\/2016\/07\/locate17.png\" alt=\"\" border=\"0\"><\/a><\/li>\n \t<li><a class=\"gl_scroll_link_title\" title=\"locate-19\" href=\"https:\/\/www.enaikoon.com\/fr\/modules-gps\/gamme-locate\/locate-19\/\">locate-19<\/a><a title=\"locate-19\" href=\"https:\/\/www.enaikoon.com\/fr\/modules-gps\/gamme-locate\/locate-19\/\"><img decoding=\"async\" class=\"gl_scroll_link_img\" src=\"https:\/\/www.enaikoon.com\/wp-content\/uploads\/2016\/07\/locate19.png\" alt=\"\" border=\"0\"><\/a><\/li>\n \t<li><a class=\"gl_scroll_link_title\" title=\"locate-20\" href=\"https:\/\/www.enaikoon.com\/fr\/modules-gps\/gamme-locate\/locate-20\/\">locate-20<\/a><a title=\"locate-20\" href=\"https:\/\/www.enaikoon.com\/fr\/modules-gps\/gamme-locate\/locate-20\/\"><img decoding=\"async\" class=\"gl_scroll_link_img\" src=\"https:\/\/www.enaikoon.com\/wp-content\/uploads\/2021\/06\/l-20.jpg\" alt=\"\" border=\"0\"><\/a><\/li>\n<\/ul>\n<\/div>\n<\/div>\n<div class=\"row\">\n<div class=\"gl_border-page\">\n\n<div class=\"col-md-4\">\n<div class=\"gl_h2big\">ENAiKOON\nlocate-06<\/div>\n<div class=\"clearfix\"><a title=\"ENAiKOON locate-06\" rel=\"nofollow\" href=\"https:\/\/www.enaikoon.com\/wp-content\/uploads\/2016\/07\/Locate_L6_inactive_368x300_04.png\"><img decoding=\"async\" class=\"gl_space_bottom10\" src=\"https:\/\/www.enaikoon.com\/wp-content\/uploads\/2016\/07\/9ff7421a37.png\" alt=\"ENAiKOON locate-06\" border=\"0\" align=\"left\"><\/a><\/div>\n<div class=\"gl_h5-italic\">Le module <strong>ENAiKOON locate-06<\/strong> combine un r\u00e9cepteur GPS et un module GPRS pour g\u00e9olocaliser des biens (camions, voitures, bateaux&#8230;) tout en pouvant communiquer par SMS. Ces fonctionnalit\u00e9s permettent \u00e0 l&rsquo;utilisateur de parfaitement contr\u00f4ler ses objets mobiles, afin d&rsquo;am\u00e9liorer l&rsquo;efficacit\u00e9 de ses op\u00e9rations, \u00e0 peu de frais !<\/div>\n<div>&nbsp;<\/div>\n<div class=\"gl_h4big\">Sur le terrain<\/div>\n<div>Ce module est principalement utilis\u00e9 par les agences de coursiers et les secteurs du transport et la logistique. Il se r\u00e9v\u00e8le aussi tr\u00e8s utile sur les v\u00e9hicules prioritaires, comme les ambulances ou les camions de pompiers. Il est \u00e9galement utilis\u00e9 par le BTP et l&rsquo;agriculture, pour la construction et l&rsquo;\u00e9quipement.<\/div>\n<div>&nbsp;<\/div>\n<div class=\"gl_h4big\">Version am\u00e9lior\u00e9e du produit<\/div>\n<div class=\"gl_space_top10\"><a title=\"ENAiKOON locate-06 with CAN-bus interface\" rel=\"nofollow\" href=\"https:\/\/www.enaikoon.com\/wp-content\/uploads\/2016\/07\/Locate_L6_inactive_368x300_03.png\"><img decoding=\"async\" class=\"gl_space_right10\" src=\"https:\/\/www.enaikoon.com\/wp-content\/uploads\/2016\/07\/d898c4f4ab.png\" alt=\"ENAiKOON locate-06 with CAN-bus interface\" border=\"0\" align=\"left\"><\/a><\/div>\n<div>Une interface CAN-bus pour le module <strong>ENAiKOON locate-06<\/strong><\/div>\n<\/div>\n\n<div class=\"col-md-4\">\n<div class=\"gl_h4big\">Caract\u00e9ristiques principales<\/div>\n<ul class=\"gl_space_ul2\" type=\"square\">\n \t<li style=\"list-style-type: none;\">\n<ul class=\"gl_space_ul2\" type=\"square\">\n \t<li class=\"gl_space_li\">transmission pr\u00e9cise des positions GPS avec l&rsquo;adresse et la vitesse de l&rsquo;objet en mouvement<\/li>\n<\/ul>\n<\/li>\n<\/ul>\n<ul class=\"gl_space_ul2\" type=\"square\">\n \t<li style=\"list-style-type: none;\">\n<ul class=\"gl_space_ul2\" type=\"square\">\n \t<li class=\"gl_space_li\">envoi de messages au syst\u00e8me de navigation \u00e0 partir du centre de contr\u00f4le<\/li>\n<\/ul>\n<\/li>\n<\/ul>\n<ul class=\"gl_space_ul2\" type=\"square\">\n \t<li style=\"list-style-type: none;\">\n<ul class=\"gl_space_ul2\" type=\"square\">\n \t<li class=\"gl_space_li\">alertes et rapports planifi\u00e9s pour am\u00e9liorer la coordination et la gestion de la flotte<\/li>\n<\/ul>\n<\/li>\n<\/ul>\n<ul class=\"gl_space_ul2\" type=\"square\">\n \t<li style=\"list-style-type: none;\">\n<ul class=\"gl_space_ul2\" type=\"square\">\n \t<li class=\"gl_space_li\">enregistrement des heures d&rsquo;activit\u00e9 des machines et des heures de service du personnel<\/li>\n<\/ul>\n<\/li>\n<\/ul>\n<div>&nbsp;<\/div>\n<div class=\"gl_h4big\">D\u00e9tails techniques<\/div>\n<div class=\"gl_ul_style3\">\n<ul>\n \t<li style=\"list-style-type: none;\">\n<ul>\n \t<li>dimensions : 80 x 67 x 20 mm<\/li>\n \t<li>poids : 145 g<\/li>\n \t<li>4 entr\u00e9es num\u00e9riques (pour les informations concernant la mise en marche, l&rsquo;arr\u00eat, la dur\u00e9e de l&rsquo;activit\u00e9 des machines, etc.)<\/li>\n \t<li>4 sorties num\u00e9riques (160 mA)<\/li>\n \t<li>d\u00e9tecteur de mouvement par acc\u00e9l\u00e9rom\u00e8tre<\/li>\n \t<li>1 c\u00e2ble pour le driver-id et le temp-sensor<\/li>\n \t<li>prise de connexion pour l&rsquo;ENAiKOON display<\/li>\n \t<li>prise de connexion pour l&rsquo;ENAiKOON camera<\/li>\n \t<li>prise de connexion pour l&rsquo;ENAiKOON fuel-tracker<\/li>\n \t<li>3 interfaces de s\u00e9rie<\/li>\n \t<li>65 canaux r\u00e9cepteurs GPS<\/li>\n \t<li>modem GSM quadribande<\/li>\n \t<li>batterie d&rsquo;urgence de 1100 mA\/h<\/li>\n \t<li>approuv\u00e9 par E-4<\/li>\n \t<li>alimentation : 8 V &#8211; 32 V DC<\/li>\n \t<li>fabriqu\u00e9 en Allemagne<\/li>\n<\/ul>\n<\/li>\n<\/ul>\n<\/div>\n<\/div>\n\n<div class=\"col-md-4\">\n<div class=\"gl_h4big\">Combinaisons<\/div>\n<div>ENAiKOON locate-06 + <a href=\"https:\/\/www.enaikoon.com\/fr\/modules-gps\/accessoires\/driver-id\/\">ENAiKOON driver-id<\/a> + <a href=\"https:\/\/www.enaikoon.com\/fr\/modules-gps\/accessoires\/buzzer\/\">buzzer<\/a> + <a href=\"https:\/\/www.enaikoon.com\/fr\/logiciel\/plugins\/staff-tracker\/\">ENAiKOON staff-tracker<\/a> + <a href=\"https:\/\/www.enaikoon.com\/fr\/logiciel\/inviu-pro\/\">inViu pro<\/a> = g\u00e9olocalisation pr\u00e9cise par GPS et rapports sur un v\u00e9hicule et \/ ou sur la flotte, pour gagner du temps et \u00e9conomiser de l&rsquo;argent<\/div>\n<div>&nbsp;<\/div>\n<div>ENAiKOON locate-06 + <a href=\"https:\/\/www.enaikoon.com\/fr\/modules-gps\/accessoires\/display\/\">ENAiKOON display<\/a> + <a href=\"https:\/\/www.enaikoon.com\/fr\/logiciel\/plugins\/messenger\/\">ENAiKOON messenger<\/a> + <a href=\"https:\/\/www.enaikoon.com\/fr\/logiciel\/inviu-pro\/\">inViu pro<\/a> = meilleure communication et meilleure transmission des ordres, pour accro\u00eetre la productivit\u00e9 et r\u00e9duire les frais<\/div>\n<div>&nbsp;<\/div>\n<div>ENAiKOON locate-06 + <a href=\"https:\/\/www.enaikoon.com\/fr\/logiciel\/plugins\/fuel-tracker\/\">ENAiKOON fuel-tracker<\/a> + <a href=\"https:\/\/www.enaikoon.com\/fr\/logiciel\/inviu-pro\/\">inViu pro<\/a> = surveillance en temps r\u00e9el du niveau des r\u00e9servoirs des v\u00e9hicules \/ mat\u00e9riel de chantier et protection contre le vol de carburant<\/div>\n<div>&nbsp;<\/div>\n<div>ENAiKOON locate-06 + <a href=\"https:\/\/www.enaikoon.com\/fr\/logiciel\/plugins\/can-66\/\">ENAiKOON can-66<\/a> + <a href=\"https:\/\/www.enaikoon.com\/fr\/logiciel\/inviu-pro\/\">inViu pro<\/a> = r\u00e9duction des r\u00e9parations impr\u00e9vues et analyse de la conduite des chauffeurs, pour r\u00e9duire les d\u00e9penses en carburant jusqu&rsquo;\u00e0 10 %<\/div>\n<div>&nbsp;<\/div>\n<div class=\"gl_h4big\">Accessoires en option<\/div>\n<ul class=\"gl_space_ul2\">\n \t<li style=\"list-style-type: none;\">\n<ul class=\"gl_space_ul2\">\n \t<li class=\"gl_space_li\"><a href=\"https:\/\/www.enaikoon.com\/fr\/logiciel\/plugins\/fuel-tracker\/\">ENAiKOON fuel-tracker cable<\/a><\/li>\n<\/ul>\n<\/li>\n<\/ul>\n<ul class=\"gl_space_ul2\">\n \t<li style=\"list-style-type: none;\">\n<ul class=\"gl_space_ul2\">\n \t<li class=\"gl_space_li\"><a href=\"https:\/\/www.enaikoon.com\/fr\/modules-gps\/accessoires\/driver-id\/\">ENAiKOON driver-id<\/a><\/li>\n<\/ul>\n<\/li>\n<\/ul>\n<ul class=\"gl_space_ul2\">\n \t<li style=\"list-style-type: none;\">\n<ul class=\"gl_space_ul2\">\n \t<li class=\"gl_space_li\"><a href=\"https:\/\/www.enaikoon.com\/fr\/modules-gps\/accessoires\/buzzer\/\">ENAiKOON buzzer<\/a><\/li>\n<\/ul>\n<\/li>\n<\/ul>\n<ul class=\"gl_space_ul2\">\n \t<li style=\"list-style-type: none;\">\n<ul class=\"gl_space_ul2\">\n \t<li class=\"gl_space_li\"><a href=\"https:\/\/www.enaikoon.com\/fr\/modules-gps\/accessoires\/display\/\">ENAiKOON display<\/a><\/li>\n<\/ul>\n<\/li>\n<\/ul>\n<ul class=\"gl_space_ul2\">\n \t<li style=\"list-style-type: none;\">\n<ul class=\"gl_space_ul2\">\n \t<li class=\"gl_space_li\"><a href=\"https:\/\/www.enaikoon.com\/fr\/modules-gps\/accessoires\/temp-sensor\/\">ENAiKOON temp-sensor<\/a><\/li>\n<\/ul>\n<\/li>\n<\/ul>\n<ul class=\"gl_space_ul2\">\n \t<li style=\"list-style-type: none;\">\n<ul class=\"gl_space_ul2\">\n \t<li class=\"gl_space_li\"><a href=\"https:\/\/www.enaikoon.com\/fr\/modules-gps\/accessoires\/antenna\/\">ENAiKOON antenna<\/a><\/li>\n<\/ul>\n<\/li>\n<\/ul>\n<ul class=\"gl_space_ul2\">\n \t<li style=\"list-style-type: none;\">\n<ul class=\"gl_space_ul2\">\n \t<li class=\"gl_space_li\"><a href=\"https:\/\/www.enaikoon.com\/fr\/modules-gps\/accessoires\/camera\/\">ENAiKOON camera<\/a><\/li>\n<\/ul>\n<\/li>\n<\/ul>\n<div>&nbsp;<\/div>\n<div class=\"gl_h4big\">Logiciels pour t\u00e9l\u00e9phone mobile<\/div>\n<ul class=\"gl_space_ul2\">\n \t<li style=\"list-style-type: none;\">\n<ul class=\"gl_space_ul2\">\n \t<li class=\"gl_space_li\"><a href=\"https:\/\/www.enaikoon.com\/fr\/mobile\/plugins\/routes\/\">inViu routes<\/a>\naffiche la position de l&rsquo;ensemble des trackables directement sur votre Android et envoie la position actuelle du t\u00e9l\u00e9phone mobile sur <a href=\"https:\/\/www.enaikoon.com\/fr\/logiciel\/inviu-web\/\">inViu web<\/a> ou <a href=\"https:\/\/www.enaikoon.com\/fr\/logiciel\/inviu-pro\/\">inViu pro<\/a><\/li>\n<\/ul>\n<\/li>\n<\/ul>\n<ul class=\"gl_space_ul2\">\n \t<li style=\"list-style-type: none;\">\n<ul class=\"gl_space_ul2\">\n \t<li class=\"gl_space_li\"><a href=\"https:\/\/www.enaikoon.com\/fr\/mobile\/plugins\/nfc-tracker\/\">inViu NFC-tracker<\/a>\nenregistre les heures de service du personnel sur votre Android et sur l&rsquo;ENAiKOON staff-tracker<\/li>\n<\/ul>\n<\/li>\n<\/ul>\n<div><a class=\"gl_button_grey\" href=\"https:\/\/www.enaikoon.com\/fileadmin\/enaikoon\/Dateien\/pdf\/Datenblatt\/locate-06\/franz\/ENAiKOON_locate-06_Fiches_Produits.pdf\" target=\"_blank\" rel=\"nofollow\" noreferrer\">T\u00e9l\u00e9charger le PDF<\/a><\/div>\n<div><a class=\"gl_button_blue\" href=\"https:\/\/www.enaikoon.com\/fr\/contact\/contact\/\">Nous contacter<\/a><\/div>\n<\/div>\n<div class=\"gl_row_space\">&nbsp;<\/div>\n<\/div>\n<\/div>","protected":false},"excerpt":{"rendered":"<p> [&hellip;]<\/p>\n","protected":false},"author":7,"featured_media":0,"parent":8431,"menu_order":0,"comment_status":"closed","ping_status":"closed","template":"","meta":{"footnotes":""},"acf":[],"_links":{"self":[{"href":"https:\/\/www.enaikoon.com\/fr\/wp-json\/wp\/v2\/pages\/8437"}],"collection":[{"href":"https:\/\/www.enaikoon.com\/fr\/wp-json\/wp\/v2\/pages"}],"about":[{"href":"https:\/\/www.enaikoon.com\/fr\/wp-json\/wp\/v2\/types\/page"}],"author":[{"embeddable":true,"href":"https:\/\/www.enaikoon.com\/fr\/wp-json\/wp\/v2\/users\/7"}],"replies":[{"embeddable":true,"href":"https:\/\/www.enaikoon.com\/fr\/wp-json\/wp\/v2\/comments?post=8437"}],"version-history":[{"count":14,"href":"https:\/\/www.enaikoon.com\/fr\/wp-json\/wp\/v2\/pages\/8437\/revisions"}],"predecessor-version":[{"id":18988,"href":"https:\/\/www.enaikoon.com\/fr\/wp-json\/wp\/v2\/pages\/8437\/revisions\/18988"}],"up":[{"embeddable":true,"href":"https:\/\/www.enaikoon.com\/fr\/wp-json\/wp\/v2\/pages\/8431"}],"wp:attachment":[{"href":"https:\/\/www.enaikoon.com\/fr\/wp-json\/wp\/v2\/media?parent=8437"}],"curies":[{"name":"wp","href":"https:\/\/api.w.org\/{rel}","templated":true}]}}