{"id":8429,"date":"2016-08-15T05:48:07","date_gmt":"2016-08-15T05:48:07","guid":{"rendered":"https:\/\/www.enaikoon.com\/fr\/?page_id=8429"},"modified":"2023-11-26T08:28:02","modified_gmt":"2023-11-26T08:28:02","slug":"modules-gps","status":"publish","type":"page","link":"https:\/\/www.enaikoon.com\/fr\/modules-gps\/","title":{"rendered":"modules GPS"},"content":{"rendered":"\n\t\t\t<!-- START devices_fr REVOLUTION SLIDER 6.6.16 --><p class=\"rs-p-wp-fix\"><\/p>\n\t\t\t<rs-module-wrap id=\"rev_slider_73_1_wrapper\" data-source=\"gallery\" style=\"visibility:hidden;background:transparent;padding:0;margin:0px auto;margin-top:0;margin-bottom:0;\">\n\t\t\t\t<rs-module id=\"rev_slider_73_1\" style=\"\" data-version=\"6.6.16\">\n\t\t\t\t\t<rs-slides style=\"overflow: hidden; position: absolute;\">\n\t\t\t\t\t\t<rs-slide style=\"position: absolute;\" data-key=\"rs-103\" data-title=\"device1\" data-thumb=\"\/\/www.enaikoon.com\/wp-content\/uploads\/2016\/07\/2fec6fb0ea.jpg\" data-link=\"\/fr\/modules-gps\/gamme-locate\/locate-03\/\" data-tag=\"l\" data-target=\"_self\" data-seoz=\"front\" data-anim=\"adpr:false;\">\n\t\t\t\t\t\t\t<img src=\"\/\/www.enaikoon.com\/wp-content\/plugins\/revslider\/public\/assets\/assets\/dummy.png\" alt=\"\" title=\"modules GPS\" class=\"rev-slidebg tp-rs-img rs-lazyload\" data-lazyload=\"\/\/www.enaikoon.com\/wp-content\/uploads\/2016\/07\/2fec6fb0ea.jpg\" data-no-retina>\n<!--\n\t\t\t\t\t\t\t--><rs-layer\n\t\t\t\t\t\t\t\tid=\"slider-73-slide-103-layer-1\" \n\t\t\t\t\t\t\t\tdata-type=\"image\"\n\t\t\t\t\t\t\t\tdata-rsp_ch=\"on\"\n\t\t\t\t\t\t\t\tdata-text=\"l:22;\"\n\t\t\t\t\t\t\t\tdata-dim=\"w:998px;h:300px;\"\n\t\t\t\t\t\t\t\tdata-frame_0=\"tp:600;\"\n\t\t\t\t\t\t\t\tdata-frame_1=\"tp:600;e:power2.inOut;st:500;\"\n\t\t\t\t\t\t\t\tdata-frame_999=\"o:0;tp:600;e:nothing;st:w;\"\n\t\t\t\t\t\t\t\tstyle=\"z-index:5;\"\n\t\t\t\t\t\t\t><img src=\"\/\/www.enaikoon.com\/wp-content\/plugins\/revslider\/public\/assets\/assets\/dummy.png\" alt=\"\" class=\"tp-rs-img rs-lazyload\" data-lazyload=\"\/wp-content\/uploads\/2016\/07\/2fec6fb0ea.jpg\" data-no-retina> \n\t\t\t\t\t\t\t<\/rs-layer><!--\n\n\t\t\t\t\t\t\t--><rs-layer\n\t\t\t\t\t\t\t\tid=\"slider-73-slide-103-layer-2\" \n\t\t\t\t\t\t\t\tclass=\"big-white-text\"\n\t\t\t\t\t\t\t\tdata-type=\"text\"\n\t\t\t\t\t\t\t\tdata-color=\"rgba(255,255,255,1)\"\n\t\t\t\t\t\t\t\tdata-rsp_ch=\"on\"\n\t\t\t\t\t\t\t\tdata-xy=\"x:585px;y:114px;\"\n\t\t\t\t\t\t\t\tdata-text=\"s:32;l:36;fw:700;\"\n\t\t\t\t\t\t\t\tdata-frame_0=\"y:50px;tp:600;\"\n\t\t\t\t\t\t\t\tdata-frame_1=\"tp:600;e:power2.inOut;st:800;sp:500;\"\n\t\t\t\t\t\t\t\tdata-frame_999=\"o:1;tp:600;e:nothing;st:w;\"\n\t\t\t\t\t\t\t\tstyle=\"z-index:6;font-family:'Myriad Pro';\"\n\t\t\t\t\t\t\t>Un module GPS pour<br>chaque situation \n\t\t\t\t\t\t\t<\/rs-layer><!--\n\n\t\t\t\t\t\t\t--><rs-layer\n\t\t\t\t\t\t\t\tid=\"slider-73-slide-103-layer-3\" \n\t\t\t\t\t\t\t\tclass=\"small-brown-text2\"\n\t\t\t\t\t\t\t\tdata-type=\"text\"\n\t\t\t\t\t\t\t\tdata-color=\"rgba(102,102,102,1)\"\n\t\t\t\t\t\t\t\tdata-rsp_ch=\"on\"\n\t\t\t\t\t\t\t\tdata-xy=\"x:586px;y:194px;\"\n\t\t\t\t\t\t\t\tdata-text=\"s:16;l:20;\"\n\t\t\t\t\t\t\t\tdata-frame_0=\"y:50px;tp:600;\"\n\t\t\t\t\t\t\t\tdata-frame_1=\"tp:600;e:power2.inOut;st:800;sp:500;\"\n\t\t\t\t\t\t\t\tdata-frame_999=\"o:1;tp:600;e:nothing;st:w;\"\n\t\t\t\t\t\t\t\tstyle=\"z-index:7;font-family:'Myriad Pro';letter-spacing:0 !important;\"\n\t\t\t\t\t\t\t>La gamme locate propose une grande vari\u00e9t\u00e9<br>de modules, pour des solutions qui s'adaptent<br>\u00e0 tous vos besoins en g\u00e9olocalisation \n\t\t\t\t\t\t\t<\/rs-layer><!--\n-->\t\t\t\t\t\t<\/rs-slide>\n\t\t\t\t\t\t<rs-slide style=\"position: absolute;\" data-key=\"rs-104\" data-title=\"device2\" data-thumb=\"\/\/www.enaikoon.com\/wp-content\/uploads\/2016\/07\/0d9320313c.jpg\" data-link=\"\/fr\/modules-gps\/gamme-rfid\/rfid-tag\/\" data-tag=\"l\" data-target=\"_self\" data-seoz=\"front\" data-anim=\"adpr:false;\">\n\t\t\t\t\t\t\t<img src=\"\/\/www.enaikoon.com\/wp-content\/plugins\/revslider\/public\/assets\/assets\/dummy.png\" alt=\"\" title=\"modules GPS\" class=\"rev-slidebg tp-rs-img rs-lazyload\" data-lazyload=\"\/\/www.enaikoon.com\/wp-content\/uploads\/2016\/07\/0d9320313c.jpg\" data-no-retina>\n<!--\n\t\t\t\t\t\t\t--><rs-layer\n\t\t\t\t\t\t\t\tid=\"slider-73-slide-104-layer-1\" \n\t\t\t\t\t\t\t\tdata-type=\"image\"\n\t\t\t\t\t\t\t\tdata-rsp_ch=\"on\"\n\t\t\t\t\t\t\t\tdata-text=\"l:22;\"\n\t\t\t\t\t\t\t\tdata-dim=\"w:998px;h:300px;\"\n\t\t\t\t\t\t\t\tdata-frame_0=\"tp:600;\"\n\t\t\t\t\t\t\t\tdata-frame_1=\"tp:600;e:power2.inOut;st:500;\"\n\t\t\t\t\t\t\t\tdata-frame_999=\"o:0;tp:600;e:nothing;st:w;\"\n\t\t\t\t\t\t\t\tstyle=\"z-index:5;\"\n\t\t\t\t\t\t\t><img src=\"\/\/www.enaikoon.com\/wp-content\/plugins\/revslider\/public\/assets\/assets\/dummy.png\" alt=\"\" class=\"tp-rs-img rs-lazyload\" data-lazyload=\"\/wp-content\/uploads\/2016\/07\/0d9320313c.jpg\" data-no-retina> \n\t\t\t\t\t\t\t<\/rs-layer><!--\n\n\t\t\t\t\t\t\t--><rs-layer\n\t\t\t\t\t\t\t\tid=\"slider-73-slide-104-layer-2\" \n\t\t\t\t\t\t\t\tclass=\"big-white-text\"\n\t\t\t\t\t\t\t\tdata-type=\"text\"\n\t\t\t\t\t\t\t\tdata-color=\"rgba(255,255,255,1)\"\n\t\t\t\t\t\t\t\tdata-rsp_ch=\"on\"\n\t\t\t\t\t\t\t\tdata-xy=\"x:586px;y:114px;\"\n\t\t\t\t\t\t\t\tdata-text=\"s:32;l:36;fw:700;\"\n\t\t\t\t\t\t\t\tdata-frame_0=\"y:50px;tp:600;\"\n\t\t\t\t\t\t\t\tdata-frame_1=\"tp:600;e:power2.inOut;st:800;sp:500;\"\n\t\t\t\t\t\t\t\tdata-frame_999=\"o:1;tp:600;e:nothing;st:w;\"\n\t\t\t\t\t\t\t\tstyle=\"z-index:6;font-family:'Myriad Pro';\"\n\t\t\t\t\t\t\t>Marquer et surveiller <br\/>pour ne rien manquer \n\t\t\t\t\t\t\t<\/rs-layer><!--\n\n\t\t\t\t\t\t\t--><rs-layer\n\t\t\t\t\t\t\t\tid=\"slider-73-slide-104-layer-3\" \n\t\t\t\t\t\t\t\tclass=\"small-brown-text2\"\n\t\t\t\t\t\t\t\tdata-type=\"text\"\n\t\t\t\t\t\t\t\tdata-color=\"rgba(102,102,102,1)\"\n\t\t\t\t\t\t\t\tdata-rsp_ch=\"on\"\n\t\t\t\t\t\t\t\tdata-xy=\"x:586px;y:194px;\"\n\t\t\t\t\t\t\t\tdata-text=\"s:16;l:20;\"\n\t\t\t\t\t\t\t\tdata-frame_0=\"y:50px;tp:600;\"\n\t\t\t\t\t\t\t\tdata-frame_1=\"tp:600;e:power2.inOut;st:800;sp:500;\"\n\t\t\t\t\t\t\t\tdata-frame_999=\"o:1;tp:600;e:nothing;st:w;\"\n\t\t\t\t\t\t\t\tstyle=\"z-index:7;font-family:'Myriad Pro';letter-spacing:0 !important;\"\n\t\t\t\t\t\t\t>En installant un RFID sur vos biens, vous les <br\/>contr\u00f4lerez \u00e0 distance et surveillerez leurs <br\/>performances \n\t\t\t\t\t\t\t<\/rs-layer><!--\n-->\t\t\t\t\t\t<\/rs-slide>\n\t\t\t\t\t\t<rs-slide style=\"position: absolute;\" data-key=\"rs-105\" data-title=\"device3\" data-thumb=\"\/\/www.enaikoon.com\/wp-content\/uploads\/2016\/07\/8f918eaa67.jpg\" data-link=\"\/fr\/modules-gps\/gamme-inmarsat\/inmarsat-600\/\" data-tag=\"l\" data-target=\"_self\" data-seoz=\"front\" data-anim=\"adpr:false;\">\n\t\t\t\t\t\t\t<img src=\"\/\/www.enaikoon.com\/wp-content\/plugins\/revslider\/public\/assets\/assets\/dummy.png\" alt=\"\" title=\"modules GPS\" class=\"rev-slidebg tp-rs-img rs-lazyload\" data-lazyload=\"\/\/www.enaikoon.com\/wp-content\/uploads\/2016\/07\/8f918eaa67.jpg\" data-no-retina>\n<!--\n\t\t\t\t\t\t\t--><rs-layer\n\t\t\t\t\t\t\t\tid=\"slider-73-slide-105-layer-1\" \n\t\t\t\t\t\t\t\tdata-type=\"image\"\n\t\t\t\t\t\t\t\tdata-rsp_ch=\"on\"\n\t\t\t\t\t\t\t\tdata-text=\"l:22;\"\n\t\t\t\t\t\t\t\tdata-dim=\"w:998px;h:300px;\"\n\t\t\t\t\t\t\t\tdata-frame_0=\"tp:600;\"\n\t\t\t\t\t\t\t\tdata-frame_1=\"tp:600;e:power2.inOut;st:500;\"\n\t\t\t\t\t\t\t\tdata-frame_999=\"o:0;tp:600;e:nothing;st:w;\"\n\t\t\t\t\t\t\t\tstyle=\"z-index:5;\"\n\t\t\t\t\t\t\t><img src=\"\/\/www.enaikoon.com\/wp-content\/plugins\/revslider\/public\/assets\/assets\/dummy.png\" alt=\"\" class=\"tp-rs-img rs-lazyload\" data-lazyload=\"\/wp-content\/uploads\/2016\/07\/8f918eaa67.jpg\" data-no-retina> \n\t\t\t\t\t\t\t<\/rs-layer><!--\n\n\t\t\t\t\t\t\t--><rs-layer\n\t\t\t\t\t\t\t\tid=\"slider-73-slide-105-layer-2\" \n\t\t\t\t\t\t\t\tclass=\"big-white-text\"\n\t\t\t\t\t\t\t\tdata-type=\"text\"\n\t\t\t\t\t\t\t\tdata-color=\"rgba(255,255,255,1)\"\n\t\t\t\t\t\t\t\tdata-rsp_ch=\"on\"\n\t\t\t\t\t\t\t\tdata-xy=\"x:586px;y:114px;\"\n\t\t\t\t\t\t\t\tdata-text=\"s:32;l:36;fw:700;\"\n\t\t\t\t\t\t\t\tdata-frame_0=\"y:50px;tp:600;\"\n\t\t\t\t\t\t\t\tdata-frame_1=\"tp:600;e:power2.inOut;st:800;sp:500;\"\n\t\t\t\t\t\t\t\tdata-frame_999=\"o:1;tp:600;e:nothing;st:w;\"\n\t\t\t\t\t\t\t\tstyle=\"z-index:6;font-family:'Myriad Pro';\"\n\t\t\t\t\t\t\t>Pour observer ses biens<br> de n'importe o\u00f9 \n\t\t\t\t\t\t\t<\/rs-layer><!--\n\n\t\t\t\t\t\t\t--><rs-layer\n\t\t\t\t\t\t\t\tid=\"slider-73-slide-105-layer-3\" \n\t\t\t\t\t\t\t\tclass=\"small-brown-text2\"\n\t\t\t\t\t\t\t\tdata-type=\"text\"\n\t\t\t\t\t\t\t\tdata-color=\"rgba(102,102,102,1)\"\n\t\t\t\t\t\t\t\tdata-rsp_ch=\"on\"\n\t\t\t\t\t\t\t\tdata-xy=\"x:586px;y:194px;\"\n\t\t\t\t\t\t\t\tdata-text=\"s:16;l:20;\"\n\t\t\t\t\t\t\t\tdata-frame_0=\"y:50px;tp:600;\"\n\t\t\t\t\t\t\t\tdata-frame_1=\"tp:600;e:power2.inOut;st:800;sp:500;\"\n\t\t\t\t\t\t\t\tdata-frame_999=\"o:1;tp:600;e:nothing;st:w;\"\n\t\t\t\t\t\t\t\tstyle=\"z-index:7;font-family:'Myriad Pro';letter-spacing:0 !important;\"\n\t\t\t\t\t\t\t>Si vous ne pouvez pas vous fier aux r\u00e9seaux terrestres,<br> fiez-vous aux modules Inmarsat...<br>ils communiquent avec 11 satellites \n\t\t\t\t\t\t\t<\/rs-layer><!--\n-->\t\t\t\t\t\t<\/rs-slide>\n\t\t\t\t\t<\/rs-slides>\n\t\t\t\t<\/rs-module>\n\t\t\t\t<script>\n\t\t\t\t\tsetREVStartSize({c: 'rev_slider_73_1',rl:[1240,1024,778,480],el:[],gw:[998],gh:[300],type:'standard',justify:'',layout:'fullwidth',mh:\"0\"});if (window.RS_MODULES!==undefined && window.RS_MODULES.modules!==undefined && window.RS_MODULES.modules[\"revslider731\"]!==undefined) {window.RS_MODULES.modules[\"revslider731\"].once = false;window.revapi73 = undefined;if (window.RS_MODULES.checkMinimal!==undefined) window.RS_MODULES.checkMinimal()}\n\t\t\t\t<\/script>\n\t\t\t<\/rs-module-wrap>\n\t\t\t<!-- END REVOLUTION SLIDER -->\n\n\n<div class=\"row\">\n<div class=\"gl_space_page\">\n\n<div class=\"col-md-4\">\n<div class=\"gl_h4big\"><a href=\"https:\/\/www.enaikoon.com\/fr\/modules-gps\/gamme-locate\/locate-04\/\">la gamme locate<\/a><\/div>\n<div><a title=\"Voir la gamme locate series\" href=\"https:\/\/www.enaikoon.com\/fr\/modules-gps\/gamme-locate\/locate-04\/\"><img decoding=\"async\" src=\"https:\/\/www.enaikoon.com\/wp-content\/uploads\/2016\/07\/3547849ec3.png\" alt=\"Voir la gamme locate series\" border=\"0\" \/><\/a><\/div>\n<div class=\"gl_space_top10 gl_space_right10\">Les modules ENAiKOON de la gamme locate sont fabriqu\u00e9s en Allemagne g\u00e9olocalisent par GPS et utilisent le r\u00e9seau GSM et GPRS pour le transfert de donn\u00e9es. Vous pourrez ainsi conna\u00eetre la position pr\u00e9cise de vos v\u00e9hicules ou de vos biens mobiles sur votre compte inViu en utilisant nos serveurs s\u00e9curis\u00e9s. Choisissez d\u00e8s maintenant le module GPS qui vous convient le mieux en parcourant notre <a title=\"Voir la gamme locate series\" href=\"https:\/\/www.enaikoon.com\/fr\/modules-gps\/gamme-locate\/locate-04\/\">gamme locate<\/a>.<\/div>\n<\/div>\n\n<div class=\"col-md-4\">\n<div class=\"gl_h4big\"><a href=\"https:\/\/www.enaikoon.com\/fr\/modules-gps\/gamme-rfid\/rfid-tag\/\">la gamme RFID<\/a><\/div>\n<div><a title=\"Voir la gamme RFID series\" href=\"https:\/\/www.enaikoon.com\/fr\/modules-gps\/gamme-rfid\/rfid-tag\/\"><img decoding=\"async\" src=\"https:\/\/www.enaikoon.com\/wp-content\/uploads\/2016\/07\/ba51fb33a2.png\" alt=\"Voir la gamme RFID series\" border=\"0\" \/><\/a><\/div>\n<div class=\"gl_space_top10 gl_space_right10\">En utilisant la technologie RFID (identification par radiofr\u00e9quence), les modules RFID d&rsquo;ENAiKOON enregistrent des donn\u00e9es sur les \u00e9tiquettes (ou TAG) install\u00e9es sur vos appareils mobiles, pour ensuite les transmettre au logiciel inViu via les fr\u00e9quences radio. Cette technologie vous permettra d&rsquo;identifier et de localiser votre personnel, vos marchandises ou votre \u00e9quipement \u00e0 tout moment et en toute simplicit\u00e9. Marquez vos biens et g\u00e9rez-les directement sur votre compte inViu gr\u00e2ce aux modules de la <a title=\"Voir la gamme RFID series\" href=\"https:\/\/www.enaikoon.com\/fr\/modules-gps\/gamme-rfid\/rfid-tag\/\">gamme RFID d&rsquo;ENAiKOON<\/a>.<\/div>\n<\/div>\n\n<div class=\"col-md-4\">\n<div class=\"gl_h4big\"><a href=\"https:\/\/www.enaikoon.com\/fr\/modules-gps\/gamme-inmarsat\/inmarsat-600\/\">la gamme Inmarsat<\/a><\/div>\n<div><a title=\"Voir la gamme Inmarsat series\" href=\"https:\/\/www.enaikoon.com\/fr\/modules-gps\/gamme-inmarsat\/inmarsat-600\/\"><img decoding=\"async\" src=\"https:\/\/www.enaikoon.com\/wp-content\/uploads\/2016\/07\/dbc687bdd4.png\" alt=\"Voir la gamme Inmarsat series\" border=\"0\" \/><\/a><\/div>\n<div class=\"gl_space_top10 gl_space_right10\">Les produits ENAiKOON de la gamme Inmarsat sont des modules performants, qui peuvent recueillir des donn\u00e9es n&rsquo;importe o\u00f9 dans le monde, m\u00eame en l&rsquo;absence de r\u00e9seau GSM ! <a title=\"Voir la gamme Inmarsat series\" href=\"https:\/\/www.enaikoon.com\/fr\/modules-gps\/gamme-inmarsat\/inmarsat-600\/\">En savoir plus sur la gamme Inmarsat<\/a>.<\/div>\n<\/div>\n<div class=\"gl_row_space\"><\/div>\n<div class=\"gl_line\"><\/div>\n<div class=\"col-md-12\">\n<div class=\"gl_device_text\"><a href=\"https:\/\/www.enaikoon.com\/fr\/modules-gps\/accessoires\/sim-card\/\">Les accessoires d&rsquo;ENAiKOON<\/a><\/div>\n<div class=\"gl_space_top10\"><a title=\"Les accessoires d'ENAiKOON\" href=\"https:\/\/www.enaikoon.com\/fr\/modules-gps\/accessoires\/sim-card\/\"><img decoding=\"async\" class=\"gl_space_bottom10\" src=\"https:\/\/www.enaikoon.com\/wp-content\/uploads\/2016\/07\/Accessories-banner-v2.jpg\" alt=\"Parmi nos nombreux accessoires, choisissez ceux qui compl\u00e8tent au mieux votre module ENAiKOON.\" align=\"left\" border=\"0\" \/><\/a><\/div>\n<div>Parmi nos nombreux accessoires, choisissez ceux qui compl\u00e8tent au mieux votre module ENAiKOON. Vous pouvez ajouter une interface pour la messagerie instantan\u00e9e, ou identifier plus rapidement votre personnel mobile gr\u00e2ce aux driver-id, ou vous pouvez ajouter des capteurs de temp\u00e9rature et de mouvement pour contr\u00f4ler vos machines et les performances de votre \u00e9quipement. Consultez <a title=\"ENAiKOON Accessoires\" href=\"https:\/\/www.enaikoon.com\/fr\/modules-gps\/accessoires\/sim-card\/\">la gamme compl\u00e8te de nos accessoires<\/a> pour perfectionner votre solution ENAiKOON.<\/div>\n<\/div>\n\n<\/div>\n<div class=\"gl_space_pagebot\"><\/div>\n<\/div>","protected":false},"excerpt":{"rendered":"","protected":false},"author":7,"featured_media":0,"parent":0,"menu_order":0,"comment_status":"closed","ping_status":"closed","template":"","meta":{"footnotes":""},"acf":[],"_links":{"self":[{"href":"https:\/\/www.enaikoon.com\/fr\/wp-json\/wp\/v2\/pages\/8429"}],"collection":[{"href":"https:\/\/www.enaikoon.com\/fr\/wp-json\/wp\/v2\/pages"}],"about":[{"href":"https:\/\/www.enaikoon.com\/fr\/wp-json\/wp\/v2\/types\/page"}],"author":[{"embeddable":true,"href":"https:\/\/www.enaikoon.com\/fr\/wp-json\/wp\/v2\/users\/7"}],"replies":[{"embeddable":true,"href":"https:\/\/www.enaikoon.com\/fr\/wp-json\/wp\/v2\/comments?post=8429"}],"version-history":[{"count":7,"href":"https:\/\/www.enaikoon.com\/fr\/wp-json\/wp\/v2\/pages\/8429\/revisions"}],"predecessor-version":[{"id":18981,"href":"https:\/\/www.enaikoon.com\/fr\/wp-json\/wp\/v2\/pages\/8429\/revisions\/18981"}],"wp:attachment":[{"href":"https:\/\/www.enaikoon.com\/fr\/wp-json\/wp\/v2\/media?parent=8429"}],"curies":[{"name":"wp","href":"https:\/\/api.w.org\/{rel}","templated":true}]}}