{"id":8427,"date":"2016-08-15T05:46:26","date_gmt":"2016-08-15T05:46:26","guid":{"rendered":"https:\/\/www.enaikoon.com\/fr\/?page_id=8427"},"modified":"2019-10-02T19:57:30","modified_gmt":"2019-10-02T19:57:30","slug":"tour-checker","status":"publish","type":"page","link":"https:\/\/www.enaikoon.com\/fr\/logiciel\/plugins\/tour-checker\/","title":{"rendered":"tour-checker"},"content":{"rendered":"<div class=\"gl_slide_scroll_box\">\n<div class=\"gl_scroll_box\">&nbsp;\n<ul>\n \t<li><a class=\"gl_scroll_link_title\" title=\"staff-tracker\" href=\"https:\/\/www.enaikoon.com\/fr\/logiciel\/plugins\/staff-tracker\/\">staff-tracker<\/a><a title=\"staff-tracker\" href=\"https:\/\/www.enaikoon.com\/fr\/logiciel\/plugins\/staff-tracker\/\"><img decoding=\"async\" class=\"gl_scroll_link_img\" src=\"https:\/\/www.enaikoon.com\/wp-content\/uploads\/2016\/07\/staff-tracker.png\" alt=\"\"><\/a><\/li>\n \t<li><a class=\"gl_scroll_link_title\" title=\"fuel-tracker\" href=\"https:\/\/www.enaikoon.com\/fr\/logiciel\/plugins\/fuel-tracker\/\">fuel-tracker<\/a><a title=\"fuel-tracker\" href=\"https:\/\/www.enaikoon.com\/fr\/logiciel\/plugins\/fuel-tracker\/\"><img decoding=\"async\" class=\"gl_scroll_link_img\" src=\"https:\/\/www.enaikoon.com\/wp-content\/uploads\/2016\/07\/fuel-tracker.png\" alt=\"\"><\/a><\/li>\n \t<li><a class=\"gl_scroll_link_title\" title=\"can-66\" href=\"https:\/\/www.enaikoon.com\/fr\/logiciel\/plugins\/can-66\/\">can-66<\/a><a title=\"can-66\" href=\"https:\/\/www.enaikoon.com\/fr\/logiciel\/plugins\/can-66\/\"><img decoding=\"async\" class=\"gl_scroll_link_img\" src=\"https:\/\/www.enaikoon.com\/wp-content\/uploads\/2016\/07\/can-66.png\" alt=\"\"><\/a><\/li>\n \t<li><a class=\"gl_scroll_link_title\" title=\"limit-checker\" href=\"https:\/\/www.enaikoon.com\/fr\/logiciel\/plugins\/limit-checker\/\">limit-checker<\/a><a title=\"limit-checker\" href=\"https:\/\/www.enaikoon.com\/fr\/logiciel\/plugins\/limit-checker\/\"><img decoding=\"async\" class=\"gl_scroll_link_img\" src=\"https:\/\/www.enaikoon.com\/wp-content\/uploads\/2016\/07\/limit-checker.png\" alt=\"\"><\/a><\/li>\n \t<li><a class=\"gl_scroll_link_title\" title=\"messenger\" href=\"https:\/\/www.enaikoon.com\/fr\/logiciel\/plugins\/messenger\/\">messenger<\/a><a title=\"messenger\" href=\"https:\/\/www.enaikoon.com\/fr\/logiciel\/plugins\/messenger\/\"><img decoding=\"async\" class=\"gl_scroll_link_img\" src=\"https:\/\/www.enaikoon.com\/wp-content\/uploads\/2016\/07\/messenger.png\" alt=\"\"><\/a><\/li>\n \t<li><a class=\"gl_scroll_link_title\" title=\"temp-checker\" href=\"https:\/\/www.enaikoon.com\/fr\/logiciel\/plugins\/temp-checker\/\">temp-checker<\/a><a title=\"temp-checker\" href=\"https:\/\/www.enaikoon.com\/fr\/logiciel\/plugins\/temp-checker\/\"><img decoding=\"async\" class=\"gl_scroll_link_img\" src=\"https:\/\/www.enaikoon.com\/wp-content\/uploads\/2016\/07\/temp-checker.png\" alt=\"\"><\/a><\/li>\n \t<li><a class=\"gl_scroll_link_title\" title=\"tour-checker\" href=\"https:\/\/www.enaikoon.com\/fr\/logiciel\/plugins\/tour-checker\/\">tour-checker<\/a>\n<a title=\"tour-checker\" href=\"https:\/\/www.enaikoon.com\/fr\/logiciel\/plugins\/tour-checker\/\"><img decoding=\"async\" class=\"gl_scroll_link_img_active\" src=\"https:\/\/www.enaikoon.com\/wp-content\/uploads\/2016\/07\/tour-checker.png\" alt=\"\"><\/a><\/li>\n<\/ul>\n<\/div>\n<\/div>\n<div class=\"row\">\n<div class=\"gl_border-page\">\n\n<div class=\"col-md-4\">\n<div><img decoding=\"async\" title=\"ENAiKOON tour-checker\" src=\"https:\/\/www.enaikoon.com\/wp-content\/uploads\/2016\/07\/4081ca9a94.png\" alt=\"ENAiKOON tour-checker\" align=\"left\"><\/div>\n<h2>&nbsp;ENAiKOON\n&nbsp;tour-checker<\/h2>\n<\/div>\n\n<div class=\"col-md-4\">\n<div>&nbsp;<\/div>\n<\/div>\n\n<div class=\"col-md-4\">\n<div>&nbsp;<\/div>\n<\/div>\n<div class=\"gl_row_space\">&nbsp;<\/div>\n<div class=\"col-md-4\">\n<div class=\"gl_h5-italic\">Le plugin <strong>ENAiKOON tour-checker<\/strong> permet de surveiller l&rsquo;avanc\u00e9e de votre flotte sur un trajet donn\u00e9 et de rep\u00e9rer les \u00e9ventuels retards. En cas de probl\u00e8me, vous pourrez r\u00e9agir rapidement et accomplir vos missions dans les temps, sans devoir multiplier les frais suppl\u00e9mentaires.<\/div>\n<div>&nbsp;<\/div>\n<div class=\"gl_h4big\">Sur le terrain<\/div>\n<div>D\u00e9j\u00e0 utilis\u00e9 par de nombreuses agences d&rsquo;entretien, de s\u00e9curit\u00e9, dans la logistique, les transports publics, le secteur m\u00e9dical et hospitalier.<\/div>\n<\/div>\n\n<div class=\"col-md-4\">\n<div class=\"gl_h4big\">Caract\u00e9ristiques principales<\/div>\n<ul class=\"gl_space_ul2\" type=\"square\">\n \t<li class=\"gl_space_li\"><strong>calcul des itin\u00e9raires<\/strong> : optimiser les trajets pour \u00e9conomiser du carburant et accro\u00eetre sa productivit\u00e9<\/li>\n \t<li class=\"gl_space_li\"><strong>organisation des tourn\u00e9es<\/strong> : pour d\u00e9finir la fr\u00e9quence et la dur\u00e9e des pauses sur les trajets courants<\/li>\n \t<li class=\"gl_space_li\"><strong>mise en place du gardiennage virtuel le long d&rsquo;un itin\u00e9raire<\/strong> : pour \u00eatre inform\u00e9 en cas d&rsquo;impr\u00e9vu et r\u00e9agir de mani\u00e8re ad\u00e9quate<\/li>\n<\/ul>\n<\/div>\n\n<div class=\"col-md-4\">\n<div class=\"gl_h4big\">Combinaisons<\/div>\n<div>ENAiKOON tour-checker + <a title=\"ENAiKOON locate-04\" href=\"https:\/\/www.enaikoon.com\/fr\/modules-gps\/gamme-locate\/locate-04\/\">ENAiKOON locate-04<\/a> ou <a title=\"ENAiKOON locate-06\" href=\"https:\/\/www.enaikoon.com\/fr\/modules-gps\/gamme-locate\/locate-06\/\">ENAiKOON locate-06<\/a> + ENAiKOON driver-id + <a href=\"https:\/\/www.enaikoon.com\/fr\/logiciel\/inviu-pro\/\">inViu pro<\/a> = optimiser l&rsquo;organisation des tourn\u00e9es et la gestion d&rsquo;une \u00e9quipe ou d&rsquo;une flotte, pour proposer un service de qualit\u00e9.<\/div>\n<div><a class=\"gl_button_grey\" href=\"https:\/\/www.enaikoon.com\/fileadmin\/enaikoon\/Dateien\/pdf\/Datenblatt\/tour-checker\/franz\/ENAiKOON_tour-checker_Fiches_Produits.pdf\" target=\"_blank\" rel=\"nofollow\" noreferrer\">FICHE PRODUITS<\/a><\/div>\n<div><a class=\"gl_button_yellow\" href=\"https:\/\/www.enaikoon.com\/fr\/contact\/votre-kit-gratuit\/\">Demander un kit gratuit<\/a><\/div>\n<div><a class=\"gl_button_blue\" href=\"https:\/\/www.enaikoon.com\/fr\/contact\/contact\/\">Nous contacter<\/a><\/div>\n<\/div>\n<div class=\"gl_row_space\">&nbsp;<\/div>\n<\/div>\n<\/div>","protected":false},"excerpt":{"rendered":"<p> [&hellip;]<\/p>\n","protected":false},"author":7,"featured_media":0,"parent":8411,"menu_order":0,"comment_status":"closed","ping_status":"closed","template":"","meta":{"footnotes":""},"acf":[],"_links":{"self":[{"href":"https:\/\/www.enaikoon.com\/fr\/wp-json\/wp\/v2\/pages\/8427"}],"collection":[{"href":"https:\/\/www.enaikoon.com\/fr\/wp-json\/wp\/v2\/pages"}],"about":[{"href":"https:\/\/www.enaikoon.com\/fr\/wp-json\/wp\/v2\/types\/page"}],"author":[{"embeddable":true,"href":"https:\/\/www.enaikoon.com\/fr\/wp-json\/wp\/v2\/users\/7"}],"replies":[{"embeddable":true,"href":"https:\/\/www.enaikoon.com\/fr\/wp-json\/wp\/v2\/comments?post=8427"}],"version-history":[{"count":4,"href":"https:\/\/www.enaikoon.com\/fr\/wp-json\/wp\/v2\/pages\/8427\/revisions"}],"predecessor-version":[{"id":17453,"href":"https:\/\/www.enaikoon.com\/fr\/wp-json\/wp\/v2\/pages\/8427\/revisions\/17453"}],"up":[{"embeddable":true,"href":"https:\/\/www.enaikoon.com\/fr\/wp-json\/wp\/v2\/pages\/8411"}],"wp:attachment":[{"href":"https:\/\/www.enaikoon.com\/fr\/wp-json\/wp\/v2\/media?parent=8427"}],"curies":[{"name":"wp","href":"https:\/\/api.w.org\/{rel}","templated":true}]}}