{"id":8425,"date":"2016-08-15T05:45:40","date_gmt":"2016-08-15T05:45:40","guid":{"rendered":"https:\/\/www.enaikoon.com\/fr\/?page_id=8425"},"modified":"2019-10-02T19:55:01","modified_gmt":"2019-10-02T19:55:01","slug":"temp-checker","status":"publish","type":"page","link":"https:\/\/www.enaikoon.com\/fr\/logiciel\/plugins\/temp-checker\/","title":{"rendered":"temp-checker"},"content":{"rendered":"<div class=\"gl_slide_scroll_box\">\n<div class=\"gl_scroll_box\">&nbsp;\n<ul>\n \t<li><a class=\"gl_scroll_link_title\" title=\"staff-tracker\" href=\"https:\/\/www.enaikoon.com\/fr\/logiciel\/plugins\/staff-tracker\/\">staff-tracker<\/a><a title=\"staff-tracker\" href=\"https:\/\/www.enaikoon.com\/fr\/logiciel\/plugins\/staff-tracker\/\"><img decoding=\"async\" class=\"gl_scroll_link_img\" src=\"https:\/\/www.enaikoon.com\/wp-content\/uploads\/2016\/07\/staff-tracker.png\" alt=\"\"><\/a><\/li>\n \t<li><a class=\"gl_scroll_link_title\" title=\"fuel-tracker\" href=\"https:\/\/www.enaikoon.com\/fr\/logiciel\/plugins\/fuel-tracker\/\">fuel-tracker<\/a><a title=\"fuel-tracker\" href=\"https:\/\/www.enaikoon.com\/fr\/logiciel\/plugins\/fuel-tracker\/\"><img decoding=\"async\" class=\"gl_scroll_link_img\" src=\"https:\/\/www.enaikoon.com\/wp-content\/uploads\/2016\/07\/fuel-tracker.png\" alt=\"\"><\/a><\/li>\n \t<li><a class=\"gl_scroll_link_title\" title=\"can-66\" href=\"https:\/\/www.enaikoon.com\/fr\/logiciel\/plugins\/can-66\/\">can-66<\/a><a title=\"can-66\" href=\"https:\/\/www.enaikoon.com\/fr\/logiciel\/plugins\/can-66\/\"><img decoding=\"async\" class=\"gl_scroll_link_img\" src=\"https:\/\/www.enaikoon.com\/wp-content\/uploads\/2016\/07\/can-66.png\" alt=\"\"><\/a><\/li>\n \t<li><a class=\"gl_scroll_link_title\" title=\"limit-checker\" href=\"https:\/\/www.enaikoon.com\/fr\/logiciel\/plugins\/limit-checker\/\">limit-checker<\/a><a title=\"limit-checker\" href=\"https:\/\/www.enaikoon.com\/fr\/logiciel\/plugins\/limit-checker\/\"><img decoding=\"async\" class=\"gl_scroll_link_img\" src=\"https:\/\/www.enaikoon.com\/wp-content\/uploads\/2016\/07\/limit-checker.png\" alt=\"\"><\/a><\/li>\n \t<li><a class=\"gl_scroll_link_title\" title=\"messenger\" href=\"https:\/\/www.enaikoon.com\/fr\/logiciel\/plugins\/messenger\/\">messenger<\/a><a title=\"messenger\" href=\"https:\/\/www.enaikoon.com\/fr\/logiciel\/plugins\/messenger\/\"><img decoding=\"async\" class=\"gl_scroll_link_img\" src=\"https:\/\/www.enaikoon.com\/wp-content\/uploads\/2016\/07\/messenger.png\" alt=\"\"><\/a><\/li>\n \t<li><a class=\"gl_scroll_link_title\" title=\"temp-checker\" href=\"https:\/\/www.enaikoon.com\/fr\/logiciel\/plugins\/temp-checker\/\">temp-checker<\/a><a title=\"temp-checker\" href=\"https:\/\/www.enaikoon.com\/fr\/logiciel\/plugins\/temp-checker\/\"><img decoding=\"async\" class=\"gl_scroll_link_img_active\" src=\"https:\/\/www.enaikoon.com\/wp-content\/uploads\/2016\/07\/temp-checker.png\" alt=\"\"><\/a><\/li>\n \t<li><a class=\"gl_scroll_link_title\" title=\"tour-checker\" href=\"https:\/\/www.enaikoon.com\/fr\/logiciel\/plugins\/tour-checker\/\">tour-checker<\/a>\n<a title=\"tour-checker\" href=\"https:\/\/www.enaikoon.com\/fr\/logiciel\/plugins\/tour-checker\/\"><img decoding=\"async\" class=\"gl_scroll_link_img\" src=\"https:\/\/www.enaikoon.com\/wp-content\/uploads\/2016\/07\/tour-checker.png\" alt=\"\"><\/a><\/li>\n<\/ul>\n<\/div>\n<\/div>\n<div class=\"row\">\n<div class=\"gl_border-page\">\n\n<div class=\"col-md-4\">\n<div><img decoding=\"async\" title=\"ENAiKOON temp-checker\" src=\"https:\/\/www.enaikoon.com\/wp-content\/uploads\/2016\/07\/49dd912814.png\" alt=\"ENAiKOON tour-checker\" align=\"left\"><\/div>\n<h2>&nbsp;ENAiKOON\n&nbsp;temp-checker<\/h2>\n<\/div>\n\n<div class=\"col-md-4\">\n<div>&nbsp;<\/div>\n<\/div>\n\n<div class=\"col-md-4\">\n<div>&nbsp;<\/div>\n<\/div>\n<div class=\"gl_row_space\">&nbsp;<\/div>\n<div class=\"col-md-4\">\n<div class=\"gl_h5-italic\">Le plugin <strong>ENAiKOON temp-checker<\/strong> surveille la temp\u00e9rature de vos v\u00e9hicules et de vos conteneurs \u00e0 atmosph\u00e8re contr\u00f4l\u00e9e. Si elle d\u00e9passe les seuils pr\u00e9d\u00e9finis, ENAiKOON temp-checker vous envoie automatiquement une alerte.<\/div>\n<div>&nbsp;<\/div>\n<div class=\"gl_h4big\">Sur le terrain<\/div>\n<div>D\u00e9j\u00e0 utilis\u00e9 pour la logistique du mat\u00e9riel de chantier ou pour le transport d&rsquo;organes en v\u00e9hicules r\u00e9frig\u00e9r\u00e9s. \u00c9galement utilis\u00e9 par certains plombiers, qui souhaitent surveiller \u00e0 distance la temp\u00e9rature d&rsquo;un appareil, ou par tout autre secteur qui doit maintenir la temp\u00e9rature d&rsquo;une zone pr\u00e9cise d&rsquo;un v\u00e9hicule \u00e0 un niveau constant (ex : huile de moteur, huile hydraulique et liquides de refroidissement).<\/div>\n<\/div>\n\n<div class=\"col-md-4\">\n<div class=\"gl_h4big\">Caract\u00e9ristiques principales<\/div>\n<ul class=\"gl_space_ul2\" type=\"square\">\n \t<li class=\"gl_space_li\"><strong>mesure et enregistrement continu de la temp\u00e9rature<\/strong> : pour \u00eatre s\u00fbr que la temp\u00e9rature d&rsquo;un \u00e9quipement ne d\u00e9passe pas les seuils pr\u00e9d\u00e9finis<\/li>\n \t<li class=\"gl_space_li\"><strong>alerte en cas de d\u00e9passement des seuils<\/strong> : pour \u00eatre inform\u00e9 par SMS ou par e-mail si la temp\u00e9rature augmente trop (ex : moteurs \u00e0 huiles ou v\u00e9hicules r\u00e9frig\u00e9r\u00e9s) ou si elle diminue trop (plomberie et canalisations)<\/li>\n \t<li class=\"gl_space_li\"><strong>d\u00e9tection pr\u00e9cise de la temp\u00e9rature<\/strong> : connecter jusqu&rsquo;\u00e0 16 capteurs \u00e0 un module ENAiKOON compatible, chaque capteur transmettant les donn\u00e9es s\u00e9par\u00e9ment<\/li>\n<\/ul>\n<\/div>\n\n<div class=\"col-md-4\">\n<div class=\"gl_h4big\">Combinaisons<\/div>\n<div>ENAiKOON temp-checker + <a href=\"https:\/\/www.enaikoon.com\/fr\/logiciel\/inviu-pro\/\">inViu pro<\/a> + <a href=\"https:\/\/www.enaikoon.com\/fr\/modules-gps\/gamme-locate\/locate-06\/\">ENAiKOON locate-06<\/a> + <a href=\"https:\/\/www.enaikoon.com\/fr\/modules-gps\/accessoires\/temp-sensor\/\">ENAiKOON temp-sensor<\/a> = pr\u00e9venir les d\u00e9g\u00e2ts, s&rsquo;assurer du maintien des temp\u00e9ratures et avoir acc\u00e8s \u00e0 des temp\u00e9ratures mises \u00e0 jour en temps r\u00e9el&#8230; pour \u00eatre rassur\u00e9 en un coup d&rsquo;oeil !<\/div>\n<div><a class=\"gl_button_grey\" href=\"https:\/\/www.enaikoon.com\/fileadmin\/enaikoon\/Dateien\/pdf\/Datenblatt\/temp-checker\/franz\/ENAiKOON_temp-checker_data_sheet.pdf\" target=\"_blank\" rel=\"nofollow\" noreferrer\">FICHE PRODUITS<\/a><\/div>\n<div><a class=\"gl_button_yellow\" href=\"https:\/\/www.enaikoon.com\/fr\/contact\/votre-kit-gratuit\/\">Demander un kit gratuit<\/a><\/div>\n<div><a class=\"gl_button_blue\" href=\"https:\/\/www.enaikoon.com\/fr\/contact\/contact\/\">Nous contacter<\/a><\/div>\n<\/div>\n<div class=\"gl_row_space\">&nbsp;<\/div>\n<\/div>\n<\/div>","protected":false},"excerpt":{"rendered":"<p> [&hellip;]<\/p>\n","protected":false},"author":7,"featured_media":0,"parent":8411,"menu_order":0,"comment_status":"closed","ping_status":"closed","template":"","meta":{"footnotes":""},"acf":[],"_links":{"self":[{"href":"https:\/\/www.enaikoon.com\/fr\/wp-json\/wp\/v2\/pages\/8425"}],"collection":[{"href":"https:\/\/www.enaikoon.com\/fr\/wp-json\/wp\/v2\/pages"}],"about":[{"href":"https:\/\/www.enaikoon.com\/fr\/wp-json\/wp\/v2\/types\/page"}],"author":[{"embeddable":true,"href":"https:\/\/www.enaikoon.com\/fr\/wp-json\/wp\/v2\/users\/7"}],"replies":[{"embeddable":true,"href":"https:\/\/www.enaikoon.com\/fr\/wp-json\/wp\/v2\/comments?post=8425"}],"version-history":[{"count":5,"href":"https:\/\/www.enaikoon.com\/fr\/wp-json\/wp\/v2\/pages\/8425\/revisions"}],"predecessor-version":[{"id":17455,"href":"https:\/\/www.enaikoon.com\/fr\/wp-json\/wp\/v2\/pages\/8425\/revisions\/17455"}],"up":[{"embeddable":true,"href":"https:\/\/www.enaikoon.com\/fr\/wp-json\/wp\/v2\/pages\/8411"}],"wp:attachment":[{"href":"https:\/\/www.enaikoon.com\/fr\/wp-json\/wp\/v2\/media?parent=8425"}],"curies":[{"name":"wp","href":"https:\/\/api.w.org\/{rel}","templated":true}]}}