{"id":8413,"date":"2016-08-15T04:47:23","date_gmt":"2016-08-15T04:47:23","guid":{"rendered":"https:\/\/www.enaikoon.com\/fr\/?page_id=8413"},"modified":"2016-12-02T09:58:24","modified_gmt":"2016-12-02T09:58:24","slug":"staff-tracker","status":"publish","type":"page","link":"https:\/\/www.enaikoon.com\/fr\/logiciel\/plugins\/staff-tracker\/","title":{"rendered":"staff-tracker"},"content":{"rendered":"<div class=\"gl_slide_scroll_box\">\r\n\t<div class=\"gl_scroll_box\">\r\n <noindex><\/noindex>        <ul>\r\n            <li><a class=\"gl_scroll_link_title\" href=\"https:\/\/www.enaikoon.com\/fr\/logiciel\/plugins\/staff-tracker\/\" title=\"staff-tracker\" >staff-tracker<\/a><br\/>\r\n            \r\n            <a href=\"https:\/\/www.enaikoon.com\/fr\/logiciel\/plugins\/staff-tracker\/\" title=\"staff-tracker\" ><img decoding=\"async\" class=\"gl_scroll_link_img_active\" src=\"https:\/\/www.enaikoon.com\/wp-content\/uploads\/2016\/07\/staff-tracker.png\" alt=\"\"><\/a><\/li>\r\n            \r\n         <li><a class=\"gl_scroll_link_title\" href=\"https:\/\/www.enaikoon.com\/fr\/logiciel\/plugins\/fuel-tracker\/\" title=\"fuel-tracker\">fuel-tracker<\/a><br\/>\r\n           \r\n            <a href=\"https:\/\/www.enaikoon.com\/fr\/logiciel\/plugins\/fuel-tracker\/\" title=\"fuel-tracker\"><img decoding=\"async\" class=\"gl_scroll_link_img\" src=\"https:\/\/www.enaikoon.com\/wp-content\/uploads\/2016\/07\/fuel-tracker.png\" alt=\"\"><\/a><\/li>\r\n            \r\n            <li><a class=\"gl_scroll_link_title\" href=\"https:\/\/www.enaikoon.com\/fr\/logiciel\/plugins\/can-66\/\" title=\"can-66\">can-66<\/a><br\/>\r\n            \r\n            <a href=\"https:\/\/www.enaikoon.com\/fr\/logiciel\/plugins\/can-66\/\" title=\"can-66\"><img decoding=\"async\" class=\"gl_scroll_link_img\" src=\"https:\/\/www.enaikoon.com\/wp-content\/uploads\/2016\/07\/can-66.png\" alt=\"\"><\/a><\/li>\r\n            \r\n            <li><a class=\"gl_scroll_link_title\" href=\"https:\/\/www.enaikoon.com\/fr\/logiciel\/plugins\/limit-checker\/\" title=\"limit-checker\">limit-checker<\/a><br\/>\r\n            \r\n            <a href=\"https:\/\/www.enaikoon.com\/fr\/logiciel\/plugins\/limit-checker\/\" title=\"limit-checker\"><img decoding=\"async\" class=\"gl_scroll_link_img\" src=\"https:\/\/www.enaikoon.com\/wp-content\/uploads\/2016\/07\/limit-checker.png\" alt=\"\"><\/a><\/li>\r\n            \r\n            <li><a class=\"gl_scroll_link_title\" href=\"https:\/\/www.enaikoon.com\/fr\/logiciel\/plugins\/messenger\/\" title=\"messenger\">messenger<\/a><br\/>\r\n            \r\n            <a href=\"https:\/\/www.enaikoon.com\/fr\/logiciel\/plugins\/messenger\/\" title=\"messenger\"><img decoding=\"async\" class=\"gl_scroll_link_img\" src=\"https:\/\/www.enaikoon.com\/wp-content\/uploads\/2016\/07\/messenger.png\" alt=\"\"><\/a><\/li>\r\n            \r\n            <li><a class=\"gl_scroll_link_title\" href=\"https:\/\/www.enaikoon.com\/fr\/logiciel\/plugins\/temp-checker\/\" title=\"temp-checker\">temp-checker<\/a><br\/>\r\n            \r\n            <a href=\"https:\/\/www.enaikoon.com\/fr\/logiciel\/plugins\/temp-checker\/\" title=\"temp-checker\"><img decoding=\"async\" class=\"gl_scroll_link_img\" src=\"https:\/\/www.enaikoon.com\/wp-content\/uploads\/2016\/07\/temp-checker.png\" alt=\"\"><\/a><\/li>\r\n            \r\n            <li><a class=\"gl_scroll_link_title\" href=\"https:\/\/www.enaikoon.com\/fr\/logiciel\/plugins\/tour-checker\/\"  title=\"tour-checker\">tour-checker<\/a><br\/>\r\n            <a href=\"https:\/\/www.enaikoon.com\/fr\/logiciel\/plugins\/tour-checker\/\" title=\"tour-checker\"><img decoding=\"async\" class=\"gl_scroll_link_img\" src=\"https:\/\/www.enaikoon.com\/wp-content\/uploads\/2016\/07\/tour-checker.png\" alt=\"\"><\/a><\/li>\r\n            \r\n          <\/ul>\r\n\r\n    <\/div>\r\n<\/div>\r\n<div class=\"row\">\r\n\r\n<div class=\"gl_border-page\">\r\n\t\t\r\n\t\t<div class=\"col-md-4\">\r\n\t\r\n\t\t<div><img decoding=\"async\" src=\"https:\/\/www.enaikoon.com\/wp-content\/uploads\/2016\/07\/a64b124e29.png\" align=\"left\" alt=\"ENAiKOON personnel-tracker es un sistema de Identificaci\u00f3n del conducteur\" title=\"ENAiKOON staff-tracker\"\/><\/div>\r\n\t\t<h2>&nbsp;ENAiKOON<br>&nbsp;staff-tracker<\/h2>\r\n\t\t\t\r\n\t\t<\/div>\r\n\t\t\r\n\t\t<div class=\"col-md-4\">\r\n\t\t\r\n\t\t<div>&nbsp;<\/div>\r\n\t\t\r\n\t\t<\/div>\r\n\t\t\r\n\t\t<div class=\"col-md-4\">\r\n\t\t\r\n\t\t<div>&nbsp;<\/div>\r\n\t\t\r\n\t\t<\/div>\r\n\t\t\r\n\t\t<div class=\"gl_row_space\"><\/div>\r\n\t\t\r\n\t\t<div class=\"col-md-4\">\r\n\t\r\n\t\t<div class=\"gl_h5-italic\">L&rsquo;<strong>ENAiKOON staff-tracker<\/strong> vous aide \u00e0 mieux g\u00e9rer votre personnel mobile en planifiant les t\u00e2ches \u00e0 effectuer et en simplifiant la cr\u00e9ation de rapports de performance. Vous pouvez \u00e9galement vous servir des informations collect\u00e9es pour g\u00e9rer vos comptes et vos factures.<\/div>\r\n\t\t<div>&nbsp;<\/div>\r\n\t\t<div class=\"gl_h4big\">Sur le terrain<\/div>\r\n\t\t<div>Id\u00e9al pour les secteurs qui emploient du personnel mobile comme le transport, la logistique, les compagnies de taxi, les services de livraison ou de coursier, le BTP, les agences de s\u00e9curit\u00e9 ou les soci\u00e9t\u00e9s de gestion immobili\u00e8re.<\/div>\r\n\t\t\t\r\n\t\t<\/div>\r\n\t\t\r\n\t\t<div class=\"col-md-4\">\r\n\t\t\r\n\t\t<div class=\"gl_h4big\">Caract\u00e9ristiques principales<\/div>\r\n\t\t<ul type=\"square\" class=\"gl_space_ul2\">\r\n\t\t\t<li class=\"gl_space_li\"><strong>gestion du droits d&rsquo;acc\u00e8s <\/strong>: <br> autoriser ou non un employ\u00e9 \u00e0 acc\u00e9der \u00e0 une pi\u00e8ce ou \u00e0 utiliser une machine<\/li>\r\n\t\t\t<li class=\"gl_space_li\"><strong>surveillance du temps de travail du personnel<\/strong> : pour \u00e9tablir des \u00e9valuations individuelles en fonction du v\u00e9hicule, de l&rsquo;application utilis\u00e9e ou du trajet suivi<\/li>\r\n\t\t\t<li class=\"gl_space_li\"><strong>traitement des donn\u00e9es<\/strong> : les donn\u00e9es sont export\u00e9es aux formats XLS ou CSV, compatibles avec votre logiciel de traitement de donn\u00e9es, pour g\u00e9rer par exemple les salaires, les facturations et la r\u00e9partition des co\u00fbts<\/li>\t\t\r\n\t\t<\/ul>\t\r\n\t\t\r\n\t\t<\/div>\r\n\t\t\r\n\t\t<div class=\"col-md-4\">\r\n\t\t\r\n\t\t<div class=\"gl_h4big\">Combinaisons<\/div>\r\n\t\t<div>ENAiKOON staff-tracker + <a href=\"https:\/\/www.enaikoon.com\/fr\/modules-gps\/gamme-locate\/locate-06\/\">ENAiKOON locate-06<\/a> + <a href=\"https:\/\/www.enaikoon.com\/fr\/logiciel\/inviu-pro\/\">inViu pro<\/a> + <a href=\"https:\/\/www.enaikoon.com\/fr\/logiciel\/plugins\/messenger\/\">ENAiKOON messenger<\/a> = am\u00e9liorer la communication et le suivi de votre personnel mobile, pour optimiser la gestion et la planification des t\u00e2ches&#8230; et accroitre votre productivit\u00e9 !<\/div>\r\n\t\t<div><a class=\"gl_button_yellow\"  href=\"https:\/\/www.enaikoon.com\/fr\/contact\/votre-kit-gratuit\/\">Demander un kit gratuit<\/a><\/div>\r\n\t\t<div><a class=\"gl_button_blue\"  href=\"https:\/\/www.enaikoon.com\/fr\/contact\/contact\/\">Nous contacter<\/a><\/div>\r\n\t\t\r\n\t\t<\/div>\r\n\t\t\r\n\t\t<div class=\"gl_row_space\"><\/div>\r\n<\/div>\r\n\r\n<\/div>","protected":false},"excerpt":{"rendered":"<p> [&hellip;]<\/p>\n","protected":false},"author":7,"featured_media":0,"parent":8411,"menu_order":0,"comment_status":"closed","ping_status":"closed","template":"","meta":{"footnotes":""},"acf":[],"_links":{"self":[{"href":"https:\/\/www.enaikoon.com\/fr\/wp-json\/wp\/v2\/pages\/8413"}],"collection":[{"href":"https:\/\/www.enaikoon.com\/fr\/wp-json\/wp\/v2\/pages"}],"about":[{"href":"https:\/\/www.enaikoon.com\/fr\/wp-json\/wp\/v2\/types\/page"}],"author":[{"embeddable":true,"href":"https:\/\/www.enaikoon.com\/fr\/wp-json\/wp\/v2\/users\/7"}],"replies":[{"embeddable":true,"href":"https:\/\/www.enaikoon.com\/fr\/wp-json\/wp\/v2\/comments?post=8413"}],"version-history":[{"count":9,"href":"https:\/\/www.enaikoon.com\/fr\/wp-json\/wp\/v2\/pages\/8413\/revisions"}],"predecessor-version":[{"id":11198,"href":"https:\/\/www.enaikoon.com\/fr\/wp-json\/wp\/v2\/pages\/8413\/revisions\/11198"}],"up":[{"embeddable":true,"href":"https:\/\/www.enaikoon.com\/fr\/wp-json\/wp\/v2\/pages\/8411"}],"wp:attachment":[{"href":"https:\/\/www.enaikoon.com\/fr\/wp-json\/wp\/v2\/media?parent=8413"}],"curies":[{"name":"wp","href":"https:\/\/api.w.org\/{rel}","templated":true}]}}