{"id":8405,"date":"2016-08-15T04:37:15","date_gmt":"2016-08-15T04:37:15","guid":{"rendered":"https:\/\/www.enaikoon.com\/fr\/?page_id=8405"},"modified":"2017-11-19T14:56:11","modified_gmt":"2017-11-19T14:56:11","slug":"inviu-web","status":"publish","type":"page","link":"https:\/\/www.enaikoon.com\/fr\/logiciel\/inviu-web\/","title":{"rendered":"inViu web"},"content":{"rendered":"\n\t\t\t<!-- START inviuweb_fr REVOLUTION SLIDER 6.6.16 --><p class=\"rs-p-wp-fix\"><\/p>\n\t\t\t<rs-module-wrap id=\"rev_slider_70_1_wrapper\" data-source=\"gallery\" style=\"visibility:hidden;background:transparent;padding:0;margin:0px auto;margin-top:0;margin-bottom:0;\">\n\t\t\t\t<rs-module id=\"rev_slider_70_1\" style=\"\" data-version=\"6.6.16\">\n\t\t\t\t\t<rs-slides style=\"overflow: hidden; position: absolute;\">\n\t\t\t\t\t\t<rs-slide style=\"position: absolute;\" data-key=\"rs-100\" data-title=\"banner\" data-anim=\"adpr:false;\">\n\t\t\t\t\t\t\t<img src=\"\/\/www.enaikoon.com\/wp-content\/plugins\/revslider\/public\/assets\/assets\/dummy.png\" alt=\"\" title=\"inViu web\" class=\"rev-slidebg tp-rs-img rs-lazyload\" data-lazyload=\"\/\/www.enaikoon.com\/wp-content\/uploads\/2016\/07\/inViu_iPad_Banner_FeaturesPage_04.png\" data-no-retina>\n<!--\n\t\t\t\t\t\t\t--><rs-layer\n\t\t\t\t\t\t\t\tid=\"slider-70-slide-100-layer-1\" \n\t\t\t\t\t\t\t\tdata-type=\"image\"\n\t\t\t\t\t\t\t\tdata-rsp_ch=\"on\"\n\t\t\t\t\t\t\t\tdata-text=\"l:22;\"\n\t\t\t\t\t\t\t\tdata-dim=\"w:998px;h:300px;\"\n\t\t\t\t\t\t\t\tdata-frame_0=\"tp:600;\"\n\t\t\t\t\t\t\t\tdata-frame_1=\"tp:600;e:power2.inOut;st:500;\"\n\t\t\t\t\t\t\t\tdata-frame_999=\"o:0;tp:600;e:nothing;st:9000;\"\n\t\t\t\t\t\t\t\tstyle=\"z-index:5;\"\n\t\t\t\t\t\t\t><img src=\"\/\/www.enaikoon.com\/wp-content\/plugins\/revslider\/public\/assets\/assets\/dummy.png\" alt=\"\" class=\"tp-rs-img rs-lazyload\" data-lazyload=\"\/wp-content\/uploads\/2016\/07\/inViu_iPad_Banner_FeaturesPage_04.png\" data-no-retina> \n\t\t\t\t\t\t\t<\/rs-layer><!--\n\n\t\t\t\t\t\t\t--><rs-layer\n\t\t\t\t\t\t\t\tid=\"slider-70-slide-100-layer-2\" \n\t\t\t\t\t\t\t\tclass=\"medium-blue-text\"\n\t\t\t\t\t\t\t\tdata-type=\"text\"\n\t\t\t\t\t\t\t\tdata-color=\"rgba(70,180,231,1)\"\n\t\t\t\t\t\t\t\tdata-rsp_ch=\"on\"\n\t\t\t\t\t\t\t\tdata-xy=\"x:528px;y:62px;\"\n\t\t\t\t\t\t\t\tdata-text=\"s:32;l:34;fw:700;\"\n\t\t\t\t\t\t\t\tdata-frame_0=\"y:50px;tp:600;\"\n\t\t\t\t\t\t\t\tdata-frame_1=\"tp:600;e:power2.inOut;st:800;sp:500;\"\n\t\t\t\t\t\t\t\tdata-frame_999=\"o:1;tp:600;e:nothing;st:9000;\"\n\t\t\t\t\t\t\t\tstyle=\"z-index:6;font-family:'Myriad Pro';color:#12B9FF !important;letter-spacing:0px !important;\"\n\t\t\t\t\t\t\t>inViu web:<br>\nsimple et intuitif \n\t\t\t\t\t\t\t<\/rs-layer><!--\n\n\t\t\t\t\t\t\t--><rs-layer\n\t\t\t\t\t\t\t\tid=\"slider-70-slide-100-layer-3\" \n\t\t\t\t\t\t\t\tclass=\"small-brown-text\"\n\t\t\t\t\t\t\t\tdata-type=\"text\"\n\t\t\t\t\t\t\t\tdata-color=\"rgba(143,143,143,1)\"\n\t\t\t\t\t\t\t\tdata-rsp_ch=\"on\"\n\t\t\t\t\t\t\t\tdata-xy=\"x:528px;y:146px;\"\n\t\t\t\t\t\t\t\tdata-text=\"s:16;l:18;\"\n\t\t\t\t\t\t\t\tdata-frame_0=\"y:50px;tp:600;\"\n\t\t\t\t\t\t\t\tdata-frame_1=\"tp:600;e:power2.inOut;st:800;sp:500;\"\n\t\t\t\t\t\t\t\tdata-frame_999=\"o:1;tp:600;e:nothing;st:9000;\"\n\t\t\t\t\t\t\t\tstyle=\"z-index:7;font-family:'Myriad Pro';letter-spacing:1 !important;font-size:14.4px;line-height:17px;\"\n\t\t\t\t\t\t\t>En quelques clics, vous pouvez acc\u00e9der \u00e0 l'ensemble des <br>informations concernant vos biens. inViu web est le logiciel GPS <br>de base d'ENAiKOON qui aide \u00e0 bien g\u00e9rer son entreprise. \n\t\t\t\t\t\t\t<\/rs-layer><!--\n\n\t\t\t\t\t\t\t--><rs-layer\n\t\t\t\t\t\t\t\tid=\"slider-70-slide-100-layer-4\" \n\t\t\t\t\t\t\t\tdata-type=\"text\"\n\t\t\t\t\t\t\t\tdata-color=\"rgba(255,255,255,1)\"\n\t\t\t\t\t\t\t\tdata-rsp_ch=\"on\"\n\t\t\t\t\t\t\t\tdata-xy=\"x:528px;y:206px;\"\n\t\t\t\t\t\t\t\tdata-text=\"l:22;\"\n\t\t\t\t\t\t\t\tdata-frame_0=\"y:50px;tp:600;\"\n\t\t\t\t\t\t\t\tdata-frame_1=\"tp:600;e:power2.inOut;st:800;sp:500;\"\n\t\t\t\t\t\t\t\tdata-frame_999=\"o:1;tp:600;e:nothing;st:9000;\"\n\t\t\t\t\t\t\t\tstyle=\"z-index:8;font-family:'';\"\n\t\t\t\t\t\t\t><a class=\"gl_button_blue\" href=\"https:\/\/sso.enaikoon.de\/SSOServer\/?locale=fr&demo=1\"  target=\"_blank\"  rel=\"nofollow\">Essayer inViu web<\/a> \n\t\t\t\t\t\t\t<\/rs-layer><!--\n-->\t\t\t\t\t\t<\/rs-slide>\n\t\t\t\t\t<\/rs-slides>\n\t\t\t\t<\/rs-module>\n\t\t\t\t<script>\n\t\t\t\t\tsetREVStartSize({c: 'rev_slider_70_1',rl:[1240,1024,778,480],el:[],gw:[998],gh:[300],type:'standard',justify:'',layout:'fullwidth',mh:\"0\"});if (window.RS_MODULES!==undefined && window.RS_MODULES.modules!==undefined && window.RS_MODULES.modules[\"revslider701\"]!==undefined) {window.RS_MODULES.modules[\"revslider701\"].once = false;window.revapi70 = undefined;if (window.RS_MODULES.checkMinimal!==undefined) window.RS_MODULES.checkMinimal()}\n\t\t\t\t<\/script>\n\t\t\t<\/rs-module-wrap>\n\t\t\t<!-- END REVOLUTION SLIDER -->\n\r\n\r\n<div class=\"row\">\r\n\r\n<div class=\"gl_space_page\">\r\n\r\n\t<div class=\"col-md-8\">\r\n\t\r\n\t<div class=\"gl_space_pageleft\">\r\n\t\r\n\t\t<div class=\"gl_h2big\">Les fonctionnalit\u00e9s d&rsquo;inViu web <\/div> \r\n\t\t\r\n\t\t<div>&nbsp;<\/div>\r\n\t\t<div><strong>inViu web : un portail en ligne rapide et facile \u00e0 utiliser<\/strong><br>\r\n            <br>\r\n            <a rel=\"nofollow\" href=\"https:\/\/sso.enaikoon.de\/\" title=\"Ouvre un lien interne dans une nouvelle fen\u00eatre\" target=\"_blank\">Connectez-vous<\/a> pour acc\u00e9der \u00e0 votre carte inViu et observer de mani\u00e8re optimale les d\u00e9placements de vos trackables.<br>\r\n            <br>\r\n            En   personnalisant votre compte, vous pouvez afficher plusieurs cartes sur   un m\u00eame \u00e9cran et suivre plusieurs trackables en m\u00eame temps.<br>\r\n            <br>\r\n            Vous pouvez \u00e9galement configurer des zones de gardiennage virtuel (geofence) autour d&rsquo;un site ou sur le site lui-m\u00eame.<br>\r\n            <br>\r\n            <strong>rapide = un serveur \u00e0 haut d\u00e9bit qui s&rsquo;affiche rapidement<br>\r\n              facile \u00e0 utiliser =<\/strong> <strong>un design intuitif qui permet d&rsquo;utiliser de nombreuses fonctions \u00e0 la fois, pour optimiser ses performances.<\/strong><\/div>\r\n\t\t\r\n\t<\/div>\r\n\t\r\n\t<\/div>\r\n\t\r\n\t<div class=\"col-md-4\">\r\n\t\r\n\t<div class=\"gl_space_pageright\">\r\n\t\r\n\t\t<h5 class=\"gl_space_right30\" style=\"font-family:Times New Roman\">\r\n\u00ab Dans un premier temps, quand on nous a vol\u00e9 notre camionnette, nous \u00e9tions sous le choc. Puis, nous l&rsquo;avons localis\u00e9e sur inViu web et nous avons appel\u00e9 la police. Elle nous a retrouv\u00e9 notre v\u00e9hicule et a arr\u00eat\u00e9 quelqu&rsquo;un.<br\/>\r\nGr\u00e2ce au syst\u00e8me d&rsquo;ENAiKOON, nous avons r\u00e9ussi \u00e0 r\u00e9cup\u00e9rer notre v\u00e9hicule sans trop de difficult\u00e9. Nous savions exactement o\u00f9 le retrouver et nous pouvions en informer la police. \u00bb\r\n<\/h5>\r\n\t\t<h6 style=\"font-family:Times New Roman\">Hans Verhaar, Expert au service de gestion <br\/>de Generali Verzekeringsgroep, Amsterdam<\/h6>\r\n\t\t<div class=\"clearfix\"><img decoding=\"async\" src=\"https:\/\/www.enaikoon.com\/wp-content\/uploads\/2016\/07\/icon1.png\" border=\"0\" alt=\"\"  align=\"right\" class=\"gl_software_personicon\"\/><\/div>\r\n\t\t<div class=\"gl_space_top15\"><a class=\"gl_button_blue\" href=\"https:\/\/www.enaikoon.com\/fr\/contact\/contact\/\">Nous contacter<\/a><\/div>\r\n\t\r\n\t<\/div>\r\n\t\r\n\t<\/div>\r\n\r\n\t<div class=\"gl_row_space\"><\/div>\r\n\t<div class=\"gl_line\"><\/div>\r\n\t\r\n\t<div class=\"col-md-4\">\r\n\t\r\n\t<div><img decoding=\"async\" src=\"https:\/\/www.enaikoon.com\/wp-content\/uploads\/2016\/07\/Localise-icon-small_09.png\" alt=\"Localiser\" title=\"Localiser\"  border=\"0\" align=\"left\" \/><\/div>\r\n\t<h2>&nbsp; G\u00e9olocaliser en temps r\u00e9el<\/h2>\r\n\t<div>A tout moment, retrouvez la position exacte de chacun de vos trackables sur la carte de votre inViu web. Vous pouvez aussi conna\u00eetre leur vitesse, leur direction, leurs coordonn\u00e9es GPS et le niveau de la batterie (si applicable). Le logiciel affiche \u00e9galement une carte des 100 derni\u00e8res positions de vos trackables et l&rsquo;heure des rapports. La carte se d\u00e9place automatiquement avec vos trackables pour que vous puissiez facilement suivre leurs d\u00e9placements. Si vous le souhaitez, vous pouvez partager leur position sur Twitter ou par e-mail.<\/div>\r\n\t\r\n\t<\/div>\r\n\t\r\n\t<div class=\"col-md-4\">\r\n\t\r\n\t<div><img decoding=\"async\" src=\"https:\/\/www.enaikoon.com\/wp-content\/uploads\/2016\/07\/Fence_04.png\" alt=\"\" border=\"0\" align=\"left\"\/><\/div>\r\n\t<h2>&nbsp;Le gardiennage virtuel<\/h2>\r\n\t<div class=\"gl_space_right10\">Le gardiennage virtuel (ou geofence en   anglais) est une barri\u00e8re virtuelle qui entoure une zone pr\u00e9d\u00e9finie.   Elle vous permet de vous prot\u00e9ger du vol et de g\u00e9rer au quotidien les   d\u00e9placements de vos v\u00e9hicules, de votre mat\u00e9riel de chantier ou de vos   employ\u00e9s. Vous pouvez param\u00e9trer vos alertes pour recevoir un e-mail si   un trackable entre ou sort d&rsquo;une zone de gardiennage virtuel. Si un   \u00e9v\u00e9nement inattendu se produit, vous \u00eates imm\u00e9diatement averti. Par   exemple, en cas de vol, vous pouvez r\u00e9agir rapidement et ainsi augmenter   vos chances de r\u00e9cup\u00e9rer votre trackable. Vous pouvez \u00e9galement d\u00e9finir   une zone de gardiennage virtuel autour de vos locaux, \u00e0 une adresse de   livraison, le long d&rsquo;une rue ou le long d&rsquo;une fronti\u00e8re&#8230; la forme de   votre gardiennage virtuel se pliera aux exigences de votre imagination\u00a0!<\/div>\r\n\t\r\n\t<\/div>\r\n\t\r\n\t<div class=\"col-md-4\">\r\n\t\r\n\t<div><img decoding=\"async\" src=\"https:\/\/www.enaikoon.com\/wp-content\/uploads\/2016\/07\/db344295f1.png\" alt=\"Personnaliser\" title=\"Personnaliser\" border=\"0\" align=\"left\"\/><\/div>\r\n\t<h2>&nbsp; Personnaliser le compte<\/h2>\r\n\t<div>Votre inViu vous permet de personnaliser les fen\u00eatres (ou portlet) affich\u00e9es \u00e0 l&rsquo;\u00e9cran. Vous pourrez alors cr\u00e9er et nommer de nombreux espaces de travail adapt\u00e9s \u00e0 votre utilisation. Vous pouvez modifier \u00e0 volont\u00e9 le contenu des portlets ; il vous suffit de cliquer sur l&rsquo;onglet voulu (carte, liste des trackables, liste des gardiennages virtuels ou actualit\u00e9 d&rsquo;ENAiKOON). Pour diff\u00e9rencier plus facilement vos trackables, vous pouvez varier la couleur et l&rsquo;ic\u00f4ne des pointeurs sur la carte. Cr\u00e9ez des sous-comptes pour permettre \u00e0 d&rsquo;autres personnes d&rsquo;acc\u00e9der aux m\u00eames informations que vous ; ces sous-comptes peuvent ou non modifier le contenu du compte, \u00e0 vous de choisir !\r\n<\/div>\r\n\t\r\n\t<\/div>\r\n\t\r\n\t<div class=\"gl_row_space\"><\/div>\r\n\t<div class=\"gl_line\"><\/div>\r\n\t\r\n\t<div class=\"col-md-4\">\r\n\t\r\n\t<h2>Une vue d&rsquo;ensemble sur vos trackables<\/h2>\r\n\t<div class=\"clearfix\"><a rel=\"nofollow\" href=\"https:\/\/www.enaikoon.com\/wp-content\/uploads\/2016\/08\/6e6b5fd92e.png\"  target=\"_blank\" title=\"inViu web - \u00e9cran principal\"><img decoding=\"async\" src=\"https:\/\/www.enaikoon.com\/wp-content\/uploads\/2016\/08\/e556ea0d25.png\" border=\"0\" align=\"left\" alt=\"inViu web - vue d'ensemble principale avec une carte et une liste des trackables\" class=\"gl_space_topbot20\"\/><\/a><\/div>\r\n\t<div><strong>Un affichage clair des donn\u00e9es :<\/strong><br>\r\n          Sur   l&rsquo;\u00e9cran d&rsquo;accueil, retrouvez la carte principale avec ses pointeurs   color\u00e9s et ses ic\u00f4nes qui indiquent l&#8217;emplacement de vos trackables. Une   fen\u00eatre pop-up pr\u00e9sente les d\u00e9tails les concernant, une liste de tous   vos trackables et les zones de gardiennage virtuel. Variez entre les six   couleurs et les dix ic\u00f4nes disponibles pour organiser vos trackables en   diff\u00e9rents groupes : vous pourrez ensuite utiliser le filtre \u00ab Couleur \u00bb   pour les g\u00e9rer plus facilement. N&rsquo;h\u00e9sitez pas \u00e0 utiliser le moteur de   recherche, qui parcourt avec discernement l&rsquo;ensemble du contenu des   fen\u00eatres ainsi que les noms et les th\u00e8mes de votre compte inViu.<\/div>\r\n\t\r\n\t<\/div>\r\n\t\r\n\t<div class=\"col-md-4\">\r\n\t\r\n\t<h2>Plusieurs espaces de travail<\/h2>\r\n\t<div class=\"clearfix\"><a rel=\"nofollow\" href=\"https:\/\/www.enaikoon.com\/wp-content\/uploads\/2016\/08\/9bf2dbe012.png\" target=\"_blank\" title=\"inViu web - les options de l'espace de travail\" ><img decoding=\"async\" src=\"https:\/\/www.enaikoon.com\/wp-content\/uploads\/2016\/08\/b677710919.png\" border=\"0\" align=\"left\" alt=\"inViu web - d\u00e9finir les espaces de travail pour diff\u00e9rentes applications\" class=\"gl_space_topbot20\"\/><\/a><\/div>\r\n\t<div><strong>Les options d&rsquo;affichage <\/strong>:<br>\r\n          Vous   pouvez d\u00e9finir et nommer jusqu&rsquo;\u00e0 20 espaces de travail diff\u00e9rents en   personnalisant les portlets pour qu&rsquo;ils s&rsquo;adaptent \u00e0 vos besoins.   S\u00e9lectionnez l&rsquo;affichage g\u00e9n\u00e9ral souhait\u00e9, puis d\u00e9finissez le contenu de   chaque portlet (ex : une grande carte pour l&rsquo;ensemble de vos   trackables, plusieurs petites cartes pour afficher diff\u00e9rents trackables   ou des r\u00e9gions pr\u00e9cises).<\/div>\r\n\t\r\n\t<\/div>\r\n\t\r\n\t<div class=\"col-md-4\">\r\n\t\r\n\t<h2>Les options des portlets<\/h2>\r\n\t<div class=\"clearfix\"><a rel=\"nofollow\" href=\"https:\/\/www.enaikoon.com\/wp-content\/uploads\/2016\/08\/dea214581a.png\"  target=\"_blank\" title=\"inViu web - contenu du portlet\" ><img decoding=\"async\" src=\"https:\/\/www.enaikoon.com\/wp-content\/uploads\/2016\/08\/73218dfc69.png\" border=\"0\" align=\"left\" alt=\"inViu web -portlets choisis avec diff\u00e9rents contenus\" class=\"gl_space_topbot20\"\/><\/a><\/div>\r\n\t<div><strong>Contenu des portlets <\/strong>:<br>\r\n          Vous pouvez   afficher au choix une carte, une liste de vos trackables, vos   gardiennages virtuels ou l&rsquo;actualit\u00e9 d&rsquo;ENAiKOON. Pour changer le contenu   d&rsquo;un portlet, double-cliquez sur un \u00e9l\u00e9ment ou faites un cliqu\u00e9-gliss\u00e9.   Vous pouvez modifier la taille de chaque partie en d\u00e9pla\u00e7ant les bords   des fen\u00eatres avec votre souris. Vous pouvez supprimer un portlet sans   que cela n&rsquo;alt\u00e8re la prise en charge du trackable.<\/div>\r\n\t\r\n\t<\/div>\r\n\t\r\n<\/div>\t\r\n<\/div>\r\n<div style=\"height:50px;\"><\/div>","protected":false},"excerpt":{"rendered":"","protected":false},"author":7,"featured_media":0,"parent":8403,"menu_order":0,"comment_status":"closed","ping_status":"closed","template":"","meta":{"footnotes":""},"acf":[],"_links":{"self":[{"href":"https:\/\/www.enaikoon.com\/fr\/wp-json\/wp\/v2\/pages\/8405"}],"collection":[{"href":"https:\/\/www.enaikoon.com\/fr\/wp-json\/wp\/v2\/pages"}],"about":[{"href":"https:\/\/www.enaikoon.com\/fr\/wp-json\/wp\/v2\/types\/page"}],"author":[{"embeddable":true,"href":"https:\/\/www.enaikoon.com\/fr\/wp-json\/wp\/v2\/users\/7"}],"replies":[{"embeddable":true,"href":"https:\/\/www.enaikoon.com\/fr\/wp-json\/wp\/v2\/comments?post=8405"}],"version-history":[{"count":20,"href":"https:\/\/www.enaikoon.com\/fr\/wp-json\/wp\/v2\/pages\/8405\/revisions"}],"predecessor-version":[{"id":11641,"href":"https:\/\/www.enaikoon.com\/fr\/wp-json\/wp\/v2\/pages\/8405\/revisions\/11641"}],"up":[{"embeddable":true,"href":"https:\/\/www.enaikoon.com\/fr\/wp-json\/wp\/v2\/pages\/8403"}],"wp:attachment":[{"href":"https:\/\/www.enaikoon.com\/fr\/wp-json\/wp\/v2\/media?parent=8405"}],"curies":[{"name":"wp","href":"https:\/\/api.w.org\/{rel}","templated":true}]}}