{"id":8403,"date":"2016-08-15T04:36:44","date_gmt":"2016-08-15T04:36:44","guid":{"rendered":"https:\/\/www.enaikoon.com\/fr\/?page_id=8403"},"modified":"2019-08-02T11:43:30","modified_gmt":"2019-08-02T11:43:30","slug":"logiciel","status":"publish","type":"page","link":"https:\/\/www.enaikoon.com\/fr\/logiciel\/","title":{"rendered":"logiciel"},"content":{"rendered":"\n\t\t\t<!-- START software_fr REVOLUTION SLIDER 6.6.16 --><p class=\"rs-p-wp-fix\"><\/p>\n\t\t\t<rs-module-wrap id=\"rev_slider_69_1_wrapper\" data-source=\"gallery\" style=\"visibility:hidden;background:transparent;padding:0;margin:0px auto;margin-top:0;margin-bottom:0;\">\n\t\t\t\t<rs-module id=\"rev_slider_69_1\" style=\"\" data-version=\"6.6.16\">\n\t\t\t\t\t<rs-slides style=\"overflow: hidden; position: absolute;\">\n\t\t\t\t\t\t<rs-slide style=\"position: absolute;\" data-key=\"rs-99\" data-title=\"banner\" data-anim=\"adpr:false;\">\n\t\t\t\t\t\t\t<img src=\"\/\/www.enaikoon.com\/wp-content\/plugins\/revslider\/public\/assets\/assets\/dummy.png\" alt=\"\" title=\"logiciel\" class=\"rev-slidebg tp-rs-img rs-lazyload\" data-lazyload=\"\/\/www.enaikoon.com\/wp-content\/uploads\/2016\/07\/Basic_inViu-software-banner4.png\" data-no-retina>\n<!--\n\t\t\t\t\t\t\t--><rs-layer\n\t\t\t\t\t\t\t\tid=\"slider-69-slide-99-layer-1\" \n\t\t\t\t\t\t\t\tdata-type=\"image\"\n\t\t\t\t\t\t\t\tdata-rsp_ch=\"on\"\n\t\t\t\t\t\t\t\tdata-text=\"l:22;\"\n\t\t\t\t\t\t\t\tdata-dim=\"w:998px;h:300px;\"\n\t\t\t\t\t\t\t\tdata-frame_0=\"tp:600;\"\n\t\t\t\t\t\t\t\tdata-frame_1=\"tp:600;e:power2.inOut;st:500;\"\n\t\t\t\t\t\t\t\tdata-frame_999=\"o:0;tp:600;e:nothing;st:9000;\"\n\t\t\t\t\t\t\t\tstyle=\"z-index:5;\"\n\t\t\t\t\t\t\t><img src=\"\/\/www.enaikoon.com\/wp-content\/plugins\/revslider\/public\/assets\/assets\/dummy.png\" alt=\"\" class=\"tp-rs-img rs-lazyload\" data-lazyload=\"\/wp-content\/uploads\/2016\/07\/Basic_inViu-software-banner4.png\" data-no-retina> \n\t\t\t\t\t\t\t<\/rs-layer><!--\n\n\t\t\t\t\t\t\t--><rs-layer\n\t\t\t\t\t\t\t\tid=\"slider-69-slide-99-layer-2\" \n\t\t\t\t\t\t\t\tclass=\"medium-blue-text\"\n\t\t\t\t\t\t\t\tdata-type=\"text\"\n\t\t\t\t\t\t\t\tdata-color=\"rgba(70,180,231,1)\"\n\t\t\t\t\t\t\t\tdata-rsp_ch=\"on\"\n\t\t\t\t\t\t\t\tdata-xy=\"x:528px;y:78px;\"\n\t\t\t\t\t\t\t\tdata-text=\"s:32;l:34;fw:700;\"\n\t\t\t\t\t\t\t\tdata-frame_0=\"y:50px;tp:600;\"\n\t\t\t\t\t\t\t\tdata-frame_1=\"tp:600;e:power2.inOut;st:800;sp:500;\"\n\t\t\t\t\t\t\t\tdata-frame_999=\"o:1;tp:600;e:nothing;st:9000;\"\n\t\t\t\t\t\t\t\tstyle=\"z-index:6;font-family:'Myriad Pro';color:#12B9FF !important;letter-spacing:0px !important;\"\n\t\t\t\t\t\t\t>Un seul portail Web pour toutes <br\/>vos applications \n\t\t\t\t\t\t\t<\/rs-layer><!--\n\n\t\t\t\t\t\t\t--><rs-layer\n\t\t\t\t\t\t\t\tid=\"slider-69-slide-99-layer-3\" \n\t\t\t\t\t\t\t\tclass=\"small-brown-text\"\n\t\t\t\t\t\t\t\tdata-type=\"text\"\n\t\t\t\t\t\t\t\tdata-color=\"rgba(143,143,143,1)\"\n\t\t\t\t\t\t\t\tdata-rsp_ch=\"on\"\n\t\t\t\t\t\t\t\tdata-xy=\"x:528px;y:148px;\"\n\t\t\t\t\t\t\t\tdata-text=\"s:16;l:18;\"\n\t\t\t\t\t\t\t\tdata-frame_0=\"y:50px;tp:600;\"\n\t\t\t\t\t\t\t\tdata-frame_1=\"tp:600;e:power2.inOut;st:800;sp:500;\"\n\t\t\t\t\t\t\t\tdata-frame_999=\"o:1;tp:600;e:nothing;st:9000;\"\n\t\t\t\t\t\t\t\tstyle=\"z-index:7;font-family:'Myriad Pro';letter-spacing:1 !important;font-size:14.4px;line-height:17px;\"\n\t\t\t\t\t\t\t>inViu, notre portail Web pour la gestion par GPS, vous permet de <br\/>contr\u00f4ler et de g\u00e9olocaliser l'ensemble de vos trackables en <br\/>temps r\u00e9el. L'application est d\u00e9velopp\u00e9e en Allemagne. \n\t\t\t\t\t\t\t<\/rs-layer><!--\n\n\t\t\t\t\t\t\t--><rs-layer\n\t\t\t\t\t\t\t\tid=\"slider-69-slide-99-layer-4\" \n\t\t\t\t\t\t\t\tdata-type=\"text\"\n\t\t\t\t\t\t\t\tdata-color=\"rgba(255,255,255,1)\"\n\t\t\t\t\t\t\t\tdata-rsp_ch=\"on\"\n\t\t\t\t\t\t\t\tdata-xy=\"x:528px;y:206px;\"\n\t\t\t\t\t\t\t\tdata-text=\"l:22;\"\n\t\t\t\t\t\t\t\tdata-frame_0=\"y:50px;tp:600;\"\n\t\t\t\t\t\t\t\tdata-frame_1=\"tp:600;e:power2.inOut;st:800;sp:500;\"\n\t\t\t\t\t\t\t\tdata-frame_999=\"o:1;tp:600;e:nothing;st:9000;\"\n\t\t\t\t\t\t\t\tstyle=\"z-index:8;font-family:'';\"\n\t\t\t\t\t\t\t><a class=\"gl_button_blue\" target=\"_blank\" href=\"https:\/\/sso.enaikoon.de\/?locale=fr\"  rel=\"nofollow\">Se connecter \u00e0 inViu<\/a> \n\t\t\t\t\t\t\t<\/rs-layer><!--\n-->\t\t\t\t\t\t<\/rs-slide>\n\t\t\t\t\t<\/rs-slides>\n\t\t\t\t<\/rs-module>\n\t\t\t\t<script>\n\t\t\t\t\tsetREVStartSize({c: 'rev_slider_69_1',rl:[1240,1024,778,480],el:[],gw:[998],gh:[300],type:'standard',justify:'',layout:'fullwidth',mh:\"0\"});if (window.RS_MODULES!==undefined && window.RS_MODULES.modules!==undefined && window.RS_MODULES.modules[\"revslider691\"]!==undefined) {window.RS_MODULES.modules[\"revslider691\"].once = false;window.revapi69 = undefined;if (window.RS_MODULES.checkMinimal!==undefined) window.RS_MODULES.checkMinimal()}\n\t\t\t\t<\/script>\n\t\t\t<\/rs-module-wrap>\n\t\t\t<!-- END REVOLUTION SLIDER -->\n\n\n<div class=\"row\">\n<div class=\"gl_space_page\">\n\n\t<div class=\"col-md-8\">\n<div class=\"gl_space_pageleft\">\n<div class=\"gl_h2big\">Un logiciel polyvalent et convivial<\/div>\ninViu est une application web hautement s\u00e9curis\u00e9e qui traite vos donn\u00e9es t\u00e9l\u00e9matiques avec une pr\u00e9cision maximale.\n<div>&nbsp;<\/div>\n<div class=\"gl_h3big\">D\u00e9terminez lequel de ces trois logiciels r\u00e9pondra le mieux \u00e0 vos besoins<\/div>\nENAiKOON a \u00e9labor\u00e9 un grand syst\u00e8me modulaire, qui s&rsquo;adapte aux besoins de chacun. La grande vari\u00e9t\u00e9 des solutions et les conseils personnalis\u00e9s de nos experts sauront r\u00e9pondre \u00e0 chacune de vos demandes.\n<div>&nbsp;<\/div>\n<div class=\"clearfix\">\n<div><a href=\"https:\/\/www.enaikoon.com\/fr\/logiciel\/inviu-web\/\" title=\"inviu web est un portail web rapide et facile d'utilisation\"><img decoding=\"async\" src=\"https:\/\/www.enaikoon.com\/wp-content\/uploads\/2016\/07\/inViu-web.png\" alt=\"inviu web est un portail web rapide et facile d'utilisation\" border=\"0\" align=\"left\"><\/a><\/div>\n<div class=\"gl_software_inViuweb\">Vous voulez conna\u00eetre la derni\u00e8re position GPS de vos trackables et obtenir un aper\u00e7u global en quelques clics ?\n<a href=\"https:\/\/www.enaikoon.com\/fr\/logiciel\/inviu-web\/\">inViu web<\/a> est un portail web rapide et facile \u00e0 utiliser.<\/div>\n<\/div>\n<div>&nbsp;<\/div>\n<div class=\"clearfix\">\n<div><a href=\"https:\/\/www.enaikoon.com\/fr\/logiciel\/inviu-pro\/\" title=\"inViu pro avec les plugins ad\u00e9quat, vous donne une solution id\u00e9al\"><img decoding=\"async\" src=\"https:\/\/www.enaikoon.com\/wp-content\/uploads\/2016\/07\/inViu-pro.png\" alt=\"inViu pro avec les plugins ad\u00e9quat, vous donne une solution id\u00e9al\" border=\"0\" align=\"left\"><\/a><\/div>\n<div class=\"gl_software_inViupro\">Vous cherchez un outil efficace pour g\u00e9rer votre flotte ou votre mat\u00e9riel de chantier, pour surveiller le niveau d&rsquo;essence et la temp\u00e9rature de vos r\u00e9servoirs, pour \u00eatre inform\u00e9 des heures d&rsquo;activit\u00e9 de votre \u00e9quipement et plus encore ? <a href=\"https:\/\/www.enaikoon.com\/fr\/logiciel\/inviu-pro\/\">inViu pro<\/a> et ses plugins gratuits sont la solution parfaite !<\/div>\n<\/div>\n<div>&nbsp;<\/div>\n<div class=\"clearfix\">\n<div class=\"gl_space_top10-inv\"><a href=\"https:\/\/www.enaikoon.com\/fr\/mobile\/plugins\/routes\/\" title=\"inViu routes est l'application GPS id\u00e9al pour votre t\u00e9l\u00e9phone intelligent\"><img decoding=\"async\" src=\"https:\/\/www.enaikoon.com\/wp-content\/uploads\/2016\/07\/inViu-routes.png\" alt=\"inViu routes est l'application GPS id\u00e9al pour votre t\u00e9l\u00e9phone intelligent\" border=\"0\" align=\"left\"><\/a><\/div>\n<div class=\"gl_software_inViuroutes\">Vous voulez connaitre la position de votre personnel mobile en temps r\u00e9el et acc\u00e9der \u00e0 tout moment \u00e0 l&rsquo;analyse compl\u00e8te de ces donn\u00e9es sur votre inViu web ou inViu pro ?\n<a href=\"https:\/\/www.enaikoon.com\/fr\/mobile\/plugins\/routes\/\" title=\"inViu routes\">inViu routes<\/a> pour smartphone est l&rsquo;application id\u00e9ale !<\/div>\n<\/div>\n<div>&nbsp;<\/div>\n<div>Des milliers d&rsquo;entreprises et de particuliers du monde entier font confiance \u00e0 notre syst\u00e8me. Profitez-vous aussi de l&rsquo;aide d&rsquo;ENAiKOON et d&rsquo;<a href=\"https:\/\/www.enaikoon.com\/fr\/logiciel\/inviu-pro\/\">inViu<\/a> pour gagner du temps et \u00e9conomiser de l&rsquo;argent ! <a href=\"https:\/\/www.enaikoon.com\/fr\/solution\/etudes-de-cas\/location-de-materiel-de-chantier\/\" title=\"Les \u00e9tudes de cas\">Lire nos \u00e9tudes de cas<\/a><\/div>\n<\/div>\n<\/div>\n\n<div class=\"col-md-4\">\n<div class=\"gl_space_pageright\">\n<div><a rel=\"nofollow\" href=\"https:\/\/www.enaikoon.com\/wp-content\/uploads\/2016\/07\/App_Screen_04.jpg\" title=\"ENAiKOON inViu\"><img decoding=\"async\" src=\"https:\/\/www.enaikoon.com\/wp-content\/uploads\/2016\/07\/inViu.jpg\" alt=\"Portail de g\u00e9olocalisation en ligne - Inviu\" border=\"0\"><\/a><\/div>\n<h3>inViu : quels avantages pour votre entreprise ?<\/h3>\n<ul class=\"gl_space_ul\" type=\"square\">\n \t<li class=\"gl_space_li\">acc\u00e8s imm\u00e9diat au portail Web, sans temps d&rsquo;arr\u00eat ni logiciel \u00e0 installer<\/li>\n \t<li class=\"gl_space_li\">envoi direct des donn\u00e9es par Wi-Fi, pour gagner du temps<\/li>\n \t<li class=\"gl_space_li\">acc\u00e8s aux informations depuis un PC, une tablette tactile ou un smartphone, avec n&rsquo;importe quel navigateur<\/li>\n \t<li class=\"gl_space_li\">un syst\u00e8me qui s&rsquo;int\u00e8gre facilement \u00e0 vos applications tierces<\/li>\n<\/ul>\n<div><a class=\"gl_button_blue\" href=\"https:\/\/www.enaikoon.com\/fr\/contact\/contact\/\">Nous contacter<\/a><\/div>\n<div><a class=\"gl_button_yellow\" href=\"https:\/\/www.enaikoon.com\/fr\/contact\/conseil-dexperts\/\">Prendre un rendez-vous<\/a><\/div>\n<div class=\"gl_space_top10\">Pour essayer notre portail en ligne inViu pro, veuillez cliquer sur le lien ci-dessous, puis cliquer sur \u00ab d\u00e9mo \u00bb, au-dessus des champs de connexion<\/div>\n<div><a class=\"gl_button_yellow\" rel=\"nofollow\" href=\"https:\/\/sso.enaikoon.de\/SSOServer\/?locale=fr&amp;demo=1\" target=\"_blank\">d\u00e9mo d&rsquo;inViu pro<\/a><\/div>\n<\/div>\n<\/div>\n<div class=\"gl_row_space\"><\/div>\n<div class=\"gl_line\"><\/div>\n<div class=\"col-md-4\">\n<div class=\"gl_h2big\"><a href=\"https:\/\/www.enaikoon.com\/fr\/logiciel\/inviu-web\/\">inViu web<\/a><\/div>\n<div>inViu web est un portail en ligne simple et intuitif. Son interface utilisateur est compatible avec <a href=\"https:\/\/www.enaikoon.com\/fr\/mobile\/plugins\/routes\/\">inViu routes<\/a> et l&rsquo;ensemble des <a href=\"https:\/\/www.enaikoon.com\/fr\/modules-gps\/\">syst\u00e8mes t\u00e9l\u00e9matiques<\/a> d&rsquo;ENAiKOON.<\/div>\n<div class=\"gl_space_top15\">inViu web propose toutes les fonctions de base pour la gestion par GPS : le gardiennage virtuel, l&rsquo;envoi d&rsquo;alertes et la gestion des trackables. Sur la carte int\u00e9gr\u00e9e \u00e0 votre inViu, vous pouvez observer vos trackables en temps r\u00e9el et acc\u00e9der \u00e0 leurs 100 derniers rapports de position. Vous pouvez \u00e9galement personnaliser les pointeurs pour lire votre carte en un coup d&rsquo;oeil.<\/div>\n<\/div>\n\n<div class=\"col-md-4\">\n<div class=\"gl_h2big\"><a href=\"https:\/\/www.enaikoon.com\/fr\/logiciel\/inviu-pro\/\">inViu pro<\/a><\/div>\n<div>inViu pro est une version avanc\u00e9e d&rsquo;inViu web. Vous pouvez le personnaliser en y associant de nombreux plugins. Ainsi, en plus des fonctions de base pour la g\u00e9olocalisation, l&rsquo;affichage de l&rsquo;itin\u00e9raire et le gardiennage virtuel de vos trackables, inViu pro vous permet de g\u00e9rer votre personnel, votre carburant, vos livraisons, vos probl\u00e8mes de vol et vos donn\u00e9es CAN bus, gr\u00e2ce aux plugins <a href=\"https:\/\/www.enaikoon.com\/fr\/logiciel\/plugins\/staff-tracker\/\">staff-tracker<\/a>, <a href=\"https:\/\/www.enaikoon.com\/fr\/logiciel\/plugins\/fuel-tracker\/\">fuel tracker<\/a>, <a href=\"https:\/\/www.enaikoon.com\/fr\/logiciel\/plugins\/systeme-de-suivi-des-pneus\/\" title=\"tire-monitor-system\">tire-monitor-system<\/a>, <a href=\"https:\/\/www.enaikoon.com\/fr\/logiciel\/plugins\/can-66\/\">can-66<\/a>, <a href=\"https:\/\/www.enaikoon.com\/fr\/logiciel\/plugins\/limit-checker\/\">limit-checker<\/a>, <a href=\"https:\/\/www.enaikoon.com\/fr\/logiciel\/plugins\/messenger\/\">messenger<\/a>, <a href=\"https:\/\/www.enaikoon.com\/fr\/logiciel\/plugins\/temp-checker\/\">temp-checker<\/a>, <a href=\"https:\/\/www.enaikoon.com\/fr\/logiciel\/plugins\/tour-checker\/\">tour-checker<\/a>.<\/div>\n<div>&nbsp;<\/div>\n<div>En choisissant un compte inViu pro et en l&rsquo;associant \u00e0 des <a href=\"https:\/\/www.enaikoon.com\/fr\/modules-gps\/\">modules GPS<\/a> d&rsquo;ENAiKOON et \u00e0 l&rsquo;application <a href=\"https:\/\/www.enaikoon.com\/fr\/mobile\/plugins\/routes\/\">inViu routes<\/a> pour smartphones, vous b\u00e9n\u00e9ficiez d&rsquo;une solution compl\u00e8te et incomparablement performante. Contactez nos experts d\u00e8s maintenant ! Ils vous aident \u00e0 trouver la solution ENAiKOON qui r\u00e9pond parfaitement aux besoins de votre entreprise.<\/div>\n<\/div>\n\n<div class=\"col-md-4\">\n<div class=\"gl_h2big\"><a href=\"https:\/\/www.enaikoon.com\/fr\/mobile\/inviu-mobile\/\">inViu routes<\/a><\/div>\n<div>L&rsquo;application inViu routes n&rsquo;est pas qu&rsquo;une simple application GPS. En plus des fonctions de base (comme l&rsquo;affichage de votre position sur votre smartphone&#8230;), elle permet de synchroniser vos applications pour que les donn\u00e9es recueillies soient directement envoy\u00e9es au serveur central d&rsquo;inViu. Elles y seront alors analys\u00e9es et trait\u00e9es de la m\u00eame mani\u00e8re que les donn\u00e9es recueillies par vos modules de g\u00e9olocalisation.<\/div>\n<div>&nbsp;<\/div>\n<div>A tout moment, que vous soyez au bureau ou en d\u00e9placement, vous pourrez conna\u00eetre en un coup d&rsquo;oeil la position de l&rsquo;ensemble de vos trackables. Profitez d\u00e8s maintenant de toutes les fonctionnalit\u00e9s de votre inViu web ou pro en y associant inViu pro !<\/div>\n<div>&nbsp;<\/div>\n<\/div>\n<div class=\"gl_row_space\"><\/div>\n<div>&nbsp;<\/div>\n<div class=\"col-md-4\">\n<div><img decoding=\"async\" src=\"https:\/\/www.enaikoon.com\/wp-content\/uploads\/2016\/07\/2e8ec0a4a9.png\" alt=\"\" border=\"0\" align=\"left\"><img decoding=\"async\" src=\"https:\/\/www.enaikoon.com\/wp-content\/uploads\/2016\/07\/2ddf9a36b1.png\" alt=\"\" class=\"gl_space_left10\" border=\"0\" align=\"left\"><img decoding=\"async\" src=\"https:\/\/www.enaikoon.com\/wp-content\/uploads\/2016\/07\/d535dae36a.png\" alt=\"\" class=\"gl_space_left10\" border=\"0\" align=\"left\"><img decoding=\"async\" src=\"https:\/\/www.enaikoon.com\/wp-content\/uploads\/2016\/07\/8c4beb49a0.png\" alt=\"\" class=\"gl_space_left10\" border=\"0\" align=\"left\"><img decoding=\"async\" src=\"https:\/\/www.enaikoon.com\/wp-content\/uploads\/2016\/07\/b1a55eeef1.png\" alt=\"\" class=\"gl_space_left10\" border=\"0\" align=\"left\"><img decoding=\"async\" src=\"https:\/\/www.enaikoon.com\/wp-content\/uploads\/2016\/07\/17eda6e6a0.png\" alt=\"\" class=\"gl_space_left10\" border=\"0\" align=\"left\"><\/div>\n<\/div>\n\n<div class=\"col-md-4\">\n<div class=\"clearfix\">\n<div class=\"gl_space_left50\"><a href=\"https:\/\/www.enaikoon.com\/fr\/logiciel\/plugins\/staff-tracker\/\" title=\"staff-tracker\"><img decoding=\"async\" src=\"https:\/\/www.enaikoon.com\/wp-content\/uploads\/2016\/07\/fb304c3517.png\" alt=\"\" border=\"0\" align=\"left\"><\/a><a href=\"https:\/\/www.enaikoon.com\/fr\/logiciel\/plugins\/fuel-tracker\/\" title=\"fuel-tracker\"><img decoding=\"async\" src=\"https:\/\/www.enaikoon.com\/wp-content\/uploads\/2016\/07\/f3b9041571.png\" alt=\"\" class=\"gl_space_left15\" border=\"0\" align=\"left\"><\/a><a href=\"https:\/\/www.enaikoon.com\/fr\/logiciel\/plugins\/systeme-de-suivi-des-pneus\/\" title=\"tire-monitor-system\"><img decoding=\"async\" src=\"https:\/\/www.enaikoon.com\/wp-content\/uploads\/2016\/07\/b2c11ca25d.png\" alt=\"\" class=\"gl_space_left15\" border=\"0\" align=\"left\"><\/a><a href=\"https:\/\/www.enaikoon.com\/fr\/logiciel\/plugins\/can-66\/\" title=\"can-66\"><img decoding=\"async\" src=\"https:\/\/www.enaikoon.com\/wp-content\/uploads\/2016\/07\/9abc6ef630.png\" alt=\"\" class=\"gl_space_left15\" border=\"0\" align=\"left\"><\/a><\/div>\n<\/div>\n<div class=\"gl_space_top10\"><\/div>\n<div class=\"clearfix\">\n<div class=\"gl_space_left50\"><a href=\"https:\/\/www.enaikoon.com\/fr\/logiciel\/plugins\/limit-checker\/\" title=\"limit-checker\"><img decoding=\"async\" src=\"https:\/\/www.enaikoon.com\/wp-content\/uploads\/2016\/07\/55dc342593.png\" alt=\"\" border=\"0\" align=\"left\"><\/a><a href=\"https:\/\/www.enaikoon.com\/fr\/logiciel\/plugins\/messenger\/\" title=\"messenger\"><img decoding=\"async\" src=\"https:\/\/www.enaikoon.com\/wp-content\/uploads\/2016\/07\/30f654127e.png\" alt=\"\" class=\"gl_space_left15\" border=\"0\" align=\"left\"><\/a><a href=\"https:\/\/www.enaikoon.com\/fr\/logiciel\/plugins\/temp-checker\/\" title=\"temp-checker\"><img decoding=\"async\" src=\"https:\/\/www.enaikoon.com\/wp-content\/uploads\/2016\/07\/941c876d4b.png\" alt=\"\" class=\"gl_space_left15\" border=\"0\" align=\"left\"><\/a><a href=\"https:\/\/www.enaikoon.com\/fr\/logiciel\/plugins\/tour-checker\/\" title=\"tour-checker\"><img decoding=\"async\" src=\"https:\/\/www.enaikoon.com\/wp-content\/uploads\/2016\/07\/007b6fe07c.png\" alt=\"\" class=\"gl_space_left15\" border=\"0\" align=\"left\"><\/a><\/div>\n<\/div>\n<\/div>\n\n<div class=\"col-md-4\">\n<div class=\"gl_space_left10\">\n\n<a href=\"https:\/\/www.enaikoon.com\/fr\/mobile\/plugins\/routes\/\" title=\"routes\"><img decoding=\"async\" src=\"https:\/\/www.enaikoon.com\/wp-content\/uploads\/2016\/07\/fc883d2141.jpg\" alt=\"\" border=\"0\" align=\"left\"><\/a>\n\n<!--\n<a href=\"https:\/\/www.enaikoon.com\/fr\/mobile\/plugins\/nfc-tracker\/\" title=\"NFC-tracker\"><img decoding=\"async\" src=\"https:\/\/www.enaikoon.com\/wp-content\/uploads\/2016\/07\/3cb7469ff8.png\" alt=\"\" class=\"gl_space_left10\" border=\"0\" align=\"left\"><\/a>\n\n<a href=\"https:\/\/www.enaikoon.com\/fr\/mobile\/plugins\/gps-details\/\" title=\"GPS-details\"><img decoding=\"async\" src=\"https:\/\/www.enaikoon.com\/wp-content\/uploads\/2016\/07\/225cfed88a.png\" alt=\"\" class=\"gl_space_left10\" border=\"0\" align=\"left\"><\/a>\n\n<a href=\"https:\/\/www.enaikoon.com\/fr\/mobile\/plugins\/traffic-counter\/\" title=\"traffic-counter\"><img decoding=\"async\" src=\"https:\/\/www.enaikoon.com\/wp-content\/uploads\/2016\/07\/6cea0a06dc.jpg\" alt=\"\" class=\"gl_space_left10\" border=\"0\" align=\"left\"><\/a>\n--><\/div>\n<\/div>\n<div class=\"gl_row_space\"><\/div>\n<div class=\"gl_line\"><\/div>\n<div class=\"col-md-4\">\n<div class=\"clearfix\">\n<div class=\"image_center\"><a href=\"https:\/\/www.enaikoon.com\/fr\/contact\/contact\/\" title=\"Nous vous rappelons\"><img decoding=\"async\" src=\"https:\/\/www.enaikoon.com\/wp-content\/uploads\/2016\/07\/LogIn_64.png\" alt=\"Nous vous rappelons\" border=\"0\"><\/a><\/div>\n<\/div>\n<div class=\"gl_h4big\"><a href=\"https:\/\/www.enaikoon.com\/fr\/accueil\/enaikoon-id\/\" title=\"Login with secue ENAiKOON iD\">Acc\u00e9der \u00e0 inViu<\/a><\/div>\n<div>Vous pouvez vous connecter \u00e0 inViu \u00e0 partir de n&rsquo;importe quel point d&rsquo;acc\u00e8s \u00e0 Internet et sans avoir \u00e0 installer de logiciel. Demandez d\u00e8s maintenant <a rel=\"nofollow\" href=\"https:\/\/testsso.enaikoon.de\/SSOServer\/\" target=\"_blank\" title=\"Obtenez votre ENAiKOON iD\">votre ENAiKOON iD<\/a> !<\/div>\n<\/div>\n\n<div class=\"col-md-4\">\n<div class=\"clearfix\">\n<div class=\"image_center\"><a href=\"https:\/\/www.enaikoon.com\/fr\/contact\/votre-kit-gratuit\/\" title=\"Demandez un kit d'\u00e9valuation d\u00e8s maintenant !\"><img decoding=\"async\" src=\"https:\/\/www.enaikoon.com\/wp-content\/uploads\/2016\/07\/Try-n-Buy-icon_11.png\" alt=\"Demandez un kit d'\u00e9valuation d\u00e8s maintenant !\" border=\"0\"><\/a><\/div>\n<\/div>\n<div class=\"gl_h4big\"><a href=\"https:\/\/www.enaikoon.com\/fr\/contact\/votre-kit-gratuit\/\" title=\"Try out the app for free!\">Votre kit d&rsquo;\u00e9valuation gratuit<\/a><\/div>\n<div>D\u00e9couvrez comment les solutions t\u00e9l\u00e9matiques d&rsquo;ENAiKOON peuvent vous aider. <a href=\"https:\/\/www.enaikoon.com\/fr\/contact\/votre-kit-gratuit\/\">Demandez un essai gratuit !<\/a><\/div>\n<\/div>\n\n<div class=\"col-md-4\">\n<div class=\"clearfix\">\n<div class=\"image_center\"><a href=\"https:\/\/www.enaikoon.com\/fr\/contact\/conseil-dexperts\/\" title=\"Nous vous rappelons\"><img decoding=\"async\" src=\"https:\/\/www.enaikoon.com\/wp-content\/uploads\/2016\/07\/Callback-icon_23.png\" alt=\"get in touch with an ENAiKOON telematics expert\" border=\"0\"><\/a><\/div>\n<\/div>\n<div class=\"clearfix\">\n<div class=\"gl_h4big\"><a href=\"https:\/\/www.enaikoon.com\/fr\/contact\/conseil-dexperts\/\" alt=\"Nous vous rappelons\">Nous vous rappelons<\/a><\/div>\n<div>Vous voulez prendre un rendez-vous avec l&rsquo;un de nos experts ? Nous vous rappelons pour un conseil gratuit, <a href=\"https:\/\/www.enaikoon.com\/fr\/contact\/conseil-dexperts\/\">au moment qui vous convient le mieux<\/a>.<\/div>\n<\/div>\n<\/div>\n\n<\/div>\n<div class=\"gl_space_pagebot\">&nbsp;<\/div>\n<\/div>","protected":false},"excerpt":{"rendered":"","protected":false},"author":7,"featured_media":0,"parent":0,"menu_order":0,"comment_status":"closed","ping_status":"closed","template":"","meta":{"footnotes":""},"acf":[],"_links":{"self":[{"href":"https:\/\/www.enaikoon.com\/fr\/wp-json\/wp\/v2\/pages\/8403"}],"collection":[{"href":"https:\/\/www.enaikoon.com\/fr\/wp-json\/wp\/v2\/pages"}],"about":[{"href":"https:\/\/www.enaikoon.com\/fr\/wp-json\/wp\/v2\/types\/page"}],"author":[{"embeddable":true,"href":"https:\/\/www.enaikoon.com\/fr\/wp-json\/wp\/v2\/users\/7"}],"replies":[{"embeddable":true,"href":"https:\/\/www.enaikoon.com\/fr\/wp-json\/wp\/v2\/comments?post=8403"}],"version-history":[{"count":12,"href":"https:\/\/www.enaikoon.com\/fr\/wp-json\/wp\/v2\/pages\/8403\/revisions"}],"predecessor-version":[{"id":17435,"href":"https:\/\/www.enaikoon.com\/fr\/wp-json\/wp\/v2\/pages\/8403\/revisions\/17435"}],"wp:attachment":[{"href":"https:\/\/www.enaikoon.com\/fr\/wp-json\/wp\/v2\/media?parent=8403"}],"curies":[{"name":"wp","href":"https:\/\/api.w.org\/{rel}","templated":true}]}}