{"id":8399,"date":"2016-08-15T04:34:25","date_gmt":"2016-08-15T04:34:25","guid":{"rendered":"https:\/\/www.enaikoon.com\/fr\/?page_id=8399"},"modified":"2019-07-31T11:34:09","modified_gmt":"2019-07-31T11:34:09","slug":"suivre-et-geolocaliser","status":"publish","type":"page","link":"https:\/\/www.enaikoon.com\/fr\/solution\/industries\/suivre-et-geolocaliser\/","title":{"rendered":"suivre et g\u00e9olocaliser"},"content":{"rendered":"<div class=\"row row-slider\">\n\t\t\t<!-- START trackingtracing_fr REVOLUTION SLIDER 6.6.16 --><p class=\"rs-p-wp-fix\"><\/p>\n\t\t\t<rs-module-wrap id=\"rev_slider_81_1_wrapper\" data-source=\"gallery\" style=\"visibility:hidden;background:transparent;padding:0;margin:0px auto;margin-top:0;margin-bottom:0;\">\n\t\t\t\t<rs-module id=\"rev_slider_81_1\" style=\"\" data-version=\"6.6.16\">\n\t\t\t\t\t<rs-slides style=\"overflow: hidden; position: absolute;\">\n\t\t\t\t\t\t<rs-slide style=\"position: absolute;\" data-key=\"rs-113\" data-title=\"banner\" data-anim=\"adpr:false;\">\n\t\t\t\t\t\t\t<img src=\"\/\/www.enaikoon.com\/wp-content\/plugins\/revslider\/public\/assets\/assets\/dummy.png\" alt=\"\" title=\"suivre et g\u00e9olocaliser\" class=\"rev-slidebg tp-rs-img rs-lazyload\" data-lazyload=\"\/\/www.enaikoon.com\/wp-content\/uploads\/2016\/08\/Banner_construction_security.png\" data-no-retina>\n<!--\n\t\t\t\t\t\t\t--><rs-layer\n\t\t\t\t\t\t\t\tid=\"slider-81-slide-113-layer-1\" \n\t\t\t\t\t\t\t\tdata-type=\"image\"\n\t\t\t\t\t\t\t\tdata-rsp_ch=\"on\"\n\t\t\t\t\t\t\t\ttitle=\"Navigation et suivi des routes en toute simplicit\u00e9\"\n\t\t\t\t\t\t\t\tdata-text=\"l:22;\"\n\t\t\t\t\t\t\t\tdata-dim=\"w:998px;h:300px;\"\n\t\t\t\t\t\t\t\tdata-frame_0=\"tp:600;\"\n\t\t\t\t\t\t\t\tdata-frame_1=\"tp:600;e:power2.inOut;st:500;\"\n\t\t\t\t\t\t\t\tdata-frame_999=\"o:1;tp:600;e:nothing;st:w;\"\n\t\t\t\t\t\t\t\tstyle=\"z-index:5;\"\n\t\t\t\t\t\t\t><img src=\"\/\/www.enaikoon.com\/wp-content\/plugins\/revslider\/public\/assets\/assets\/dummy.png\" alt=\"Navigation et suivi des routes en toute simplicit\u00e9\" class=\"tp-rs-img rs-lazyload\" data-lazyload=\"\/wp-content\/uploads\/2016\/07\/Banner_construction_security.png\" data-no-retina> \n\t\t\t\t\t\t\t<\/rs-layer><!--\n\n\t\t\t\t\t\t\t--><rs-layer\n\t\t\t\t\t\t\t\tid=\"slider-81-slide-113-layer-2\" \n\t\t\t\t\t\t\t\tclass=\"medium-blue-text\"\n\t\t\t\t\t\t\t\tdata-type=\"text\"\n\t\t\t\t\t\t\t\tdata-color=\"rgba(70,180,231,1)\"\n\t\t\t\t\t\t\t\tdata-rsp_ch=\"on\"\n\t\t\t\t\t\t\t\tdata-xy=\"x:528px;y:60px;\"\n\t\t\t\t\t\t\t\tdata-text=\"s:32;l:34;fw:700;\"\n\t\t\t\t\t\t\t\tdata-frame_0=\"y:50px;tp:600;\"\n\t\t\t\t\t\t\t\tdata-frame_1=\"tp:600;e:power2.inOut;st:800;sp:500;\"\n\t\t\t\t\t\t\t\tdata-frame_999=\"o:1;tp:600;e:nothing;st:w;\"\n\t\t\t\t\t\t\t\tstyle=\"z-index:6;font-family:'Myriad Pro';color:#12B9FF !important;letter-spacing:0px !important;\"\n\t\t\t\t\t\t\t>G\u00e9olocalisation et suivi :<br\/>\npr\u00eat-\u00e0-l\u2019emploi \n\t\t\t\t\t\t\t<\/rs-layer><!--\n\n\t\t\t\t\t\t\t--><rs-layer\n\t\t\t\t\t\t\t\tid=\"slider-81-slide-113-layer-3\" \n\t\t\t\t\t\t\t\tclass=\"small-brown-text\"\n\t\t\t\t\t\t\t\tdata-type=\"text\"\n\t\t\t\t\t\t\t\tdata-color=\"rgba(143,143,143,1)\"\n\t\t\t\t\t\t\t\tdata-rsp_ch=\"on\"\n\t\t\t\t\t\t\t\tdata-xy=\"x:528px;y:144px;\"\n\t\t\t\t\t\t\t\tdata-text=\"s:16;l:18;\"\n\t\t\t\t\t\t\t\tdata-frame_0=\"y:50px;tp:600;\"\n\t\t\t\t\t\t\t\tdata-frame_1=\"tp:600;e:power2.inOut;st:800;sp:500;\"\n\t\t\t\t\t\t\t\tdata-frame_999=\"o:1;tp:600;e:nothing;st:w;\"\n\t\t\t\t\t\t\t\tstyle=\"z-index:7;font-family:'Myriad Pro';letter-spacing:1 !important;font-size:14.4px;line-height:17px;\"\n\t\t\t\t\t\t\t>Contr\u00f4le et vigilance facile \u00e0 utiliser, bon march\u00e9 et fiable de nos <br\/>objets mobiles et vos flottes de v\u00e9hicules gr\u00e2ce \u00e0 un logiciel <br\/>convivial : inViu web \n\t\t\t\t\t\t\t<\/rs-layer><!--\n\n\t\t\t\t\t\t\t--><rs-layer\n\t\t\t\t\t\t\t\tid=\"slider-81-slide-113-layer-4\" \n\t\t\t\t\t\t\t\tdata-type=\"text\"\n\t\t\t\t\t\t\t\tdata-color=\"rgba(255,255,255,1)\"\n\t\t\t\t\t\t\t\tdata-rsp_ch=\"on\"\n\t\t\t\t\t\t\t\tdata-xy=\"x:528px;y:205px;\"\n\t\t\t\t\t\t\t\tdata-text=\"l:22;\"\n\t\t\t\t\t\t\t\tdata-frame_0=\"y:50px;tp:600;\"\n\t\t\t\t\t\t\t\tdata-frame_1=\"tp:600;e:power2.inOut;st:800;sp:500;\"\n\t\t\t\t\t\t\t\tdata-frame_999=\"o:1;tp:600;e:nothing;st:w;\"\n\t\t\t\t\t\t\t\tstyle=\"z-index:8;font-family:'';\"\n\t\t\t\t\t\t\t><a class=\"gl_button_blue\" href=\"\/fr\/solution\/nos-services\/\">Nos services<\/a> \n\t\t\t\t\t\t\t<\/rs-layer><!--\n-->\t\t\t\t\t\t<\/rs-slide>\n\t\t\t\t\t<\/rs-slides>\n\t\t\t\t<\/rs-module>\n\t\t\t\t<script>\n\t\t\t\t\tsetREVStartSize({c: 'rev_slider_81_1',rl:[1240,1024,778,480],el:[],gw:[998],gh:[300],type:'standard',justify:'',layout:'fullwidth',mh:\"0\"});if (window.RS_MODULES!==undefined && window.RS_MODULES.modules!==undefined && window.RS_MODULES.modules[\"revslider811\"]!==undefined) {window.RS_MODULES.modules[\"revslider811\"].once = false;window.revapi81 = undefined;if (window.RS_MODULES.checkMinimal!==undefined) window.RS_MODULES.checkMinimal()}\n\t\t\t\t<\/script>\n\t\t\t<\/rs-module-wrap>\n\t\t\t<!-- END REVOLUTION SLIDER -->\n<\/div>\n<div style=\"height:45px;\">&nbsp;<\/div>\n<div class=\"row\">\n\n<div class=\"col-md-4\">\n<div class=\"gl_space_right10\">\n<div class=\"gl_h2big\">Nos solutions permettent de<\/div>\n<div class=\"gl_space_top10\"><\/div>\n<div class=\"gl_h4big\">G\u00e9rer sa flotte et son personnel mobile<\/div>\n<div class=\"gl_ul_style2\">\n<ul>\n \t<li>g\u00e9olocalisation en temps r\u00e9el<\/li>\n \t<li>justificatifs attestant de l&rsquo;ach\u00e8vement des missions<\/li>\n \t<li>suivi de la direction et de l&rsquo;altitude du trackable et position GPS exacte<\/li>\n \t<li>d\u00e9finir un nombre illimit\u00e9 de zones de gardiennage virtuel (Geofence)<\/li>\n \t<li>recevoir une alerte si un v\u00e9hicule ou un membre du personnel quitte ou entre dans une zone de gardiennage virtuel (Geofence)<\/li>\n \t<li>rapport d&rsquo;activit\u00e9 complet<\/li>\n<\/ul>\n<\/div>\n<div class=\"gl_space_top15\"><\/div>\n<div class=\"gl_h4big\">Facile \u00e0 utiliser<\/div>\n<div class=\"gl_ul_style2\">\n<ul>\n \t<li>une interface attractive et simple d\u2019utilisation<\/li>\n \t<li>un logiciel compl\u00e8tement personnalisable<\/li>\n \t<li>aucune limite de suivi de v\u00e9hicules ou zones pr\u00e9d\u00e9finies<\/li>\n \t<li>disponible pour t\u00e9l\u00e9phone mobile ou navigateur web<\/li>\n \t<li>configuration sans fils<\/li>\n<\/ul>\n<\/div>\n<div class=\"gl_space_top15\"><\/div>\n<div class=\"gl_h4big\">Pr\u00e9venir le vol<\/div>\n<div class=\"gl_ul_style2\">\n<ul>\n \t<li>retrouver le mat\u00e9riel vol\u00e9 : une solution qui a fait ses preuves<\/li>\n \t<li>le dispositif fonctionne aussi \u00e0 l\u2019arr\u00eat quand le contact est coup\u00e9<\/li>\n \t<li>mettre un terme aux utilisations non autoris\u00e9es<\/li>\n<\/ul>\n<\/div>\n<div class=\"gl_space_top60\"><\/div>\n<div class=\"gl_h2big\">Plus d&rsquo;information<\/div>\n<div class=\"gl_space_top15\"><\/div>\n<div class=\"clearfix\">\n<div class=\"branch_sheet_img\">\n        <a rel=\"nofollow\" href=\"https:\/\/www.enaikoon.com\/uploads\/media\/ENAiKOON_topic__sheet_Transport_and_Logistics_02.pdf\" target=\"_blank\"><img decoding=\"async\" src=\"https:\/\/www.enaikoon.com\/wp-content\/uploads\/2016\/07\/Branch_sheets8.jpg\" alt=\"\" border=\"0\"> <\/a><\/div>\n<div class=\"branch_sheet_name\"><a rel=\"nofollow\" href=\"https:\/\/www.enaikoon.com\/uploads\/media\/ENAiKOON_topic__sheet_Transport_and_Logistics_02.pdf\" target=\"_blank\">transport\net logistique<\/a><\/div>\n<\/div>\n<\/div>\n<\/div>\n\n<div class=\"col-md-4\">\n<div class=\"gl_space_right10\">\n<div class=\"gl_h2big\">Sur le terrain<\/div>\n<div class=\"gl_space_top10\"><\/div>\n<div class=\"gl_h4big\">Secteurs<\/div>\n<div class=\"gl_ul_style2\">\n<ul>\n \t<li>flottes de commerciaux<\/li>\n \t<li>traiteurs<\/li>\n \t<li>services de taxi et limousine<\/li>\n \t<li>techniciens d&rsquo;entretien<\/li>\n \t<li>aides-soignantes \u00e0 domicile<\/li>\n \t<li>clients myst\u00e8res et rackjobbers<\/li>\n \t<li>soci\u00e9t\u00e9s de d\u00e9pannage<\/li>\n<\/ul>\n<\/div>\n<div class=\"gl_space_top30\"><\/div>\n<div class=\"gl_h2big\">Ce que pensent nos utilisateurs&#8230;<\/div>\n<div class=\"gl_space_top10\"><\/div>\n<div class=\"gl_industry\">\n<div class=\"gl_industry_image\"><a href=\"https:\/\/www.enaikoon.com\/fr\/solution\/etudes-de-cas\/dispatching-et-coordination\/\" title=\"Dispatching\"><img decoding=\"async\" src=\"https:\/\/www.enaikoon.com\/wp-content\/uploads\/2016\/07\/industry6.jpg\" alt=\"Dispatching\"><\/a><\/div>\n<div class=\"gl_industry_text\">\n<p class=\"gl_h4big\"><a href=\"https:\/\/www.enaikoon.com\/fr\/solution\/etudes-de-cas\/dispatching-et-coordination\/\">Dispatching et coordination<\/a><\/p>\n\u00ab Gr\u00e2ce aux solutions t\u00e9l\u00e9matiques d&rsquo;ENAiKOON, l&rsquo;efficacit\u00e9 de notre flotte a augment\u00e9 de 40%. \u00bb\n\n<\/div>\n<\/div>\n<div class=\"gl_industry\">\n<div class=\"gl_industry_image\"><a href=\"https:\/\/www.enaikoon.com\/fr\/solution\/etudes-de-cas\/securite-et-protection-antivol\/\" title=\"security and theft protection\"><img decoding=\"async\" src=\"https:\/\/www.enaikoon.com\/wp-content\/uploads\/2016\/07\/industry13.jpg\" alt=\"security and theft protection\"><\/a><\/div>\n<div class=\"gl_industry_text\">\n<p class=\"gl_h4big\"><a href=\"https:\/\/www.enaikoon.com\/fr\/solution\/etudes-de-cas\/securite-et-protection-antivol\/\">S\u00e9curit\u00e9 et protection antivol<\/a><\/p>\n\u00ab Sans la solution t\u00e9l\u00e9matique d&rsquo;ENAiKOON, nous n&rsquo;aurions jamais retrouv\u00e9 la voiture et serions rest\u00e9s dans le p\u00e9trin. \u00bb\n\n<\/div>\n<\/div>\n<div class=\"gl_row_space\"><\/div>\n<div style=\"height:250px;\"><\/div>\n<div class=\"clearfix\">\n<div class=\"branch_sheet_img\">\n        <a rel=\"nofollow\" href=\"https:\/\/www.enaikoon.com\/uploads\/media\/ENAiKOON_locate-04_Fiches_Produits.pdf\" target=\"_blank\"><img decoding=\"async\" src=\"https:\/\/www.enaikoon.com\/wp-content\/uploads\/2016\/07\/Branch_sheets9.jpg\" alt=\"\" border=\"0\"> <\/a><\/div>\n<div class=\"branch_sheet_name\"><a rel=\"nofollow\" href=\"https:\/\/www.enaikoon.com\/uploads\/media\/ENAiKOON_locate-04_Fiches_Produits.pdf\" target=\"_blank\">fiche produit\nlocate-04<\/a><\/div>\n<\/div>\n<\/div>\n<\/div>\n\n<div class=\"col-md-4\">\n<div class=\"gl_enaikoon_logo\"><img decoding=\"async\" src=\"https:\/\/www.enaikoon.com\/wp-content\/uploads\/2016\/07\/ENAiKOON-frosted-logo.png\" alt=\"ENAiKOON logo\" title=\"ENAiKOON logo\"><\/div>\n<div><a class=\"gl_button_blue\" href=\"https:\/\/www.enaikoon.com\/fr\/contact\/contact\/\">Nous contacter<\/a><\/div>\n<div class=\"gl_introduction_contact\">\n    <img decoding=\"async\" src=\"https:\/\/www.enaikoon.com\/wp-content\/uploads\/2016\/07\/icon_email.png\" alt=\"\">\n<p class=\"gl_text_space\">\n      <a rel=\"nofollow\" href=\"mailto:sales@enaikoon.com\">sales@enaikoon.com<\/a>\n\n<\/div>\n<div class=\"gl_introduction_contact\">\n    <img decoding=\"async\" src=\"https:\/\/www.enaikoon.com\/wp-content\/uploads\/2016\/07\/icon_phone1.png\" alt=\"\">\n<p class=\"gl_text_space\">\n      +49 30 397475-30\n\n<\/div>\n<div class=\"gl_introduction_contact\">\n    <img decoding=\"async\" src=\"https:\/\/www.enaikoon.com\/wp-content\/uploads\/2016\/07\/icon_phone2.png\" alt=\"\">\n<p class=\"gl_text_space\">+49 30 397475-40<\/p>\n\n<\/div>\n<div class=\"gl_space_top20\"><\/div>\n<div class=\"gl_space_top20\"><\/div>\n<div><a class=\"gl_button_blue\" href=\"https:\/\/www.enaikoon.com\/fr\/solution\/industries\/\">retourner au menu<\/a><\/div>\n<div class=\"gl_space_top20\"><\/div>\nPour essayer notre portail en ligne inViu pro, veuillez cliquer sur le lien ci-dessous, puis cliquer sur \u00ab d\u00e9mo \u00bb, au-dessus des champs de connexion\n<div><a class=\"gl_button_yellow\" rel=\"nofollow\" href=\"https:\/\/sso.enaikoon.de\/SSOServer\/?locale=fr&amp;demo=1\">d\u00e9mo d&rsquo;inViu pro<\/a><\/div>\n<div class=\"gl_space_top30\"><\/div>\n<a href=\"https:\/\/www.enaikoon.com\/fr\/contact\/votre-kit-gratuit\/\" title=\"Try out the app for free!\"><img decoding=\"async\" class=\"gl_space_left30\" src=\"https:\/\/www.enaikoon.com\/wp-content\/uploads\/2016\/07\/Try-n-Buy-icon_11.png\" alt=\"free trial for field service app\" border=\"0\"><\/a>\n<div class=\"gl_space_top15\"><\/div>\n<div class=\"gl_h4big\"><a href=\"https:\/\/www.enaikoon.com\/fr\/contact\/votre-kit-gratuit\/\">Votre kit d&rsquo;\u00e9valuation gratuit<\/a><\/div>\nD\u00e9couvrez comment les solutions t\u00e9l\u00e9matiques d&rsquo;ENAiKOON peuvent vous aider. <a href=\"https:\/\/www.enaikoon.com\/fr\/contact\/votre-kit-gratuit\/\">Demandez un essai gratuit !<\/a>\n\n<\/div>\n<div class=\"gl_row_space\"><\/div>\n<div class=\"gl_line\"><\/div>\n<\/div>\n<div class=\"gl_h2big\">\nComment \u00e7a marche<\/div>\n<div class=\"row\">\n<div class=\"col-md-4\">\n<div class=\"gl_space_top10\"><\/div>\n<div class=\"gl_h4_fix\"><a href=\"https:\/\/www.enaikoon.com\/fr\/modules-gps\/gamme-locate\/locate-04\/\">\ninstaller un locate-04 sur un v\u00e9hicule<\/a><\/div>\n<div class=\"gl_space_top15\"><\/div>\n<a href=\"https:\/\/www.enaikoon.com\/fr\/modules-gps\/gamme-locate\/locate-04\/\" title=\"inViu routes: locate any trackable and analyse its data\"><img decoding=\"async\" loading=\"lazy\" src=\"https:\/\/www.enaikoon.com\/wp-content\/uploads\/2016\/07\/branch16.png\" alt=\"online vehicle tracking with inViu routes\" width=\"310\" height=\"310\" border=\"0\"><\/a>\n<\/div>\n<div class=\"col-md-4\">\n<div class=\"gl_space_top10\"><\/div>\n<div class=\"gl_h4_fix\"><a href=\"https:\/\/www.enaikoon.com\/fr\/logiciel\/inviu-pro\/\">associer des trackables \u00e0 son compte inViu routes<\/a><\/div>\n<div class=\"gl_space_top15\"><\/div>\n<a href=\"https:\/\/www.enaikoon.com\/fr\/logiciel\/inviu-pro\/\" title=\"ENAiKOON inViu: a powerful online fleet management and monitoring software\"><img decoding=\"async\" loading=\"lazy\" src=\"https:\/\/www.enaikoon.com\/wp-content\/uploads\/2016\/07\/branch17.png\" alt=\"inViu is ENAiKOON's online vehicle tracking portal\" width=\"310\" height=\"310\" border=\"0\"><\/a>\n<\/div>\n<div class=\"col-md-4\">\n<div class=\"gl_space_top10\"><\/div>\n<div class=\"gl_h4_fix\"><a href=\"https:\/\/www.enaikoon.com\/fr\/mobile\/inviu-mobile\/\">d\u00e9marrer la g\u00e9olocalisation et profiter des nombreuses options<\/a><\/div>\n<div class=\"gl_space_top15\"><\/div>\n<a href=\"https:\/\/www.enaikoon.com\/fr\/mobile\/\"><img decoding=\"async\" loading=\"lazy\" src=\"https:\/\/www.enaikoon.com\/wp-content\/uploads\/2016\/07\/branch18.png\" alt=\"ENAiKOON online vehicle tracking: easily protect your business.\" title=\"ENAiKOON mobile: easily protect your business by keeping an eye on both your team and assets using our mobile business applications\" width=\"310\" height=\"310\" border=\"0\"><\/a>\n<\/div>\n<\/div>\n<div class=\"row\">\n<div class=\"col-md-4\">\nUne installation en toute simplicit\u00e9 et une fois install\u00e9, aucun entretien n\u2019est n\u00e9cessaire. Le dispositif envoie les donn\u00e9es machine \u00e0 nos serveurs s\u00e9curis\u00e9s \u00e0 Berlin (Allemagne). Les donn\u00e9es machine sont alors t\u00e9l\u00e9charg\u00e9es sur notre logiciel d\u2019arri\u00e8re-plan : inViu web.\n<\/div>\n<div class=\"col-md-4\">\nA tout moment, vous pouvez contr\u00f4ler et g\u00e9rer votre \u00e9quipement \u00e0 distance gr\u00e2ce \u00e0 <a href=\"https:\/\/www.enaikoon.com\/fr\/logiciel\/\" title=\"inViu\">inViu<\/a>, notre portail en ligne. Tr\u00e8s facile \u00e0 utiliser, il s&rsquo;int\u00e9grera parfaitement \u00e0 votre flux de travail. Choisissez les plugins qui r\u00e9pondent le mieux \u00e0 vos besoins, afin d&rsquo;\u00e9laborer une solution t\u00e9l\u00e9matique sur-mesure.\n<\/div>\n<div class=\"col-md-4\">\nUtiliser inViu et l&rsquo;ensemble des options propos\u00e9es ; d\u00e9finir des geofences, d\u00e9finir des itin\u00e9raires et des adresses de destination, contacter son personnel et obtenir un aper\u00e7u complet des op\u00e9rations de l&rsquo;entreprise.\n<\/div>\n<\/div>\n<div class=\"gl_space_pagebot\">&nbsp;<\/div>","protected":false},"excerpt":{"rendered":"<p> [&hellip;]<\/p>\n","protected":false},"author":7,"featured_media":0,"parent":8384,"menu_order":0,"comment_status":"closed","ping_status":"closed","template":"","meta":{"footnotes":""},"acf":[],"_links":{"self":[{"href":"https:\/\/www.enaikoon.com\/fr\/wp-json\/wp\/v2\/pages\/8399"}],"collection":[{"href":"https:\/\/www.enaikoon.com\/fr\/wp-json\/wp\/v2\/pages"}],"about":[{"href":"https:\/\/www.enaikoon.com\/fr\/wp-json\/wp\/v2\/types\/page"}],"author":[{"embeddable":true,"href":"https:\/\/www.enaikoon.com\/fr\/wp-json\/wp\/v2\/users\/7"}],"replies":[{"embeddable":true,"href":"https:\/\/www.enaikoon.com\/fr\/wp-json\/wp\/v2\/comments?post=8399"}],"version-history":[{"count":14,"href":"https:\/\/www.enaikoon.com\/fr\/wp-json\/wp\/v2\/pages\/8399\/revisions"}],"predecessor-version":[{"id":17139,"href":"https:\/\/www.enaikoon.com\/fr\/wp-json\/wp\/v2\/pages\/8399\/revisions\/17139"}],"up":[{"embeddable":true,"href":"https:\/\/www.enaikoon.com\/fr\/wp-json\/wp\/v2\/pages\/8384"}],"wp:attachment":[{"href":"https:\/\/www.enaikoon.com\/fr\/wp-json\/wp\/v2\/media?parent=8399"}],"curies":[{"name":"wp","href":"https:\/\/api.w.org\/{rel}","templated":true}]}}