{"id":8394,"date":"2016-08-15T04:30:01","date_gmt":"2016-08-15T04:30:01","guid":{"rendered":"https:\/\/www.enaikoon.com\/fr\/?page_id=8394"},"modified":"2019-07-31T11:25:51","modified_gmt":"2019-07-31T11:25:51","slug":"conteneurs","status":"publish","type":"page","link":"https:\/\/www.enaikoon.com\/fr\/solution\/industries\/conteneurs\/","title":{"rendered":"conteneurs"},"content":{"rendered":"<div class=\"row row-slider\">\n\t\t\t<!-- START container_fr REVOLUTION SLIDER 6.6.16 --><p class=\"rs-p-wp-fix\"><\/p>\n\t\t\t<rs-module-wrap id=\"rev_slider_80_1_wrapper\" data-source=\"gallery\" style=\"visibility:hidden;background:transparent;padding:0;margin:0px auto;margin-top:0;margin-bottom:0;\">\n\t\t\t\t<rs-module id=\"rev_slider_80_1\" style=\"\" data-version=\"6.6.16\">\n\t\t\t\t\t<rs-slides style=\"overflow: hidden; position: absolute;\">\n\t\t\t\t\t\t<rs-slide style=\"position: absolute;\" data-key=\"rs-112\" data-title=\"banner\" data-anim=\"adpr:false;\">\n\t\t\t\t\t\t\t<img src=\"\/\/www.enaikoon.com\/wp-content\/plugins\/revslider\/public\/assets\/assets\/dummy.png\" alt=\"\" title=\"conteneurs\" class=\"rev-slidebg tp-rs-img rs-lazyload\" data-lazyload=\"\/\/www.enaikoon.com\/wp-content\/uploads\/2016\/08\/Banner_container.png\" data-no-retina>\n<!--\n\t\t\t\t\t\t\t--><rs-layer\n\t\t\t\t\t\t\t\tid=\"slider-80-slide-112-layer-1\" \n\t\t\t\t\t\t\t\tdata-type=\"image\"\n\t\t\t\t\t\t\t\tdata-rsp_ch=\"on\"\n\t\t\t\t\t\t\t\ttitle=\"La solution d'ENAiKOON pour la gestion du mat\u00e9riel et des chantiers\"\n\t\t\t\t\t\t\t\tdata-text=\"l:22;\"\n\t\t\t\t\t\t\t\tdata-dim=\"w:998px;h:300px;\"\n\t\t\t\t\t\t\t\tdata-frame_0=\"tp:600;\"\n\t\t\t\t\t\t\t\tdata-frame_1=\"tp:600;e:power2.inOut;st:500;\"\n\t\t\t\t\t\t\t\tdata-frame_999=\"o:0;tp:600;e:nothing;st:w;\"\n\t\t\t\t\t\t\t\tstyle=\"z-index:5;\"\n\t\t\t\t\t\t\t><img src=\"\/\/www.enaikoon.com\/wp-content\/plugins\/revslider\/public\/assets\/assets\/dummy.png\" alt=\"Surveiller ses conteneurs en toute simplicit\u00e9\" class=\"tp-rs-img rs-lazyload\" data-lazyload=\"\/wp-content\/uploads\/2016\/07\/Banner_container.png\" data-no-retina> \n\t\t\t\t\t\t\t<\/rs-layer><!--\n\n\t\t\t\t\t\t\t--><rs-layer\n\t\t\t\t\t\t\t\tid=\"slider-80-slide-112-layer-2\" \n\t\t\t\t\t\t\t\tclass=\"medium-blue-text\"\n\t\t\t\t\t\t\t\tdata-type=\"text\"\n\t\t\t\t\t\t\t\tdata-color=\"rgba(70,180,231,1)\"\n\t\t\t\t\t\t\t\tdata-rsp_ch=\"on\"\n\t\t\t\t\t\t\t\tdata-xy=\"x:528px;y:60px;\"\n\t\t\t\t\t\t\t\tdata-text=\"s:32;l:34;fw:700;\"\n\t\t\t\t\t\t\t\tdata-frame_0=\"y:50px;tp:600;\"\n\t\t\t\t\t\t\t\tdata-frame_1=\"tp:600;e:power2.inOut;st:800;sp:500;\"\n\t\t\t\t\t\t\t\tdata-frame_999=\"o:1;tp:600;e:nothing;st:w;\"\n\t\t\t\t\t\t\t\tstyle=\"z-index:6;font-family:'Myriad Pro';color:#12B9FF !important;letter-spacing:0px !important;\"\n\t\t\t\t\t\t\t>G\u00e9olocaliser et t\u00e9l\u00e9g\u00e9rer<br\/>\nses conteneurs\n \n\t\t\t\t\t\t\t<\/rs-layer><!--\n\n\t\t\t\t\t\t\t--><rs-layer\n\t\t\t\t\t\t\t\tid=\"slider-80-slide-112-layer-3\" \n\t\t\t\t\t\t\t\tclass=\"small-brown-text\"\n\t\t\t\t\t\t\t\tdata-type=\"text\"\n\t\t\t\t\t\t\t\tdata-color=\"rgba(143,143,143,1)\"\n\t\t\t\t\t\t\t\tdata-rsp_ch=\"on\"\n\t\t\t\t\t\t\t\tdata-xy=\"x:528px;y:144px;\"\n\t\t\t\t\t\t\t\tdata-text=\"s:16;l:18;\"\n\t\t\t\t\t\t\t\tdata-frame_0=\"y:50px;tp:600;\"\n\t\t\t\t\t\t\t\tdata-frame_1=\"tp:600;e:power2.inOut;st:800;sp:500;\"\n\t\t\t\t\t\t\t\tdata-frame_999=\"o:1;tp:600;e:nothing;st:w;\"\n\t\t\t\t\t\t\t\tstyle=\"z-index:7;font-family:'Myriad Pro';letter-spacing:1 !important;font-size:14.4px;line-height:17px;\"\n\t\t\t\t\t\t\t>D\u00e9couvrez comment la t\u00e9l\u00e9matique peut vous permettre <br\/>d'optimiser votre comptabilit\u00e9 et vous faire gagner du temps et <br\/>\u00e9conomiser de l'argent \n\t\t\t\t\t\t\t<\/rs-layer><!--\n\n\t\t\t\t\t\t\t--><rs-layer\n\t\t\t\t\t\t\t\tid=\"slider-80-slide-112-layer-4\" \n\t\t\t\t\t\t\t\tdata-type=\"text\"\n\t\t\t\t\t\t\t\tdata-color=\"rgba(255,255,255,1)\"\n\t\t\t\t\t\t\t\tdata-rsp_ch=\"on\"\n\t\t\t\t\t\t\t\tdata-xy=\"x:528px;y:206px;\"\n\t\t\t\t\t\t\t\tdata-text=\"l:22;\"\n\t\t\t\t\t\t\t\tdata-frame_0=\"y:50px;tp:600;\"\n\t\t\t\t\t\t\t\tdata-frame_1=\"tp:600;e:power2.inOut;st:800;sp:500;\"\n\t\t\t\t\t\t\t\tdata-frame_999=\"o:1;tp:600;e:nothing;st:w;\"\n\t\t\t\t\t\t\t\tstyle=\"z-index:8;font-family:'';\"\n\t\t\t\t\t\t\t><a class=\"gl_button_blue\" href=\"\/fr\/solution\/nos-services\/\">Nos services<\/a> \n\t\t\t\t\t\t\t<\/rs-layer><!--\n-->\t\t\t\t\t\t<\/rs-slide>\n\t\t\t\t\t<\/rs-slides>\n\t\t\t\t<\/rs-module>\n\t\t\t\t<script>\n\t\t\t\t\tsetREVStartSize({c: 'rev_slider_80_1',rl:[1240,1024,778,480],el:[],gw:[998],gh:[300],type:'standard',justify:'',layout:'fullwidth',mh:\"0\"});if (window.RS_MODULES!==undefined && window.RS_MODULES.modules!==undefined && window.RS_MODULES.modules[\"revslider801\"]!==undefined) {window.RS_MODULES.modules[\"revslider801\"].once = false;window.revapi80 = undefined;if (window.RS_MODULES.checkMinimal!==undefined) window.RS_MODULES.checkMinimal()}\n\t\t\t\t<\/script>\n\t\t\t<\/rs-module-wrap>\n\t\t\t<!-- END REVOLUTION SLIDER -->\n<\/div>\n<div style=\"height:45px;\">&nbsp;<\/div>\n<div class=\"row\">\n\n<div class=\"col-md-4\">\n<div class=\"gl_space_right10\">\n<div class=\"gl_h2big\">Nos solutions permettent de<\/div>\n<div class=\"gl_space_top10\"><\/div>\n<div class=\"gl_h4big\">G\u00e9olocaliser par GPS<\/div>\n<div class=\"gl_ul_style2\">\n<ul>\n \t<li>g\u00e9olocaliser ses \u00e9l\u00e9ments mobiles<\/li>\n \t<li>les afficher sur une carte<\/li>\n \t<li>option de gardiennage virtuel, pour surveiller les d\u00e9placements<\/li>\n \t<li>suivre les itin\u00e9raires et les livraisons<\/li>\n \t<li>gestion de la cha\u00eene logistique<\/li>\n<\/ul>\n<\/div>\n<div class=\"gl_space_top15\"><\/div>\n<div class=\"gl_h4big\">T\u00e9l\u00e9g\u00e9rer ses conteneurs<\/div>\n<div class=\"gl_ul_style2\">\n<ul>\n \t<li>gestion logistique des conteneurs<\/li>\n \t<li>gestion d&rsquo;un grand nombre de conteneurs et de groupes de conteneurs<\/li>\n \t<li>gestion de plusieurs sites et de plusieurs groupes clients<\/li>\n<\/ul>\n<\/div>\n<div class=\"gl_space_top15\"><\/div>\n<div class=\"gl_h4big\">G\u00e9olocaliser en longue-port\u00e9e<\/div>\n<div class=\"gl_ul_style2\">\n<ul>\n \t<li>avec batterie longue dur\u00e9e : 10 ans d&rsquo;autonomie pour un relev\u00e9 par jour<\/li>\n \t<li>g\u00e9olocalisation dans le monde entier, gr\u00e2ce aux satellites INMARSAT<\/li>\n<\/ul>\n<\/div>\n<div class=\"gl_space_top15\"><\/div>\n<div class=\"gl_h4big\">Recevoir des alertes<\/div>\n<div class=\"gl_ul_style2\">\n<ul>\n \t<li>niveau des r\u00e9servoirs (ex : 75% \/ plein)<\/li>\n \t<li>pannes<\/li>\n \t<li>transport<\/li>\n \t<li>nombre d&rsquo;heures de service, d&rsquo;utilisation des moteurs ou des unit\u00e9s hydrauliques<\/li>\n \t<li>temp\u00e9rature<\/li>\n<\/ul>\n<\/div>\n<div class=\"gl_space_top15\"><\/div>\n<div class=\"gl_h4big\">Pr\u00e9venir le vol<\/div>\n<div class=\"gl_ul_style2\">\n<ul>\n \t<li>surveiller ses sites gr\u00e2ce aux zones de gardiennage virtuel (Geofence)<\/li>\n \t<li>d\u00e9tecteur de mouvement avec capteurs de vibrations<\/li>\n \t<li>\u00eatre alert\u00e9 en cas d&rsquo;utilisation non autoris\u00e9e<\/li>\n \t<li>couper le contact \u00e0 distance<\/li>\n<\/ul>\n<\/div>\n<\/div>\n<\/div>\n\n<div class=\"col-md-4\">\n<div class=\"gl_h2big\">Ce que pensent nos utilisateurs&#8230;<\/div>\n<div class=\"gl_space_top10\"><\/div>\n<div class=\"gl_industry\">\n<div class=\"gl_industry_image\"><a href=\"https:\/\/www.enaikoon.com\/fr\/solution\/etudes-de-cas\/geolocalisation-gps-de-conteneurs\/\" title=\"Container management\"><img decoding=\"async\" src=\"https:\/\/www.enaikoon.com\/wp-content\/uploads\/2016\/07\/industry12.png\" alt=\"Container management\" border=\"0\"><\/a><\/div>\n<div class=\"gl_industry_text\">\n<p class=\"gl_h4big\"><a href=\"https:\/\/www.enaikoon.com\/fr\/solution\/etudes-de-cas\/geolocalisation-gps-de-conteneurs\/\">G\u00e9olocalisation GPS de conteneurs<\/a><\/p>\n\u00ab Gr\u00e2ce au module de g\u00e9olocalisation locate-15 d&rsquo;ENAiKOON, qui fonctionne en parfaite autonomie, nous recevons une mise \u00e0 jour quotidienne concernant l&#8217;emplacement de chacun de nos conteneurs. C&rsquo;est id\u00e9al pour nous aider \u00e0 g\u00e9rer nos conteneurs. \u00bb\n\n<\/div>\n<\/div>\n<div class=\"gl_industry\">\n<div class=\"gl_industry_image\"><a href=\"https:\/\/www.enaikoon.com\/fr\/solution\/etudes-de-cas\/programme-de-maintenance\/\" title=\"Maintenance program\"><img decoding=\"async\" src=\"https:\/\/www.enaikoon.com\/wp-content\/uploads\/2016\/07\/industry7.jpg\" alt=\"Maintenance program\" border=\"0\"><\/a><\/div>\n<div class=\"gl_industry_text\">\n<p class=\"gl_h4big\"><a href=\"https:\/\/www.enaikoon.com\/fr\/solution\/etudes-de-cas\/programme-de-maintenance\/\">Programme de maintenance<\/a><\/p>\n\u00ab Nous pouvons d\u00e9sormais planifier toutes les inspections \u00e0 venir, les r\u00e9visions et les t\u00e2ches que nous proposons dans nos services, notre \u00e9quipement \u00e9tant tri\u00e9 par date ou par heure de fonctionnement ou encore en fonction de la distance parcourue. \u00bb\n\n<\/div>\n<\/div>\n<div class=\"gl_h2big\">Fiches th\u00e9matiques<\/div>\n<div class=\"gl_space_top10\"><\/div>\n<div class=\"clearfix\">\n<div class=\"branch_sheet_img\">\n        <a rel=\"nofollow\" href=\"https:\/\/www.enaikoon.com\/uploads\/media\/ENAiKOON_fiche_application_conteneur.pdf\" target=\"_blank\"><img decoding=\"async\" src=\"https:\/\/www.enaikoon.com\/wp-content\/uploads\/2016\/07\/Branch_sheets7.jpg\" alt=\"\" border=\"0\"> <\/a><\/div>\n<div class=\"branch_sheet_name\"><a rel=\"nofollow\" href=\"https:\/\/www.enaikoon.com\/uploads\/media\/ENAiKOON_fiche_application_conteneur.pdf\" target=\"_blank\">les conteneurs<\/a><\/div>\n<\/div>\n<\/div>\n\n<div class=\"col-md-4\">\n<div class=\"gl_enaikoon_logo\"><img decoding=\"async\" src=\"https:\/\/www.enaikoon.com\/wp-content\/uploads\/2016\/07\/ENAiKOON-frosted-logo.png\" alt=\"ENAiKOON logo\" title=\"ENAiKOON logo\"><\/div>\n<div><a class=\"gl_button_blue\" href=\"https:\/\/www.enaikoon.com\/fr\/contact\/contact\/\">Nous contacter<\/a><\/div>\n<div class=\"gl_introduction_contact\">\n    <img decoding=\"async\" src=\"https:\/\/www.enaikoon.com\/wp-content\/uploads\/2016\/07\/icon_email.png\" alt=\"\">\n<p class=\"gl_text_space\">\n      <a rel=\"nofollow\" href=\"mailto:sales@enaikoon.com\">sales@enaikoon.com<\/a>\n\n<\/div>\n<div class=\"gl_introduction_contact\">\n    <img decoding=\"async\" src=\"https:\/\/www.enaikoon.com\/wp-content\/uploads\/2016\/07\/icon_phone1.png\" alt=\"\">\n<p class=\"gl_text_space\">\n      +49 30 397475-30\n\n<\/div>\n<div class=\"gl_introduction_contact\">\n    <img decoding=\"async\" src=\"https:\/\/www.enaikoon.com\/wp-content\/uploads\/2016\/07\/icon_phone2.png\" alt=\"\">\n<p class=\"gl_text_space\">+49 30 397475-40<\/p>\n\n<\/div>\n<div class=\"gl_space_top20\"><\/div>\n<div class=\"gl_space_top20\"><\/div>\n<div><a class=\"gl_button_blue\" href=\"https:\/\/www.enaikoon.com\/fr\/solution\/industries\/\">retourner au menu<\/a><\/div>\n<div class=\"gl_space_top20\"><\/div>\nPour essayer notre portail en ligne inViu pro, veuillez cliquer sur le lien ci-dessous, puis cliquer sur \u00ab d\u00e9mo \u00bb, au-dessus des champs de connexion\n<div><a class=\"gl_button_yellow\" rel=\"nofollow\" href=\"https:\/\/sso.enaikoon.de\/SSOServer\/?locale=fr&amp;demo=1\">d\u00e9mo d&rsquo;inViu pro<\/a><\/div>\n<div class=\"gl_space_top30\"><\/div>\n<a href=\"https:\/\/www.enaikoon.com\/fr\/contact\/votre-kit-gratuit\/\" title=\"Try out the app for free!\"><img decoding=\"async\" class=\"gl_space_left30\" src=\"https:\/\/www.enaikoon.com\/wp-content\/uploads\/2016\/07\/Try-n-Buy-icon_11.png\" alt=\"free trial for field service app\" border=\"0\"><\/a>\n<div class=\"gl_space_top15\"><\/div>\n<div class=\"gl_h4big\"><a href=\"https:\/\/www.enaikoon.com\/fr\/contact\/votre-kit-gratuit\/\">Votre kit d&rsquo;\u00e9valuation gratuit<\/a><\/div>\nD\u00e9couvrez comment les solutions t\u00e9l\u00e9matiques d&rsquo;ENAiKOON peuvent vous aider. <a href=\"https:\/\/www.enaikoon.com\/fr\/contact\/votre-kit-gratuit\/\">Demandez un essai gratuit !<\/a>\n\n<\/div>\n<div class=\"gl_row_space\"><\/div>\n<div class=\"gl_line\"><\/div>\n<\/div>\n<div class=\"gl_h2big\">\nComment \u00e7a marche<\/div>\n<div class=\"row\">\n\n<div class=\"col-md-4\">\n<div class=\"gl_space_top10\"><\/div>\n<div class=\"gl_h4_fix\" style=\"letter-spacing:0px;\">recueillir et envoyer des informations \u00e0 partir des modules de g\u00e9olocalisation<\/div>\n<div class=\"gl_space_top15\"><\/div>\n<a href=\"https:\/\/www.enaikoon.com\/fr\/modules-gps\/gamme-locate\/locate-04\/\" title=\"Les modules d'ENAiKOON : des fonctions techniques avanc\u00e9es pour g\u00e9olocaliser des trackables et analyser un large \u00e9ventail de donn\u00e9es.\"><img decoding=\"async\" loading=\"lazy\" src=\"https:\/\/www.enaikoon.com\/wp-content\/uploads\/2016\/07\/branch13.png\" alt=\"Les modules d'ENAiKOON : des fonctions techniques avanc\u00e9es pour g\u00e9olocaliser des trackables et analyser un large \u00e9ventail de donn\u00e9es.\" width=\"310\" height=\"310\" border=\"0\"><\/a>\n<\/div>\n<div class=\"col-md-4\">\n<div class=\"gl_space_top10\"><\/div>\n<div class=\"gl_h4_fix\">obtenir toutes les informations importantes en un coup d&rsquo;oeil<\/div>\n<div class=\"gl_space_top15\"><\/div>\n<a href=\"https:\/\/www.enaikoon.com\/fr\/logiciel\/inviu-pro\/\" title=\"inViu d'ENAiKOON : un logiciel en ligne puissant, pour g\u00e9rer et surveiller ses trackables.\"><img decoding=\"async\" loading=\"lazy\" src=\"https:\/\/www.enaikoon.com\/wp-content\/uploads\/2016\/07\/branch14.png\" alt=\"inViu d'ENAiKOON : un logiciel en ligne puissant, pour g\u00e9rer et surveiller ses trackables.\" width=\"310\" height=\"310\" border=\"0\"><\/a>\n<\/div>\n<div class=\"col-md-4\">\n<div class=\"gl_space_top10\"><\/div>\n<div class=\"gl_h4_fix\">t\u00e9l\u00e9g\u00e9rer son personnel et acc\u00e9der aux donn\u00e9es mobiles<\/div>\n<div class=\"gl_space_top15\"><\/div>\n<a href=\"https:\/\/www.enaikoon.com\/fr\/mobile\/\" title=\"les applications mobiles d'ENAiKOON : des applications mobiles pour les professionnels, pour garder un \u0153il sur son \u00e9quipe et prot\u00e9ger ses actifs en tout simplicit\u00e9\"><img decoding=\"async\" loading=\"lazy\" src=\"https:\/\/www.enaikoon.com\/wp-content\/uploads\/2016\/07\/branch15.png\" alt=\"les applications mobiles d'ENAiKOON : des applications mobiles pour les professionnels, pour garder un \u0153il sur son \u00e9quipe et prot\u00e9ger ses actifs en tout simplicit\u00e9\" width=\"310\" height=\"310\" border=\"0\"><\/a>\n<\/div>\n<\/div>\n<div class=\"row\">\n<div class=\"col-md-4\">\nGr\u00e2ce \u00e0 leurs param\u00e8tres avanc\u00e9s, nos modules permettent de g\u00e9olocaliser toutes sortes de trackables et d&rsquo;analyser un large \u00e9ventail de donn\u00e9es.\n<\/div>\n<div class=\"col-md-4\">\nA tout moment, vous pouvez contr\u00f4ler et g\u00e9rer votre \u00e9quipement \u00e0 distance gr\u00e2ce \u00e0 <a href=\"https:\/\/www.enaikoon.com\/fr\/logiciel\/\">inViu<\/a>,   notre portail en ligne. Tr\u00e8s facile \u00e0 utiliser, il s\u2019int\u00e9grera   parfaitement \u00e0 votre flux de travail. Choisissez les plugins qui   r\u00e9pondent le mieux \u00e0 vos besoins, afin d\u2019\u00e9laborer une solution   t\u00e9l\u00e9matique sur-mesure. <\/div>\n<div class=\"col-md-4\">\ninViu touch, notre logiciel pour t\u00e9l\u00e9phone mobile, compl\u00e8te id\u00e9alement les solutions t\u00e9l\u00e9matiques avanc\u00e9es d&rsquo;ENAiKOON. A tout moment et en un coup d&rsquo;oeil, vous pouvez obtenir une vision d&rsquo;ensemble de votre entreprise.\n<\/div>\n<\/div>\n<div class=\"gl_space_pagebot\">&nbsp;<\/div>","protected":false},"excerpt":{"rendered":"<p> [&hellip;]<\/p>\n","protected":false},"author":7,"featured_media":0,"parent":8384,"menu_order":0,"comment_status":"closed","ping_status":"closed","template":"","meta":{"footnotes":""},"acf":[],"_links":{"self":[{"href":"https:\/\/www.enaikoon.com\/fr\/wp-json\/wp\/v2\/pages\/8394"}],"collection":[{"href":"https:\/\/www.enaikoon.com\/fr\/wp-json\/wp\/v2\/pages"}],"about":[{"href":"https:\/\/www.enaikoon.com\/fr\/wp-json\/wp\/v2\/types\/page"}],"author":[{"embeddable":true,"href":"https:\/\/www.enaikoon.com\/fr\/wp-json\/wp\/v2\/users\/7"}],"replies":[{"embeddable":true,"href":"https:\/\/www.enaikoon.com\/fr\/wp-json\/wp\/v2\/comments?post=8394"}],"version-history":[{"count":8,"href":"https:\/\/www.enaikoon.com\/fr\/wp-json\/wp\/v2\/pages\/8394\/revisions"}],"predecessor-version":[{"id":17131,"href":"https:\/\/www.enaikoon.com\/fr\/wp-json\/wp\/v2\/pages\/8394\/revisions\/17131"}],"up":[{"embeddable":true,"href":"https:\/\/www.enaikoon.com\/fr\/wp-json\/wp\/v2\/pages\/8384"}],"wp:attachment":[{"href":"https:\/\/www.enaikoon.com\/fr\/wp-json\/wp\/v2\/media?parent=8394"}],"curies":[{"name":"wp","href":"https:\/\/api.w.org\/{rel}","templated":true}]}}