{"id":8390,"date":"2016-08-15T04:27:22","date_gmt":"2016-08-15T04:27:22","guid":{"rendered":"https:\/\/www.enaikoon.com\/fr\/?page_id=8390"},"modified":"2019-07-30T15:36:04","modified_gmt":"2019-07-30T15:36:04","slug":"le-personnel-de-service","status":"publish","type":"page","link":"https:\/\/www.enaikoon.com\/fr\/solution\/industries\/le-personnel-de-service\/","title":{"rendered":"le personnel de service"},"content":{"rendered":"<div class=\"row row-slider\">\n\t\t\t<!-- START fieldservice_fr REVOLUTION SLIDER 6.6.16 --><p class=\"rs-p-wp-fix\"><\/p>\n\t\t\t<rs-module-wrap id=\"rev_slider_78_1_wrapper\" data-source=\"gallery\" style=\"visibility:hidden;background:transparent;padding:0;margin:0px auto;margin-top:0;margin-bottom:0;\">\n\t\t\t\t<rs-module id=\"rev_slider_78_1\" style=\"\" data-version=\"6.6.16\">\n\t\t\t\t\t<rs-slides style=\"overflow: hidden; position: absolute;\">\n\t\t\t\t\t\t<rs-slide style=\"position: absolute;\" data-key=\"rs-110\" data-title=\"banner\" data-anim=\"adpr:false;\">\n\t\t\t\t\t\t\t<img src=\"\/\/www.enaikoon.com\/wp-content\/plugins\/revslider\/public\/assets\/assets\/dummy.png\" alt=\"\" title=\"le personnel de service\" class=\"rev-slidebg tp-rs-img rs-lazyload\" data-lazyload=\"\/\/www.enaikoon.com\/wp-content\/uploads\/2016\/08\/ENAiKOON_mobile-workforce-managment_with_NFC_03.png\" data-no-retina>\n<!--\n\t\t\t\t\t\t\t--><rs-layer\n\t\t\t\t\t\t\t\tid=\"slider-78-slide-110-layer-1\" \n\t\t\t\t\t\t\t\tdata-type=\"image\"\n\t\t\t\t\t\t\t\tdata-rsp_ch=\"on\"\n\t\t\t\t\t\t\t\ttitle=\"La solution d'ENAiKOON pour la t\u00e9l\u00e9gestion du personnel mobile\"\n\t\t\t\t\t\t\t\tdata-text=\"l:22;\"\n\t\t\t\t\t\t\t\tdata-dim=\"w:998px;h:300px;\"\n\t\t\t\t\t\t\t\tdata-frame_0=\"tp:600;\"\n\t\t\t\t\t\t\t\tdata-frame_1=\"tp:600;e:power2.inOut;st:500;\"\n\t\t\t\t\t\t\t\tdata-frame_999=\"o:0;tp:600;e:nothing;st:w;\"\n\t\t\t\t\t\t\t\tstyle=\"z-index:5;\"\n\t\t\t\t\t\t\t><img src=\"\/\/www.enaikoon.com\/wp-content\/plugins\/revslider\/public\/assets\/assets\/dummy.png\" alt=\"La solution d'ENAiKOON pour la t\u00e9l\u00e9gestion du personnel mobile\" class=\"tp-rs-img rs-lazyload\" data-lazyload=\"\/wp-content\/uploads\/2016\/07\/ENAiKOON_mobile-workforce-managment_with_NFC_03.png\" data-no-retina> \n\t\t\t\t\t\t\t<\/rs-layer><!--\n\n\t\t\t\t\t\t\t--><rs-layer\n\t\t\t\t\t\t\t\tid=\"slider-78-slide-110-layer-2\" \n\t\t\t\t\t\t\t\tclass=\"medium-blue-text\"\n\t\t\t\t\t\t\t\tdata-type=\"text\"\n\t\t\t\t\t\t\t\tdata-color=\"rgba(70,180,231,1)\"\n\t\t\t\t\t\t\t\tdata-rsp_ch=\"on\"\n\t\t\t\t\t\t\t\tdata-xy=\"x:528px;y:62px;\"\n\t\t\t\t\t\t\t\tdata-text=\"s:32;l:34;fw:700;\"\n\t\t\t\t\t\t\t\tdata-frame_0=\"y:50px;tp:600;\"\n\t\t\t\t\t\t\t\tdata-frame_1=\"tp:600;e:power2.inOut;st:800;sp:500;\"\n\t\t\t\t\t\t\t\tdata-frame_999=\"o:1;tp:600;e:nothing;st:w;\"\n\t\t\t\t\t\t\t\tstyle=\"z-index:6;font-family:'Myriad Pro';color:#12B9FF !important;letter-spacing:0px !important;\"\n\t\t\t\t\t\t\t>Suivre et t\u00e9l\u00e9g\u00e9rer son <br\/>personnel mobile \n\t\t\t\t\t\t\t<\/rs-layer><!--\n\n\t\t\t\t\t\t\t--><rs-layer\n\t\t\t\t\t\t\t\tid=\"slider-78-slide-110-layer-3\" \n\t\t\t\t\t\t\t\tclass=\"small-brown-text\"\n\t\t\t\t\t\t\t\tdata-type=\"text\"\n\t\t\t\t\t\t\t\tdata-color=\"rgba(143,143,143,1)\"\n\t\t\t\t\t\t\t\tdata-rsp_ch=\"on\"\n\t\t\t\t\t\t\t\tdata-xy=\"x:528px;y:144px;\"\n\t\t\t\t\t\t\t\tdata-text=\"s:16;l:18;\"\n\t\t\t\t\t\t\t\tdata-frame_0=\"y:50px;tp:600;\"\n\t\t\t\t\t\t\t\tdata-frame_1=\"tp:600;e:power2.inOut;st:800;sp:500;\"\n\t\t\t\t\t\t\t\tdata-frame_999=\"o:1;tp:600;e:nothing;st:w;\"\n\t\t\t\t\t\t\t\tstyle=\"z-index:7;font-family:'Myriad Pro';letter-spacing:1 !important;font-size:14.4px;line-height:17px;\"\n\t\t\t\t\t\t\t>D\u00e9couvrez comment nos solutions t\u00e9l\u00e9matiques peuvent vous <br\/>aider \u00e0 mieux organiser votre personnel \n\t\t\t\t\t\t\t<\/rs-layer><!--\n\n\t\t\t\t\t\t\t--><rs-layer\n\t\t\t\t\t\t\t\tid=\"slider-78-slide-110-layer-4\" \n\t\t\t\t\t\t\t\tdata-type=\"text\"\n\t\t\t\t\t\t\t\tdata-color=\"rgba(255,255,255,1)\"\n\t\t\t\t\t\t\t\tdata-rsp_ch=\"on\"\n\t\t\t\t\t\t\t\tdata-xy=\"x:528px;y:190px;\"\n\t\t\t\t\t\t\t\tdata-text=\"l:22;\"\n\t\t\t\t\t\t\t\tdata-frame_0=\"y:50px;tp:600;\"\n\t\t\t\t\t\t\t\tdata-frame_1=\"tp:600;e:power2.inOut;st:800;sp:500;\"\n\t\t\t\t\t\t\t\tdata-frame_999=\"o:1;tp:600;e:nothing;st:w;\"\n\t\t\t\t\t\t\t\tstyle=\"z-index:8;font-family:'';\"\n\t\t\t\t\t\t\t><a class=\"gl_button_yellow\" href=\"\/fr\/mobile\/inviu-mobile\/\">Les applications ENAiKOON<\/a> \n\t\t\t\t\t\t\t<\/rs-layer><!--\n-->\t\t\t\t\t\t<\/rs-slide>\n\t\t\t\t\t<\/rs-slides>\n\t\t\t\t<\/rs-module>\n\t\t\t\t<script>\n\t\t\t\t\tsetREVStartSize({c: 'rev_slider_78_1',rl:[1240,1024,778,480],el:[],gw:[998],gh:[300],type:'standard',justify:'',layout:'fullwidth',mh:\"0\"});if (window.RS_MODULES!==undefined && window.RS_MODULES.modules!==undefined && window.RS_MODULES.modules[\"revslider781\"]!==undefined) {window.RS_MODULES.modules[\"revslider781\"].once = false;window.revapi78 = undefined;if (window.RS_MODULES.checkMinimal!==undefined) window.RS_MODULES.checkMinimal()}\n\t\t\t\t<\/script>\n\t\t\t<\/rs-module-wrap>\n\t\t\t<!-- END REVOLUTION SLIDER -->\n<\/div>\n<div style=\"height:45px;\">&nbsp;<\/div>\n<div class=\"row\">\n\n<div class=\"col-md-8\">\n<div class=\"gl_space_pageleft2\">\n<div class=\"gl_h2big gl_space_right20\"><strong>\nVous posez-vous souvent les questions suivantes ? :\n<\/strong><\/div>\n<div class=\"gl_space_top10\"><\/div>\n<div class=\"gl_ul_style2\">\n<ul>\n \t<li style=\"padding-bottom-5px;\"><span class=\"gl_branch_service_li\">O\u00f9 se trouve mon personnel mobile ? <\/span><\/li>\n \t<li style=\"padding-bottom-5px;\"><span class=\"gl_branch_service_li\">Mon personnel accompli-t-il bien toutes ses missions ?<\/span><\/li>\n \t<li style=\"padding-bottom-5px;\"><span class=\"gl_branch_service_li\">A qui pourrait \u00eatre attribu\u00e9e la mission suivante ?<\/span><\/li>\n \t<li style=\"padding-bottom-5px;\"><span class=\"gl_branch_service_li\">Combien d\u2019heures ont r\u00e9alis\u00e9es mes employ\u00e9s ?<\/span><\/li>\n \t<li style=\"padding-bottom-5px;\"><span class=\"gl_branch_service_li\">Les heures suppl\u00e9mentaires ont-elles \u00e9t\u00e9 calcul\u00e9es correctement ?<\/span><\/li>\n<\/ul>\n<\/div>\n<div style=\"margin-top:30px;\">\n<div class=\"gl_h2big\"><strong style=\"color:#12b9ff; \">Nous vous \u00e9laborons la solution id\u00e9ale !<\/strong><\/div>\n<p class=\"gl_h4big  gl_space_right20\">Il vous suffit de nous appeler ou de nous envoyer un e-mail.\nNous serons heureux de trouver la solution qui r\u00e9pond parfaitement \u00e0 vos besoins.\n\n<\/div>\n<\/div>\n<\/div>\n\n<div class=\"col-md-4\">\n<div class=\"gl_space_pageright2\">\n<div class=\"gl_enaikoon_logo\"><img decoding=\"async\" src=\"https:\/\/www.enaikoon.com\/wp-content\/uploads\/2016\/07\/ENAiKOON-frosted-logo.png\" alt=\"ENAiKOON logo\" title=\"ENAiKOON logo\"><\/div>\n<div><a class=\"gl_button_blue\" href=\"https:\/\/www.enaikoon.com\/fr\/contact\/contact\/\">Nous contacter<\/a><\/div>\n<div class=\"gl_introduction_contact\">\n\t<img decoding=\"async\" src=\"https:\/\/www.enaikoon.com\/wp-content\/uploads\/2016\/07\/icon_email.png\" alt=\"\">\n<p class=\"gl_text_space\">\n\t\t<a rel=\"nofollow\" href=\"mailto:sales@enaikoon.com\">sales@enaikoon.com<\/a>\n\n<\/div>\n<div class=\"gl_introduction_contact\">\n\t<img decoding=\"async\" src=\"https:\/\/www.enaikoon.com\/wp-content\/uploads\/2016\/07\/icon_phone1.png\" alt=\"\">\n<p class=\"gl_text_space\">\n\t\t+49 30 397475-30\n\n<\/div>\n<div class=\"gl_introduction_contact\">\n\t<img decoding=\"async\" src=\"https:\/\/www.enaikoon.com\/wp-content\/uploads\/2016\/07\/icon_phone2.png\" alt=\"\">\n<p class=\"gl_text_space\">\n\t\t+49 30 397475-40\n\n<\/div>\n<div class=\"gl_space_top40\"><a class=\"gl_button_blue\" href=\"https:\/\/www.enaikoon.com\/fr\/solution\/industries\/\">retourner au menu<\/a><\/div>\n<div class=\"gl_space_top20\"><\/div>\nPour essayer notre portail en ligne inViu pro, veuillez cliquer sur le lien ci-dessous, puis cliquer sur \u00ab d\u00e9mo \u00bb, au-dessus des champs de connexion\n<div><a class=\"gl_button_yellow\" rel=\"nofollow\" href=\"https:\/\/sso.enaikoon.de\/SSOServer\/?locale=fr&amp;demo=1\">d\u00e9mo d&rsquo;inViu pro<\/a><\/div>\n<\/div>\n<\/div>\n<div class=\"gl_row_space\"><\/div>\n<div class=\"gl_line\"><\/div>\n<\/div>\n<div class=\"gl_h2big\">\nComment \u00e7a marche<\/div>\n<div class=\"row\">\n<div class=\"col-md-4\">\n<div class=\"gl_h4_fix gl_space_top15\">Obtenir toutes les informations\nimportantes\nen un coup d&rsquo;oeil<\/div>\n<\/div>\n<div class=\"col-md-4\">\n<div class=\"gl_h4_fix gl_space_top15\">Un mobile transform\u00e9 en\nmodule de g\u00e9olocalisation &#8211;\nid\u00e9al pour le personnel mobile<\/div>\n<\/div>\n<div class=\"col-md-4\">\n<div class=\"gl_h4_fix gl_space_top15\">Une vue d&rsquo;ensemble en temps\nr\u00e9el &#8211; inViu pro devient mobile<\/div>\n<\/div>\n<\/div>\n<div class=\"row\">\n<div class=\"col-md-4\">\n<div><a href=\"https:\/\/www.enaikoon.com\/fr\/logiciel\/inviu-pro\/\" title=\"inViu est le portail d'ENAiKOON pour la gestion et le suivi en ligne du personnel mobile\"><img decoding=\"async\" loading=\"lazy\" src=\"https:\/\/www.enaikoon.com\/wp-content\/uploads\/2016\/07\/branch7.png\" alt=\"inViu est le portail d'ENAiKOON pour la gestion et le suivi en ligne du personnel mobile\" width=\"310\" height=\"310\" border=\"0\"><\/a><\/div>\n<div class=\"gl_space_top15\">G\u00e9rer son personnel \u00e0 tout moment et de n&rsquo;importe o\u00f9 avec <a href=\"https:\/\/www.enaikoon.com\/fr\/logiciel\/inviu-web\/\" title=\"inViu web - ENAiKOONs schnelles Webportal\" target=\"_blank\">inViu pro<\/a>,   un logiciel puissant qui permet de g\u00e9rer son entreprise en douceur.   Gr\u00e2ce \u00e0 sa carte simple d&rsquo;utilisation, son registre \u00e9lectronique et ses   comptes-rendus nombreux et d\u00e9taill\u00e9s, les op\u00e9rations de votre entreprise   se d\u00e9roulent en toute transparence.<\/div>\n<\/div>\n<div class=\"col-md-4\">\n<div><a href=\"https:\/\/www.enaikoon.com\/fr\/mobile\/plugins\/routes\/\" title=\"inViu routes et inViu NFC-tracker - les applications Android id\u00e9ales pour g\u00e9rer son personnel mobile\"><img decoding=\"async\" loading=\"lazy\" src=\"https:\/\/www.enaikoon.com\/wp-content\/uploads\/2016\/07\/branch8.png\" alt=\"inViu routes et inViu NFC-tracker - les applications Android id\u00e9ales pour g\u00e9rer son personnel mobile\" width=\"310\" height=\"310\" border=\"0\"><\/a><\/div>\n<div class=\"gl_space_top15\">Les applications <a href=\"https:\/\/www.enaikoon.com\/fr\/mobile\/plugins\/routes\/\" title=\"Android App inViu routes\">inViu routes<\/a> et <a rel=\"nofollow\" href=\"http:\/\/www.nfc-tracker.com\/de\/mitarbeiter\/\" title=\"inViu NFC-tracker\" target=\"_blank\">inViu NFC-tracker<\/a> pour smartphone permettent de g\u00e9olocaliser et de suivre son personnel mobile \u00e0 la mani\u00e8re des <a href=\"https:\/\/www.enaikoon.com\/fr\/modules-gps\/gamme-locate\/locate-03\/\" title=\"ENAiKOON Ortungsmodule\">modules GPS<\/a>, en les reliant au <a href=\"https:\/\/www.enaikoon.com\/fr\/logiciel\/inviu-pro\/\" title=\"ENAiKOON Webportal inViu pro\">portail en ligne d&rsquo;ENAiKOON<\/a>.   L&rsquo;application NFC-tracker est id\u00e9ale lorsque le personnel est situ\u00e9 \u00e0   l&rsquo;int\u00e9rieur des b\u00e2timents, puisqu&rsquo;elle n&rsquo;utilise pas la g\u00e9olocalisation   par GPS.<\/div>\n<\/div>\n<div class=\"col-md-4\">\n<div><a href=\"https:\/\/www.enaikoon.com\/fr\/mobile\/\" title=\"ENAiKOON mobile : prot\u00e9ger son entreprise en toute simplicit\u00e9 en gardant un oeil sur son \u00e9quipe et ses actifs, gr\u00e2ce \u00e0 nos applications mobiles pro.\"><img decoding=\"async\" loading=\"lazy\" src=\"https:\/\/www.enaikoon.com\/wp-content\/uploads\/2016\/07\/branch9.png\" alt=\"ENAiKOON mobile : prot\u00e9ger son entreprise en toute simplicit\u00e9 en gardant un oeil sur son \u00e9quipe et ses actifs, gr\u00e2ce \u00e0 nos applications mobiles pro.\" width=\"310\" height=\"310\" border=\"0\"><\/a><\/div>\n<div class=\"gl_space_top15\">L&rsquo;application <a href=\"https:\/\/www.enaikoon.com\/fr\/mobile\/plugins\/routes\/\">inViu routes<\/a> pour Android vous permet d&rsquo;obtenir en un coup d&rsquo;oeil la position de   l&rsquo;ensemble de votre personnel mobile, associ\u00e9e \u00e0 de nombreuses   statistiques. Cette application est l&rsquo;outil id\u00e9al pour g\u00e9rer son   personnel mobile.<\/div>\n<\/div>\n<\/div>\n<div class=\"gl_space_pagebot\">&nbsp;<\/div>","protected":false},"excerpt":{"rendered":"<p> [&hellip;]<\/p>\n","protected":false},"author":7,"featured_media":0,"parent":8384,"menu_order":0,"comment_status":"closed","ping_status":"closed","template":"","meta":{"footnotes":""},"acf":[],"_links":{"self":[{"href":"https:\/\/www.enaikoon.com\/fr\/wp-json\/wp\/v2\/pages\/8390"}],"collection":[{"href":"https:\/\/www.enaikoon.com\/fr\/wp-json\/wp\/v2\/pages"}],"about":[{"href":"https:\/\/www.enaikoon.com\/fr\/wp-json\/wp\/v2\/types\/page"}],"author":[{"embeddable":true,"href":"https:\/\/www.enaikoon.com\/fr\/wp-json\/wp\/v2\/users\/7"}],"replies":[{"embeddable":true,"href":"https:\/\/www.enaikoon.com\/fr\/wp-json\/wp\/v2\/comments?post=8390"}],"version-history":[{"count":25,"href":"https:\/\/www.enaikoon.com\/fr\/wp-json\/wp\/v2\/pages\/8390\/revisions"}],"predecessor-version":[{"id":17045,"href":"https:\/\/www.enaikoon.com\/fr\/wp-json\/wp\/v2\/pages\/8390\/revisions\/17045"}],"up":[{"embeddable":true,"href":"https:\/\/www.enaikoon.com\/fr\/wp-json\/wp\/v2\/pages\/8384"}],"wp:attachment":[{"href":"https:\/\/www.enaikoon.com\/fr\/wp-json\/wp\/v2\/media?parent=8390"}],"curies":[{"name":"wp","href":"https:\/\/api.w.org\/{rel}","templated":true}]}}